{"id":5178,"date":"2024-03-25T15:40:14","date_gmt":"2024-03-25T14:40:14","guid":{"rendered":"https:\/\/westcam2023.westcam.web-crossing.com\/?post_type=product&#038;p=5178"},"modified":"2024-08-21T13:40:20","modified_gmt":"2024-08-21T11:40:20","slug":"metrology-quality","status":"publish","type":"product","link":"https:\/\/westcam2023.westcam-staging.web-crossing.com\/en\/produkte\/metrology-quality\/","title":{"rendered":"Metrology, Quality"},"content":{"rendered":"\n<div class=\"wp-block-webx-blocks-westcam-product-hero alignfull ltr has-background\" style=\"margin-top:0;margin-bottom:0;background-image:url(&apos;https:\/\/www.westcam-group.com\/wp-content\/uploads\/2024\/03\/bggrid.webp&apos;);background-position:100% 50%;background-repeat:no-repeat;background-size:66vw;\"><div class=\"hero-image\"> <img decoding=\"async\" srcset=\"https:\/\/www.westcam-group.com\/wp-content\/uploads\/2024\/03\/slideelement_single_3d_messtechnik_nogrid-150x150.png 150w, https:\/\/www.westcam-group.com\/wp-content\/uploads\/2024\/03\/slideelement_single_3d_messtechnik_nogrid-300x174.png 300w, https:\/\/www.westcam-group.com\/wp-content\/uploads\/2024\/03\/slideelement_single_3d_messtechnik_nogrid-1024x594.png 1024w, https:\/\/www.westcam-group.com\/wp-content\/uploads\/2024\/03\/slideelement_single_3d_messtechnik_nogrid.png 1262w, https:\/\/www.westcam-group.com\/wp-content\/uploads\/2024\/03\/slideelement_single_3d_messtechnik_nogrid-1034x600.png 1034w\" src=\"https:\/\/www.westcam-group.com\/wp-content\/uploads\/2024\/03\/slideelement_single_3d_messtechnik_nogrid.png\" alt=\"\"\/><\/div><div class=\"hero-placeholder\"><\/div>\n<div class=\"wp-block-webx-blocks-westcam-hero-content hero-content\">\n<h1 class=\"wp-block-heading hero-title\" style=\"margin-top:var(--wp--preset--spacing--20);margin-bottom:var(--wp--preset--spacing--20);font-size:clamp(2.2em, 2.2rem + ((1vw - 0.2em) * 1.946), 4em);line-height:1\">Pr\u00e4zise, industrielle 3d-Messtechnik<\/h1>\n\n\n\n<p>Seit\u00a0<strong>\u00fcber zwei Jahrzehnten<\/strong>\u00a0betreuen wir unsere Kunden und Partner bei der Auswahl und Implementierung\u00a0\u00a0<strong>Optischer Messtechnik-L\u00f6sungen<\/strong>\u00a0von\u00a0<strong>GOM\/ZEISS<\/strong>. Das\u00a0<strong>breite Spektrum<\/strong>\u00a0reicht von einfachen, mobilen Systemen bis hin zu ausgereiften, mittels Roboter-Technik automatisierten ATOS ScanBox Anlagen und CTs.<\/p>\n\n\n\n<p>Selbstverst\u00e4ndlich werden die\u00a0<strong>Messsysteme samt dazugeh\u00f6riger Software<\/strong>\u00a0von uns auch stets\u00a0<strong>fachgerecht geschult<\/strong>\u00a0<a href=\"https:\/\/academy.westcam.at\/3d-messtechnik\/?training_offer_category=191&amp;webx-level=-1&amp;webx-location=-1\" target=\"_blank\" rel=\"noreferrer noopener\">&gt; Zu den Schulungen\/Trainings der WESTCAM Academy<\/a><\/p>\n\n\n\n<p>Last but not least, sorgen wir mit\u00a0<strong>GOM Care by WESTCAM\u00a0<\/strong>f\u00fcr den einwandfreien Betrieb und die Langlebigkeit Ihrer Messsysteme. Unser Service baut dabei auf drei S\u00e4ulen auf: Support,\u00a0 Wartung\/Reparatur, Abnahme\u00a0\u00a0<a href=\"https:\/\/www.westcam.at\/news\/gom-care-by-westcam\/\" target=\"_blank\" rel=\"noreferrer noopener\">&gt; Mehr zu GOM Care erfahren<\/a><\/p>\n<\/div>\n\n\n\n<div class=\"wp-block-group hero-violet is-layout-flow wp-block-group-is-layout-flow\" style=\"padding-top:var(--wp--preset--spacing--20);padding-right:var(--wp--preset--spacing--20);padding-bottom:var(--wp--preset--spacing--20);padding-left:var(--wp--preset--spacing--20)\">\n<h4 class=\"wp-block-heading hero-subtitle has-base-color has-text-color\" style=\"margin-top:0;margin-bottom:15px\">Angebot<\/h4>\n\n\n\n<ul class=\"hero-bullet-list-items is-style-westcam-list has-base-color has-accent-2-background-color has-text-color has-background has-link-color wp-block-list wp-elements-14c97db7a9b456f3dc505e4d3031f649\">\n<li>Systeme, Automatisierung, CT, HandsOnMetrology, Software, Zubeh\u00f6r: siehe unten<\/li>\n\n\n\n<li>Schulungen &amp; Trainings:\u00a0<a href=\"https:\/\/academy.westcam.at\/3d-messtechnik\/?training_offer_category=191&amp;webx-level=-1&amp;webx-location=-1\" target=\"_blank\" rel=\"noreferrer noopener\">Mehr<\/a><\/li>\n\n\n\n<li>Support &amp; Vor-Ort-Service (GOM Care):\u00a0<a href=\"https:\/\/www.westcam.at\/news\/gom-care-by-westcam\/\" target=\"_blank\" rel=\"noreferrer noopener\">Mehr<\/a><\/li>\n\n\n\n<li>Dienstleistungen &amp; Services:\u00a0<a href=\"https:\/\/www.westcam.at\/dienstleistungen\/3d-messtechnik\/\" target=\"_blank\" rel=\"noreferrer noopener\">Mehr<\/a><\/li>\n\n\n\n<li>Standorte:\n<ul class=\"wp-block-list\">\n<li><strong>CH<\/strong>\u00a0&gt; Baden-D\u00e4ttwil (Aargau),\u00a0<\/li>\n\n\n\n<li><strong>A<\/strong>\u00a0&gt; Mils bei Hall (Tirol), St. Florian (Ober\u00f6sterreich), Gleisdorf (Steiermark)<\/li>\n<\/ul>\n<\/li>\n<\/ul>\n<\/div>\n<\/div>\n\n<div class=\"wp-block-group has-global-padding is-layout-constrained wp-container-core-group-is-layout-ec9bead0 wp-block-group-is-layout-constrained\" style=\"margin-top:var(--wp--preset--spacing--40);margin-bottom:var(--wp--preset--spacing--40);padding-top:0;padding-right:0;padding-bottom:0;padding-left:0\">\n<h2 class=\"wp-block-heading\">unser Angebot im Bereich 3d-Messtechnik<\/h2>\n\n\n\n<p><mark style=\"background-color:rgba(0, 0, 0, 0)\" class=\"has-inline-color has-accent-color\">In Einpflege<\/mark><\/p>\n<\/div>\n\n<div class=\"wp-block-webx-blocks-responsive-spacer\" style=\"--desktop-height:150px;--tablet-height:50px;--mobile-height:30px\"><\/div>\n\n<div class=\"wp-block-group has-global-padding is-layout-constrained wp-container-core-group-is-layout-704e782a wp-block-group-is-layout-constrained\">\n<h2 class=\"wp-block-heading\">H\u00e4ufig gestellte Fragen<\/h2>\n\n\n\n<div class=\"wp-block-webx-blocks-responsive-spacer\" style=\"--desktop-height:50px;--tablet-height:15px;--mobile-height:15px\"><\/div>\n\n\n\n<div class=\"wp-block-webx-blocks-accordion\">\n<div class=\"accordion\" id=\"was-ist-ein-3dscan\"><h2 class=\"title faq-title\" itemprop=\"name\"><a href=\"#was-ist-ein-3dscan\">Was ist ein 3D-Scan?<\/a><\/h2><div class=\"content\"><div class=\"wrapper\">\n<p>Darunter versteht man die Erzeugung eines digitalen \u201eZwillings\u201c ausgehend von einem realen Bauteil. Der vollfl\u00e4chige Messvorgang basiert auf der \u201eCodierung\u201c der Bauteiloberfl\u00e4che (z.B. per Streifenlicht-Projektion), welche mit einem kalibrierten Kamerasystem aus mehreren Raumrichtungen erfasst wird und zu einer hochaufgel\u00f6sten Punktewolke (3D-Koordinaten jedes Pixels) umgelegt werden. Die erzeugten STL Daten (Polygonnetz) k\u00f6nnen auf vielf\u00e4ltige Weise verwendet werden, z.B.: um daraus CAD-Daten zu erzeugen (Reverse Engineering), um damit einen 3D-Drucker zu f\u00fcttern, um einen Abgleich zu einer Soll-Geometrie zu erzeugen (Optische 3D-Messtechnik), um darauf zu Fr\u00e4sen, zur digitalen Archivierung der Geometrieinformation, f\u00fcr FEM-Simulationen auf Realdaten, usw.<\/p>\n<\/div><\/div><\/div>\n\n\n\n<div class=\"accordion\" id=\"was-ist-optische-3dmesstechnik\"><h2 class=\"title faq-title\" itemprop=\"name\"><a href=\"#was-ist-optische-3dmesstechnik\">Was ist optische 3D-Messtechnik?<\/a><\/h2><div class=\"content\"><div class=\"wrapper\">\n<p>Darunter versteht man die vollfl\u00e4chige Erfassung der Oberfl\u00e4che von Bauteilen mit anschlie\u00dfendem Abgleich der aufgenommenen IST-Geometrie mit der Soll-Geometrie (meist 3D-CAD Datensatz) &#8211; zum Zwecke der Bewertung der geometrischen Ma\u00dfhaltigkeit des Bauteils.<\/p>\n\n\n\n<p>Der Vorteil dieser Art der Koordinatenmesstechnik ist die vollst\u00e4ndige Bewertung der Bauteilgeometrie, die hohe Messgeschwindigkeit und die einfache Interpretierbarkeit der Messergebnisse durch die farbige Darstellung der Abweichungen von IST- zu Soll-Geometrie.<\/p>\n\n\n\n<p>Des Weiteren kann als Referenz anstatt dem 3D CAD wahlweise auch ein Messdatensatz (zB Eichmeister bzw. freigegebenes Erstmuster) verwendet werden, wodurch statistische Analysen (Prozess-Varianz, zeitlicher Verlauf der Prozess-Tendenz, \u2026) m\u00f6glich werden. Diese abgeleiteten Informationen stellen einen wertvollen Input f\u00fcr die Produktionssteuerung dar (z.B. Ableiten des Werkzeug-Verschlei\u00df durch Begutachtung des Prozess-Verlaufs am gemessenen Artikel, \u2026)<\/p>\n<\/div><\/div><\/div>\n<\/div>\n\n\n\n<div class=\"wp-block-webx-blocks-responsive-spacer\" style=\"--desktop-height:70px;--tablet-height:50px;--mobile-height:30px\"><\/div>\n<\/div>\n\n<div class=\"wp-block-group has-global-padding is-layout-constrained wp-block-group-is-layout-constrained\">\n<div class=\"wp-block-webx-blocks-grid has-base-color has-accent-2-background-color has-text-color has-background has-link-color wp-elements-fbf17c12663022cfe96e7ea81f427c86 is-layout-grid wp-container-webx-blocks-grid-is-layout-436f3818 wp-block-webx-blocks-grid-is-layout-grid\" style=\"padding-top:var(--wp--preset--spacing--40);padding-right:var(--wp--preset--spacing--40);padding-bottom:var(--wp--preset--spacing--40);padding-left:var(--wp--preset--spacing--40);--grid-columns-desktop:3;--grid-columns-tablet:2;--grid-columns-mobile:1;background-image:url(&apos;https:\/\/www.westcam-group.com\/wp-content\/uploads\/2024\/04\/grid-bottom-right.webp&apos;);background-position:100% 100%;background-repeat:no-repeat;background-size:300px;\">\n<div class=\"wp-block-webx-blocks-grid-item is-layout-flow wp-block-webx-blocks-grid-item-is-layout-flow\" style=\"--grid-area-desktop:auto \/ auto \/ auto \/ auto;--grid-area-tablet:auto \/ auto \/ auto \/ auto;--grid-area-mobile:auto \/ auto \/ auto \/ auto\">\n<h5 class=\"wp-block-heading has-base-color has-text-color has-link-color wp-elements-a49227fd92a8f80286db7725620986ec\" style=\"text-transform:none\"><span class=\"magentize\">Premium-Vertrag<\/span><\/h5>\n\n\n\n<h2 class=\"wp-block-heading has-base-color has-text-color has-link-color wp-elements-55bb4c38a0bb7be84af75eabf892f11e\">Angebote F\u00fcr Bestandskunden<\/h2>\n<\/div>\n\n\n\n<div class=\"wp-block-webx-blocks-grid-item is-vertically-aligned-center is-layout-flow wp-block-webx-blocks-grid-item-is-layout-flow\" style=\"--grid-area-desktop:auto \/ auto \/ auto \/ auto;--grid-area-tablet:auto \/ auto \/ auto \/ auto;--grid-area-mobile:auto \/ auto \/ auto \/ auto\">\n<p>Aenean viverra rhoncus pede. Quisque ut nisi. Sed lectus.<\/p>\n\n\n\n<p>Fusce a quam. Class aptent taciti sociosqu ad litora torquent per conubia nostra, per inceptos hymenaeos. Etiam iaculis nunc ac metus.<\/p>\n<\/div>\n\n\n\n<div class=\"wp-block-webx-blocks-grid-item is-vertically-aligned-center is-layout-flow wp-block-webx-blocks-grid-item-is-layout-flow\" style=\"--grid-area-desktop:auto \/ auto \/ auto \/ auto;--grid-area-tablet:auto \/ auto \/ auto \/ auto;--grid-area-mobile:auto \/ auto \/ auto \/ auto\">\n<div class=\"wp-block-buttons is-content-justification-center is-layout-flex wp-container-core-buttons-is-layout-a89b3969 wp-block-buttons-is-layout-flex\">\n<div class=\"wp-block-button is-style-light\"><a class=\"wp-block-button__link wp-element-button\">Infos zum Angebot<\/a><\/div>\n<\/div>\n<\/div>\n<\/div>\n\n\n\n<div class=\"wp-block-webx-blocks-responsive-spacer\" style=\"--desktop-height:100px;--tablet-height:50px;--mobile-height:25px\"><\/div>\n\n\n\n<div class=\"wp-block-webx-blocks-westcam-hero alignfull rtl\"><div class=\"hero-image\" style=\"--aspect-ratio:4 \/ 1\"> <img decoding=\"async\" srcset=\"https:\/\/www.westcam-group.com\/wp-content\/uploads\/2024\/03\/DALL\u00b7E-2024-03-01-14.44.42-Create-a-highly-photorealistic-image-of-three-students-each-dressed-in-polished-business-attire-lined-up-asymmetrically-in-a-sophisticated-business-1-1-150x150.webp 150w, https:\/\/www.westcam-group.com\/wp-content\/uploads\/2024\/03\/DALL\u00b7E-2024-03-01-14.44.42-Create-a-highly-photorealistic-image-of-three-students-each-dressed-in-polished-business-attire-lined-up-asymmetrically-in-a-sophisticated-business-1-1-300x300.webp 300w, https:\/\/www.westcam-group.com\/wp-content\/uploads\/2024\/03\/DALL\u00b7E-2024-03-01-14.44.42-Create-a-highly-photorealistic-image-of-three-students-each-dressed-in-polished-business-attire-lined-up-asymmetrically-in-a-sophisticated-business-1-1.webp 1024w, https:\/\/www.westcam-group.com\/wp-content\/uploads\/2024\/03\/DALL\u00b7E-2024-03-01-14.44.42-Create-a-highly-photorealistic-image-of-three-students-each-dressed-in-polished-business-attire-lined-up-asymmetrically-in-a-sophisticated-business-1-1-900x900.webp 900w, https:\/\/www.westcam-group.com\/wp-content\/uploads\/2024\/03\/DALL\u00b7E-2024-03-01-14.44.42-Create-a-highly-photorealistic-image-of-three-students-each-dressed-in-polished-business-attire-lined-up-asymmetrically-in-a-sophisticated-business-1-1-600x600.webp 600w\" src=\"https:\/\/www.westcam-group.com\/wp-content\/uploads\/2024\/03\/DALL\u00b7E-2024-03-01-14.44.42-Create-a-highly-photorealistic-image-of-three-students-each-dressed-in-polished-business-attire-lined-up-asymmetrically-in-a-sophisticated-business-1-1.webp\" alt=\"\"\/><\/div><div class=\"hero-placeholder\"><\/div>\n<div class=\"wp-block-webx-blocks-westcam-hero-content hero-content\">\n<h5 class=\"wp-block-heading hero-subtitle is-style-westcamized\" style=\"margin-top:0;margin-bottom:15px;text-transform:none\"><span class=\"magentize\">Komplettl\u00f6sungen<\/span><\/h5>\n\n\n\n<h2 class=\"wp-block-heading hero-title\" style=\"margin-top:0;margin-bottom:15px\">AUTODESK\u00ae \u2013 L\u00f6sungen f\u00fcr Design, Konstruktion &amp; Fertigung<\/h2>\n\n\n\n<p class=\"hero-subtitle\">Mit dem integrierten Portfolio von Autodesk Konstruktions- und Datenverwaltungstools k\u00f6nnen Sie 2D- und 3D-Konstruktionsdaten erzeugen, verwalten und gemeinsam nutzen. Autodesk\u00ae bietet Ihnen 2D- und 3D-Einzelsoftware-L\u00f6sungen f\u00fcr Konstruktion, Planung und Design. Erfahren Sie mehr \u00fcber die jeweiligen Software-L\u00f6sungen und finden Sie heraus, welche Ihnen die digitale Entwicklung, Visualisierung und Simulation Ihrer Ideen erm\u00f6glicht.<\/p>\n<\/div>\n<\/div>\n\n\n\n<div class=\"wp-block-webx-blocks-responsive-spacer\" style=\"--desktop-height:100px;--tablet-height:50px;--mobile-height:25px\"><\/div>\n\n\n\n<div class=\"wp-block-webx-blocks-testimonial\"><div class=\"testimonial-image\"><img decoding=\"async\" src=\"https:\/\/www.westcam-group.com\/wp-content\/uploads\/2024\/03\/atos-q-slider-150x150.jpg\" alt=\"\"\/><\/div><div class=\"testimonial-text\"><blockquote>Besonders hervorzuheben ist, dass WESTCAM die spezifischen Bed\u00fcrfnisse und W\u00fcnsche immer strategisch mitdenkt und uns damit bestens unterst\u00fctzt.<\/blockquote><div class=\"author\"><p class=\"name\">Daniel Da Rold<\/p><p class=\"more\">CAD-Manager &amp; Team-Leader, ILF<\/p><\/div><\/div><\/div>\n\n\n\n<div class=\"wp-block-webx-blocks-responsive-spacer\" style=\"--desktop-height:100px;--tablet-height:50px;--mobile-height:25px\"><\/div>\n\n\n\n<div class=\"wp-block-webx-blocks-westcam-hero alignfull ltr\"><div class=\"hero-image\" style=\"--aspect-ratio:4 \/ 1\"> <img decoding=\"async\" srcset=\"https:\/\/www.westcam-group.com\/wp-content\/uploads\/2024\/03\/3d-Print-150x150.webp 150w, https:\/\/www.westcam-group.com\/wp-content\/uploads\/2024\/03\/3d-Print-300x174.webp 300w, https:\/\/www.westcam-group.com\/wp-content\/uploads\/2024\/03\/3d-Print-1024x593.webp 1024w, https:\/\/www.westcam-group.com\/wp-content\/uploads\/2024\/03\/3d-Print.webp 2560w, https:\/\/www.westcam-group.com\/wp-content\/uploads\/2024\/03\/3d-Print-1536x889.webp 1536w, https:\/\/www.westcam-group.com\/wp-content\/uploads\/2024\/03\/3d-Print-2048x1186.webp 2048w, https:\/\/www.westcam-group.com\/wp-content\/uploads\/2024\/03\/3d-Print-1555x900.webp 1555w, https:\/\/www.westcam-group.com\/wp-content\/uploads\/2024\/03\/3d-Print-1036x600.webp 1036w\" src=\"https:\/\/www.westcam-group.com\/wp-content\/uploads\/2024\/03\/3d-Print.webp\" alt=\"\"\/><\/div><div class=\"hero-placeholder\"><\/div>\n<div class=\"wp-block-webx-blocks-westcam-hero-content hero-content\">\n<h4 class=\"wp-block-heading hero-subtitle is-style-westcamized\" style=\"margin-top:0;margin-bottom:15px;text-transform:none\">Hochbau<\/h4>\n\n\n\n<h2 class=\"wp-block-heading hero-title\" style=\"margin-top:0;margin-bottom:15px;text-transform:none\">AUTODESK\u00ae \u2013 L\u00f6sungen f\u00fcr BIM, Architektur &amp; Bauwesen<\/h2>\n\n\n\n<p class=\"hero-subtitle\">Autodesk\u00ae bietet f\u00fcr Architekten und Planungsunternehmen eine umfassende Softwarel\u00f6sung, die mit einer Kombination aus CAD- und BIM-Werkzeugen die Planung, Visualisierung, Simulation und Ausf\u00fchrung im Hochbau optimiert. \u00dcberzeugende Visualisierungen, integrierte Simulation und Analyse, hochwertigere Polierpl\u00e4ne und bessere Steuerung der Projektergebnisse.<\/p>\n<\/div>\n<\/div>\n\n\n\n<div class=\"wp-block-webx-blocks-responsive-spacer\" style=\"--desktop-height:100px;--tablet-height:50px;--mobile-height:25px\"><\/div>\n\n\n\n<p><\/p>\n<\/div>\n","protected":false},"excerpt":{"rendered":"<p>unser Angebot im Bereich 3d-Messtechnik In Einpflege H\u00e4ufig gestellte Fragen<\/p>\n","protected":false},"author":2,"featured_media":2232,"parent":0,"menu_order":29,"comment_status":"closed","ping_status":"closed","template":"","meta":{"footnotes":""},"competence":[],"class_list":["post-5178","product","type-product","status-publish","has-post-thumbnail","hentry"],"_links":{"self":[{"href":"https:\/\/westcam2023.westcam-staging.web-crossing.com\/en\/wp-json\/wp\/v2\/product\/5178","targetHints":{"allow":["GET"]}}],"collection":[{"href":"https:\/\/westcam2023.westcam-staging.web-crossing.com\/en\/wp-json\/wp\/v2\/product"}],"about":[{"href":"https:\/\/westcam2023.westcam-staging.web-crossing.com\/en\/wp-json\/wp\/v2\/types\/product"}],"author":[{"embeddable":true,"href":"https:\/\/westcam2023.westcam-staging.web-crossing.com\/en\/wp-json\/wp\/v2\/users\/2"}],"replies":[{"embeddable":true,"href":"https:\/\/westcam2023.westcam-staging.web-crossing.com\/en\/wp-json\/wp\/v2\/comments?post=5178"}],"version-history":[{"count":3,"href":"https:\/\/westcam2023.westcam-staging.web-crossing.com\/en\/wp-json\/wp\/v2\/product\/5178\/revisions"}],"predecessor-version":[{"id":21643,"href":"https:\/\/westcam2023.westcam-staging.web-crossing.com\/en\/wp-json\/wp\/v2\/product\/5178\/revisions\/21643"}],"wp:featuredmedia":[{"embeddable":true,"href":"https:\/\/westcam2023.westcam-staging.web-crossing.com\/en\/wp-json\/wp\/v2\/media\/2232"}],"wp:attachment":[{"href":"https:\/\/westcam2023.westcam-staging.web-crossing.com\/en\/wp-json\/wp\/v2\/media?parent=5178"}],"wp:term":[{"taxonomy":"competence","embeddable":true,"href":"https:\/\/westcam2023.westcam-staging.web-crossing.com\/en\/wp-json\/wp\/v2\/competence?post=5178"}],"curies":[{"name":"wp","href":"https:\/\/api.w.org\/{rel}","templated":true}]}}