{"id":4667,"date":"2024-04-24T10:34:43","date_gmt":"2024-04-24T08:34:43","guid":{"rendered":"https:\/\/westcam2023.westcam.web-crossing.com\/?post_type=product&#038;p=4667"},"modified":"2024-11-12T12:46:24","modified_gmt":"2024-11-12T11:46:24","slug":"dynamische-qualitaetskontrolle","status":"publish","type":"product","link":"https:\/\/westcam2023.westcam-staging.web-crossing.com\/en\/produkte\/bildverarbeitung\/dynamische-qualitaetskontrolle\/","title":{"rendered":"Dynamische Qualit\u00e4tskontrolle"},"content":{"rendered":"\n<div class=\"wp-block-group alignfull has-global-padding is-layout-constrained wp-block-group-is-layout-constrained\">\n<div class=\"wp-block-webx-blocks-westcam-hero alignfull ltr\" style=\"margin-top:var(--wp--preset--spacing--50);margin-bottom:var(--wp--preset--spacing--50)\"><div class=\"hero-image\" style=\"--aspect-ratio:4 \/ 3\"> <img decoding=\"async\" srcset=\"https:\/\/www.westcam-group.com\/wp-content\/uploads\/2024\/09\/westcam-8-icon-bildverarbeitung-150x150.png 150w, https:\/\/www.westcam-group.com\/wp-content\/uploads\/2024\/09\/westcam-8-icon-bildverarbeitung-300x300.png 300w, https:\/\/www.westcam-group.com\/wp-content\/uploads\/2024\/09\/westcam-8-icon-bildverarbeitung-1024x1024.png 1024w, https:\/\/www.westcam-group.com\/wp-content\/uploads\/2024\/09\/westcam-8-icon-bildverarbeitung.png 1181w, https:\/\/www.westcam-group.com\/wp-content\/uploads\/2024\/09\/westcam-8-icon-bildverarbeitung-900x900.png 900w, https:\/\/www.westcam-group.com\/wp-content\/uploads\/2024\/09\/westcam-8-icon-bildverarbeitung-600x600.png 600w\" src=\"https:\/\/www.westcam-group.com\/wp-content\/uploads\/2024\/09\/westcam-8-icon-bildverarbeitung.png\" alt=\"\"\/><\/div><div class=\"hero-placeholder\"><\/div>\n<div class=\"wp-block-group hero-content is-layout-flow wp-block-group-is-layout-flow\">\n<div class=\"wp-block-webx-blocks-fake-heading heading-h4 hero-subtitle is-style-westcamized\" style=\"text-transform:none\">Qualit\u00e4t als Priorit\u00e4t<\/div>\n\n\n<h1 style=\"text-transform:none; margin-top:0;margin-bottom:0;\" class=\"wp-block-post-title\">Dynamische Qualit\u00e4tskontrolle<\/h1>\n\n\n<p>Stellen Sie mit unseren \u00dcberwachungssystemen f\u00fcr dynamische Pr\u00fcfaufgaben sicher, dass Ihre Produkte stets den h\u00f6chsten Standards entsprechen.<\/p>\n\n\n\n<p>Mit leistungsstarken&nbsp;Kameramodulen&nbsp;und Inhouse entwickelter Software k\u00f6nnen wir individualisierte Bildverarbeitungsl\u00f6sungen nach Ihren Bed\u00fcrfnissen anbieten.<\/p>\n\n\n\n<p>Optimieren Sie Ihre Prozesse und setzen Sie auf unsere zuverl\u00e4ssigen Automatisierungsl\u00f6sungen mit Bildverarbeitung f\u00fcr Ihre Qualit\u00e4tskontrollaufgaben.<\/p>\n<\/div>\n<\/div>\n<\/div>\n\n\n\n<h2 class=\"wp-block-heading\" style=\"text-transform:none\">Unser Angebot f\u00fcr Sie<\/h2>\n\n\n<div style=\"margin-top:var(--wp--preset--spacing--30);margin-bottom:var(--wp--preset--spacing--50);\" class=\"wp-block-webx-post-list-webx-post-list wp-block-webx-post-list-webx-post-list\" data-listid=\"98425\">\n    <script class=\"webx-filter-list-config\" type=\"application\/json\">{\"postType\":\"product\",\"enableParentPost\":true,\"displayGrid\":true,\"subTitle\":\"product_category\",\"fieldOne\":\"product_category\",\"fieldTwo\":\"product_category\",\"className\":\"wp-block-webx-post-list-webx-post-list\",\"style\":{\"spacing\":{\"margin\":{\"top\":\"var:preset|spacing|30\",\"bottom\":\"var:preset|spacing|50\"}}},\"compactGrid\":false,\"language\":\"en\",\"listId\":98425,\"postId\":4667}<\/script>\n    <div class=\"webx-post-list\" data-listid=\"98425\"><\/div>\n    \n<div>\n<div class=\"wp-block-webx-post-list-webx-filters\"><div><\/div><\/div>\n<\/div>\n<\/div>","protected":false},"excerpt":{"rendered":"<p>Kamerasysteme zur \u00dcberwachung von dynamische Pr\u00fcfaufgaben und zur Fehleridentifikation.<\/p>\n","protected":false},"author":2,"featured_media":19555,"parent":4649,"menu_order":8,"comment_status":"closed","ping_status":"closed","template":"","meta":{"footnotes":""},"competence":[2515],"class_list":["post-4667","product","type-product","status-publish","has-post-thumbnail","hentry","competence-dynamische-qualitaetskontrolle"],"_links":{"self":[{"href":"https:\/\/westcam2023.westcam-staging.web-crossing.com\/en\/wp-json\/wp\/v2\/product\/4667","targetHints":{"allow":["GET"]}}],"collection":[{"href":"https:\/\/westcam2023.westcam-staging.web-crossing.com\/en\/wp-json\/wp\/v2\/product"}],"about":[{"href":"https:\/\/westcam2023.westcam-staging.web-crossing.com\/en\/wp-json\/wp\/v2\/types\/product"}],"author":[{"embeddable":true,"href":"https:\/\/westcam2023.westcam-staging.web-crossing.com\/en\/wp-json\/wp\/v2\/users\/2"}],"replies":[{"embeddable":true,"href":"https:\/\/westcam2023.westcam-staging.web-crossing.com\/en\/wp-json\/wp\/v2\/comments?post=4667"}],"version-history":[{"count":6,"href":"https:\/\/westcam2023.westcam-staging.web-crossing.com\/en\/wp-json\/wp\/v2\/product\/4667\/revisions"}],"predecessor-version":[{"id":26891,"href":"https:\/\/westcam2023.westcam-staging.web-crossing.com\/en\/wp-json\/wp\/v2\/product\/4667\/revisions\/26891"}],"up":[{"embeddable":true,"href":"https:\/\/westcam2023.westcam-staging.web-crossing.com\/en\/wp-json\/wp\/v2\/product\/4649"}],"wp:featuredmedia":[{"embeddable":true,"href":"https:\/\/westcam2023.westcam-staging.web-crossing.com\/en\/wp-json\/wp\/v2\/media\/19555"}],"wp:attachment":[{"href":"https:\/\/westcam2023.westcam-staging.web-crossing.com\/en\/wp-json\/wp\/v2\/media?parent=4667"}],"wp:term":[{"taxonomy":"competence","embeddable":true,"href":"https:\/\/westcam2023.westcam-staging.web-crossing.com\/en\/wp-json\/wp\/v2\/competence?post=4667"}],"curies":[{"name":"wp","href":"https:\/\/api.w.org\/{rel}","templated":true}]}}