{"id":4663,"date":"2024-04-24T10:33:14","date_gmt":"2024-04-24T08:33:14","guid":{"rendered":"https:\/\/westcam2023.westcam.web-crossing.com\/?post_type=product&#038;p=4663"},"modified":"2024-11-15T08:22:12","modified_gmt":"2024-11-15T07:22:12","slug":"bvs-r-f-s-c-bildverarbeitungssystem-spezialanwendungen","status":"publish","type":"product","link":"https:\/\/westcam2023.westcam-staging.web-crossing.com\/en\/produkte\/bildverarbeitung\/riss-erkennung\/bvs-r-f-s-c-bildverarbeitungssystem-spezialanwendungen\/","title":{"rendered":"BVS-R\/F\/S\/C Bildverarbeitungssystem f\u00fcr spezielle Anwendungen"},"content":{"rendered":"\n<div style=\"background-image:url(&apos;https:\/\/www.westcam-group.com\/wp-content\/uploads\/2024\/03\/bggrid.webp&apos;);background-position:50% 50%;background-repeat:no-repeat;background-size:contain;\" class=\"wp-block-group has-global-padding is-layout-constrained wp-container-core-group-is-layout-9f245e94 wp-block-group-is-layout-constrained has-background\">\n<div class=\"wp-block-webx-blocks-grid is-layout-grid wp-container-webx-blocks-grid-is-layout-8c8cfa07 wp-block-webx-blocks-grid-is-layout-grid\" style=\"margin-top:var(--wp--preset--spacing--50);margin-bottom:var(--wp--preset--spacing--50);--grid-columns-desktop:2;--grid-columns-tablet:2;--grid-columns-mobile:1\">\n<div class=\"wp-block-webx-blocks-grid-item is-layout-flow wp-block-webx-blocks-grid-item-is-layout-flow\" style=\"padding-top:var(--wp--preset--spacing--30);padding-right:var(--wp--preset--spacing--10);padding-bottom:var(--wp--preset--spacing--10);padding-left:var(--wp--preset--spacing--10);--grid-area-desktop:auto \/ auto \/ auto \/ auto;--grid-area-tablet:auto \/ auto \/ auto \/ auto;--grid-area-mobile:auto \/ auto \/ auto \/ auto\">\n<div class=\"wp-block-webx-blocks-fake-heading heading-h4 is-style-westcamized\" style=\"text-transform:none\">Bildverarbeitung f\u00fcr spezielle Anwendungen<\/div>\n\n\n\n<h1 class=\"wp-block-heading hero-title has-xx-large-font-size\" style=\"margin-top:var(--wp--preset--spacing--20);margin-bottom:var(--wp--preset--spacing--20);line-height:1;text-transform:none\">BVS-R\/F\/S\/C Bildverarbeitungssystem<\/h1>\n\n\n\n<p><strong>Spezielle Anwendungen? F\u00fcr unsere BVS-R Produktfamilie kein Problem. <\/strong><br><strong>Wir haben f\u00fcr jede Anwendung die passende L\u00f6sung.<\/strong><\/p>\n\n\n\n<p>Hoher Belastung an R\u00fcttelplatten trotzen \u2013 dank Shaker BVS-R\/F\/S<\/p>\n\n\n\n<p>Temperatur und Luftfeuchtigkeit trotzen \u2013 dank Klimakammer BVS-R\/F\/S\/C<\/p>\n\n\n\n<p>Der Riss im Fokus \u2013 dank Fernfokus Linse BVS-R\/F<\/p>\n\n\n\n<div class=\"wp-block-buttons is-layout-flex wp-block-buttons-is-layout-flex\" style=\"margin-top:var(--wp--preset--spacing--20);margin-bottom:var(--wp--preset--spacing--20)\">\n<div class=\"wp-block-button\"><a class=\"wp-block-button__link wp-element-button\" href=\"#free-version\">Jetzt Anfragen<\/a><\/div>\n<\/div>\n\n\n\n<p>Das k\u00f6nnte Sie auch interessieren:<\/p>\n\n\n\n<p class=\"has-accent-2-color has-text-color has-link-color wp-elements-75a0f725c2bafe3a1659bedecd8c00df\"><strong><a href=\"https:\/\/www.westcam-group.com\/produkte\/bildverarbeitung\/bildverarbeitungsloesungen\/minicam\/\" data-type=\"product\" data-id=\"18754\" target=\"_blank\" rel=\"noreferrer noopener\"><span class=\"add-arrow\">MINIcam<\/span><\/a><\/strong><\/p>\n\n\n\n<p class=\"has-accent-2-color has-text-color has-link-color wp-elements-2606846db148966e70eaaf51f8a971a2\"><a href=\"https:\/\/www.westcam-group.com\/produkte\/bildverarbeitung\/riss-erkennung\/bvs-r-bildverarbeitungssystem-risserkennung\/\" target=\"_blank\" data-type=\"link\" data-id=\"https:\/\/www.westcam-group.com\/produkte\/bildverarbeitung\/riss-erkennung\/bvs-r-bildverarbeitungssystem-risserkennung\/\" rel=\"noreferrer noopener\"><strong><span class=\"add-arrow\">BVS-R standard\u00a0<\/span><\/strong><\/a><\/p>\n\n\n\n<p class=\"has-accent-2-color has-text-color has-link-color wp-elements-7dd432dcf9d7f1a52c1d4aaafe45e36c\"><a href=\"https:\/\/www.westcam-group.com\/produkte\/bildverarbeitung\/riss-erkennung\/bvs-zubehoer\/\" data-type=\"product\" data-id=\"4665\" target=\"_blank\" rel=\"noreferrer noopener\"><strong><span class=\"add-arrow\">BVS Zubeh\u00f6r \/ accesories<\/span><\/strong><\/a><\/p>\n<\/div>\n\n\n\n<div class=\"wp-block-webx-blocks-grid-item is-layout-flow wp-container-webx-blocks-grid-item-is-layout-69fcd244 wp-block-webx-blocks-grid-item-is-layout-flow\" style=\"padding-top:0;padding-right:0;padding-bottom:0;padding-left:0;--grid-area-desktop:auto \/ auto \/ auto \/ auto;--grid-area-tablet:auto \/ auto \/ auto \/ auto;--grid-area-mobile:auto \/ auto \/ auto \/ auto\">\n<figure class=\"wp-block-image aligncenter size-full is-style-default\"><img loading=\"lazy\" decoding=\"async\" width=\"1136\" height=\"1700\" src=\"https:\/\/www.westcam-group.com\/wp-content\/uploads\/2024\/08\/bvsr-bild2.jpg\" alt=\"\" class=\"wp-image-19551\" style=\"aspect-ratio:4\/3;object-fit:cover\" srcset=\"https:\/\/westcam2023.westcam-staging.web-crossing.com\/wp-content\/uploads\/2024\/08\/bvsr-bild2.jpg 1136w, https:\/\/westcam2023.westcam-staging.web-crossing.com\/wp-content\/uploads\/2024\/08\/bvsr-bild2-200x300.jpg 200w, https:\/\/westcam2023.westcam-staging.web-crossing.com\/wp-content\/uploads\/2024\/08\/bvsr-bild2-684x1024.jpg 684w, https:\/\/westcam2023.westcam-staging.web-crossing.com\/wp-content\/uploads\/2024\/08\/bvsr-bild2-768x1149.jpg 768w, https:\/\/westcam2023.westcam-staging.web-crossing.com\/wp-content\/uploads\/2024\/08\/bvsr-bild2-1026x1536.jpg 1026w, https:\/\/westcam2023.westcam-staging.web-crossing.com\/wp-content\/uploads\/2024\/08\/bvsr-bild2-601x900.jpg 601w, https:\/\/westcam2023.westcam-staging.web-crossing.com\/wp-content\/uploads\/2024\/08\/bvsr-bild2-401x600.jpg 401w\" sizes=\"auto, (max-width: 1136px) 100vw, 1136px\" \/><\/figure>\n\n\n\n<div class=\"wp-block-group hero-violet has-accent-2-background-color has-background is-layout-flow wp-block-group-is-layout-flow\" style=\"padding-top:var(--wp--preset--spacing--30);padding-right:var(--wp--preset--spacing--30);padding-bottom:var(--wp--preset--spacing--30);padding-left:var(--wp--preset--spacing--30)\">\n<div class=\"wp-block-webx-blocks-fake-heading heading-h4 hero-subtitle has-base-color has-text-color\">Highlights<\/div>\n\n\n\n<ul class=\"wp-block-list hero-bullet-list-items is-style-westcam-list has-base-color has-accent-2-background-color has-text-color has-background has-link-color wp-elements-67fcd0df8d89a176df6c783725d91bd3\">\n<li>Direktmontage auf R\u00fcttelplatten<\/li>\n\n\n\n<li>Positionierung in Klimakammern<\/li>\n\n\n\n<li>Einsatz bei Umweltsimulationspr\u00fcfungen, zB. Salzberieselung<\/li>\n<\/ul>\n<\/div>\n<\/div>\n<\/div>\n<\/div>\n\n\n\n<p class=\"has-text-align-center has-base-2-background-color has-background\">Praxis-Beispiel: Die Kameramodule der Pr\u00fcflaufbeobachtungs- &amp; Risserkennungssysteme k\u00f6nnen auch in Umweltsimulationspr\u00fcfst\u00e4nden und auf Shaker-Platten montiert werden.<\/p>\n\n\n\n<div class=\"wp-block-group has-base-2-background-color has-background has-global-padding is-content-justification-center is-layout-constrained wp-container-core-group-is-layout-606d210a wp-block-group-is-layout-constrained\" style=\"padding-top:var(--wp--preset--spacing--30);padding-bottom:var(--wp--preset--spacing--30)\">\n<figure class=\"wp-block-embed is-type-video is-provider-youtube wp-block-embed-youtube wp-embed-aspect-16-9 wp-has-aspect-ratio\" style=\"margin-top:var(--wp--preset--spacing--20);margin-bottom:var(--wp--preset--spacing--20)\"><div class=\"wp-block-embed__wrapper\">\n<div class=\"cookieconsent-optout-marketing\">\n    Bitte  <a href=\"javascript:Cookiebot.renew()\">Marketing-Cookies akzeptieren<\/a>, um dieses Video zu laden.\n    <\/div>\n            <iframe data-cookieblock-src=\"https:\/\/www.youtube.com\/embed\/eYXhKorFgcs?feature=oembed\" data-cookieconsent=\"marketing\" title=\"Risserkennung - Betriebsfestigkeitsversuch in der Klimakammer am Shaker (Video: 0:10 sec.)\" width=\"500\" height=\"281\"  frameborder=\"0\" allow=\"accelerometer; autoplay; clipboard-write; encrypted-media; gyroscope; picture-in-picture; web-share\" referrerpolicy=\"strict-origin-when-cross-origin\" allowfullscreen><\/iframe>\n<\/div><\/figure>\n<\/div>\n\n\n\n<h2 class=\"wp-block-heading has-text-align-center\" style=\"text-transform:none\">Unsere M\u00f6glichkeiten<\/h2>\n\n\n\n<div class=\"wp-block-group has-global-padding is-layout-constrained wp-container-core-group-is-layout-00189ab9 wp-block-group-is-layout-constrained\">\n<div class=\"wp-block-media-text is-stacked-on-mobile is-image-fill-element\" style=\"margin-top:var(--wp--preset--spacing--50);margin-right:0;margin-bottom:var(--wp--preset--spacing--50);margin-left:0;padding-right:0;padding-left:0\"><figure class=\"wp-block-media-text__media\"><img loading=\"lazy\" decoding=\"async\" width=\"600\" height=\"350\" src=\"https:\/\/www.westcam-group.com\/wp-content\/uploads\/2024\/08\/bvsr-bild5.jpg\" alt=\"\" class=\"wp-image-19558 size-full\" style=\"object-position:50% 50%\" srcset=\"https:\/\/westcam2023.westcam-staging.web-crossing.com\/wp-content\/uploads\/2024\/08\/bvsr-bild5.jpg 600w, https:\/\/westcam2023.westcam-staging.web-crossing.com\/wp-content\/uploads\/2024\/08\/bvsr-bild5-300x175.jpg 300w\" sizes=\"auto, (max-width: 600px) 100vw, 600px\" \/><\/figure><div class=\"wp-block-media-text__content\">\n<h3 class=\"wp-block-heading has-text-align-left\" style=\"text-transform:none\">Hohe Belastung an R\u00fcttelplatten \u2013 dank Shaker BVS-R\/F\/S<\/h3>\n\n\n\n<p>Dieses Risserkennungssystem f\u00fcr den Einsatz am Shaker hat als Basis alle Funktionalit\u00e4ten des Fernfokus-Systems BVS-R\/F.<\/p>\n\n\n\n<p>Etabliert ist das System f\u00fcr den Belastungseinsatz an R\u00fcttelplatten und bei hohen g-Kr\u00e4ften.<\/p>\n\n\n\n<p>Das System erm\u00f6glicht Risserkennungsprozesse mit Belastungen bis 20g und einer Anreger Frequenz von bis zu 60Hz.<\/p>\n\n\n\n<p>F\u00fcr diese speziellen Anforderungen haben wir unsere Kameras mit einem eigens entwickelten Spezialgeh\u00e4use ummantelt.<\/p>\n\n\n\n<p class=\"has-text-align-left\"><strong>Kurzum:<br>Optimal f\u00fcr den Belastungseinsatz an R\u00fcttelplatten und bei hohen Beschleunigungskr\u00e4ften.<br><\/strong><br><\/p>\n<\/div><\/div>\n\n\n\n<div class=\"wp-block-media-text has-media-on-the-right is-stacked-on-mobile is-image-fill-element\" style=\"margin-top:var(--wp--preset--spacing--50);margin-right:0;margin-bottom:var(--wp--preset--spacing--50);margin-left:0\"><div class=\"wp-block-media-text__content\">\n<h3 class=\"wp-block-heading has-text-align-left\" style=\"text-transform:none\">Temperatur und Luftfeuchtigkeit trotzen \u2013 dank Klimakammer BVS-R\/F\/S\/C<\/h3>\n\n\n\n<p>Unser Risserkennungssystem f\u00fcr den Einsatz in der Klimakammer hat als Basis alle Funktionalit\u00e4ten des Shaker-Systems BVS-R\/F\/S.<\/p>\n\n\n\n<p>Gro\u00dfer Vorteil: Pr\u00fcflaufbeobachtungen unter besonderen klimatischen Bedingungen sind m\u00f6glich<\/p>\n\n\n\n<p>Entwickelt f\u00fcr den Klimakammereinsatz mit Umgebungstemperaturen von -45\u00b0C bis +85\u00b0C.<\/p>\n\n\n\n<p>Auch unterschiedliche Luftfeuchtigkeitswerte (bis zu 98% rel.) haben keinen Einfluss auf die Ergebnisse.<\/p>\n\n\n\n<p>Unsere Kameras haben wir f\u00fcr diese besonderen Klima-Bedingungen mit einem Spezialgeh\u00e4use ummantelt.<\/p>\n\n\n\n<p class=\"has-text-align-left\"><strong>Kurzum: Das optimale Risserkennungs-System f\u00fcr hohe Anforderungen gepaart aus Temperatur und Luftfeuchtigkeit.<\/strong><\/p>\n<\/div><figure class=\"wp-block-media-text__media\"><img loading=\"lazy\" decoding=\"async\" width=\"1024\" height=\"427\" src=\"https:\/\/www.westcam-group.com\/wp-content\/uploads\/2024\/04\/bvsr-f-s-c-bild2-1024x427.jpg\" alt=\"\" class=\"wp-image-19985 size-full\" style=\"object-position:50% 50%\" srcset=\"https:\/\/westcam2023.westcam-staging.web-crossing.com\/wp-content\/uploads\/2024\/04\/bvsr-f-s-c-bild2-1024x427.jpg 1024w, https:\/\/westcam2023.westcam-staging.web-crossing.com\/wp-content\/uploads\/2024\/04\/bvsr-f-s-c-bild2-300x125.jpg 300w, https:\/\/westcam2023.westcam-staging.web-crossing.com\/wp-content\/uploads\/2024\/04\/bvsr-f-s-c-bild2-768x320.jpg 768w, https:\/\/westcam2023.westcam-staging.web-crossing.com\/wp-content\/uploads\/2024\/04\/bvsr-f-s-c-bild2-1536x640.jpg 1536w, https:\/\/westcam2023.westcam-staging.web-crossing.com\/wp-content\/uploads\/2024\/04\/bvsr-f-s-c-bild2-1440x600.jpg 1440w, https:\/\/westcam2023.westcam-staging.web-crossing.com\/wp-content\/uploads\/2024\/04\/bvsr-f-s-c-bild2.jpg 1920w\" sizes=\"auto, (max-width: 1024px) 100vw, 1024px\" \/><\/figure><\/div>\n\n\n\n<div class=\"wp-block-media-text is-stacked-on-mobile is-image-fill-element\" style=\"margin-top:var(--wp--preset--spacing--50);margin-right:0;margin-bottom:var(--wp--preset--spacing--50);margin-left:0\"><figure class=\"wp-block-media-text__media\"><img loading=\"lazy\" decoding=\"async\" width=\"1024\" height=\"576\" src=\"https:\/\/www.westcam-group.com\/wp-content\/uploads\/2024\/04\/bvsr-f-s-c-bild3-1024x576.jpg\" alt=\"\" class=\"wp-image-19988 size-full\" style=\"object-position:50% 50%\" srcset=\"https:\/\/westcam2023.westcam-staging.web-crossing.com\/wp-content\/uploads\/2024\/04\/bvsr-f-s-c-bild3-1024x576.jpg 1024w, https:\/\/westcam2023.westcam-staging.web-crossing.com\/wp-content\/uploads\/2024\/04\/bvsr-f-s-c-bild3-300x169.jpg 300w, https:\/\/westcam2023.westcam-staging.web-crossing.com\/wp-content\/uploads\/2024\/04\/bvsr-f-s-c-bild3-768x432.jpg 768w, https:\/\/westcam2023.westcam-staging.web-crossing.com\/wp-content\/uploads\/2024\/04\/bvsr-f-s-c-bild3-1536x864.jpg 1536w, https:\/\/westcam2023.westcam-staging.web-crossing.com\/wp-content\/uploads\/2024\/04\/bvsr-f-s-c-bild3-2048x1152.jpg 2048w, https:\/\/westcam2023.westcam-staging.web-crossing.com\/wp-content\/uploads\/2024\/04\/bvsr-f-s-c-bild3-1600x900.jpg 1600w, https:\/\/westcam2023.westcam-staging.web-crossing.com\/wp-content\/uploads\/2024\/04\/bvsr-f-s-c-bild3-1067x600.jpg 1067w\" sizes=\"auto, (max-width: 1024px) 100vw, 1024px\" \/><\/figure><div class=\"wp-block-media-text__content\">\n<h3 class=\"wp-block-heading has-text-align-left\" style=\"text-transform:none\">Der Riss im Fokus \u2013 dank Fernfokus-Linse<\/h3>\n\n\n\n<p>Das Risserkennungssystem BVS-R\/F hat als Basis alle Funktionalit\u00e4ten des Standard-Systems BVS-R.<\/p>\n\n\n\n<p>Als zus\u00e4tzliches Produkt-Feature gibt es eine Fernfokus-Linse. Sie erm\u00f6glicht eine vereinfachte Bildeinstellung.<\/p>\n\n\n\n<p>Ausgehend vom Kontrollraum l\u00e4sst sich der Fokus damit bequem und einfach einstellen. Insbesondere bei schwer zug\u00e4nglich montierten Testaufbauten bringt das wesentliche Vorteile.&nbsp; Die Bildsch\u00e4rfeeinstellung kann einfach und schnell optimiert werden.<\/p>\n\n\n\n<p class=\"has-text-align-left\">Kurzum: Im Kontroll-Raum erfolgt die einfache &amp; bequeme Einstellung des Risserkennungssystems<\/p>\n<\/div><\/div>\n<\/div>\n\n\n\n<div class=\"wp-block-group has-global-padding is-layout-constrained wp-container-core-group-is-layout-19e250f3 wp-block-group-is-layout-constrained\">\n<div id=\"free-version\" class=\"wp-block-group has-base-color has-contrast-background-color has-text-color has-background has-link-color wp-elements-42a5b246f2c5825d8b62db699a844af9 has-global-padding is-layout-constrained wp-container-core-group-is-layout-52009084 wp-block-group-is-layout-constrained\" style=\"padding-top:var(--wp--preset--spacing--40);padding-right:var(--wp--preset--spacing--40);padding-bottom:var(--wp--preset--spacing--40);padding-left:var(--wp--preset--spacing--40)\">\n<h3 class=\"wp-block-heading has-base-color has-text-color has-link-color wp-elements-fa5c1c739b71d42927e60a341952d0c3\" style=\"text-transform:none\">Wir beraten Sie pers\u00f6nlich!<\/h3>\n\n\n\n<div class=\"wpcf7 no-js\" id=\"wpcf7-f31160-o1\" lang=\"de-DE\" dir=\"ltr\" data-wpcf7-id=\"31160\">\n<div class=\"screen-reader-response\"><p role=\"status\" aria-live=\"polite\" aria-atomic=\"true\"><\/p> <ul><\/ul><\/div>\n<form action=\"\/en\/wp-json\/wp\/v2\/product\/4663#wpcf7-f31160-o1\" method=\"post\" class=\"wpcf7-form init\" aria-label=\"Kontaktformular\" novalidate=\"novalidate\" data-status=\"init\">\n<div style=\"display: none;\">\n<input type=\"hidden\" name=\"_wpcf7\" value=\"31160\" \/>\n<input type=\"hidden\" name=\"_wpcf7_version\" value=\"6.0.1\" \/>\n<input type=\"hidden\" name=\"_wpcf7_locale\" value=\"de_DE\" \/>\n<input type=\"hidden\" name=\"_wpcf7_unit_tag\" value=\"wpcf7-f31160-o1\" \/>\n<input type=\"hidden\" name=\"_wpcf7_container_post\" value=\"0\" \/>\n<input type=\"hidden\" name=\"_wpcf7_posted_data_hash\" value=\"\" \/>\n<input type=\"hidden\" name=\"_wpcf7dtx_version\" value=\"5.0.2\" \/>\n<input type=\"hidden\" name=\"_wpcf7_recaptcha_response\" value=\"\" \/>\n<\/div>\n<h3> Anfrage: <label class=\"wpcf7-form-control wpcf7-label wpcf7dtx wpcf7dtx-label\" for=\"BVS-R\/F\/S\/C Bildverarbeitungssystem f\u00fcr spezielle Anwendungen\">BVS-R\/F\/S\/C Bildverarbeitungssystem f\u00fcr spezielle Anwendungen<\/label><span class=\"wpcf7-form-control-wrap dynamic_hidden-post-title\" data-name=\"dynamic_hidden-post-title\"><input type=\"hidden\" name=\"dynamic_hidden-post-title\" class=\"wpcf7-form-control wpcf7-hidden wpcf7dtx wpcf7dtx-hidden\" aria-invalid=\"false\" value=\"BVS-R\/F\/S\/C Bildverarbeitungssystem f\u00fcr spezielle Anwendungen\"><\/span><\/h3>\n\n<label> Name\n    <span class=\"wpcf7-form-control-wrap\" data-name=\"fullname\"><input size=\"40\" maxlength=\"400\" class=\"wpcf7-form-control wpcf7-text\" aria-invalid=\"false\" value=\"\" type=\"text\" name=\"fullname\" \/><\/span> <\/label>\n\n<label> E-Mail-Adresse*\n    <span class=\"wpcf7-form-control-wrap\" data-name=\"email\"><input size=\"40\" maxlength=\"400\" class=\"wpcf7-form-control wpcf7-email wpcf7-validates-as-required wpcf7-text wpcf7-validates-as-email\" aria-required=\"true\" aria-invalid=\"false\" value=\"\" type=\"email\" name=\"email\" \/><\/span> <\/label>\n\n<label> Unternehmen\n    <span class=\"wpcf7-form-control-wrap\" data-name=\"unternehmen\"><input size=\"40\" maxlength=\"400\" class=\"wpcf7-form-control wpcf7-text\" aria-invalid=\"false\" value=\"\" type=\"text\" name=\"unternehmen\" \/><\/span> <\/label>\n\n<label> Ihre Nachricht*\n    <span class=\"wpcf7-form-control-wrap\" data-name=\"nachricht\"><textarea cols=\"40\" rows=\"10\" maxlength=\"2000\" class=\"wpcf7-form-control wpcf7-textarea wpcf7-validates-as-required\" aria-required=\"true\" aria-invalid=\"false\" name=\"nachricht\"><\/textarea><\/span> <\/label>\n\n<input class=\"wpcf7-form-control wpcf7-submit has-spinner\" type=\"submit\" value=\"Senden\" \/>\n\n<div class=\"wpcf7-response-output\" aria-hidden=\"true\"><\/div>\n<\/form>\n<\/div>\n\n<\/div>\n\n\n\n<div id=\"ansprechpartner\" class=\"wp-block-group has-base-2-background-color has-background has-global-padding is-layout-constrained wp-container-core-group-is-layout-16946a23 wp-block-group-is-layout-constrained\" style=\"margin-top:0;margin-bottom:0;padding-top:var(--wp--preset--spacing--30);padding-right:var(--wp--preset--spacing--30);padding-bottom:var(--wp--preset--spacing--30);padding-left:var(--wp--preset--spacing--30)\">\n<div class=\"wp-block-group has-base-2-background-color has-background has-global-padding is-layout-constrained wp-container-core-group-is-layout-19e250f3 wp-block-group-is-layout-constrained\">\n<h2 class=\"wp-block-heading\" style=\"text-transform:none\">Gerne f\u00fcr Sie da<\/h2>\n<\/div>\n\n\n<div class=\"wp-block-webx-blocks-westcam-employee-display\">\n    <div class=\"employee-image\">\n        <img decoding=\"async\" src=\"https:\/\/westcam2023.westcam-staging.web-crossing.com\/wp-content\/uploads\/2024\/05\/Harald_Unterrainer_WESTCAM-300x300.jpg\" alt=Harald Unterrainer \/>\n    <\/div>\n    <div class=\"employee-info\">\n        <div class=\"heading-h3\">Harald Unterrainer<\/div>\n        <div class=\"heading-h5 is-style-westcamized\">CEO WESTCAM Technologies GmbH<\/div>\n    <\/div>\n    <div class=\"employee-social\">\n        <div class=\"icons\">\n                        <a href=https:\/\/www.linkedin.com\/in\/mag-harald-unterrainer-mba-cse-b0829214\/ title=\"Harald Unterrainer on linkedIn\"\n                target=\"_blank\" rel=\"noopener noreferrer\">\n                <?xml version=\"1.0\" encoding=\"UTF-8\" standalone=\"no\"?>\n                <!DOCTYPE svg PUBLIC \"-\/\/W3C\/\/DTD SVG 1.1\/\/EN\" \"http:\/\/www.w3.org\/Graphics\/SVG\/1.1\/DTD\/svg11.dtd\"><svg\n                    width=\"100%\" height=\"100%\" viewBox=\"0 0 248 204\" version=\"1.1\" xmlns=\"http:\/\/www.w3.org\/2000\/svg\"\n                    xmlns:xlink=\"http:\/\/www.w3.org\/1999\/xlink\" xml:space=\"preserve\" xmlns:serif=\"http:\/\/www.serif.com\/\"\n                    style=\"fill-rule:evenodd;clip-rule:evenodd;stroke-linejoin:round;stroke-miterlimit:2;\">\n                    <path\n                        d=\"M226,204l-41.916,0l0,-71.392c0,-19.573 -7.437,-30.512 -22.93,-30.512c-16.854,0 -25.659,11.383 -25.659,30.512l-0,71.392l-40.395,0l-0,-136l40.395,-0l-0,18.319c-0,0 12.146,-22.474 41.006,-22.474c28.847,-0 49.499,17.616 49.499,54.048l0,86.107Zm-179.091,-153.808c-13.759,-0 -24.909,-11.237 -24.909,-25.096c0,-13.859 11.15,-25.096 24.909,-25.096c13.759,-0 24.902,11.237 24.902,25.096c0,13.859 -11.143,25.096 -24.902,25.096Zm-20.858,153.808l42.121,0l0,-136l-42.121,-0l-0,136Z\" \/>\n                <\/svg>\n            <\/a>\n                                    <a href=\"\/vcard\/6100\" title=\"Download vCard\"\n                class=\"vcard-button\">\n                <svg xmlns=\"http:\/\/www.w3.org\/2000\/svg\" width=\"32.143\" height=\"25\" viewBox=\"0 0 32.143 25\">\n                    <path id=\"address-card-solid\"\n                        d=\"M3.571,32A3.575,3.575,0,0,0,0,35.571V53.429A3.575,3.575,0,0,0,3.571,57h25a3.575,3.575,0,0,0,3.571-3.571V35.571A3.575,3.575,0,0,0,28.571,32ZM8.036,46.286h3.571a4.463,4.463,0,0,1,4.464,4.464.9.9,0,0,1-.893.893H4.464a.9.9,0,0,1-.893-.893A4.463,4.463,0,0,1,8.036,46.286ZM6.25,40.929A3.571,3.571,0,1,1,9.821,44.5,3.571,3.571,0,0,1,6.25,40.929Zm14.286-1.786h7.143a.893.893,0,0,1,0,1.786H20.536a.893.893,0,0,1,0-1.786Zm0,3.571h7.143a.893.893,0,0,1,0,1.786H20.536a.893.893,0,0,1,0-1.786Zm0,3.571h7.143a.893.893,0,0,1,0,1.786H20.536a.893.893,0,0,1,0-1.786Z\"\n                        transform=\"translate(0 -32)\" fill=\"#111\" \/>\n                <\/svg>\n            <\/a>\n        <\/div>\n    <\/div>\n    <div class=\"employee-contact\">\n                <a href=\"tel:+43 5223 55509 132\">\n            <div class=\" employee-phone\">\n                <svg xmlns=\"http:\/\/www.w3.org\/2000\/svg\" width=\"32\" height=\"32\" viewBox=\"0 0 32 32\">\n                    <path id=\"phone\"\n                        d=\"M6.529,4h7.059l3.529,8.824-4.412,2.647a19.412,19.412,0,0,0,8.824,8.824l2.647-4.412L33,23.412v7.059A3.529,3.529,0,0,1,29.471,34,28.235,28.235,0,0,1,3,7.529,3.529,3.529,0,0,1,6.529,4\"\n                        transform=\"translate(-2 -3)\" fill=\"none\" stroke=\"#111\" stroke-linecap=\"round\"\n                        stroke-linejoin=\"round\" stroke-width=\"2\" \/>\n                <\/svg>\n\n                +43 5223 55509 132\n            <\/div>\n        <\/a>\n                                <a href=\"mailto:harald.unterrainer@westcam.at\">\n            <div class=\" employee-email\">\n                <svg xmlns=\"http:\/\/www.w3.org\/2000\/svg\" width=\"32.773\" height=\"25.333\" viewBox=\"0 0 32.773 25.333\">\n                    <g id=\"mail\" transform=\"translate(1.387 1)\">\n                        <rect id=\"Rechteck_11\" data-name=\"Rechteck 11\" width=\"30\" height=\"23.333\" rx=\"2\" fill=\"none\"\n                            stroke=\"#111\" stroke-linecap=\"round\" stroke-linejoin=\"round\" stroke-width=\"2\" \/>\n                        <path id=\"Pfad_100\" data-name=\"Pfad 100\" d=\"M3,7,18,17,33,7\" transform=\"translate(-3 -3.667)\"\n                            fill=\"none\" stroke=\"#111\" stroke-linecap=\"round\" stroke-linejoin=\"round\" stroke-width=\"2\" \/>\n                    <\/g>\n                <\/svg>\n                harald.unterrainer@westcam.at\n            <\/div>\n        <\/a>\n        \n\n\n    <\/div>\n        <div class=\"employee-callback wp-block-button is-style-outline\">\n        <a href=\"\/anfrage\/?email=anfrage-office\"\n            class=\"wp-block-button__link wp-element-button\">Anfrage<\/a>\n    <\/div>\n    <\/div><\/div>\n<\/div>\n","protected":false},"excerpt":{"rendered":"<p>Ob Klimakammer, Shaker Tests oder Umweltsimulationen, unsere Systeme sind ger\u00fcstet f\u00fcr spezielle Anwendungen. <\/p>\n","protected":false},"author":2,"featured_media":19551,"parent":4659,"menu_order":5,"comment_status":"closed","ping_status":"closed","template":"","meta":{"footnotes":""},"competence":[2519],"class_list":["post-4663","product","type-product","status-publish","has-post-thumbnail","hentry","competence-riss-erkennung"],"_links":{"self":[{"href":"https:\/\/westcam2023.westcam-staging.web-crossing.com\/en\/wp-json\/wp\/v2\/product\/4663","targetHints":{"allow":["GET"]}}],"collection":[{"href":"https:\/\/westcam2023.westcam-staging.web-crossing.com\/en\/wp-json\/wp\/v2\/product"}],"about":[{"href":"https:\/\/westcam2023.westcam-staging.web-crossing.com\/en\/wp-json\/wp\/v2\/types\/product"}],"author":[{"embeddable":true,"href":"https:\/\/westcam2023.westcam-staging.web-crossing.com\/en\/wp-json\/wp\/v2\/users\/2"}],"replies":[{"embeddable":true,"href":"https:\/\/westcam2023.westcam-staging.web-crossing.com\/en\/wp-json\/wp\/v2\/comments?post=4663"}],"version-history":[{"count":14,"href":"https:\/\/westcam2023.westcam-staging.web-crossing.com\/en\/wp-json\/wp\/v2\/product\/4663\/revisions"}],"predecessor-version":[{"id":30347,"href":"https:\/\/westcam2023.westcam-staging.web-crossing.com\/en\/wp-json\/wp\/v2\/product\/4663\/revisions\/30347"}],"up":[{"embeddable":true,"href":"https:\/\/westcam2023.westcam-staging.web-crossing.com\/en\/wp-json\/wp\/v2\/product\/4659"}],"wp:featuredmedia":[{"embeddable":true,"href":"https:\/\/westcam2023.westcam-staging.web-crossing.com\/en\/wp-json\/wp\/v2\/media\/19551"}],"wp:attachment":[{"href":"https:\/\/westcam2023.westcam-staging.web-crossing.com\/en\/wp-json\/wp\/v2\/media?parent=4663"}],"wp:term":[{"taxonomy":"competence","embeddable":true,"href":"https:\/\/westcam2023.westcam-staging.web-crossing.com\/en\/wp-json\/wp\/v2\/competence?post=4663"}],"curies":[{"name":"wp","href":"https:\/\/api.w.org\/{rel}","templated":true}]}}