{"id":4343,"date":"2024-04-24T08:11:20","date_gmt":"2024-04-24T06:11:20","guid":{"rendered":"https:\/\/westcam2023.westcam.web-crossing.com\/?post_type=product&#038;p=4343"},"modified":"2024-11-11T12:35:25","modified_gmt":"2024-11-11T11:35:25","slug":"metall-electron-beam-colibrium","status":"publish","type":"product","link":"https:\/\/westcam2023.westcam-staging.web-crossing.com\/en\/produkte\/3d-druck\/metall-electron-beam-colibrium\/","title":{"rendered":"Metall &#8211; Electron Beam | Colibrium"},"content":{"rendered":"\n<div class=\"wp-block-group alignfull has-global-padding is-layout-constrained wp-block-group-is-layout-constrained\">\n<div class=\"wp-block-webx-blocks-westcam-hero alignfull ltr\" style=\"margin-top:var(--wp--preset--spacing--50);margin-bottom:var(--wp--preset--spacing--50)\"><div class=\"hero-image\" style=\"--aspect-ratio:4 \/ 3\"> <img decoding=\"async\" srcset=\"https:\/\/www.westcam-group.com\/wp-content\/uploads\/2024\/09\/westcam-2-icon-3d-druck-150x150.png 150w, https:\/\/www.westcam-group.com\/wp-content\/uploads\/2024\/09\/westcam-2-icon-3d-druck-300x300.png 300w, https:\/\/www.westcam-group.com\/wp-content\/uploads\/2024\/09\/westcam-2-icon-3d-druck-1024x1024.png 1024w, https:\/\/www.westcam-group.com\/wp-content\/uploads\/2024\/09\/westcam-2-icon-3d-druck.png 1181w, https:\/\/www.westcam-group.com\/wp-content\/uploads\/2024\/09\/westcam-2-icon-3d-druck-900x900.png 900w, https:\/\/www.westcam-group.com\/wp-content\/uploads\/2024\/09\/westcam-2-icon-3d-druck-600x600.png 600w\" src=\"https:\/\/www.westcam-group.com\/wp-content\/uploads\/2024\/09\/westcam-2-icon-3d-druck.png\" alt=\"\"\/><\/div><div class=\"hero-placeholder\"><\/div>\n<div class=\"wp-block-group hero-content is-layout-flow wp-block-group-is-layout-flow\">\n<div class=\"wp-block-webx-blocks-fake-heading heading-h4 hero-subtitle is-style-westcamized\" style=\"text-transform:none\">EBM &#8211; Elektronenstrahl f\u00fcr 3D-Metalldruck<\/div>\n\n\n<h1 style=\"text-transform:none; margin-top:0;margin-bottom:0;\" class=\"wp-block-post-title\">Metall &#8211; Electron Beam | Colibrium<\/h1>\n\n\n<h5 class=\"wp-block-heading\"><strong>EBM (Electron Beam Melting<\/strong>): Elektronenstrahlschmelzen<\/h5>\n\n\n\n<p>EBM wird h\u00e4ufig in der Luft- und Raumfahrt, in der Medizintechnik sowie in der Automobilindustrie verwendet, um komplexe Metallteile herzustellen.<\/p>\n<\/div>\n<\/div>\n<\/div>\n\n\n\n<h3 class=\"wp-block-heading\" style=\"text-transform:none\">Funktionsweise des Elektronenstrahlschmelzens<\/h3>\n\n\n\n<ul class=\"wp-block-list\">\n<li><strong>Vorbereitung des Pulvers<\/strong>: Das Verfahren beginnt mit einem feinen Metallpulver, das gleichm\u00e4\u00dfig auf eine Bauplattform aufgetragen wird. Typische Materialien sind Titan, Kobalt-Chrom und Nickelbasislegierungen.<\/li>\n\n\n\n<li><strong>Elektronenstrahl<\/strong>: Ein leistungsstarker Elektronenstrahl wird in einem Vakuum erzeugt. Der Strahl wird durch magnetische Felder gesteuert, und pr\u00e4zise \u00fcber die Bauplattform bewegt.<\/li>\n\n\n\n<li><strong>Selektives Schmelzen<\/strong>: Der Elektronenstrahl schmilzt gezielt das Metallpulver in den Bereichen, die dem Design des Bauteils entsprechen. Dies geschieht Schicht f\u00fcr Schicht, bis das gesamte Bauteil aufgebaut ist.<\/li>\n\n\n\n<li><strong>Aufbau des Bauteils<\/strong>: Nachdem eine Schicht geschmolzen und erstarrt ist, wird eine neue Pulverschicht aufgetragen und der Vorgang wiederholt. So entsteht das Bauteil Schicht f\u00fcr Schicht.<\/li>\n\n\n\n<li><strong>Abk\u00fchlung und Nachbearbeitung<\/strong>: Das fertige Teil wird nach dem Druckprozess langsam abgek\u00fchlt. Eine W\u00e4rmebehandlung wie beim Laserschmelzen ist nicht notwendig.<\/li>\n<\/ul>\n\n\n\n<div class=\"wp-block-group has-base-2-background-color has-background has-global-padding is-content-justification-center is-layout-constrained wp-container-core-group-is-layout-606d210a wp-block-group-is-layout-constrained\" style=\"padding-top:var(--wp--preset--spacing--30);padding-bottom:var(--wp--preset--spacing--30)\">\n<figure class=\"wp-block-embed is-type-video is-provider-youtube wp-block-embed-youtube wp-embed-aspect-16-9 wp-has-aspect-ratio\"><div class=\"wp-block-embed__wrapper\">\n<div class=\"cookieconsent-optout-marketing\">\n    Bitte  <a href=\"javascript:Cookiebot.renew()\">Marketing-Cookies akzeptieren<\/a>, um dieses Video zu laden.\n    <\/div>\n            <iframe data-cookieblock-src=\"https:\/\/www.youtube.com\/embed\/CUeDevI6kyE?feature=oembed\" data-cookieconsent=\"marketing\" title=\"Transformative technology\u2014Electron Beam Melting (EBM)\" width=\"500\" height=\"281\"  frameborder=\"0\" allow=\"accelerometer; autoplay; clipboard-write; encrypted-media; gyroscope; picture-in-picture; web-share\" referrerpolicy=\"strict-origin-when-cross-origin\" allowfullscreen><\/iframe>\n<\/div><figcaption class=\"wp-element-caption\">Das Verfahren EBM &#8211; Electron Beam Melting <\/figcaption><\/figure>\n<\/div>\n\n\n\n<p><\/p>\n\n\n\n<h2 class=\"wp-block-heading\" style=\"text-transform:none\">Unser Angebot f\u00fcr Sie<\/h2>\n\n\n<div style=\"margin-top:var(--wp--preset--spacing--30);margin-bottom:var(--wp--preset--spacing--50);\" class=\"wp-block-webx-post-list-webx-post-list wp-block-webx-post-list-webx-post-list\" data-listid=\"50730\">\n    <script class=\"webx-filter-list-config\" type=\"application\/json\">{\"postType\":\"product\",\"enableParentPost\":true,\"displayGrid\":true,\"subTitle\":\"product_category\",\"fieldOne\":\"product_category\",\"fieldTwo\":\"product_category\",\"className\":\"wp-block-webx-post-list-webx-post-list\",\"style\":{\"spacing\":{\"margin\":{\"top\":\"var:preset|spacing|30\",\"bottom\":\"var:preset|spacing|50\"}}},\"compactGrid\":false,\"language\":\"en\",\"listId\":50730,\"postId\":4343}<\/script>\n    <div class=\"webx-post-list\" data-listid=\"50730\"><\/div>\n    \n<div>\n<div class=\"wp-block-webx-post-list-webx-filters\"><div><\/div><\/div>\n<\/div>\n<\/div>\n\n<div style=\"padding-top:var(--wp--preset--spacing--20);padding-right:var(--wp--preset--spacing--30);padding-bottom:var(--wp--preset--spacing--20);padding-left:var(--wp--preset--spacing--30);margin-top:0;margin-right:0;margin-bottom:0;margin-left:0;\" class=\"wp-block-webx-blocks-image-slider has-background has-accent-2-background-color\">\n    <div class=\"swiper webx-gallery-swiper\" data-spv=\"7\">\n        <div class=\"swiper-wrapper\">\n                                                <div class=\"swiper-slide\">\n                <a href=\"https:\/\/westcam2023.westcam-staging.web-crossing.com\/wp-content\/uploads\/2024\/04\/ebm-colibrium-additive-1.png\" class=\"glightbox\">\n                    <img decoding=\"async\" loading=\"lazy\" style=\"aspect-ratio: 4 \/ 3\" width=\"640\" height=\"380\"\n                        src=\"https:\/\/westcam2023.westcam-staging.web-crossing.com\/wp-content\/uploads\/2024\/04\/ebm-colibrium-additive-1.png\" srcset=\"https:\/\/westcam2023.westcam-staging.web-crossing.com\/wp-content\/uploads\/2024\/04\/ebm-colibrium-additive-1.png 1800w, https:\/\/westcam2023.westcam-staging.web-crossing.com\/wp-content\/uploads\/2024\/04\/ebm-colibrium-additive-1-300x170.png 300w, https:\/\/westcam2023.westcam-staging.web-crossing.com\/wp-content\/uploads\/2024\/04\/ebm-colibrium-additive-1-1024x580.png 1024w, https:\/\/westcam2023.westcam-staging.web-crossing.com\/wp-content\/uploads\/2024\/04\/ebm-colibrium-additive-1-768x435.png 768w, https:\/\/westcam2023.westcam-staging.web-crossing.com\/wp-content\/uploads\/2024\/04\/ebm-colibrium-additive-1-1536x870.png 1536w, https:\/\/westcam2023.westcam-staging.web-crossing.com\/wp-content\/uploads\/2024\/04\/ebm-colibrium-additive-1-1588x900.png 1588w, https:\/\/westcam2023.westcam-staging.web-crossing.com\/wp-content\/uploads\/2024\/04\/ebm-colibrium-additive-1-1059x600.png 1059w\" sizes=\"auto, (max-width: 1800px) 100vw, 1800px\"\n                        alt=\"\" title=\"ebm-colibrium- additive-1\" \/>\n                <\/a>\n            <\/div>\n                                                            <div class=\"swiper-slide\">\n                <a href=\"https:\/\/westcam2023.westcam-staging.web-crossing.com\/wp-content\/uploads\/2024\/04\/ebm-colibrium-additive-2.png\" class=\"glightbox\">\n                    <img decoding=\"async\" loading=\"lazy\" style=\"aspect-ratio: 4 \/ 3\" width=\"640\" height=\"380\"\n                        src=\"https:\/\/westcam2023.westcam-staging.web-crossing.com\/wp-content\/uploads\/2024\/04\/ebm-colibrium-additive-2.png\" srcset=\"https:\/\/westcam2023.westcam-staging.web-crossing.com\/wp-content\/uploads\/2024\/04\/ebm-colibrium-additive-2.png 1800w, https:\/\/westcam2023.westcam-staging.web-crossing.com\/wp-content\/uploads\/2024\/04\/ebm-colibrium-additive-2-300x170.png 300w, https:\/\/westcam2023.westcam-staging.web-crossing.com\/wp-content\/uploads\/2024\/04\/ebm-colibrium-additive-2-1024x580.png 1024w, https:\/\/westcam2023.westcam-staging.web-crossing.com\/wp-content\/uploads\/2024\/04\/ebm-colibrium-additive-2-768x435.png 768w, https:\/\/westcam2023.westcam-staging.web-crossing.com\/wp-content\/uploads\/2024\/04\/ebm-colibrium-additive-2-1536x870.png 1536w, https:\/\/westcam2023.westcam-staging.web-crossing.com\/wp-content\/uploads\/2024\/04\/ebm-colibrium-additive-2-1588x900.png 1588w, https:\/\/westcam2023.westcam-staging.web-crossing.com\/wp-content\/uploads\/2024\/04\/ebm-colibrium-additive-2-1059x600.png 1059w\" sizes=\"auto, (max-width: 1800px) 100vw, 1800px\"\n                        alt=\"\" title=\"ebm-colibrium- additive-2\" \/>\n                <\/a>\n            <\/div>\n                                                            <div class=\"swiper-slide\">\n                <a href=\"https:\/\/westcam2023.westcam-staging.web-crossing.com\/wp-content\/uploads\/2024\/04\/ebm-colibrium-additive-3.jpg\" class=\"glightbox\">\n                    <img decoding=\"async\" loading=\"lazy\" style=\"aspect-ratio: 4 \/ 3\" width=\"640\" height=\"380\"\n                        src=\"https:\/\/westcam2023.westcam-staging.web-crossing.com\/wp-content\/uploads\/2024\/04\/ebm-colibrium-additive-3.jpg\" srcset=\"https:\/\/westcam2023.westcam-staging.web-crossing.com\/wp-content\/uploads\/2024\/04\/ebm-colibrium-additive-3.jpg 385w, https:\/\/westcam2023.westcam-staging.web-crossing.com\/wp-content\/uploads\/2024\/04\/ebm-colibrium-additive-3-238x300.jpg 238w\" sizes=\"auto, (max-width: 385px) 100vw, 385px\"\n                        alt=\"\" title=\"ebm-colibrium- additive-3\" \/>\n                <\/a>\n            <\/div>\n                                                            <div class=\"swiper-slide\">\n                <a href=\"https:\/\/westcam2023.westcam-staging.web-crossing.com\/wp-content\/uploads\/2024\/04\/ebm-colibrium-additive-4.jpg\" class=\"glightbox\">\n                    <img decoding=\"async\" loading=\"lazy\" style=\"aspect-ratio: 4 \/ 3\" width=\"640\" height=\"380\"\n                        src=\"https:\/\/westcam2023.westcam-staging.web-crossing.com\/wp-content\/uploads\/2024\/04\/ebm-colibrium-additive-4.jpg\" srcset=\"https:\/\/westcam2023.westcam-staging.web-crossing.com\/wp-content\/uploads\/2024\/04\/ebm-colibrium-additive-4.jpg 722w, https:\/\/westcam2023.westcam-staging.web-crossing.com\/wp-content\/uploads\/2024\/04\/ebm-colibrium-additive-4-296x300.jpg 296w, https:\/\/westcam2023.westcam-staging.web-crossing.com\/wp-content\/uploads\/2024\/04\/ebm-colibrium-additive-4-592x600.jpg 592w\" sizes=\"auto, (max-width: 722px) 100vw, 722px\"\n                        alt=\"\" title=\"ebm-colibrium- additive-4\" \/>\n                <\/a>\n            <\/div>\n                                                            <div class=\"swiper-slide\">\n                <a href=\"https:\/\/westcam2023.westcam-staging.web-crossing.com\/wp-content\/uploads\/2024\/04\/ebm-colibrium-additive-5.png\" class=\"glightbox\">\n                    <img decoding=\"async\" loading=\"lazy\" style=\"aspect-ratio: 4 \/ 3\" width=\"640\" height=\"380\"\n                        src=\"https:\/\/westcam2023.westcam-staging.web-crossing.com\/wp-content\/uploads\/2024\/04\/ebm-colibrium-additive-5.png\" srcset=\"https:\/\/westcam2023.westcam-staging.web-crossing.com\/wp-content\/uploads\/2024\/04\/ebm-colibrium-additive-5.png 326w, https:\/\/westcam2023.westcam-staging.web-crossing.com\/wp-content\/uploads\/2024\/04\/ebm-colibrium-additive-5-300x297.png 300w, https:\/\/westcam2023.westcam-staging.web-crossing.com\/wp-content\/uploads\/2024\/04\/ebm-colibrium-additive-5-150x150.png 150w\" sizes=\"auto, (max-width: 326px) 100vw, 326px\"\n                        alt=\"\" title=\"ebm-colibrium- additive-5\" \/>\n                <\/a>\n            <\/div>\n                                                            <div class=\"swiper-slide\">\n                <a href=\"https:\/\/westcam2023.westcam-staging.web-crossing.com\/wp-content\/uploads\/2024\/04\/ebm-colibrium-additive-6.jpg\" class=\"glightbox\">\n                    <img decoding=\"async\" loading=\"lazy\" style=\"aspect-ratio: 4 \/ 3\" width=\"640\" height=\"380\"\n                        src=\"https:\/\/westcam2023.westcam-staging.web-crossing.com\/wp-content\/uploads\/2024\/04\/ebm-colibrium-additive-6.jpg\" srcset=\"https:\/\/westcam2023.westcam-staging.web-crossing.com\/wp-content\/uploads\/2024\/04\/ebm-colibrium-additive-6.jpg 633w, https:\/\/westcam2023.westcam-staging.web-crossing.com\/wp-content\/uploads\/2024\/04\/ebm-colibrium-additive-6-300x233.jpg 300w\" sizes=\"auto, (max-width: 633px) 100vw, 633px\"\n                        alt=\"\" title=\"ebm-colibrium- additive-6\" \/>\n                <\/a>\n            <\/div>\n                                                            <div class=\"swiper-slide\">\n                <a href=\"https:\/\/westcam2023.westcam-staging.web-crossing.com\/wp-content\/uploads\/2024\/04\/ebm-colibrium-additive-7.jpg\" class=\"glightbox\">\n                    <img decoding=\"async\" loading=\"lazy\" style=\"aspect-ratio: 4 \/ 3\" width=\"640\" height=\"380\"\n                        src=\"https:\/\/westcam2023.westcam-staging.web-crossing.com\/wp-content\/uploads\/2024\/04\/ebm-colibrium-additive-7.jpg\" srcset=\"https:\/\/westcam2023.westcam-staging.web-crossing.com\/wp-content\/uploads\/2024\/04\/ebm-colibrium-additive-7.jpg 602w, https:\/\/westcam2023.westcam-staging.web-crossing.com\/wp-content\/uploads\/2024\/04\/ebm-colibrium-additive-7-300x280.jpg 300w\" sizes=\"auto, (max-width: 602px) 100vw, 602px\"\n                        alt=\"\" title=\"ebm-colibrium- additive-7\" \/>\n                <\/a>\n            <\/div>\n                                    <div class=\"swiper-button-prev swiper-button-prev-\"><\/div>\n            <div class=\"swiper-button-next swiper-button-next-\"><\/div>\n        <\/div>\n    <\/div>\n<\/div>","protected":false},"excerpt":{"rendered":"<p>Da wo der Laser aufh\u00f6rt f\u00e4ngt der Elektronenstrahl an:<br \/>\nH\u00f6chste Produktivit\u00e4t durch supportloses, bauplattenunabh\u00e4ngiges Bauen in der Serienfertigung.<\/p>\n","protected":false},"author":2,"featured_media":23983,"parent":4315,"menu_order":11,"comment_status":"closed","ping_status":"closed","template":"","meta":{"footnotes":""},"competence":[2494],"class_list":["post-4343","product","type-product","status-publish","has-post-thumbnail","hentry","competence-metall-electron-colibrium"],"_links":{"self":[{"href":"https:\/\/westcam2023.westcam-staging.web-crossing.com\/en\/wp-json\/wp\/v2\/product\/4343","targetHints":{"allow":["GET"]}}],"collection":[{"href":"https:\/\/westcam2023.westcam-staging.web-crossing.com\/en\/wp-json\/wp\/v2\/product"}],"about":[{"href":"https:\/\/westcam2023.westcam-staging.web-crossing.com\/en\/wp-json\/wp\/v2\/types\/product"}],"author":[{"embeddable":true,"href":"https:\/\/westcam2023.westcam-staging.web-crossing.com\/en\/wp-json\/wp\/v2\/users\/2"}],"replies":[{"embeddable":true,"href":"https:\/\/westcam2023.westcam-staging.web-crossing.com\/en\/wp-json\/wp\/v2\/comments?post=4343"}],"version-history":[{"count":15,"href":"https:\/\/westcam2023.westcam-staging.web-crossing.com\/en\/wp-json\/wp\/v2\/product\/4343\/revisions"}],"predecessor-version":[{"id":29791,"href":"https:\/\/westcam2023.westcam-staging.web-crossing.com\/en\/wp-json\/wp\/v2\/product\/4343\/revisions\/29791"}],"up":[{"embeddable":true,"href":"https:\/\/westcam2023.westcam-staging.web-crossing.com\/en\/wp-json\/wp\/v2\/product\/4315"}],"wp:featuredmedia":[{"embeddable":true,"href":"https:\/\/westcam2023.westcam-staging.web-crossing.com\/en\/wp-json\/wp\/v2\/media\/23983"}],"wp:attachment":[{"href":"https:\/\/westcam2023.westcam-staging.web-crossing.com\/en\/wp-json\/wp\/v2\/media?parent=4343"}],"wp:term":[{"taxonomy":"competence","embeddable":true,"href":"https:\/\/westcam2023.westcam-staging.web-crossing.com\/en\/wp-json\/wp\/v2\/competence?post=4343"}],"curies":[{"name":"wp","href":"https:\/\/api.w.org\/{rel}","templated":true}]}}