{"id":4335,"date":"2024-04-24T08:08:38","date_gmt":"2024-04-24T06:08:38","guid":{"rendered":"https:\/\/westcam2023.westcam.web-crossing.com\/?post_type=product&#038;p=4335"},"modified":"2024-11-11T09:49:49","modified_gmt":"2024-11-11T08:49:49","slug":"metall-laser-colibrium","status":"publish","type":"product","link":"https:\/\/westcam2023.westcam-staging.web-crossing.com\/en\/produkte\/3d-druck\/metall-laser-colibrium\/","title":{"rendered":"Metall &#8211; Laser | Colibrium"},"content":{"rendered":"\n<div class=\"wp-block-group alignfull has-global-padding is-layout-constrained wp-block-group-is-layout-constrained\" style=\"margin-top:var(--wp--preset--spacing--30);margin-bottom:var(--wp--preset--spacing--30)\">\n<div class=\"wp-block-webx-blocks-westcam-hero alignfull ltr\" style=\"margin-top:var(--wp--preset--spacing--50);margin-bottom:var(--wp--preset--spacing--50)\"><div class=\"hero-image\" style=\"--aspect-ratio:4 \/ 3\"> <img decoding=\"async\" srcset=\"https:\/\/www.westcam-group.com\/wp-content\/uploads\/2024\/09\/westcam-2-icon-3d-druck-150x150.png 150w, https:\/\/www.westcam-group.com\/wp-content\/uploads\/2024\/09\/westcam-2-icon-3d-druck-300x300.png 300w, https:\/\/www.westcam-group.com\/wp-content\/uploads\/2024\/09\/westcam-2-icon-3d-druck-1024x1024.png 1024w, https:\/\/www.westcam-group.com\/wp-content\/uploads\/2024\/09\/westcam-2-icon-3d-druck.png 1181w, https:\/\/www.westcam-group.com\/wp-content\/uploads\/2024\/09\/westcam-2-icon-3d-druck-900x900.png 900w, https:\/\/www.westcam-group.com\/wp-content\/uploads\/2024\/09\/westcam-2-icon-3d-druck-600x600.png 600w\" src=\"https:\/\/www.westcam-group.com\/wp-content\/uploads\/2024\/09\/westcam-2-icon-3d-druck.png\" alt=\"\"\/><\/div><div class=\"hero-placeholder\"><\/div>\n<div class=\"wp-block-group hero-content is-layout-flow wp-block-group-is-layout-flow\">\n<div class=\"wp-block-webx-blocks-fake-heading heading-h4 hero-subtitle is-style-westcamized\" style=\"text-transform:none\">Laserdruck mit Metall<\/div>\n\n\n<h1 style=\"text-transform:none; margin-top:0;margin-bottom:0;\" class=\"wp-block-post-title\">Metall &#8211; Laser | Colibrium<\/h1>\n\n\n<p>Bei dem pulverbettbasierten Metall Laserschmelzverfahren werden handels\u00fcbliche&nbsp;<strong>Serienwerkstoffe in Pulverform durch einen hochenergetischen Faserlaser lokal aufgeschmolzen<\/strong>. Verwendet werden zum Beispiel Pulverwerkstoffe aus Edelstahl und Warmarbeitsst\u00e4hlen, Aluminium- und Titanlegierungen oder Edelmetalle.<\/p>\n\n\n\n<p>W\u00e4hrend des Laserprozesses wird das einkomponentige Metallpulver vollst\u00e4ndig aufgeschmolzen.&nbsp;<strong>Nach dem Erstarren verfestigt sich das Material. Auf diese Weise erh\u00e4lt das fertige additiv gefertigte Bauteil nahezu ideale Materialeigenschaften.<\/strong><\/p>\n\n\n\n<p>Die Bauteilkontur wird durch Ablenkung des Laserstrahls mittels einer Spiegelablenkeinheit (Scanner) erzeugt. Der Aufbau des Bauteils erfolgt Schicht f\u00fcr Schicht durch Absenkung des Bauraumbodens, Neuauftrag von Pulver und erneutem Aufschmelzen.<\/p>\n<\/div>\n<\/div>\n<\/div>\n\n\n\n<figure class=\"wp-block-image size-full is-resized\"><img loading=\"lazy\" decoding=\"async\" width=\"600\" height=\"421\" src=\"https:\/\/www.westcam-group.com\/wp-content\/uploads\/2024\/04\/metall-laser-colibrium-additive-skizze.jpg\" alt=\"\" class=\"wp-image-23962\" style=\"width:456px;height:auto\" srcset=\"https:\/\/westcam2023.westcam-staging.web-crossing.com\/wp-content\/uploads\/2024\/04\/metall-laser-colibrium-additive-skizze.jpg 600w, https:\/\/westcam2023.westcam-staging.web-crossing.com\/wp-content\/uploads\/2024\/04\/metall-laser-colibrium-additive-skizze-300x211.jpg 300w\" sizes=\"auto, (max-width: 600px) 100vw, 600px\" \/><\/figure>\n\n\n\n<p><strong>Zu den weltweit f\u00fchrenden Anbietern von Maschinen- und Anlagentechnik f\u00fcr den 3D-Druck von Metallbauteilen geh\u00f6rt Colibrium mit seinem patentierten LaserCUSING\u00ae-Verfahren<\/strong>. Die Besonderheit der 3D-Drucker von Colibrium ist eine stochastische Ansteuerung der Slice-Segmente (auch \u201eIslands\u201c genannt), die sukzessive abgearbeitet werden. Dieses eigens entwickelte Verfahren sorgt f\u00fcr eine signifikante Reduktion von Spannungen bei der Herstellung von sehr gro\u00dfen Bauteilen.<\/p>\n\n\n\n<h3 class=\"wp-block-heading\" style=\"text-transform:none\"><strong>Das Verfahren bietet folgende Vorteile:<\/strong><\/h3>\n\n\n\n<ul class=\"wp-block-list\">\n<li><strong>Geometriefreiheit:<\/strong>&nbsp;Komplexe oder konventionell nicht herstellbare Bauteilgeometrien k\u00f6nnen mit dem Laserschmelzverfahren werkzeuglos gefertigt werden. Der Herstellung von Bauteilen mit innen liegenden Hohl- oder Gitterstrukturen sind mit dieser Technologie keine Grenzen gesetzt!<\/li>\n\n\n\n<li><strong>Green Technology:<\/strong>&nbsp;Bei dem LaserCUSING\u00ae&nbsp;Verfahren handelt es sich um eine nahezu abfallfreie Produktion. Metallpulver, das nicht verschmolzen wurde, kann komplett und ohne Materialverlust f\u00fcr weitere&nbsp;Prozesse&nbsp;<strong>wiederverwendet&nbsp;<\/strong>Weiterhin ist der Laserprozess&nbsp;<strong>nahezu emissionsfrei<\/strong>. Durch den hohen Wirkungsgrad der bei Colibrium verwendeten Lasersysteme wird die eingebrachte Energie effizient in Arbeitsleistung umgewandelt.<\/li>\n\n\n\n<li><strong>Near Net Shape:<\/strong>&nbsp;Die Herstellung von Bauteilen mit endkonturnaher bzw. einbaufertiger Geometrie verk\u00fcrzt die Herstellungszeit und spart Kosten<\/li>\n<\/ul>\n\n\n\n<p>Mit dem LaserCUSING\u00ae&nbsp;Schichtbauverfahren k\u00f6nnen sowohl Werkzeugeins\u00e4tze mit konturnaher K\u00fchlung als auch Direktbauteile f\u00fcr die Branchen Schmuck, Medizin, Dental, Automotive, Luft- und Raumfahrt gefertigt werden. Dies gilt f\u00fcr Prototypen und Serienteile. Neben den 3D-Druckern selbst k\u00f6nnen Sie bei uns auch qualitativ hochwertiges Metallpulver von Colibrium erwerben.<\/p>\n\n\n\n<div class=\"wp-block-webx-blocks-responsive-spacer\" style=\"--desktop-height:100px;--tablet-height:50px;--mobile-height:25px\"><\/div>\n\n\n\n<p><\/p>\n\n\n\n<h2 class=\"wp-block-heading\" style=\"text-transform:none\">Unser Angebot f\u00fcr Sie<\/h2>\n\n\n<div style=\"margin-top:var(--wp--preset--spacing--30);margin-bottom:var(--wp--preset--spacing--50);\" class=\"wp-block-webx-post-list-webx-post-list wp-block-webx-post-list-webx-post-list\" data-listid=\"56088\">\n    <script class=\"webx-filter-list-config\" type=\"application\/json\">{\"postType\":\"product\",\"enableParentPost\":true,\"displayGrid\":true,\"subTitle\":\"product_category\",\"fieldOne\":\"product_category\",\"fieldTwo\":\"product_category\",\"className\":\"wp-block-webx-post-list-webx-post-list\",\"style\":{\"spacing\":{\"margin\":{\"top\":\"var:preset|spacing|30\",\"bottom\":\"var:preset|spacing|50\"}}},\"compactGrid\":false,\"language\":\"en\",\"listId\":56088,\"postId\":4335}<\/script>\n    <div class=\"webx-post-list\" data-listid=\"56088\"><\/div>\n    \n<div>\n<div class=\"wp-block-webx-post-list-webx-filters\"><div><\/div><\/div>\n<\/div>\n<\/div>","protected":false},"excerpt":{"rendered":"<p>High Performance Bauteile mit Aerospace Standard: Fertigung von geometrieoptimierten Bauteilen f\u00fcr Luft- und Raumfahrt, Automotive und Medizintechnik unter h\u00f6chsten Standards.<\/p>\n","protected":false},"author":2,"featured_media":17329,"parent":4315,"menu_order":10,"comment_status":"closed","ping_status":"closed","template":"","meta":{"footnotes":""},"competence":[2495],"class_list":["post-4335","product","type-product","status-publish","has-post-thumbnail","hentry","competence-metall-laser-colibrium"],"_links":{"self":[{"href":"https:\/\/westcam2023.westcam-staging.web-crossing.com\/en\/wp-json\/wp\/v2\/product\/4335","targetHints":{"allow":["GET"]}}],"collection":[{"href":"https:\/\/westcam2023.westcam-staging.web-crossing.com\/en\/wp-json\/wp\/v2\/product"}],"about":[{"href":"https:\/\/westcam2023.westcam-staging.web-crossing.com\/en\/wp-json\/wp\/v2\/types\/product"}],"author":[{"embeddable":true,"href":"https:\/\/westcam2023.westcam-staging.web-crossing.com\/en\/wp-json\/wp\/v2\/users\/2"}],"replies":[{"embeddable":true,"href":"https:\/\/westcam2023.westcam-staging.web-crossing.com\/en\/wp-json\/wp\/v2\/comments?post=4335"}],"version-history":[{"count":15,"href":"https:\/\/westcam2023.westcam-staging.web-crossing.com\/en\/wp-json\/wp\/v2\/product\/4335\/revisions"}],"predecessor-version":[{"id":29764,"href":"https:\/\/westcam2023.westcam-staging.web-crossing.com\/en\/wp-json\/wp\/v2\/product\/4335\/revisions\/29764"}],"up":[{"embeddable":true,"href":"https:\/\/westcam2023.westcam-staging.web-crossing.com\/en\/wp-json\/wp\/v2\/product\/4315"}],"wp:featuredmedia":[{"embeddable":true,"href":"https:\/\/westcam2023.westcam-staging.web-crossing.com\/en\/wp-json\/wp\/v2\/media\/17329"}],"wp:attachment":[{"href":"https:\/\/westcam2023.westcam-staging.web-crossing.com\/en\/wp-json\/wp\/v2\/media?parent=4335"}],"wp:term":[{"taxonomy":"competence","embeddable":true,"href":"https:\/\/westcam2023.westcam-staging.web-crossing.com\/en\/wp-json\/wp\/v2\/competence?post=4335"}],"curies":[{"name":"wp","href":"https:\/\/api.w.org\/{rel}","templated":true}]}}