{"id":4329,"date":"2024-04-24T08:06:17","date_gmt":"2024-04-24T06:06:17","guid":{"rendered":"https:\/\/westcam2023.westcam.web-crossing.com\/?post_type=product&#038;p=4329"},"modified":"2024-11-11T09:44:04","modified_gmt":"2024-11-11T08:44:04","slug":"kunststoff-voxeljet","status":"publish","type":"product","link":"https:\/\/westcam2023.westcam-staging.web-crossing.com\/en\/produkte\/3d-druck\/kunststoff-voxeljet\/","title":{"rendered":"Kunststoff | Voxeljet"},"content":{"rendered":"\n<div class=\"wp-block-group alignfull has-global-padding is-layout-constrained wp-block-group-is-layout-constrained\">\n<div class=\"wp-block-webx-blocks-westcam-hero alignfull ltr\" style=\"margin-top:var(--wp--preset--spacing--50);margin-bottom:var(--wp--preset--spacing--50)\"><div class=\"hero-image\" style=\"--aspect-ratio:4 \/ 3\"> <img decoding=\"async\" srcset=\"https:\/\/www.westcam-group.com\/wp-content\/uploads\/2024\/09\/westcam-2-icon-3d-druck-150x150.png 150w, https:\/\/www.westcam-group.com\/wp-content\/uploads\/2024\/09\/westcam-2-icon-3d-druck-300x300.png 300w, https:\/\/www.westcam-group.com\/wp-content\/uploads\/2024\/09\/westcam-2-icon-3d-druck-1024x1024.png 1024w, https:\/\/www.westcam-group.com\/wp-content\/uploads\/2024\/09\/westcam-2-icon-3d-druck.png 1181w, https:\/\/www.westcam-group.com\/wp-content\/uploads\/2024\/09\/westcam-2-icon-3d-druck-900x900.png 900w, https:\/\/www.westcam-group.com\/wp-content\/uploads\/2024\/09\/westcam-2-icon-3d-druck-600x600.png 600w\" src=\"https:\/\/www.westcam-group.com\/wp-content\/uploads\/2024\/09\/westcam-2-icon-3d-druck.png\" alt=\"\"\/><\/div><div class=\"hero-placeholder\"><\/div>\n<div class=\"wp-block-group hero-content is-layout-flow wp-block-group-is-layout-flow\">\n<div class=\"wp-block-webx-blocks-fake-heading heading-h4 hero-subtitle is-style-westcamized\" style=\"text-transform:none\">Problemlos Kunststoff drucken<\/div>\n\n\n<h1 style=\"text-transform:none; margin-top:0;margin-bottom:0;\" class=\"wp-block-post-title\">Kunststoff | Voxeljet<\/h1>\n\n\n<p>Voxeljet bietet Ihnen leistungsstarke 3D-Drucker f\u00fcr die Verarbeitung von Kunststoffen, die h\u00f6chste Genauigkeit und schnelle Produktionszeiten erm\u00f6glichen. Ideal f\u00fcr industrielle Anwendungen, er\u00f6ffnen diese Maschinen neue M\u00f6glichkeiten in der Herstellung komplexer Kunststoffteile. <\/p>\n\n\n\n<p>Erfahren Sie mehr \u00fcber die innovativen L\u00f6sungen von Voxeljet f\u00fcr Ihre Kunststoffproduktion.<\/p>\n<\/div>\n<\/div>\n\n\n\n<h3 class=\"wp-block-heading\" style=\"text-transform:none\">Das Verfahren<\/h3>\n\n\n\n<h5 class=\"wp-block-heading\" style=\"text-transform:none\">H\u00f6chste Pr\u00e4zision in Spritzguss-Qualit\u00e4t<\/h5>\n<\/div>\n\n\n\n<p><strong>High Speed Sintering (HSS<\/strong>)<\/p>\n\n\n\n<p>Dient zur hochperformanten Herstellung von <strong>pr\u00e4zisesten Polymerteilen<\/strong>. Und das in Kunststoffspritzguss vergleichbarer Qualit\u00e4t und Haltbarkeit. Im Gegensatz zu herk\u00f6mmlichen Verfahren erfolgt das Sintering nicht \u00fcber komplexe Lasertechnologie, sondern <strong>pixelgenau \u00fcber w\u00e4rmereaktive Binder<\/strong>. <\/p>\n\n\n\n<p><strong>High Speed Sintering<\/strong> ist damit in der Anwendung \u00e4u\u00dferst <strong>zuverl\u00e4ssig<\/strong> und <strong>robust<\/strong>, extrem <strong>schnell <\/strong>und sorgt f\u00fcr hohen Output auch bei gro\u00dfvolumigen Objekten. Das Verfahren erm\u00f6glicht den Einsatz einer gro\u00dfen Bandbreite an <strong>Polymeren<\/strong>, wie zum Beispiel <strong>PA12, PP, TPU, PEBA und auch EVA<\/strong>.<\/p>\n\n\n\n<div class=\"wp-block-group has-base-2-background-color has-background has-global-padding is-content-justification-center is-layout-constrained wp-container-core-group-is-layout-606d210a wp-block-group-is-layout-constrained\" style=\"padding-top:var(--wp--preset--spacing--30);padding-bottom:var(--wp--preset--spacing--30)\">\n<figure class=\"wp-block-embed is-type-video is-provider-youtube wp-block-embed-youtube wp-embed-aspect-16-9 wp-has-aspect-ratio\"><div class=\"wp-block-embed__wrapper\">\n<div class=\"cookieconsent-optout-marketing\">\n    Bitte  <a href=\"javascript:Cookiebot.renew()\">Marketing-Cookies akzeptieren<\/a>, um dieses Video zu laden.\n    <\/div>\n            <iframe data-cookieblock-src=\"https:\/\/www.youtube.com\/embed\/MjUVfcQJ5jg?start=2&#038;feature=oembed\" data-cookieconsent=\"marketing\" title=\"WESTCAM | Voxeljet VX200 HSS (2:04 min.)\" width=\"500\" height=\"281\"  frameborder=\"0\" allow=\"accelerometer; autoplay; clipboard-write; encrypted-media; gyroscope; picture-in-picture; web-share\" referrerpolicy=\"strict-origin-when-cross-origin\" allowfullscreen><\/iframe>\n<\/div><\/figure>\n<\/div>\n\n\n\n<h2 class=\"wp-block-heading\" style=\"text-transform:none\">Unser Angebot f\u00fcr Sie<\/h2>\n\n\n<div style=\"margin-top:var(--wp--preset--spacing--30);margin-bottom:var(--wp--preset--spacing--50);\" class=\"wp-block-webx-post-list-webx-post-list wp-block-webx-post-list-webx-post-list\" data-listid=\"57077\">\n    <script class=\"webx-filter-list-config\" type=\"application\/json\">{\"postType\":\"product\",\"enableParentPost\":true,\"displayGrid\":true,\"subTitle\":\"product_category\",\"fieldOne\":\"product_category\",\"fieldTwo\":\"product_category\",\"className\":\"wp-block-webx-post-list-webx-post-list\",\"style\":{\"spacing\":{\"margin\":{\"top\":\"var:preset|spacing|30\",\"bottom\":\"var:preset|spacing|50\"}}},\"compactGrid\":false,\"language\":\"en\",\"listId\":57077,\"postId\":4329}<\/script>\n    <div class=\"webx-post-list\" data-listid=\"57077\"><\/div>\n    \n<div>\n<div class=\"wp-block-webx-post-list-webx-filters\"><div><\/div><\/div>\n<\/div>\n<\/div>","protected":false},"excerpt":{"rendered":"<p>Kosteng\u00fcnstige Gebrauchsteile aus PA und TPU: Mit High Speed Sintering (HSS) Funktionsteile in hoher Aufl\u00f6sung und Pr\u00e4zision 3D drucken.<\/p>\n","protected":false},"author":2,"featured_media":10407,"parent":4315,"menu_order":7,"comment_status":"closed","ping_status":"closed","template":"","meta":{"footnotes":""},"competence":[2493],"class_list":["post-4329","product","type-product","status-publish","has-post-thumbnail","hentry","competence-kunststoff-voxeljet"],"_links":{"self":[{"href":"https:\/\/westcam2023.westcam-staging.web-crossing.com\/en\/wp-json\/wp\/v2\/product\/4329","targetHints":{"allow":["GET"]}}],"collection":[{"href":"https:\/\/westcam2023.westcam-staging.web-crossing.com\/en\/wp-json\/wp\/v2\/product"}],"about":[{"href":"https:\/\/westcam2023.westcam-staging.web-crossing.com\/en\/wp-json\/wp\/v2\/types\/product"}],"author":[{"embeddable":true,"href":"https:\/\/westcam2023.westcam-staging.web-crossing.com\/en\/wp-json\/wp\/v2\/users\/2"}],"replies":[{"embeddable":true,"href":"https:\/\/westcam2023.westcam-staging.web-crossing.com\/en\/wp-json\/wp\/v2\/comments?post=4329"}],"version-history":[{"count":13,"href":"https:\/\/westcam2023.westcam-staging.web-crossing.com\/en\/wp-json\/wp\/v2\/product\/4329\/revisions"}],"predecessor-version":[{"id":29758,"href":"https:\/\/westcam2023.westcam-staging.web-crossing.com\/en\/wp-json\/wp\/v2\/product\/4329\/revisions\/29758"}],"up":[{"embeddable":true,"href":"https:\/\/westcam2023.westcam-staging.web-crossing.com\/en\/wp-json\/wp\/v2\/product\/4315"}],"wp:featuredmedia":[{"embeddable":true,"href":"https:\/\/westcam2023.westcam-staging.web-crossing.com\/en\/wp-json\/wp\/v2\/media\/10407"}],"wp:attachment":[{"href":"https:\/\/westcam2023.westcam-staging.web-crossing.com\/en\/wp-json\/wp\/v2\/media?parent=4329"}],"wp:term":[{"taxonomy":"competence","embeddable":true,"href":"https:\/\/westcam2023.westcam-staging.web-crossing.com\/en\/wp-json\/wp\/v2\/competence?post=4329"}],"curies":[{"name":"wp","href":"https:\/\/api.w.org\/{rel}","templated":true}]}}