{"id":4313,"date":"2024-04-24T08:00:41","date_gmt":"2024-04-24T06:00:41","guid":{"rendered":"https:\/\/westcam2023.westcam.web-crossing.com\/?post_type=product&#038;p=4313"},"modified":"2024-11-18T15:31:17","modified_gmt":"2024-11-18T14:31:17","slug":"materialise-magics-simulationsmodul","status":"publish","type":"product","link":"https:\/\/westcam2023.westcam-staging.web-crossing.com\/en\/produkte\/cad\/simulation-analyse\/materialise-magics-simulationsmodul\/","title":{"rendered":"Materialise Magics Ansys-Simulation\u00a0"},"content":{"rendered":"\n<div style=\"background-image:url(&apos;https:\/\/www.westcam-group.com\/wp-content\/uploads\/2024\/03\/bggrid.webp&apos;);background-position:50% 50%;background-repeat:no-repeat;background-size:contain;\" class=\"wp-block-group has-global-padding is-layout-constrained wp-container-core-group-is-layout-9f245e94 wp-block-group-is-layout-constrained has-background\">\n<div class=\"wp-block-webx-blocks-grid is-layout-grid wp-container-webx-blocks-grid-is-layout-8c8cfa07 wp-block-webx-blocks-grid-is-layout-grid\" style=\"margin-top:var(--wp--preset--spacing--50);margin-bottom:var(--wp--preset--spacing--50);--grid-columns-desktop:2;--grid-columns-tablet:2;--grid-columns-mobile:1\">\n<div class=\"wp-block-webx-blocks-grid-item is-layout-flow wp-block-webx-blocks-grid-item-is-layout-flow\" style=\"padding-top:var(--wp--preset--spacing--30);padding-right:var(--wp--preset--spacing--10);padding-bottom:var(--wp--preset--spacing--10);padding-left:var(--wp--preset--spacing--10);--grid-area-desktop:auto \/ auto \/ auto \/ auto;--grid-area-tablet:auto \/ auto \/ auto \/ auto;--grid-area-mobile:auto \/ auto \/ auto \/ auto\">\n<div class=\"wp-block-webx-blocks-fake-heading heading-h4 is-style-westcamized\" style=\"text-transform:none\">Perfekte Bauteile beim ersten Druck<\/div>\n\n\n\n<h1 class=\"wp-block-heading hero-title has-xx-large-font-size\" style=\"margin-top:var(--wp--preset--spacing--20);margin-bottom:var(--wp--preset--spacing--20);line-height:1;text-transform:none\">Materialise Magics Ansys-Simulation<\/h1>\n\n\n\n<p>Steigern Sie die Qualit\u00e4t Ihrer Druckteile und minimieren Sie Produktionsfehler, indem Sie den Herstellungsprozess der additiven Fertigung (AM) von Metall mit dem Magics Ansys-Simulationsmodul optimieren.<\/p>\n\n\n\n<div class=\"wp-block-buttons is-layout-flex wp-block-buttons-is-layout-flex\" style=\"margin-top:var(--wp--preset--spacing--20);margin-bottom:var(--wp--preset--spacing--20)\">\n<div class=\"wp-block-button\"><a class=\"wp-block-button__link wp-element-button\" href=\"#free-version\">Jetzt Anfragen<\/a><\/div>\n<\/div>\n\n\n\n<p class=\"has-accent-2-color has-text-color has-link-color wp-elements-32be4ba15767cc81a4b9a106ab541709\"><a href=\"https:\/\/www.westcam-group.com\/wp-content\/uploads\/2024\/04\/Materialise-Magics-Ansys-Simulation-Module-One-Pager-WESTCAM.pdf\" target=\"_blank\" data-type=\"attachment\" data-id=\"24849\" rel=\"noreferrer noopener\"><strong><span class=\"add-arrow\">Infoblatt Ansys-Simulation<\/span><\/strong><\/a><\/p>\n\n\n\n<p class=\"has-accent-2-color has-text-color has-link-color wp-elements-dd05c82bd8a21691787462abeaa23de6\"><a href=\"https:\/\/www.westcam-group.com\/wp-content\/uploads\/2024\/04\/Materialise-Magics-Ansys-Simulation-Module-One-Pager-WESTCAM.pdf\" target=\"_blank\" data-type=\"attachment\" data-id=\"24849\" rel=\"noreferrer noopener\"><strong><span class=\"add-arrow\">One-Pager Ansys-Simulation<\/span><\/strong><\/a><\/p>\n<\/div>\n\n\n\n<div class=\"wp-block-webx-blocks-grid-item is-layout-flow wp-container-webx-blocks-grid-item-is-layout-69fcd244 wp-block-webx-blocks-grid-item-is-layout-flow\" style=\"padding-top:0;padding-right:0;padding-bottom:0;padding-left:0;--grid-area-desktop:auto \/ auto \/ auto \/ auto;--grid-area-tablet:auto \/ auto \/ auto \/ auto;--grid-area-mobile:auto \/ auto \/ auto \/ auto\">\n<figure class=\"wp-block-image aligncenter size-full is-resized is-style-default\"><img loading=\"lazy\" decoding=\"async\" width=\"605\" height=\"378\" src=\"https:\/\/www.westcam-group.com\/wp-content\/uploads\/2024\/04\/materialise-magics-ansys-simulation-westcam-3.jpg\" alt=\"\" class=\"wp-image-24801\" style=\"width:749px;height:auto\" srcset=\"https:\/\/westcam2023.westcam-staging.web-crossing.com\/wp-content\/uploads\/2024\/04\/materialise-magics-ansys-simulation-westcam-3.jpg 605w, https:\/\/westcam2023.westcam-staging.web-crossing.com\/wp-content\/uploads\/2024\/04\/materialise-magics-ansys-simulation-westcam-3-300x187.jpg 300w\" sizes=\"auto, (max-width: 605px) 100vw, 605px\" \/><\/figure>\n\n\n\n<div class=\"wp-block-group hero-violet has-accent-2-background-color has-background is-layout-flow wp-block-group-is-layout-flow\" style=\"padding-top:var(--wp--preset--spacing--30);padding-right:var(--wp--preset--spacing--30);padding-bottom:var(--wp--preset--spacing--30);padding-left:var(--wp--preset--spacing--30)\">\n<div class=\"wp-block-webx-blocks-fake-heading heading-h4 hero-subtitle has-base-color has-text-color\">Highlights<\/div>\n\n\n\n<ul class=\"wp-block-list hero-bullet-list-items is-style-westcam-list has-base-color has-accent-2-background-color has-text-color has-background has-link-color wp-elements-8c72cb547aa6b3b6fb458a9c23a57f12\">\n<li>Time-To-Market verk\u00fcrzen<\/li>\n\n\n\n<li>Ausschuss minimieren<\/li>\n\n\n\n<li>Produktqualit\u00e4t verbessern<\/li>\n<\/ul>\n\n\n\n<figure class=\"wp-block-image size-full is-resized\"><img loading=\"lazy\" decoding=\"async\" width=\"148\" height=\"55\" src=\"https:\/\/www.westcam-group.com\/wp-content\/uploads\/2024\/04\/materialise-magics-logo.png\" alt=\"\" class=\"wp-image-24807\" style=\"width:auto;height:50px\"\/><\/figure>\n<\/div>\n<\/div>\n<\/div>\n<\/div>\n\n\n\n<div class=\"wp-block-group has-base-2-background-color has-background has-global-padding is-content-justification-center is-layout-constrained wp-container-core-group-is-layout-606d210a wp-block-group-is-layout-constrained\" style=\"padding-top:var(--wp--preset--spacing--30);padding-bottom:var(--wp--preset--spacing--30)\">\n<figure class=\"wp-block-embed is-type-video is-provider-youtube wp-block-embed-youtube wp-embed-aspect-16-9 wp-has-aspect-ratio\"><div class=\"wp-block-embed__wrapper\">\n<div class=\"cookieconsent-optout-marketing\">\n    Bitte  <a href=\"javascript:Cookiebot.renew()\">Marketing-Cookies akzeptieren<\/a>, um dieses Video zu laden.\n    <\/div>\n            <iframe data-cookieblock-src=\"https:\/\/www.youtube.com\/embed\/aAlrwN78x7E?feature=oembed\" data-cookieconsent=\"marketing\" title=\"Thermal Simulation Workflow \u2013 Magics Ansys Simulation Module\" width=\"500\" height=\"281\"  frameborder=\"0\" allow=\"accelerometer; autoplay; clipboard-write; encrypted-media; gyroscope; picture-in-picture; web-share\" referrerpolicy=\"strict-origin-when-cross-origin\" allowfullscreen><\/iframe>\n<\/div><\/figure>\n<\/div>\n\n\n\n<div class=\"wp-block-group has-global-padding is-layout-constrained wp-container-core-group-is-layout-00189ab9 wp-block-group-is-layout-constrained\">\n<div class=\"wp-block-media-text is-stacked-on-mobile is-image-fill-element\" style=\"margin-top:var(--wp--preset--spacing--50);margin-right:0;margin-bottom:var(--wp--preset--spacing--50);margin-left:0;padding-right:0;padding-left:0\"><figure class=\"wp-block-media-text__media\"><img loading=\"lazy\" decoding=\"async\" width=\"605\" height=\"378\" src=\"https:\/\/www.westcam-group.com\/wp-content\/uploads\/2024\/04\/materialise-magics-ansys-simulation-westcam-2.jpg\" alt=\"\" class=\"wp-image-24795 size-full\" style=\"object-position:50% 50%\" srcset=\"https:\/\/westcam2023.westcam-staging.web-crossing.com\/wp-content\/uploads\/2024\/04\/materialise-magics-ansys-simulation-westcam-2.jpg 605w, https:\/\/westcam2023.westcam-staging.web-crossing.com\/wp-content\/uploads\/2024\/04\/materialise-magics-ansys-simulation-westcam-2-300x187.jpg 300w\" sizes=\"auto, (max-width: 605px) 100vw, 605px\" \/><\/figure><div class=\"wp-block-media-text__content\">\n<h3 class=\"wp-block-heading has-text-align-left\" style=\"text-transform:none\">4 Gr\u00fcnde sprechen f\u00fcr das Ansys Simulation Modul<\/h3>\n\n\n\n<ul class=\"wp-block-list\">\n<li>Das Modul ist einfach zu Bedienen und man bekommt auch ohne Expertenwissen akkurate Ergebnisse<\/li>\n\n\n\n<li>Evaluieren Sie AM-relevante Ergebnisse und verbessern Sie Ihre Datenvorbereitung durch eine nahtlose Integration in den Magics-Workflow.&nbsp;<\/li>\n\n\n\n<li>Nutzung der marktbew\u00e4hrten High-End-AM-Simulationstechnologie, basierend auf dem Ansys-Solver<\/li>\n\n\n\n<li>&nbsp;Steigern Sie den AM-ROI mit einem preiswerten Softwaremodul f\u00fcr den 3D-Metalldruck<\/li>\n<\/ul>\n<\/div><\/div>\n<\/div>\n\n\n\n<h2 class=\"wp-block-heading\" style=\"text-transform:none\">Hauptmerkmale<\/h2>\n\n\n\n<div class=\"wp-block-webx-blocks-grid is-layout-grid wp-container-webx-blocks-grid-is-layout-478b6e6b wp-block-webx-blocks-grid-is-layout-grid\" style=\"--grid-columns-desktop:2;--grid-columns-tablet:2;--grid-columns-mobile:1\">\n<div class=\"wp-block-webx-blocks-grid-item has-base-2-background-color has-background is-layout-flow wp-block-webx-blocks-grid-item-is-layout-flow\" style=\"padding-top:var(--wp--preset--spacing--20);padding-right:var(--wp--preset--spacing--20);padding-bottom:var(--wp--preset--spacing--20);padding-left:var(--wp--preset--spacing--20);--grid-area-desktop:auto \/ auto \/ auto \/ auto;--grid-area-tablet:auto \/ auto \/ auto \/ auto;--grid-area-mobile:auto \/ auto \/ auto \/ auto\">\n<div class=\"wp-block-webx-blocks-fake-heading heading-h6 is-style-westcamized\"><strong>Verk\u00fcrzung der Time-To-Market und Reduzierung der Entwicklungskosten<\/strong><\/div>\n\n\n\n<p>Analysieren Sie die Verformung von Bauteilen, um die Position und Anpassung der St\u00fctzstrukturen zu optimieren. Minimieren Sie teure Testdrucke, beschleunigen Sie die Markteinf\u00fchrung und senken Sie die Entwicklungskosten.<\/p>\n<\/div>\n\n\n\n<div class=\"wp-block-webx-blocks-grid-item has-base-2-background-color has-background is-layout-flow wp-block-webx-blocks-grid-item-is-layout-flow\" style=\"padding-top:var(--wp--preset--spacing--20);padding-right:var(--wp--preset--spacing--20);padding-bottom:var(--wp--preset--spacing--20);padding-left:var(--wp--preset--spacing--20);--grid-area-desktop:auto \/ auto \/ auto \/ auto;--grid-area-tablet:auto \/ auto \/ auto \/ auto;--grid-area-mobile:auto \/ auto \/ auto \/ auto\">\n<div class=\"wp-block-webx-blocks-fake-heading heading-h6 is-style-westcamized\"><strong>Ausschuss Minimierung<\/strong><\/div>\n\n\n\n<p>Identifizierung der Risiken beim Bau gro\u00dfer Teile, die anf\u00e4llig f\u00fcr Eigenspannungen und Verformungen sind. Ermitteln Sie Konstruktionsfehler mithilfe zuverl\u00e4ssiger AM-Prozess-Simulationen.<\/p>\n<\/div>\n<\/div>\n\n\n\n<div class=\"wp-block-webx-blocks-grid is-layout-grid wp-container-webx-blocks-grid-is-layout-478b6e6b wp-block-webx-blocks-grid-is-layout-grid\" style=\"--grid-columns-desktop:2;--grid-columns-tablet:2;--grid-columns-mobile:1\">\n<div class=\"wp-block-webx-blocks-grid-item has-base-2-background-color has-background is-layout-flow wp-block-webx-blocks-grid-item-is-layout-flow\" style=\"padding-top:var(--wp--preset--spacing--20);padding-right:var(--wp--preset--spacing--20);padding-bottom:var(--wp--preset--spacing--20);padding-left:var(--wp--preset--spacing--20);--grid-area-desktop:auto \/ auto \/ auto \/ auto;--grid-area-tablet:auto \/ auto \/ auto \/ auto;--grid-area-mobile:auto \/ auto \/ auto \/ auto\">\n<div class=\"wp-block-webx-blocks-fake-heading heading-h6 is-style-westcamized\"><strong>Verbesserung der Produktqualit\u00e4t und -genauigkeit<\/strong><\/div>\n\n\n\n<p>Vermeiden Sie \u00dcberhitzungen und erzielen Sie eine bessere Oberfl\u00e4chenqualit\u00e4t. Erzeugen Sie kompensierte Bauteilgeometrie, um die geometrische Genauigkeit zu verbessern.<\/p>\n<\/div>\n\n\n\n<div class=\"wp-block-webx-blocks-grid-item has-base-2-background-color has-background is-layout-flow wp-block-webx-blocks-grid-item-is-layout-flow\" style=\"padding-top:var(--wp--preset--spacing--20);padding-right:var(--wp--preset--spacing--20);padding-bottom:var(--wp--preset--spacing--20);padding-left:var(--wp--preset--spacing--20);--grid-area-desktop:auto \/ auto \/ auto \/ auto;--grid-area-tablet:auto \/ auto \/ auto \/ auto;--grid-area-mobile:auto \/ auto \/ auto \/ auto\">\n<div class=\"wp-block-webx-blocks-fake-heading heading-h6 is-style-westcamized\"><strong>Datenaufbereitung validieren<\/strong><\/div>\n\n\n\n<p>Optimieren Sie die Bauteilorientierung f\u00fcr AM-Prozesse und erg\u00e4nzen Sie nur erforderliche Supportstrukturen. Nutzen Sie die Simulationsergebnisse, um fundierte Entscheidungen f\u00fcr die Teilevorbereitung zu treffen.<\/p>\n<\/div>\n<\/div>\n\n\n\n<div class=\"wp-block-group has-global-padding is-layout-constrained wp-container-core-group-is-layout-baed9f38 wp-block-group-is-layout-constrained\" style=\"margin-top:var(--wp--preset--spacing--60);margin-bottom:var(--wp--preset--spacing--60)\">\n<h3 class=\"wp-block-heading\" style=\"margin-top:var(--wp--preset--spacing--20);margin-right:0;margin-bottom:var(--wp--preset--spacing--20);margin-left:0;text-transform:none\">H\u00e4ufig gestellte Fragen (FAQs)<\/h3>\n\n\n\n<script type=\"application\/ld+json\">{\"@context\":\"https:\/\/schema.org\",\"@type\":\"FAQPage\",\"mainEntity\":[{\"@type\":\"Question\",\"name\":\"Welche Materialien k\u00f6nnen simuliert werden?\",\"acceptedAnswer\":{\"@type\":\"Answer\",\"text\":\"Es k\u00f6nnen alle g\u00e4ngigen 3D Druckmaterialien wie Aluminium, Titan oder verschiedene St\u00e4hle einer Simulation unterzogen werden.\"}},{\"@type\":\"Question\",\"name\":\"Ben\u00f6tige ich materialwissenschaftliche Kenntnisse, um die Software zu bedienen?\",\"acceptedAnswer\":{\"@type\":\"Answer\",\"text\":\"Das Modul ist im Magics integriert und bewusst sehr einfach gehalten damit auch ein Laie akkurate Ergebnisse erzielen und interpretieren kann.\"}},{\"@type\":\"Question\",\"name\":\"Wo macht eine Simulation am Meisten Sinn?\",\"acceptedAnswer\":{\"@type\":\"Answer\",\"text\":\"Simulation macht bei allen Bauteilen Sinn. Die Vorteile machen sich bei sehr gro\u00dfen zeitintensiven Bauteilen, Bauteilen mit d\u00fcnnen Wandst\u00e4rken und Bauteilen aus teuren Materialien wie Titan am schnellsten bemerkbar.\"}}]}<\/script><div class=\"wp-block-webx-blocks-accordion\">\n<div class=\"accordion\" id=\"welche-materialien-knnen-simuliert-werden\"><h2 class=\"title faq-title\" itemprop=\"name\"><a href=\"#welche-materialien-knnen-simuliert-werden\">Welche Materialien k\u00f6nnen simuliert werden?<\/a><\/h2><div class=\"content\"><div class=\"wrapper\">\n<p>Es k\u00f6nnen alle g\u00e4ngigen 3D Druckmaterialien wie Aluminium, Titan oder verschiedene St\u00e4hle einer Simulation unterzogen werden.<\/p>\n<\/div><\/div><\/div>\n\n\n\n<div class=\"accordion\" id=\"bentige-ich-materialwissenschaftliche-kenntnisse-um-die-software-zu-bedienen\"><h2 class=\"title faq-title\" itemprop=\"name\"><a href=\"#bentige-ich-materialwissenschaftliche-kenntnisse-um-die-software-zu-bedienen\">Ben\u00f6tige ich materialwissenschaftliche Kenntnisse, um die Software zu bedienen?<\/a><\/h2><div class=\"content\"><div class=\"wrapper\">\n<p>Das Modul ist im Magics integriert und bewusst sehr einfach gehalten damit auch ein Laie akkurate Ergebnisse erzielen und interpretieren kann.<\/p>\n<\/div><\/div><\/div>\n\n\n\n<div class=\"accordion\" id=\"wo-macht-eine-simulation-am-meisten-sinn\"><h2 class=\"title faq-title\" itemprop=\"name\"><a href=\"#wo-macht-eine-simulation-am-meisten-sinn\">Wo macht eine Simulation am Meisten Sinn?<\/a><\/h2><div class=\"content\"><div class=\"wrapper\">\n<p>Simulation macht bei allen Bauteilen Sinn. Die Vorteile machen sich bei sehr gro\u00dfen zeitintensiven Bauteilen, Bauteilen mit d\u00fcnnen Wandst\u00e4rken und Bauteilen aus teuren Materialien wie Titan am schnellsten bemerkbar.<\/p>\n<\/div><\/div><\/div>\n<\/div>\n<\/div>\n\n\n\n<div style=\"height:100px\" aria-hidden=\"true\" class=\"wp-block-spacer\"><\/div>\n\n\n\n<div class=\"wp-block-group has-global-padding is-layout-constrained wp-container-core-group-is-layout-19e250f3 wp-block-group-is-layout-constrained\">\n<div id=\"free-version\" class=\"wp-block-group has-base-color has-contrast-background-color has-text-color has-background has-link-color wp-elements-42a5b246f2c5825d8b62db699a844af9 has-global-padding is-layout-constrained wp-container-core-group-is-layout-52009084 wp-block-group-is-layout-constrained\" style=\"padding-top:var(--wp--preset--spacing--40);padding-right:var(--wp--preset--spacing--40);padding-bottom:var(--wp--preset--spacing--40);padding-left:var(--wp--preset--spacing--40)\">\n<h3 class=\"wp-block-heading has-base-color has-text-color has-link-color wp-elements-fa5c1c739b71d42927e60a341952d0c3\" style=\"text-transform:none\">Wir beraten Sie pers\u00f6nlich!<\/h3>\n\n\n\n<div class=\"wpcf7 no-js\" id=\"wpcf7-f31160-o1\" lang=\"de-DE\" dir=\"ltr\" data-wpcf7-id=\"31160\">\n<div class=\"screen-reader-response\"><p role=\"status\" aria-live=\"polite\" aria-atomic=\"true\"><\/p> <ul><\/ul><\/div>\n<form action=\"\/en\/wp-json\/wp\/v2\/product\/4313#wpcf7-f31160-o1\" method=\"post\" class=\"wpcf7-form init\" aria-label=\"Kontaktformular\" novalidate=\"novalidate\" data-status=\"init\">\n<div style=\"display: none;\">\n<input type=\"hidden\" name=\"_wpcf7\" value=\"31160\" \/>\n<input type=\"hidden\" name=\"_wpcf7_version\" value=\"6.0.1\" \/>\n<input type=\"hidden\" name=\"_wpcf7_locale\" value=\"de_DE\" \/>\n<input type=\"hidden\" name=\"_wpcf7_unit_tag\" value=\"wpcf7-f31160-o1\" \/>\n<input type=\"hidden\" name=\"_wpcf7_container_post\" value=\"0\" \/>\n<input type=\"hidden\" name=\"_wpcf7_posted_data_hash\" value=\"\" \/>\n<input type=\"hidden\" name=\"_wpcf7dtx_version\" value=\"5.0.2\" \/>\n<input type=\"hidden\" name=\"_wpcf7_recaptcha_response\" value=\"\" \/>\n<\/div>\n<h3> Anfrage: <label class=\"wpcf7-form-control wpcf7-label wpcf7dtx wpcf7dtx-label\" for=\"Materialise Magics Ansys-Simulation\u00a0\">Materialise Magics Ansys-Simulation\u00a0<\/label><span class=\"wpcf7-form-control-wrap dynamic_hidden-post-title\" data-name=\"dynamic_hidden-post-title\"><input type=\"hidden\" name=\"dynamic_hidden-post-title\" class=\"wpcf7-form-control wpcf7-hidden wpcf7dtx wpcf7dtx-hidden\" aria-invalid=\"false\" value=\"Materialise Magics Ansys-Simulation\u00a0\"><\/span><\/h3>\n\n<label> Name\n    <span class=\"wpcf7-form-control-wrap\" data-name=\"fullname\"><input size=\"40\" maxlength=\"400\" class=\"wpcf7-form-control wpcf7-text\" aria-invalid=\"false\" value=\"\" type=\"text\" name=\"fullname\" \/><\/span> <\/label>\n\n<label> E-Mail-Adresse*\n    <span class=\"wpcf7-form-control-wrap\" data-name=\"email\"><input size=\"40\" maxlength=\"400\" class=\"wpcf7-form-control wpcf7-email wpcf7-validates-as-required wpcf7-text wpcf7-validates-as-email\" aria-required=\"true\" aria-invalid=\"false\" value=\"\" type=\"email\" name=\"email\" \/><\/span> <\/label>\n\n<label> Unternehmen\n    <span class=\"wpcf7-form-control-wrap\" data-name=\"unternehmen\"><input size=\"40\" maxlength=\"400\" class=\"wpcf7-form-control wpcf7-text\" aria-invalid=\"false\" value=\"\" type=\"text\" name=\"unternehmen\" \/><\/span> <\/label>\n\n<label> Ihre Nachricht*\n    <span class=\"wpcf7-form-control-wrap\" data-name=\"nachricht\"><textarea cols=\"40\" rows=\"10\" maxlength=\"2000\" class=\"wpcf7-form-control wpcf7-textarea wpcf7-validates-as-required\" aria-required=\"true\" aria-invalid=\"false\" name=\"nachricht\"><\/textarea><\/span> <\/label>\n\n<input class=\"wpcf7-form-control wpcf7-submit has-spinner\" type=\"submit\" value=\"Senden\" \/>\n\n<div class=\"wpcf7-response-output\" aria-hidden=\"true\"><\/div>\n<\/form>\n<\/div>\n\n<\/div>\n\n\n\n<div id=\"ansprechpartner\" class=\"wp-block-group has-base-2-background-color has-background has-global-padding is-layout-constrained wp-container-core-group-is-layout-16946a23 wp-block-group-is-layout-constrained\" style=\"margin-top:0;margin-bottom:0;padding-top:var(--wp--preset--spacing--30);padding-right:var(--wp--preset--spacing--30);padding-bottom:var(--wp--preset--spacing--30);padding-left:var(--wp--preset--spacing--30)\">\n<div class=\"wp-block-group has-base-2-background-color has-background has-global-padding is-layout-constrained wp-container-core-group-is-layout-19e250f3 wp-block-group-is-layout-constrained\">\n<h2 class=\"wp-block-heading\" style=\"text-transform:none\">Gerne f\u00fcr Sie da<\/h2>\n<\/div>\n\n\n<div class=\"wp-block-webx-blocks-westcam-employee-display\">\n    <div class=\"employee-image\">\n        <img decoding=\"async\" src=\"https:\/\/westcam2023.westcam-staging.web-crossing.com\/wp-content\/uploads\/2024\/05\/Harald_Spiegl_WESTCAM-300x300.jpg\" alt=Harald Spiegl \/>\n    <\/div>\n    <div class=\"employee-info\">\n        <div class=\"heading-h3\">Harald Spiegl<\/div>\n        <div class=\"heading-h5 is-style-westcamized\">3D-Druck &#038; Engineering<\/div>\n    <\/div>\n    <div class=\"employee-social\">\n        <div class=\"icons\">\n                        <a href=https:\/\/www.linkedin.com\/in\/spiegl-h-0ab37a84\/ title=\"Harald Spiegl on linkedIn\"\n                target=\"_blank\" rel=\"noopener noreferrer\">\n                <?xml version=\"1.0\" encoding=\"UTF-8\" standalone=\"no\"?>\n                <!DOCTYPE svg PUBLIC \"-\/\/W3C\/\/DTD SVG 1.1\/\/EN\" \"http:\/\/www.w3.org\/Graphics\/SVG\/1.1\/DTD\/svg11.dtd\"><svg\n                    width=\"100%\" height=\"100%\" viewBox=\"0 0 248 204\" version=\"1.1\" xmlns=\"http:\/\/www.w3.org\/2000\/svg\"\n                    xmlns:xlink=\"http:\/\/www.w3.org\/1999\/xlink\" xml:space=\"preserve\" xmlns:serif=\"http:\/\/www.serif.com\/\"\n                    style=\"fill-rule:evenodd;clip-rule:evenodd;stroke-linejoin:round;stroke-miterlimit:2;\">\n                    <path\n                        d=\"M226,204l-41.916,0l0,-71.392c0,-19.573 -7.437,-30.512 -22.93,-30.512c-16.854,0 -25.659,11.383 -25.659,30.512l-0,71.392l-40.395,0l-0,-136l40.395,-0l-0,18.319c-0,0 12.146,-22.474 41.006,-22.474c28.847,-0 49.499,17.616 49.499,54.048l0,86.107Zm-179.091,-153.808c-13.759,-0 -24.909,-11.237 -24.909,-25.096c0,-13.859 11.15,-25.096 24.909,-25.096c13.759,-0 24.902,11.237 24.902,25.096c0,13.859 -11.143,25.096 -24.902,25.096Zm-20.858,153.808l42.121,0l0,-136l-42.121,-0l-0,136Z\" \/>\n                <\/svg>\n            <\/a>\n                                    <a href=\"\/vcard\/6493\" title=\"Download vCard\"\n                class=\"vcard-button\">\n                <svg xmlns=\"http:\/\/www.w3.org\/2000\/svg\" width=\"32.143\" height=\"25\" viewBox=\"0 0 32.143 25\">\n                    <path id=\"address-card-solid\"\n                        d=\"M3.571,32A3.575,3.575,0,0,0,0,35.571V53.429A3.575,3.575,0,0,0,3.571,57h25a3.575,3.575,0,0,0,3.571-3.571V35.571A3.575,3.575,0,0,0,28.571,32ZM8.036,46.286h3.571a4.463,4.463,0,0,1,4.464,4.464.9.9,0,0,1-.893.893H4.464a.9.9,0,0,1-.893-.893A4.463,4.463,0,0,1,8.036,46.286ZM6.25,40.929A3.571,3.571,0,1,1,9.821,44.5,3.571,3.571,0,0,1,6.25,40.929Zm14.286-1.786h7.143a.893.893,0,0,1,0,1.786H20.536a.893.893,0,0,1,0-1.786Zm0,3.571h7.143a.893.893,0,0,1,0,1.786H20.536a.893.893,0,0,1,0-1.786Zm0,3.571h7.143a.893.893,0,0,1,0,1.786H20.536a.893.893,0,0,1,0-1.786Z\"\n                        transform=\"translate(0 -32)\" fill=\"#111\" \/>\n                <\/svg>\n            <\/a>\n        <\/div>\n    <\/div>\n    <div class=\"employee-contact\">\n                <a href=\"tel:+43 5223 55509 340\">\n            <div class=\" employee-phone\">\n                <svg xmlns=\"http:\/\/www.w3.org\/2000\/svg\" width=\"32\" height=\"32\" viewBox=\"0 0 32 32\">\n                    <path id=\"phone\"\n                        d=\"M6.529,4h7.059l3.529,8.824-4.412,2.647a19.412,19.412,0,0,0,8.824,8.824l2.647-4.412L33,23.412v7.059A3.529,3.529,0,0,1,29.471,34,28.235,28.235,0,0,1,3,7.529,3.529,3.529,0,0,1,6.529,4\"\n                        transform=\"translate(-2 -3)\" fill=\"none\" stroke=\"#111\" stroke-linecap=\"round\"\n                        stroke-linejoin=\"round\" stroke-width=\"2\" \/>\n                <\/svg>\n\n                +43 5223 55509 340\n            <\/div>\n        <\/a>\n                                <a href=\"mailto:harald.spiegl@westcam.at\">\n            <div class=\" employee-email\">\n                <svg xmlns=\"http:\/\/www.w3.org\/2000\/svg\" width=\"32.773\" height=\"25.333\" viewBox=\"0 0 32.773 25.333\">\n                    <g id=\"mail\" transform=\"translate(1.387 1)\">\n                        <rect id=\"Rechteck_11\" data-name=\"Rechteck 11\" width=\"30\" height=\"23.333\" rx=\"2\" fill=\"none\"\n                            stroke=\"#111\" stroke-linecap=\"round\" stroke-linejoin=\"round\" stroke-width=\"2\" \/>\n                        <path id=\"Pfad_100\" data-name=\"Pfad 100\" d=\"M3,7,18,17,33,7\" transform=\"translate(-3 -3.667)\"\n                            fill=\"none\" stroke=\"#111\" stroke-linecap=\"round\" stroke-linejoin=\"round\" stroke-width=\"2\" \/>\n                    <\/g>\n                <\/svg>\n                harald.spiegl@westcam.at\n            <\/div>\n        <\/a>\n        \n\n\n    <\/div>\n        <div class=\"employee-callback wp-block-button is-style-outline\">\n        <a href=\"\/anfrage\/?email=anfrage-office\"\n            class=\"wp-block-button__link wp-element-button\">Anfrage<\/a>\n    <\/div>\n    <\/div><\/div>\n<\/div>\n","protected":false},"excerpt":{"rendered":"<p>Optimierung 3D-Metall-Druck dank Simulationsmodul. Qualit\u00e4t der Druckteile steigern und Produktionsfehler minimieren.<\/p>\n","protected":false},"author":2,"featured_media":25695,"parent":4301,"menu_order":11,"comment_status":"closed","ping_status":"closed","template":"","meta":{"footnotes":""},"competence":[2542],"class_list":["post-4313","product","type-product","status-publish","has-post-thumbnail","hentry","competence-simulation-analyse"],"_links":{"self":[{"href":"https:\/\/westcam2023.westcam-staging.web-crossing.com\/en\/wp-json\/wp\/v2\/product\/4313","targetHints":{"allow":["GET"]}}],"collection":[{"href":"https:\/\/westcam2023.westcam-staging.web-crossing.com\/en\/wp-json\/wp\/v2\/product"}],"about":[{"href":"https:\/\/westcam2023.westcam-staging.web-crossing.com\/en\/wp-json\/wp\/v2\/types\/product"}],"author":[{"embeddable":true,"href":"https:\/\/westcam2023.westcam-staging.web-crossing.com\/en\/wp-json\/wp\/v2\/users\/2"}],"replies":[{"embeddable":true,"href":"https:\/\/westcam2023.westcam-staging.web-crossing.com\/en\/wp-json\/wp\/v2\/comments?post=4313"}],"version-history":[{"count":12,"href":"https:\/\/westcam2023.westcam-staging.web-crossing.com\/en\/wp-json\/wp\/v2\/product\/4313\/revisions"}],"predecessor-version":[{"id":31508,"href":"https:\/\/westcam2023.westcam-staging.web-crossing.com\/en\/wp-json\/wp\/v2\/product\/4313\/revisions\/31508"}],"up":[{"embeddable":true,"href":"https:\/\/westcam2023.westcam-staging.web-crossing.com\/en\/wp-json\/wp\/v2\/product\/4301"}],"wp:featuredmedia":[{"embeddable":true,"href":"https:\/\/westcam2023.westcam-staging.web-crossing.com\/en\/wp-json\/wp\/v2\/media\/25695"}],"wp:attachment":[{"href":"https:\/\/westcam2023.westcam-staging.web-crossing.com\/en\/wp-json\/wp\/v2\/media?parent=4313"}],"wp:term":[{"taxonomy":"competence","embeddable":true,"href":"https:\/\/westcam2023.westcam-staging.web-crossing.com\/en\/wp-json\/wp\/v2\/competence?post=4313"}],"curies":[{"name":"wp","href":"https:\/\/api.w.org\/{rel}","templated":true}]}}