{"id":27436,"date":"2024-10-24T06:19:44","date_gmt":"2024-10-24T04:19:44","guid":{"rendered":"https:\/\/westcam2023.westcam.web-crossing.com\/?post_type=product&#038;p=27436"},"modified":"2024-10-31T12:24:09","modified_gmt":"2024-10-31T11:24:09","slug":"material","status":"publish","type":"product","link":"https:\/\/westcam2023.westcam-staging.web-crossing.com\/en\/produkte\/3d-druck\/material\/","title":{"rendered":"Material"},"content":{"rendered":"\n<div class=\"wp-block-group alignfull has-global-padding is-layout-constrained wp-block-group-is-layout-constrained\">\n<div class=\"wp-block-webx-blocks-westcam-hero alignfull ltr\" style=\"margin-top:var(--wp--preset--spacing--50);margin-bottom:var(--wp--preset--spacing--50)\"><div class=\"hero-image\" style=\"--aspect-ratio:4 \/ 3\"> <img decoding=\"async\" src=\"https:\/\/www.westcam-group.com\/wp-content\/uploads\/2024\/01\/3d-druck.svg\" alt=\"\" \/><\/div><div class=\"hero-placeholder\"><\/div>\n\n<div class=\"wp-block-group hero-content is-layout-flow wp-block-group-is-layout-flow\">\n\n<div class=\"wp-block-webx-blocks-fake-heading heading-h4 hero-subtitle is-style-westcamized\" style=\"text-transform:none\"><\/div>\n\n<h1 style=\"text-transform:none; margin-top:0;margin-bottom:0;\" class=\"wp-block-post-title\">Material<\/h1>\n\n<p>Erkunden Sie mit unserer Auswahl an 3D-Drucksoftware die Zukunft der Produktion. Diese leistungsstarken Werkzeuge unterst\u00fctzen Sie bei der genauen Umsetzung komplexer Entw\u00fcrfe und der Steigerung der Effizienz Ihrer Produktionsprozesse. <\/p>\n\n\n<p>Erleben Sie den 3D-Druck und entdecken Sie die ideale Softwarel\u00f6sung f\u00fcr Ihre Anforderungen.<\/p>\n\n<\/div>\n\n<\/div>\n<\/div>\n\n\n\n<h2 class=\"wp-block-heading\" style=\"text-transform:none\"><\/h2>\n\n\n<div style=\"margin-top:var(--wp--preset--spacing--30);margin-bottom:var(--wp--preset--spacing--50);\" class=\"wp-block-webx-post-list-webx-post-list wp-block-webx-post-list-webx-post-list\" data-listid=\"33277\">\n    <script class=\"webx-filter-list-config\" type=\"application\/json\">{\"postType\":\"product\",\"enableParentPost\":true,\"displayGrid\":true,\"subTitle\":\"competence\",\"fieldTwo\":\"product_category\",\"className\":\"wp-block-webx-post-list-webx-post-list\",\"style\":{\"spacing\":{\"margin\":{\"top\":\"var:preset|spacing|30\",\"bottom\":\"var:preset|spacing|50\"}}},\"compactGrid\":false,\"fieldOne\":\"\",\"language\":\"en\",\"listId\":33277,\"postId\":27436}<\/script>\n    <div class=\"webx-post-list\" data-listid=\"33277\"><\/div>\n    \n<div>\n<div class=\"wp-block-webx-post-list-webx-filters\"><div><\/div><\/div>\n<\/div>\n<\/div>","protected":false},"excerpt":{"rendered":"<p>Pr\u00e4zision beginnt beim Werkstoff. Plasmavernebelung optimierte Metall-Pulver verbessern die Flie\u00dff\u00e4higkeit, Verteilbarkeit und Oberfl\u00e4chenbeschaffenheit.<\/p>\n","protected":false},"author":5,"featured_media":28641,"parent":4315,"menu_order":15,"comment_status":"closed","ping_status":"closed","template":"","meta":{"footnotes":""},"competence":[2490],"class_list":["post-27436","product","type-product","status-publish","has-post-thumbnail","hentry","competence-3d-druck"],"_links":{"self":[{"href":"https:\/\/westcam2023.westcam-staging.web-crossing.com\/en\/wp-json\/wp\/v2\/product\/27436","targetHints":{"allow":["GET"]}}],"collection":[{"href":"https:\/\/westcam2023.westcam-staging.web-crossing.com\/en\/wp-json\/wp\/v2\/product"}],"about":[{"href":"https:\/\/westcam2023.westcam-staging.web-crossing.com\/en\/wp-json\/wp\/v2\/types\/product"}],"author":[{"embeddable":true,"href":"https:\/\/westcam2023.westcam-staging.web-crossing.com\/en\/wp-json\/wp\/v2\/users\/5"}],"replies":[{"embeddable":true,"href":"https:\/\/westcam2023.westcam-staging.web-crossing.com\/en\/wp-json\/wp\/v2\/comments?post=27436"}],"version-history":[{"count":4,"href":"https:\/\/westcam2023.westcam-staging.web-crossing.com\/en\/wp-json\/wp\/v2\/product\/27436\/revisions"}],"predecessor-version":[{"id":28645,"href":"https:\/\/westcam2023.westcam-staging.web-crossing.com\/en\/wp-json\/wp\/v2\/product\/27436\/revisions\/28645"}],"up":[{"embeddable":true,"href":"https:\/\/westcam2023.westcam-staging.web-crossing.com\/en\/wp-json\/wp\/v2\/product\/4315"}],"wp:featuredmedia":[{"embeddable":true,"href":"https:\/\/westcam2023.westcam-staging.web-crossing.com\/en\/wp-json\/wp\/v2\/media\/28641"}],"wp:attachment":[{"href":"https:\/\/westcam2023.westcam-staging.web-crossing.com\/en\/wp-json\/wp\/v2\/media?parent=27436"}],"wp:term":[{"taxonomy":"competence","embeddable":true,"href":"https:\/\/westcam2023.westcam-staging.web-crossing.com\/en\/wp-json\/wp\/v2\/competence?post=27436"}],"curies":[{"name":"wp","href":"https:\/\/api.w.org\/{rel}","templated":true}]}}