{"id":18754,"date":"2024-08-08T12:26:20","date_gmt":"2024-08-08T10:26:20","guid":{"rendered":"https:\/\/westcam2023.westcam.web-crossing.com\/?post_type=product&#038;p=18754"},"modified":"2024-11-15T10:21:51","modified_gmt":"2024-11-15T09:21:51","slug":"minicam","status":"publish","type":"product","link":"https:\/\/westcam2023.westcam-staging.web-crossing.com\/en\/produkte\/bildverarbeitung\/bildverarbeitungsloesungen\/minicam\/","title":{"rendered":"MINIcam"},"content":{"rendered":"\n<div style=\"background-image:url(&apos;https:\/\/www.westcam-group.com\/wp-content\/uploads\/2024\/03\/bggrid.webp&apos;);background-position:50% 50%;background-repeat:no-repeat;background-size:contain;\" class=\"wp-block-group has-global-padding is-layout-constrained wp-container-core-group-is-layout-9f245e94 wp-block-group-is-layout-constrained has-background\">\n<div class=\"wp-block-webx-blocks-grid is-layout-grid wp-container-webx-blocks-grid-is-layout-8c8cfa07 wp-block-webx-blocks-grid-is-layout-grid\" style=\"margin-top:var(--wp--preset--spacing--50);margin-bottom:var(--wp--preset--spacing--50);--grid-columns-desktop:2;--grid-columns-tablet:2;--grid-columns-mobile:1\">\n<div class=\"wp-block-webx-blocks-grid-item is-layout-flow wp-block-webx-blocks-grid-item-is-layout-flow\" style=\"padding-top:var(--wp--preset--spacing--30);padding-right:var(--wp--preset--spacing--10);padding-bottom:var(--wp--preset--spacing--10);padding-left:var(--wp--preset--spacing--10);--grid-area-desktop:auto \/ auto \/ auto \/ auto;--grid-area-tablet:auto \/ auto \/ auto \/ auto;--grid-area-mobile:auto \/ auto \/ auto \/ auto\">\n<div class=\"wp-block-webx-blocks-fake-heading heading-h4 is-style-westcamized\" style=\"text-transform:none\">GROSSES ganz klein<\/div>\n\n\n\n<h1 class=\"wp-block-heading hero-title has-xx-large-font-size\" style=\"margin-top:var(--wp--preset--spacing--20);margin-bottom:var(--wp--preset--spacing--20);line-height:1;text-transform:none\">MINIcam<\/h1>\n\n\n\n<p>f\u00fcr Bildverarbeitungssysteme<\/p>\n\n\n\n<p><strong>Zur automatisierten Pr\u00fcflauf \u00dcberwachung und f\u00fcr alle Beobachtungsaufgaben, bei denen \u201eGr\u00f6\u00dfe\u201c z\u00e4hlt<\/strong>.<\/p>\n\n\n\n<p>Unsere hochaufl\u00f6sende&nbsp; MINIcam ist ideal geeignet f\u00fcr industrielle Inspektion, dynamische Qualit\u00e4tskontrolle sowie Inline- &amp; End-of-line Qualit\u00e4tspr\u00fcfungen in der Produktion. Sie liefert gestochen scharfe Bilder und genaue Daten und ist mit der benutzerfreundlichen Bedienung die perfekte Wahl f\u00fcr Ihre Bildverarbeitungsaufgaben.&nbsp;<\/p>\n\n\n\n<div class=\"wp-block-buttons is-layout-flex wp-block-buttons-is-layout-flex\" style=\"margin-top:var(--wp--preset--spacing--20);margin-bottom:var(--wp--preset--spacing--20)\">\n<div class=\"wp-block-button\"><a class=\"wp-block-button__link wp-element-button\" href=\"#free-version\">Jetzt Anfragen<\/a><\/div>\n<\/div>\n<\/div>\n\n\n\n<div class=\"wp-block-webx-blocks-grid-item is-layout-flow wp-container-webx-blocks-grid-item-is-layout-69fcd244 wp-block-webx-blocks-grid-item-is-layout-flow\" style=\"padding-top:0;padding-right:0;padding-bottom:0;padding-left:0;--grid-area-desktop:auto \/ auto \/ auto \/ auto;--grid-area-tablet:auto \/ auto \/ auto \/ auto;--grid-area-mobile:auto \/ auto \/ auto \/ auto\">\n<figure class=\"wp-block-image aligncenter size-full is-style-default\"><img loading=\"lazy\" decoding=\"async\" width=\"2560\" height=\"2508\" src=\"https:\/\/www.westcam-group.com\/wp-content\/uploads\/2024\/08\/minicam-bild1-scaled.jpg\" alt=\"\" class=\"wp-image-19546\" srcset=\"https:\/\/westcam2023.westcam-staging.web-crossing.com\/wp-content\/uploads\/2024\/08\/minicam-bild1-scaled.jpg 2560w, https:\/\/westcam2023.westcam-staging.web-crossing.com\/wp-content\/uploads\/2024\/08\/minicam-bild1-300x294.jpg 300w, https:\/\/westcam2023.westcam-staging.web-crossing.com\/wp-content\/uploads\/2024\/08\/minicam-bild1-1024x1003.jpg 1024w, https:\/\/westcam2023.westcam-staging.web-crossing.com\/wp-content\/uploads\/2024\/08\/minicam-bild1-768x753.jpg 768w, https:\/\/westcam2023.westcam-staging.web-crossing.com\/wp-content\/uploads\/2024\/08\/minicam-bild1-1536x1505.jpg 1536w, https:\/\/westcam2023.westcam-staging.web-crossing.com\/wp-content\/uploads\/2024\/08\/minicam-bild1-2048x2007.jpg 2048w, https:\/\/westcam2023.westcam-staging.web-crossing.com\/wp-content\/uploads\/2024\/08\/minicam-bild1-919x900.jpg 919w, https:\/\/westcam2023.westcam-staging.web-crossing.com\/wp-content\/uploads\/2024\/08\/minicam-bild1-612x600.jpg 612w\" sizes=\"auto, (max-width: 2560px) 100vw, 2560px\" \/><\/figure>\n\n\n\n<div class=\"wp-block-group hero-violet has-accent-2-background-color has-background is-layout-flow wp-block-group-is-layout-flow\" style=\"padding-top:var(--wp--preset--spacing--30);padding-right:var(--wp--preset--spacing--30);padding-bottom:var(--wp--preset--spacing--30);padding-left:var(--wp--preset--spacing--30)\">\n<div class=\"wp-block-webx-blocks-fake-heading heading-h4 hero-subtitle has-base-color has-text-color\">Highlights<\/div>\n\n\n\n<ul class=\"wp-block-list hero-bullet-list-items is-style-westcam-list has-base-color has-accent-2-background-color has-text-color has-background has-link-color wp-elements-cdd78c8cf0f2870bfcb78ce702fa4eac\">\n<li>Kleiner geht\u2019s nicht (l x b x h): 53 x 41 x 47 mm<\/li>\n\n\n\n<li>Ein Leichtgewicht: 170g<\/li>\n\n\n\n<li>So scharf: Aufl\u00f6sung (b x h): 2048&#215;1536 Pixel (3.15MP)<\/li>\n\n\n\n<li>Immer scharf: durch den Einsatz von Autofokus Linsen<\/li>\n\n\n\n<li>Die Erleuchtung: mit LED Ringlicht f\u00fcr Dauerlicht und Blitzlicht<\/li>\n<\/ul>\n<\/div>\n<\/div>\n<\/div>\n<\/div>\n\n\n\n<h2 class=\"wp-block-heading\" style=\"text-transform:none\">Vorteile der MINIcam<\/h2>\n\n\n\n<p><strong>Technische Daten und Features \u2013 der Vergleich \u00fcberzeugt<\/strong><\/p>\n\n\n\n<p><strong>MINIcam Features:&nbsp; <\/strong>Autofokus \/ Dauerlicht \/ Blitzlicht \/ Hardware Trigger \/ Software Trigger<\/p>\n\n\n\n<figure class=\"wp-block-table is-style-stripes\"><table class=\"has-base-2-background-color has-background has-fixed-layout\"><tbody><tr><td><\/td><td><\/td><td><\/td><td><\/td><\/tr><tr><td>&nbsp;<\/td><td><strong>Standard Kameramodul<\/strong><\/td><td><strong>Fernfokus Kameramodul<\/strong><\/td><td><strong>MINIcam<\/strong><strong><\/strong><\/td><\/tr><tr><td><strong>Sensortyp<\/strong><\/td><td>CMOS monochrom<\/td><td>CMOS monochrom<\/td><td><strong>CMOS monochrom<\/strong><strong><\/strong><\/td><\/tr><tr><td><strong>Aufl\u00f6sung<\/strong><\/td><td>1.2 MP (1296&#215;964 px)<\/td><td>1.2 MP (1296&#215;964 px)<\/td><td><strong>3.15MP (2048\u00d71536 px)<\/strong><\/td><\/tr><tr><td><strong>Bildrate max<\/strong><\/td><td>30 FPS<\/td><td>30 FPS<\/td><td><strong>58 FPS<\/strong><strong><\/strong><\/td><\/tr><tr><td><strong>Shutter<\/strong><\/td><td>global<\/td><td>global<\/td><td><strong>global<\/strong><strong><\/strong><\/td><\/tr><tr><td><strong>Brennweite<\/strong><\/td><td>12 mm<\/td><td>12 mm<\/td><td><strong>9.6 mm<\/strong><strong><\/strong><\/td><\/tr><tr><td><strong>Arbeitsabstand<\/strong><\/td><td>30 cm bis \ua699<\/td><td>30 cm bis \ua699<\/td><td><strong>7 cm bis <\/strong><strong>\ua699<\/strong><strong><\/strong><\/td><\/tr><tr><td><strong>Blende<\/strong><\/td><td>F1.4~F16<\/td><td>F1.4~F16<\/td><td><strong>F\/3.7<\/strong><strong><\/strong><\/td><\/tr><tr><td><strong>Beleuchtung<\/strong><\/td><td>LED-Ring rot, integriert<\/td><td>LED-Ring rot, integriert<\/td><td><strong>LED-Ring rot, integriert<\/strong><strong><\/strong><\/td><\/tr><tr><td><strong>Blitzlicht<\/strong><\/td><td>&nbsp;&#8211;<\/td><td>&nbsp;&#8211;<\/td><td><strong>ja<\/strong><strong><\/strong><\/td><\/tr><tr><td><strong>Dauerlicht<\/strong><\/td><td>ja<\/td><td>ja<\/td><td><strong>ja<\/strong><strong><\/strong><\/td><\/tr><tr><td><strong>Autofokus<\/strong><\/td><td>&nbsp;&#8211;<\/td><td>ja (Fernfokus)<\/td><td><strong>ja<\/strong><strong><\/strong><\/td><\/tr><tr><td><strong>HW Trigger<\/strong><\/td><td>ja<\/td><td>ja<\/td><td><strong>ja<\/strong><strong><\/strong><\/td><\/tr><tr><td><strong>Abmessungen<\/strong><\/td><td>312.5x70x76.5 mm<\/td><td>340.5x70x76.5 mm<\/td><td><strong>53x41x47 mm<\/strong><strong><\/strong><\/td><\/tr><tr><td><strong>Versogungsspannung<\/strong><\/td><td>24V DC<\/td><td>24V DC<\/td><td><strong>24V DC<\/strong><strong><\/strong><\/td><\/tr><tr><td><strong>Gewicht<\/strong><\/td><td>ca. 1 kg<\/td><td>ca 1.2 kg<\/td><td><strong>170 g<\/strong><strong><\/strong><\/td><\/tr><tr><td><strong>Geh\u00e4use<\/strong><\/td><td>Aluminium<\/td><td>Aluminium<\/td><td><strong>Aluminium<\/strong><strong><\/strong><\/td><\/tr><tr><td><strong>Anschl\u00fcsse<\/strong><\/td><td>Ethernet, 12Pol HRS<\/td><td>Ethernet, 12Pol HRS, USB2 Typ A<\/td><td><strong>USB 3.0 Typ C, M8 3Pol<\/strong><strong><\/strong><\/td><\/tr><\/tbody><\/table><\/figure>\n\n\n\n<div class=\"wp-block-group has-global-padding is-layout-constrained wp-container-core-group-is-layout-baed9f38 wp-block-group-is-layout-constrained\" style=\"margin-top:var(--wp--preset--spacing--60);margin-bottom:var(--wp--preset--spacing--60)\">\n<h3 class=\"wp-block-heading\" style=\"margin-top:var(--wp--preset--spacing--20);margin-right:0;margin-bottom:var(--wp--preset--spacing--20);margin-left:0;text-transform:none\">H\u00e4ufig gestellte Fragen  (FAQs)<\/h3>\n\n\n\n<script type=\"application\/ld+json\">{\"@context\":\"https:\/\/schema.org\",\"@type\":\"FAQPage\",\"mainEntity\":[{\"@type\":\"Question\",\"name\":\"Was sind die Vorteile der MINIcam gegen\u00fcber herk\u00f6mmlichen Bildverarbeitungskameras?\",\"acceptedAnswer\":{\"@type\":\"Answer\",\"text\":\"Unsere MINIcam ist klein und kompakt und bestens geeignet f\u00fcr Anwendungen, bei denen der Raum begrenzt ist. Das Besondere an der MINIcam gegen\u00fcber herk\u00f6mmlichen Kameras ist das integrierte LED Ringlicht und die Aufnahmetriggerung mittels Hardware und Software und die integrierte Autofokus Linse.\"}},{\"@type\":\"Question\",\"name\":\"Welche Einsatzm\u00f6glichkeiten gibt es f\u00fcr die MINIcam?\",\"acceptedAnswer\":{\"@type\":\"Answer\",\"text\":\"\u00dcberall! Im Speziellen dort, wo herk\u00f6mmliche Kameras und Webcams nicht die gew\u00fcnschte Qualit\u00e4t liefern oder die Anforderungen an die Bildverarbeitung nicht erf\u00fcllen k\u00f6nnen.Erg\u00e4nzend zu unseren BVS-R Bildverarbeitungssystemen zur Risserkennung und f\u00fcr neue Herausforderungen.\"}}]}<\/script><div class=\"wp-block-webx-blocks-accordion\">\n<div class=\"accordion\" id=\"was-sind-die-vorteile-der-minicam-gegenber-herkmmlichen-bildverarbeitungskameras\"><h2 class=\"title faq-title\" itemprop=\"name\"><a href=\"#was-sind-die-vorteile-der-minicam-gegenber-herkmmlichen-bildverarbeitungskameras\">Was sind die Vorteile der MINIcam gegen\u00fcber herk\u00f6mmlichen Bildverarbeitungskameras?<\/a><\/h2><div class=\"content\"><div class=\"wrapper\">\n<p>Unsere MINIcam ist klein und kompakt und bestens geeignet f\u00fcr Anwendungen, bei denen der Raum begrenzt ist. Das Besondere an der MINIcam gegen\u00fcber herk\u00f6mmlichen Kameras ist das integrierte LED Ringlicht und die Aufnahmetriggerung mittels Hardware und Software und die integrierte Autofokus Linse.<\/p>\n<\/div><\/div><\/div>\n\n\n\n<div class=\"accordion\" id=\"welche-einsatzmglichkeiten-gibt-es-fr-die-minicam\"><h2 class=\"title faq-title\" itemprop=\"name\"><a href=\"#welche-einsatzmglichkeiten-gibt-es-fr-die-minicam\">Welche Einsatzm\u00f6glichkeiten gibt es f\u00fcr die MINIcam?<\/a><\/h2><div class=\"content\"><div class=\"wrapper\">\n<p>\u00dcberall! Im Speziellen dort, wo herk\u00f6mmliche Kameras und Webcams nicht die gew\u00fcnschte Qualit\u00e4t liefern oder die Anforderungen an die Bildverarbeitung nicht erf\u00fcllen k\u00f6nnen.<\/p>\n\n\n\n<p>Erg\u00e4nzend zu unseren BVS-R Bildverarbeitungssystemen zur Risserkennung und f\u00fcr neue Herausforderungen.<\/p>\n<\/div><\/div><\/div>\n<\/div>\n<\/div>\n\n\n\n<div class=\"wp-block-group has-global-padding is-layout-constrained wp-container-core-group-is-layout-19e250f3 wp-block-group-is-layout-constrained\">\n<div id=\"free-version\" class=\"wp-block-group has-base-color has-contrast-background-color has-text-color has-background has-link-color wp-elements-42a5b246f2c5825d8b62db699a844af9 has-global-padding is-layout-constrained wp-container-core-group-is-layout-52009084 wp-block-group-is-layout-constrained\" style=\"padding-top:var(--wp--preset--spacing--40);padding-right:var(--wp--preset--spacing--40);padding-bottom:var(--wp--preset--spacing--40);padding-left:var(--wp--preset--spacing--40)\">\n<h3 class=\"wp-block-heading has-base-color has-text-color has-link-color wp-elements-fa5c1c739b71d42927e60a341952d0c3\" style=\"text-transform:none\">Wir beraten Sie pers\u00f6nlich!<\/h3>\n\n\n\n<div class=\"wpcf7 no-js\" id=\"wpcf7-f31160-o1\" lang=\"de-DE\" dir=\"ltr\" data-wpcf7-id=\"31160\">\n<div class=\"screen-reader-response\"><p role=\"status\" aria-live=\"polite\" aria-atomic=\"true\"><\/p> <ul><\/ul><\/div>\n<form action=\"\/en\/wp-json\/wp\/v2\/product\/18754#wpcf7-f31160-o1\" method=\"post\" class=\"wpcf7-form init\" aria-label=\"Kontaktformular\" novalidate=\"novalidate\" data-status=\"init\">\n<div style=\"display: none;\">\n<input type=\"hidden\" name=\"_wpcf7\" value=\"31160\" \/>\n<input type=\"hidden\" name=\"_wpcf7_version\" value=\"6.0.1\" \/>\n<input type=\"hidden\" name=\"_wpcf7_locale\" value=\"de_DE\" \/>\n<input type=\"hidden\" name=\"_wpcf7_unit_tag\" value=\"wpcf7-f31160-o1\" \/>\n<input type=\"hidden\" name=\"_wpcf7_container_post\" value=\"0\" \/>\n<input type=\"hidden\" name=\"_wpcf7_posted_data_hash\" value=\"\" \/>\n<input type=\"hidden\" name=\"_wpcf7dtx_version\" value=\"5.0.2\" \/>\n<input type=\"hidden\" name=\"_wpcf7_recaptcha_response\" value=\"\" \/>\n<\/div>\n<h3> Anfrage: <label class=\"wpcf7-form-control wpcf7-label wpcf7dtx wpcf7dtx-label\" for=\"MINIcam\">MINIcam<\/label><span class=\"wpcf7-form-control-wrap dynamic_hidden-post-title\" data-name=\"dynamic_hidden-post-title\"><input type=\"hidden\" name=\"dynamic_hidden-post-title\" class=\"wpcf7-form-control wpcf7-hidden wpcf7dtx wpcf7dtx-hidden\" aria-invalid=\"false\" value=\"MINIcam\"><\/span><\/h3>\n\n<label> Name\n    <span class=\"wpcf7-form-control-wrap\" data-name=\"fullname\"><input size=\"40\" maxlength=\"400\" class=\"wpcf7-form-control wpcf7-text\" aria-invalid=\"false\" value=\"\" type=\"text\" name=\"fullname\" \/><\/span> <\/label>\n\n<label> E-Mail-Adresse*\n    <span class=\"wpcf7-form-control-wrap\" data-name=\"email\"><input size=\"40\" maxlength=\"400\" class=\"wpcf7-form-control wpcf7-email wpcf7-validates-as-required wpcf7-text wpcf7-validates-as-email\" aria-required=\"true\" aria-invalid=\"false\" value=\"\" type=\"email\" name=\"email\" \/><\/span> <\/label>\n\n<label> Unternehmen\n    <span class=\"wpcf7-form-control-wrap\" data-name=\"unternehmen\"><input size=\"40\" maxlength=\"400\" class=\"wpcf7-form-control wpcf7-text\" aria-invalid=\"false\" value=\"\" type=\"text\" name=\"unternehmen\" \/><\/span> <\/label>\n\n<label> Ihre Nachricht*\n    <span class=\"wpcf7-form-control-wrap\" data-name=\"nachricht\"><textarea cols=\"40\" rows=\"10\" maxlength=\"2000\" class=\"wpcf7-form-control wpcf7-textarea wpcf7-validates-as-required\" aria-required=\"true\" aria-invalid=\"false\" name=\"nachricht\"><\/textarea><\/span> <\/label>\n\n<input class=\"wpcf7-form-control wpcf7-submit has-spinner\" type=\"submit\" value=\"Senden\" \/>\n\n<div class=\"wpcf7-response-output\" aria-hidden=\"true\"><\/div>\n<\/form>\n<\/div>\n\n<\/div>\n\n\n\n<div id=\"ansprechpartner\" class=\"wp-block-group has-base-2-background-color has-background has-global-padding is-layout-constrained wp-container-core-group-is-layout-16946a23 wp-block-group-is-layout-constrained\" style=\"margin-top:0;margin-bottom:0;padding-top:var(--wp--preset--spacing--30);padding-right:var(--wp--preset--spacing--30);padding-bottom:var(--wp--preset--spacing--30);padding-left:var(--wp--preset--spacing--30)\">\n<div class=\"wp-block-group has-base-2-background-color has-background has-global-padding is-layout-constrained wp-container-core-group-is-layout-19e250f3 wp-block-group-is-layout-constrained\">\n<h2 class=\"wp-block-heading\" style=\"text-transform:none\">Gerne f\u00fcr Sie da<\/h2>\n<\/div>\n\n\n<div class=\"wp-block-webx-blocks-westcam-employee-display\">\n    <div class=\"employee-image\">\n        <img decoding=\"async\" src=\"https:\/\/westcam2023.westcam-staging.web-crossing.com\/wp-content\/uploads\/2024\/05\/Harald_Unterrainer_WESTCAM-300x300.jpg\" alt=Harald Unterrainer \/>\n    <\/div>\n    <div class=\"employee-info\">\n        <div class=\"heading-h3\">Harald Unterrainer<\/div>\n        <div class=\"heading-h5 is-style-westcamized\">CEO WESTCAM Technologies GmbH<\/div>\n    <\/div>\n    <div class=\"employee-social\">\n        <div class=\"icons\">\n                        <a href=https:\/\/www.linkedin.com\/in\/mag-harald-unterrainer-mba-cse-b0829214\/ title=\"Harald Unterrainer on linkedIn\"\n                target=\"_blank\" rel=\"noopener noreferrer\">\n                <?xml version=\"1.0\" encoding=\"UTF-8\" standalone=\"no\"?>\n                <!DOCTYPE svg PUBLIC \"-\/\/W3C\/\/DTD SVG 1.1\/\/EN\" \"http:\/\/www.w3.org\/Graphics\/SVG\/1.1\/DTD\/svg11.dtd\"><svg\n                    width=\"100%\" height=\"100%\" viewBox=\"0 0 248 204\" version=\"1.1\" xmlns=\"http:\/\/www.w3.org\/2000\/svg\"\n                    xmlns:xlink=\"http:\/\/www.w3.org\/1999\/xlink\" xml:space=\"preserve\" xmlns:serif=\"http:\/\/www.serif.com\/\"\n                    style=\"fill-rule:evenodd;clip-rule:evenodd;stroke-linejoin:round;stroke-miterlimit:2;\">\n                    <path\n                        d=\"M226,204l-41.916,0l0,-71.392c0,-19.573 -7.437,-30.512 -22.93,-30.512c-16.854,0 -25.659,11.383 -25.659,30.512l-0,71.392l-40.395,0l-0,-136l40.395,-0l-0,18.319c-0,0 12.146,-22.474 41.006,-22.474c28.847,-0 49.499,17.616 49.499,54.048l0,86.107Zm-179.091,-153.808c-13.759,-0 -24.909,-11.237 -24.909,-25.096c0,-13.859 11.15,-25.096 24.909,-25.096c13.759,-0 24.902,11.237 24.902,25.096c0,13.859 -11.143,25.096 -24.902,25.096Zm-20.858,153.808l42.121,0l0,-136l-42.121,-0l-0,136Z\" \/>\n                <\/svg>\n            <\/a>\n                                    <a href=\"\/vcard\/6100\" title=\"Download vCard\"\n                class=\"vcard-button\">\n                <svg xmlns=\"http:\/\/www.w3.org\/2000\/svg\" width=\"32.143\" height=\"25\" viewBox=\"0 0 32.143 25\">\n                    <path id=\"address-card-solid\"\n                        d=\"M3.571,32A3.575,3.575,0,0,0,0,35.571V53.429A3.575,3.575,0,0,0,3.571,57h25a3.575,3.575,0,0,0,3.571-3.571V35.571A3.575,3.575,0,0,0,28.571,32ZM8.036,46.286h3.571a4.463,4.463,0,0,1,4.464,4.464.9.9,0,0,1-.893.893H4.464a.9.9,0,0,1-.893-.893A4.463,4.463,0,0,1,8.036,46.286ZM6.25,40.929A3.571,3.571,0,1,1,9.821,44.5,3.571,3.571,0,0,1,6.25,40.929Zm14.286-1.786h7.143a.893.893,0,0,1,0,1.786H20.536a.893.893,0,0,1,0-1.786Zm0,3.571h7.143a.893.893,0,0,1,0,1.786H20.536a.893.893,0,0,1,0-1.786Zm0,3.571h7.143a.893.893,0,0,1,0,1.786H20.536a.893.893,0,0,1,0-1.786Z\"\n                        transform=\"translate(0 -32)\" fill=\"#111\" \/>\n                <\/svg>\n            <\/a>\n        <\/div>\n    <\/div>\n    <div class=\"employee-contact\">\n                <a href=\"tel:+43 5223 55509 132\">\n            <div class=\" employee-phone\">\n                <svg xmlns=\"http:\/\/www.w3.org\/2000\/svg\" width=\"32\" height=\"32\" viewBox=\"0 0 32 32\">\n                    <path id=\"phone\"\n                        d=\"M6.529,4h7.059l3.529,8.824-4.412,2.647a19.412,19.412,0,0,0,8.824,8.824l2.647-4.412L33,23.412v7.059A3.529,3.529,0,0,1,29.471,34,28.235,28.235,0,0,1,3,7.529,3.529,3.529,0,0,1,6.529,4\"\n                        transform=\"translate(-2 -3)\" fill=\"none\" stroke=\"#111\" stroke-linecap=\"round\"\n                        stroke-linejoin=\"round\" stroke-width=\"2\" \/>\n                <\/svg>\n\n                +43 5223 55509 132\n            <\/div>\n        <\/a>\n                                <a href=\"mailto:harald.unterrainer@westcam.at\">\n            <div class=\" employee-email\">\n                <svg xmlns=\"http:\/\/www.w3.org\/2000\/svg\" width=\"32.773\" height=\"25.333\" viewBox=\"0 0 32.773 25.333\">\n                    <g id=\"mail\" transform=\"translate(1.387 1)\">\n                        <rect id=\"Rechteck_11\" data-name=\"Rechteck 11\" width=\"30\" height=\"23.333\" rx=\"2\" fill=\"none\"\n                            stroke=\"#111\" stroke-linecap=\"round\" stroke-linejoin=\"round\" stroke-width=\"2\" \/>\n                        <path id=\"Pfad_100\" data-name=\"Pfad 100\" d=\"M3,7,18,17,33,7\" transform=\"translate(-3 -3.667)\"\n                            fill=\"none\" stroke=\"#111\" stroke-linecap=\"round\" stroke-linejoin=\"round\" stroke-width=\"2\" \/>\n                    <\/g>\n                <\/svg>\n                harald.unterrainer@westcam.at\n            <\/div>\n        <\/a>\n        \n\n\n    <\/div>\n        <div class=\"employee-callback wp-block-button is-style-outline\">\n        <a href=\"\/anfrage\/?email=anfrage-office\"\n            class=\"wp-block-button__link wp-element-button\">Anfrage<\/a>\n    <\/div>\n    <\/div><\/div>\n<\/div>\n","protected":false},"excerpt":{"rendered":"<p>Ob Produktionsablaufbeobachtungen, Prozess\u00fcberwachung, inline QS oder automatisierte Pr\u00fcflauf \u00dcberwachung, die MINIcam von Westcam Technologies besticht durch \u201eGr\u00f6\u00dfe\u201c.<\/p>\n","protected":false},"author":5,"featured_media":19546,"parent":4651,"menu_order":0,"comment_status":"closed","ping_status":"closed","template":"","meta":{"footnotes":""},"competence":[2519],"class_list":["post-18754","product","type-product","status-publish","has-post-thumbnail","hentry","competence-riss-erkennung"],"_links":{"self":[{"href":"https:\/\/westcam2023.westcam-staging.web-crossing.com\/en\/wp-json\/wp\/v2\/product\/18754","targetHints":{"allow":["GET"]}}],"collection":[{"href":"https:\/\/westcam2023.westcam-staging.web-crossing.com\/en\/wp-json\/wp\/v2\/product"}],"about":[{"href":"https:\/\/westcam2023.westcam-staging.web-crossing.com\/en\/wp-json\/wp\/v2\/types\/product"}],"author":[{"embeddable":true,"href":"https:\/\/westcam2023.westcam-staging.web-crossing.com\/en\/wp-json\/wp\/v2\/users\/5"}],"replies":[{"embeddable":true,"href":"https:\/\/westcam2023.westcam-staging.web-crossing.com\/en\/wp-json\/wp\/v2\/comments?post=18754"}],"version-history":[{"count":15,"href":"https:\/\/westcam2023.westcam-staging.web-crossing.com\/en\/wp-json\/wp\/v2\/product\/18754\/revisions"}],"predecessor-version":[{"id":30396,"href":"https:\/\/westcam2023.westcam-staging.web-crossing.com\/en\/wp-json\/wp\/v2\/product\/18754\/revisions\/30396"}],"up":[{"embeddable":true,"href":"https:\/\/westcam2023.westcam-staging.web-crossing.com\/en\/wp-json\/wp\/v2\/product\/4651"}],"wp:featuredmedia":[{"embeddable":true,"href":"https:\/\/westcam2023.westcam-staging.web-crossing.com\/en\/wp-json\/wp\/v2\/media\/19546"}],"wp:attachment":[{"href":"https:\/\/westcam2023.westcam-staging.web-crossing.com\/en\/wp-json\/wp\/v2\/media?parent=18754"}],"wp:term":[{"taxonomy":"competence","embeddable":true,"href":"https:\/\/westcam2023.westcam-staging.web-crossing.com\/en\/wp-json\/wp\/v2\/competence?post=18754"}],"curies":[{"name":"wp","href":"https:\/\/api.w.org\/{rel}","templated":true}]}}