{"id":5140,"date":"2024-04-25T08:47:11","date_gmt":"2024-04-25T06:47:11","guid":{"rendered":"https:\/\/westcam2023.westcam.web-crossing.com\/?page_id=5140"},"modified":"2024-11-20T08:40:18","modified_gmt":"2024-11-20T07:40:18","slug":"know-wow","status":"publish","type":"page","link":"https:\/\/westcam2023.westcam-staging.web-crossing.com\/en\/unternehmen\/know-wow\/","title":{"rendered":"Know-WOW"},"content":{"rendered":"\n<div class=\"wp-block-webx-blocks-westcam-hero alignfull rtl\"><div class=\"hero-image\" style=\"--aspect-ratio:4 \/ 1\"> <video src=\"https:\/\/www.westcam-group.com\/wp-content\/uploads\/2024\/09\/Know-WOW-Fingerprint-komprimiert.mp4\" autoplay loop muted><\/video><\/div><div class=\"hero-placeholder\"><\/div>\n\n<div class=\"wp-block-group hero-content is-layout-flow wp-block-group-is-layout-flow\">\n\n<div class=\"wp-block-webx-blocks-fake-heading heading-h4 hero-subtitle is-style-westcamized\" style=\"margin-top:0;margin-bottom:15px;text-transform:capitalize\"><strong>WESTCAM <\/strong>&#8211; <strong>BRAND VALUE<\/strong>S<\/div>\n\n\n<h1 class=\"wp-block-heading hero-title\" style=\"margin-top:0;margin-bottom:15px\"><span class=\"wow-text\">KNOW-WoW<\/span><\/h1>\n\n\n<p>In unserem Denken und Tun streben wir nach der perfekten <strong>Symbiose <\/strong>aus <strong>Know-how<\/strong> und <strong>Wow-Effekt<\/strong>.<\/p>\n\n\n<p>Hinter unseren Top-Technologien stehen Pers\u00f6nlichkeiten, die unsere Markenwerte leben: <\/p>\n\n\n<p class=\"has-accent-color has-text-color has-link-color wp-elements-817888f09059f1b12a096ed69b7f97f1\"><em><strong>begeisternd \u2013 l\u00f6sungsstark<\/strong><\/em><\/p>\n\n<\/div>\n\n<\/div>\n\n\n\n<div class=\"wp-block-webx-blocks-responsive-spacer\" style=\"--desktop-height:100px;--tablet-height:50px;--mobile-height:25px\"><\/div>\n\n\n\n<h1 class=\"wp-block-heading has-accent-color has-text-color has-link-color wp-elements-a410709de6d5ca1a0e31de5caf7b4dee\">WESTCAM, as UNIQUE As A FINGERPRINT<\/h1>\n\n\n\n<p><\/p>\n\n\n\n<div class=\"wp-block-webx-blocks-fake-heading heading-h2 is-style-westcamized-white has-contrast-color has-text-color has-link-color wp-elements-697681d065c51828c42c8b3a49023589\">Begeisternd.<\/div>\n\n\n\n<p>Als <strong>Schmelztiegel von Gleichgesinnten<\/strong> faszinieren uns Technologien mit Zukunft. Eine Leidenschaft, die wir miteinander teilen. Unsere<strong> Mitarbeiterinnen &amp; Mitarbeiter<\/strong> sind Spezialisten ihres Fachs, die eine ganz besondere Haltung auszeichnet: Erfahrung und Kompetenz durch den t\u00e4glichen Umgang mit unseren Produkten vereinen sich mit der <strong>Lust auf Leistung<\/strong> und den Hunger auf die L\u00f6sungen von morgen. Unsere Kunden nennen es den <strong>WESTCAM-Spirit<\/strong>, wir den <strong>\u201eguten Geist\u201c<\/strong>. Denn nur wo ein guter Geist herrscht und sich entfalten kann, ist es m\u00f6glich, auch <strong>andere zu begeistern<\/strong>. Ein partnerschaftliches Miteinander auf Augenh\u00f6he macht unsere Kunden und Lieferanten zu Botschaftern und Multiplikatoren. Kurz: zu <strong>WESTCAM-Fans<\/strong>.<\/p>\n\n\n\n<div class=\"wp-block-webx-blocks-fake-heading heading-h2 is-style-westcamized-white has-contrast-color has-text-color has-link-color wp-elements-3582aa851767890e207b5cd93da3df50\">L\u00f6sungsstark.<\/div>\n\n\n\n<p>Seit <strong>nahezu vier Jahrzehnten<\/strong> stehen wir mit rund 80 Mitarbeiterinnen &amp; Mitarbeitern an 11 Standorten f\u00fcr <strong>Technologien mit Zukunft<\/strong>. Wir sind am langfristigen Erfolg orientiert. Ein klares Bekenntnis also zu <strong>Best\u00e4ndigkeit<\/strong>, <strong>Nachhaltigkeit<\/strong> und <strong>N\u00e4he zum Kunden<\/strong>. F\u00fcr die Effizienzsteigerung in Produktentwicklung und Fertigung bieten wir Software, Hardware, Maschinen\/Anlagen, Dienstleistungen und Schulungen. Gemeinsam mit f\u00fchrenden Herstellern entwickeln wir <strong>die jeweils beste L\u00f6sung<\/strong> f\u00fcr den Kunden \u2013 ob als ma\u00dfgeschneiderte Spezial-L\u00f6sung oder als sauber-durchdachte Standard-L\u00f6sung. Immer mit dem Anspruch, m\u00f6glichst <strong>durchg\u00e4ngig<\/strong>, <strong>\u00fcbergreifend <\/strong>und <strong>effizient<\/strong> zu sein. Dieses Selbstverst\u00e4ndnis erzeugt starke L\u00f6sungen, die dem Kunden ein <strong>gutes Gef\u00fchl <\/strong>geben, <strong>Sicherheit<\/strong> vermitteln und langfristig <strong>Vertrauen<\/strong> und <strong>Treue <\/strong>aufbauen.<\/p>\n\n\n\n<div class=\"wp-block-webx-blocks-responsive-spacer\" style=\"--desktop-height:100px;--tablet-height:50px;--mobile-height:25px\"><\/div>\n\n\n\n<h2 class=\"wp-block-heading has-accent-2-color has-text-color has-link-color wp-elements-48d9b817301703d36b53aa5ee6c0ab60\">The HISTORY OF KNOW-WOW<\/h2>\n\n\n\n<p>Die WESTCAM Group besteht aktuell aus der <strong>WESTCAM Datentechnik GmbH, <\/strong>der<strong> WESTCAM s.r.o.<\/strong> , <strong>WESTCAM AG <\/strong>sowie der <strong>WESTCAM Technologies GmbH.<\/strong><\/p>\n\n\n\n<p class=\"has-accent-2-color has-text-color has-link-color wp-elements-2560fe434616c98a96b4d56702050435\"><strong>WESTCAM Datentechnik GmbH<\/strong> | (AT)<\/p>\n\n\n\n<p>Der Grundstein der WESTCAM wurde im Jahr 1990 von Norbert M\u00fchlburger gelegt. Begonnen haben die Aktivit\u00e4ten 1990 mit dem Vertrieb von CAD-Produkten. Mitte der 90er Jahre wurde das Angebot mit CAM-Technologien erg\u00e4nzt. Sp\u00e4ter kamen Design-Systeme, Datenmanagement-L\u00f6sungen und Messtechnologien dazu. In einem n\u00e4chsten Schritt wurde das Portfolio mit Simulationstechnologien und Anwendungen f\u00fcr den Architektur- und Planungsbereich abgerundet. Als f\u00fchrendes Systemhaus f\u00fcr Engineering- und integrierte Fertigungsl\u00f6sungen hat sich WESTCAM immer auch schon mit effizienter Prototypen-Fertigung (Rapid Prototyping) besch\u00e4ftigt. Seit 2015 wird daher mit dem neuen Unternehmensbereich 3D-Printing ein noch st\u00e4rkerer Fokus auf diese zukunftstr\u00e4chtige Technologie gesetzt. WESTCAM versteht sich als das f\u00fchrende Systemhaus f\u00fcr technische Software in \u00d6sterreich und ist auch in den Nachbarregionen wie S\u00fcddeutschland, S\u00fcdtirol sowie Schweiz stark vertreten.<\/p>\n\n\n\n<p class=\"has-accent-2-color has-text-color has-link-color wp-elements-eddcfe0dd82876d6a3735a5d7d9a0368\"><strong>WESTCAM s.r.o.<\/strong> | (CZ, SK)<\/p>\n\n\n\n<p>Die Aktivit\u00e4ten in Tschechien und der Slowakei f\u00fchrten 2007 zur Gr\u00fcndung der WESTCAM Czech s.r.o. (heute WESTCAM s.r.o.) um die Kunden vor Ort noch besser betreuen zu k\u00f6nnen. Ausgehend von unserem Standort in Olomouc (CZ) und den beiden Vertretungen in Jind\u0159ich\u016fv Hradec (CZ) sowie Fintice\/Pre\u0161ov (SK) beraten und betreuen wir Sie gerne rund um alle Themen der CAM-Programmierung &amp; CNC-Fertigung.<\/p>\n\n\n\n<p class=\"has-accent-2-color has-text-color has-link-color wp-elements-91e7512a792c0d970211192cc3ce60f4\"><strong>WESTCAM AG<\/strong> | (CH, FL)<\/p>\n\n\n\n<p>Seit 2023 sagt die WESTCAM noch \u00f6fter \u201eGr\u00fcezi\u201c als bisher. Nach \u00d6sterreich sind wir auch der offizielle ZEISS Metrology Partner f\u00fcr die Schweiz&nbsp;und&nbsp;Liechtenstein. Ausgehend von unserer Niederlassung Baden-D\u00e4ttwil bei Z\u00fcrich sind wir der starke Partner an Ihrer Seite mit Fokus auf 3D-Messtechnik &amp; Engineering-Services.<\/p>\n\n\n\n<p class=\"has-accent-2-color has-text-color has-link-color wp-elements-af9fa4cc77b6e490bb406e3ffd7df90f\"><strong>WESTCAM Technologies GmbH<\/strong> | (AT)<\/p>\n\n\n\n<p>Bereits 1998 begann aus dem WESTCAM Fertigungsbereich heraus die Herstellung von Produktionsformen f\u00fcr den Dentalbereich. Mit der Technologie und Qualit\u00e4t der gelieferten Werkzeuge konnte WESTCAM rasch die Stellung des Weltmarktf\u00fchrers im Formenbau f\u00fcr Prothesenz\u00e4hne erlangen. Neben den Produktionsformen wurden weitere L\u00f6sungen f\u00fcr den Dentalmarkt entwickelt zu denen Sortieranlagen und Pick-and-Place-Systeme z\u00e4hlen. In der Folge wurde das Leistungsportfolios schl\u00fcssig und branchenunabh\u00e4ngig erweitert. Heute steht die WESTCAM Technologies ganz klar f\u00fcr individualisierte Automatisierungsanlagen mit Spezialisierung auf Bildverarbeitung.<\/p>\n\n\n\n<div class=\"wp-block-webx-blocks-responsive-spacer\" style=\"--desktop-height:100px;--tablet-height:50px;--mobile-height:25px\"><\/div>\n","protected":false},"excerpt":{"rendered":"<p>WESTCAM, as UNIQUE As A FINGERPRINT Als Schmelztiegel von Gleichgesinnten faszinieren uns Technologien mit Zukunft. Eine Leidenschaft, die wir miteinander teilen. Unsere Mitarbeiterinnen &amp; Mitarbeiter sind Spezialisten ihres Fachs, die eine ganz besondere Haltung auszeichnet: Erfahrung und Kompetenz durch den t\u00e4glichen Umgang mit unseren Produkten vereinen sich mit der Lust auf Leistung und den Hunger [&hellip;]<\/p>\n","protected":false},"author":2,"featured_media":0,"parent":1507,"menu_order":0,"comment_status":"closed","ping_status":"closed","template":"page-no-title","meta":{"footnotes":""},"class_list":["post-5140","page","type-page","status-publish","hentry"],"_links":{"self":[{"href":"https:\/\/westcam2023.westcam-staging.web-crossing.com\/en\/wp-json\/wp\/v2\/pages\/5140","targetHints":{"allow":["GET"]}}],"collection":[{"href":"https:\/\/westcam2023.westcam-staging.web-crossing.com\/en\/wp-json\/wp\/v2\/pages"}],"about":[{"href":"https:\/\/westcam2023.westcam-staging.web-crossing.com\/en\/wp-json\/wp\/v2\/types\/page"}],"author":[{"embeddable":true,"href":"https:\/\/westcam2023.westcam-staging.web-crossing.com\/en\/wp-json\/wp\/v2\/users\/2"}],"replies":[{"embeddable":true,"href":"https:\/\/westcam2023.westcam-staging.web-crossing.com\/en\/wp-json\/wp\/v2\/comments?post=5140"}],"version-history":[{"count":14,"href":"https:\/\/westcam2023.westcam-staging.web-crossing.com\/en\/wp-json\/wp\/v2\/pages\/5140\/revisions"}],"predecessor-version":[{"id":31065,"href":"https:\/\/westcam2023.westcam-staging.web-crossing.com\/en\/wp-json\/wp\/v2\/pages\/5140\/revisions\/31065"}],"up":[{"embeddable":true,"href":"https:\/\/westcam2023.westcam-staging.web-crossing.com\/en\/wp-json\/wp\/v2\/pages\/1507"}],"wp:attachment":[{"href":"https:\/\/westcam2023.westcam-staging.web-crossing.com\/en\/wp-json\/wp\/v2\/media?parent=5140"}],"curies":[{"name":"wp","href":"https:\/\/api.w.org\/{rel}","templated":true}]}}