{"id":4643,"date":"2024-04-24T10:25:07","date_gmt":"2024-04-24T08:25:07","guid":{"rendered":"https:\/\/westcam2023.westcam.web-crossing.com\/?post_type=product&#038;p=4643"},"modified":"2024-11-12T13:19:13","modified_gmt":"2024-11-12T12:19:13","slug":"prs-teile-erkennungssystem-digitale-zahntechnik","status":"publish","type":"product","link":"https:\/\/westcam2023.westcam-staging.web-crossing.com\/cs\/produkte\/mechatronik-robotik\/dentalanlagen\/prs-teile-erkennungssystem-digitale-zahntechnik\/","title":{"rendered":"PRS-Teile-Erkennungssystem f\u00fcr die digitale Zahntechnik"},"content":{"rendered":"\n<div style=\"background-image:url(&apos;https:\/\/www.westcam-group.com\/wp-content\/uploads\/2024\/03\/bggrid.webp&apos;);background-position:50% 50%;background-repeat:no-repeat;background-size:contain;\" class=\"wp-block-group has-global-padding is-layout-constrained wp-container-core-group-is-layout-9f245e94 wp-block-group-is-layout-constrained has-background\">\n<div class=\"wp-block-webx-blocks-grid is-layout-grid wp-container-webx-blocks-grid-is-layout-8c8cfa07 wp-block-webx-blocks-grid-is-layout-grid\" style=\"margin-top:var(--wp--preset--spacing--50);margin-bottom:var(--wp--preset--spacing--50);--grid-columns-desktop:2;--grid-columns-tablet:2;--grid-columns-mobile:1\">\n<div class=\"wp-block-webx-blocks-grid-item is-layout-flow wp-block-webx-blocks-grid-item-is-layout-flow\" style=\"padding-top:var(--wp--preset--spacing--30);padding-right:var(--wp--preset--spacing--10);padding-bottom:var(--wp--preset--spacing--10);padding-left:var(--wp--preset--spacing--10);--grid-area-desktop:auto \/ auto \/ auto \/ auto;--grid-area-tablet:auto \/ auto \/ auto \/ auto;--grid-area-mobile:auto \/ auto \/ auto \/ auto\">\n<div class=\"wp-block-webx-blocks-fake-heading heading-h4 is-style-westcamized\" style=\"text-transform:none\">Digital erzeugte Versorgungen &#8211; exakt erkennen &amp; zuordnen<\/div>\n\n\n\n<h1 class=\"wp-block-heading hero-title has-xx-large-font-size\" style=\"margin-top:var(--wp--preset--spacing--20);margin-bottom:var(--wp--preset--spacing--20);line-height:1;text-transform:none\">PRS-Teile-Erkennungssystem f\u00fcr die digitale Zahntechnik<\/h1>\n\n\n\n<p><strong>Fehlerfreie automatisierte Erkennung und Auftragszuordnung von Kronen- und Br\u00fcckenprothetik, Implantatprothetik, Schienen, Abutments usw.<\/strong><\/p>\n\n\n\n<p>Wir erg\u00e4nzen Ihren CAD\/CAM-Prozess durch eine leistungsstarke Automatisierungsl\u00f6sung. Damit lassen sich zum Beispiel Br\u00fccken und Kronen fehlerfrei dem richtigen Kunden zuordnen. Dies erfolgt vollautomatisch durch optische Bildaufnahme und einer Bilderkennungs-Software.<\/p>\n\n\n\n<p>Das System vergleicht Ihre CAD-Daten mit der realen Krone oder Br\u00fccke binnen Bruchteilen einer Sekunde.<\/p>\n\n\n\n<p>Die Einlerndauer der individuellen CAD-Daten betr\u00e4gt weniger als 60 Sekunden. Dieser Vorgang kann bereits bei Auftragseingang, also weit vor der Produktion der Versorgungen, im Erkennungssystem erfolgen. Der Einlernprozess ist nicht zeitkritisch. Die Identifikation erfolgt just-in-time und erkennt die Versorgungen vollautomatisiert auf einem F\u00f6rderband.<\/p>\n\n\n\n<p><strong>Optimieren Sie Ihren Output aus 3D-Drucker oder Sinter\u00f6fen!<\/strong><\/p>\n\n\n\n<div class=\"wp-block-buttons is-layout-flex wp-block-buttons-is-layout-flex\" style=\"margin-top:var(--wp--preset--spacing--20);margin-bottom:var(--wp--preset--spacing--20)\">\n<div class=\"wp-block-button\"><a class=\"wp-block-button__link wp-element-button\" href=\"#free-version\">Jetzt Anfragen<\/a><\/div>\n<\/div>\n\n\n\n<p class=\"has-accent-2-color has-text-color has-link-color wp-elements-a2928ae657c9bbd0eade9a42ccbf6388\"><strong><a href=\"https:\/\/www.westcam-group.com\/wp-content\/uploads\/2024\/08\/WESTCAM.Technologies.PRS-Folder-2018.DE_.pdf\" data-type=\"attachment\" data-id=\"21898\" target=\"_blank\" rel=\"noreferrer noopener\"><span class=\"add-arrow\">Brosch\u00fcre PRS &#8211; Part Recognition System<\/span><\/a><\/strong><\/p>\n<\/div>\n\n\n\n<div class=\"wp-block-webx-blocks-grid-item is-layout-flow wp-container-webx-blocks-grid-item-is-layout-69fcd244 wp-block-webx-blocks-grid-item-is-layout-flow\" style=\"padding-top:0;padding-right:0;padding-bottom:0;padding-left:0;--grid-area-desktop:auto \/ auto \/ auto \/ auto;--grid-area-tablet:auto \/ auto \/ auto \/ auto;--grid-area-mobile:auto \/ auto \/ auto \/ auto\">\n<figure class=\"wp-block-image aligncenter size-full is-style-default\"><img loading=\"lazy\" decoding=\"async\" width=\"1700\" height=\"1275\" src=\"https:\/\/www.westcam-group.com\/wp-content\/uploads\/2024\/04\/prs-bild1.jpg\" alt=\"\" class=\"wp-image-20053\" srcset=\"https:\/\/westcam2023.westcam-staging.web-crossing.com\/wp-content\/uploads\/2024\/04\/prs-bild1.jpg 1700w, https:\/\/westcam2023.westcam-staging.web-crossing.com\/wp-content\/uploads\/2024\/04\/prs-bild1-300x225.jpg 300w, https:\/\/westcam2023.westcam-staging.web-crossing.com\/wp-content\/uploads\/2024\/04\/prs-bild1-1024x768.jpg 1024w, https:\/\/westcam2023.westcam-staging.web-crossing.com\/wp-content\/uploads\/2024\/04\/prs-bild1-768x576.jpg 768w, https:\/\/westcam2023.westcam-staging.web-crossing.com\/wp-content\/uploads\/2024\/04\/prs-bild1-1536x1152.jpg 1536w, https:\/\/westcam2023.westcam-staging.web-crossing.com\/wp-content\/uploads\/2024\/04\/prs-bild1-1200x900.jpg 1200w, https:\/\/westcam2023.westcam-staging.web-crossing.com\/wp-content\/uploads\/2024\/04\/prs-bild1-800x600.jpg 800w\" sizes=\"auto, (max-width: 1700px) 100vw, 1700px\" \/><\/figure>\n\n\n\n<div class=\"wp-block-group hero-violet has-accent-2-background-color has-background is-layout-flow wp-block-group-is-layout-flow\" style=\"padding-top:var(--wp--preset--spacing--30);padding-right:var(--wp--preset--spacing--30);padding-bottom:var(--wp--preset--spacing--30);padding-left:var(--wp--preset--spacing--30)\">\n<div class=\"wp-block-webx-blocks-fake-heading heading-h4 hero-subtitle has-base-color has-text-color\">Highlights<\/div>\n\n\n\n<ul class=\"wp-block-list hero-bullet-list-items is-style-westcam-list has-base-color has-accent-2-background-color has-text-color has-background has-link-color wp-elements-e8ca4ced4f6646e6e5f035861d96e8ff\">\n<li>Verwechslungsfreie Identifikation<\/li>\n\n\n\n<li>Prozessoptimierung durch Wegfall manueller T\u00e4tigkeiten<\/li>\n\n\n\n<li>Durchsatzerh\u00f6hung durch gr\u00f6\u00dfere Best\u00fcckung<\/li>\n\n\n\n<li>Fehlerfreie Auftragszuordnung<\/li>\n<\/ul>\n<\/div>\n<\/div>\n<\/div>\n<\/div>\n\n\n\n<div class=\"wp-block-group has-global-padding is-layout-constrained wp-container-core-group-is-layout-00189ab9 wp-block-group-is-layout-constrained\">\n<div class=\"wp-block-media-text is-stacked-on-mobile is-image-fill\" style=\"margin-top:var(--wp--preset--spacing--50);margin-right:0;margin-bottom:var(--wp--preset--spacing--50);margin-left:0\"><figure class=\"wp-block-media-text__media\" style=\"background-image:url(https:\/\/www.westcam-group.com\/wp-content\/uploads\/2024\/04\/prs-bild2.jpeg);background-position:50% 50%\"><img loading=\"lazy\" decoding=\"async\" width=\"470\" height=\"352\" src=\"https:\/\/www.westcam-group.com\/wp-content\/uploads\/2024\/04\/prs-bild2.jpeg\" alt=\"\" class=\"wp-image-20056 size-full\" srcset=\"https:\/\/westcam2023.westcam-staging.web-crossing.com\/wp-content\/uploads\/2024\/04\/prs-bild2.jpeg 470w, https:\/\/westcam2023.westcam-staging.web-crossing.com\/wp-content\/uploads\/2024\/04\/prs-bild2-300x225.jpeg 300w\" sizes=\"auto, (max-width: 470px) 100vw, 470px\" \/><\/figure><div class=\"wp-block-media-text__content\">\n<h2 class=\"wp-block-heading\" style=\"text-transform:none\">Ihre Vorteile<\/h2>\n\n\n\n<ul class=\"wp-block-list\">\n<li><strong>Automatisierung <\/strong>der Identifikation von Dental-Versorgungen wie Br\u00fccken, Kronen, Aufbi\u00dfschienen, Stege, Abutments usw.<\/li>\n\n\n\n<li><strong>Prozessoptimierung<\/strong> durch Vereinfachung manueller Aufgaben bei der Vorbereitung, Kontrolle und Verpackung Ihrer Versorgungen.<\/li>\n\n\n\n<li><strong>Durchsatzerh\u00f6hung<\/strong> dank gesteigerter Auslastung der vorgelagerten Anlagen (z.B. Sinter\u00f6fen, 3D-Drucker, Bearbeitungsstationen, Versand)<\/li>\n<\/ul>\n<\/div><\/div>\n\n\n\n<figure class=\"wp-block-image size-large\"><img loading=\"lazy\" decoding=\"async\" width=\"1024\" height=\"413\" src=\"https:\/\/www.westcam-group.com\/wp-content\/uploads\/2024\/04\/prs-bild3-1024x413.png\" alt=\"\" class=\"wp-image-20059\" srcset=\"https:\/\/westcam2023.westcam-staging.web-crossing.com\/wp-content\/uploads\/2024\/04\/prs-bild3-1024x413.png 1024w, https:\/\/westcam2023.westcam-staging.web-crossing.com\/wp-content\/uploads\/2024\/04\/prs-bild3-300x121.png 300w, https:\/\/westcam2023.westcam-staging.web-crossing.com\/wp-content\/uploads\/2024\/04\/prs-bild3-768x310.png 768w, https:\/\/westcam2023.westcam-staging.web-crossing.com\/wp-content\/uploads\/2024\/04\/prs-bild3-1486x600.png 1486w, https:\/\/westcam2023.westcam-staging.web-crossing.com\/wp-content\/uploads\/2024\/04\/prs-bild3.png 1531w\" sizes=\"auto, (max-width: 1024px) 100vw, 1024px\" \/><\/figure>\n\n\n\n<div class=\"wp-block-media-text has-media-on-the-right is-stacked-on-mobile is-image-fill\" style=\"margin-top:var(--wp--preset--spacing--50);margin-right:0;margin-bottom:var(--wp--preset--spacing--50);margin-left:0\"><div class=\"wp-block-media-text__content\">\n<h2 class=\"wp-block-heading\" style=\"text-transform:none\">Ihre Vorteile<\/h2>\n\n\n\n<ul class=\"wp-block-list\">\n<li><strong>Steigerung der Effizienz<\/strong> durch Zeitersparnis und reduzierte Pr\u00fcfkosten \u2013 mittels autonomer \u00dcberwachung<\/li>\n\n\n\n<li><strong>Direkte System-Anbindung<\/strong> an Ihr ERP bzw. PPS; Korrekte Kunden-Auslieferung dank verwechslungsfreier Identifikation der Versorgungen<\/li>\n<\/ul>\n<\/div><figure class=\"wp-block-media-text__media\" style=\"background-image:url(https:\/\/www.westcam-group.com\/wp-content\/uploads\/2024\/04\/westcam-prs-system-tooth-bridge-dental-crown-1024x683.jpeg);background-position:50% 50%\"><img loading=\"lazy\" decoding=\"async\" width=\"1024\" height=\"683\" src=\"https:\/\/www.westcam-group.com\/wp-content\/uploads\/2024\/04\/westcam-prs-system-tooth-bridge-dental-crown-1024x683.jpeg\" alt=\"\" class=\"wp-image-23923 size-full\" srcset=\"https:\/\/westcam2023.westcam-staging.web-crossing.com\/wp-content\/uploads\/2024\/04\/westcam-prs-system-tooth-bridge-dental-crown-1024x683.jpeg 1024w, https:\/\/westcam2023.westcam-staging.web-crossing.com\/wp-content\/uploads\/2024\/04\/westcam-prs-system-tooth-bridge-dental-crown-300x200.jpeg 300w, https:\/\/westcam2023.westcam-staging.web-crossing.com\/wp-content\/uploads\/2024\/04\/westcam-prs-system-tooth-bridge-dental-crown-768x512.jpeg 768w, https:\/\/westcam2023.westcam-staging.web-crossing.com\/wp-content\/uploads\/2024\/04\/westcam-prs-system-tooth-bridge-dental-crown-1536x1024.jpeg 1536w, https:\/\/westcam2023.westcam-staging.web-crossing.com\/wp-content\/uploads\/2024\/04\/westcam-prs-system-tooth-bridge-dental-crown-1350x900.jpeg 1350w, https:\/\/westcam2023.westcam-staging.web-crossing.com\/wp-content\/uploads\/2024\/04\/westcam-prs-system-tooth-bridge-dental-crown-900x600.jpeg 900w, https:\/\/westcam2023.westcam-staging.web-crossing.com\/wp-content\/uploads\/2024\/04\/westcam-prs-system-tooth-bridge-dental-crown.jpeg 1620w\" sizes=\"auto, (max-width: 1024px) 100vw, 1024px\" \/><\/figure><\/div>\n<\/div>\n\n\n\n<div class=\"wp-block-group has-global-padding is-layout-constrained wp-container-core-group-is-layout-baed9f38 wp-block-group-is-layout-constrained\" style=\"margin-top:var(--wp--preset--spacing--60);margin-bottom:var(--wp--preset--spacing--60)\">\n<h3 class=\"wp-block-heading\" style=\"margin-top:var(--wp--preset--spacing--20);margin-right:0;margin-bottom:var(--wp--preset--spacing--20);margin-left:0;text-transform:none\">H\u00e4ufig gestellte Fragen  (FAQs)<\/h3>\n\n\n\n<div class=\"wp-block-webx-blocks-accordion\">\n<div class=\"accordion\" id=\"was-ist-der-vorteil-des-prsteileerkennungssystem-fr-die-digitale-zahntechnik-gegenber-anderen-vorgehensweisen-in-der-produktion\"><h2 class=\"title faq-title\" itemprop=\"name\"><a href=\"#was-ist-der-vorteil-des-prsteileerkennungssystem-fr-die-digitale-zahntechnik-gegenber-anderen-vorgehensweisen-in-der-produktion\">Was ist der Vorteil des PRS-Teileerkennungssystem f\u00fcr die digitale Zahntechnik gegen\u00fcber anderen Vorgehensweisen in der Produktion?<\/a><\/h2><div class=\"content\"><div class=\"wrapper\">\n<p>Manuelle Aufgaben erfordern geschultes Personal, Ausdauer und \u201egute Augen\u201c. Optische Kontrollt\u00e4tigkeiten f\u00fchren rasch zu Erm\u00fcdung und in Folge zu Fehlern. Mit dem PRS-Teileerkennungssystem f\u00fcr die digitale Zahntechnik vereinfachen wir die Arbeit und unterst\u00fctzen das Personal in ihrer Arbeit.<\/p>\n<\/div><\/div><\/div>\n\n\n\n<div class=\"accordion\" id=\"ist-das-prsteileerkennungssystem-fr-die-digitale-zahntechnik-auch-in-anderen-bereichen-einsetzbar\"><h2 class=\"title faq-title\" itemprop=\"name\"><a href=\"#ist-das-prsteileerkennungssystem-fr-die-digitale-zahntechnik-auch-in-anderen-bereichen-einsetzbar\">Ist das PRS-Teileerkennungssystem f\u00fcr die digitale Zahntechnik auch in anderen Bereichen einsetzbar?<\/a><\/h2><div class=\"content\"><div class=\"wrapper\">\n<p>Ja! Mit dem PRS-Teileerkennungssystem f\u00fcr die digitale Zahntechnik helfen wir Ihnen, individuell erzeugte Produkte oder Versorgungen <strong>\u201ejeder Art\u201c <\/strong>richtig zu erkennen und zuzuordnen.<\/p>\n\n\n\n<p class=\"has-accent-2-color has-text-color has-link-color wp-elements-b049a6e62df91c50cc432cb19ff0a132\"><strong><span class=\"add-arrow\"><a href=\"https:\/\/www.westcam-group.com\/produkte\/mechatronik-robotik\/automatisierungsloesungen\/prs-teile-erkennungssystem\/\" target=\"_blank\" data-type=\"product\" data-id=\"4621\" rel=\"noreferrer noopener\">Teile-Erkennungssystem<\/a><\/span><\/strong><\/p>\n<\/div><\/div><\/div>\n\n\n\n<div class=\"accordion\" id=\"kann-das-prsteileerkennungssystem-fr-die-digitale-zahntechnik-in-bestehende-ablufe-integriert-werden\"><h2 class=\"title faq-title\" itemprop=\"name\"><a href=\"#kann-das-prsteileerkennungssystem-fr-die-digitale-zahntechnik-in-bestehende-ablufe-integriert-werden\">Kann das PRS-Teileerkennungssystem f\u00fcr die digitale Zahntechnik in bestehende Abl\u00e4ufe integriert werden?<\/a><\/h2><div class=\"content\"><div class=\"wrapper\">\n<p>Ja! Bei den Entwicklungen von WESTCAM Technologies legen wir immer gro\u00dfen Wert darauf, Systeme in bestehende Prozesse zu integrieren. Nur dadurch kann eine Optimierung der gesamten Prozesskette erreicht werden.<\/p>\n<\/div><\/div><\/div>\n<\/div>\n<\/div>\n\n\n\n<div class=\"wp-block-group has-global-padding is-layout-constrained wp-container-core-group-is-layout-19e250f3 wp-block-group-is-layout-constrained\">\n<div id=\"free-version\" class=\"wp-block-group has-base-color has-contrast-background-color has-text-color has-background has-link-color wp-elements-42a5b246f2c5825d8b62db699a844af9 has-global-padding is-layout-constrained wp-container-core-group-is-layout-52009084 wp-block-group-is-layout-constrained\" style=\"padding-top:var(--wp--preset--spacing--40);padding-right:var(--wp--preset--spacing--40);padding-bottom:var(--wp--preset--spacing--40);padding-left:var(--wp--preset--spacing--40)\">\n<h3 class=\"wp-block-heading has-base-color has-text-color has-link-color wp-elements-fa5c1c739b71d42927e60a341952d0c3\" style=\"text-transform:none\">Wir beraten Sie pers\u00f6nlich!<\/h3>\n\n\n\n<div class=\"wpcf7 no-js\" id=\"wpcf7-f31160-o1\" lang=\"de-DE\" dir=\"ltr\" data-wpcf7-id=\"31160\">\n<div class=\"screen-reader-response\"><p role=\"status\" aria-live=\"polite\" aria-atomic=\"true\"><\/p> <ul><\/ul><\/div>\n<form action=\"\/cs\/wp-json\/wp\/v2\/product\/4643#wpcf7-f31160-o1\" method=\"post\" class=\"wpcf7-form init\" aria-label=\"Kontaktformular\" novalidate=\"novalidate\" data-status=\"init\">\n<div style=\"display: none;\">\n<input type=\"hidden\" name=\"_wpcf7\" value=\"31160\" \/>\n<input type=\"hidden\" name=\"_wpcf7_version\" value=\"6.0.1\" \/>\n<input type=\"hidden\" name=\"_wpcf7_locale\" value=\"de_DE\" \/>\n<input type=\"hidden\" name=\"_wpcf7_unit_tag\" value=\"wpcf7-f31160-o1\" \/>\n<input type=\"hidden\" name=\"_wpcf7_container_post\" value=\"0\" \/>\n<input type=\"hidden\" name=\"_wpcf7_posted_data_hash\" value=\"\" \/>\n<input type=\"hidden\" name=\"_wpcf7dtx_version\" value=\"5.0.2\" \/>\n<input type=\"hidden\" name=\"_wpcf7_recaptcha_response\" value=\"\" \/>\n<\/div>\n<h3> Anfrage: <label class=\"wpcf7-form-control wpcf7-label wpcf7dtx wpcf7dtx-label\" for=\"PRS-Teile-Erkennungssystem f\u00fcr die digitale Zahntechnik\">PRS-Teile-Erkennungssystem f\u00fcr die digitale Zahntechnik<\/label><span class=\"wpcf7-form-control-wrap dynamic_hidden-post-title\" data-name=\"dynamic_hidden-post-title\"><input type=\"hidden\" name=\"dynamic_hidden-post-title\" class=\"wpcf7-form-control wpcf7-hidden wpcf7dtx wpcf7dtx-hidden\" aria-invalid=\"false\" value=\"PRS-Teile-Erkennungssystem f\u00fcr die digitale Zahntechnik\"><\/span><\/h3>\n\n<label> Name\n    <span class=\"wpcf7-form-control-wrap\" data-name=\"fullname\"><input size=\"40\" maxlength=\"400\" class=\"wpcf7-form-control wpcf7-text\" aria-invalid=\"false\" value=\"\" type=\"text\" name=\"fullname\" \/><\/span> <\/label>\n\n<label> E-Mail-Adresse*\n    <span class=\"wpcf7-form-control-wrap\" data-name=\"email\"><input size=\"40\" maxlength=\"400\" class=\"wpcf7-form-control wpcf7-email wpcf7-validates-as-required wpcf7-text wpcf7-validates-as-email\" aria-required=\"true\" aria-invalid=\"false\" value=\"\" type=\"email\" name=\"email\" \/><\/span> <\/label>\n\n<label> Unternehmen\n    <span class=\"wpcf7-form-control-wrap\" data-name=\"unternehmen\"><input size=\"40\" maxlength=\"400\" class=\"wpcf7-form-control wpcf7-text\" aria-invalid=\"false\" value=\"\" type=\"text\" name=\"unternehmen\" \/><\/span> <\/label>\n\n<label> Ihre Nachricht*\n    <span class=\"wpcf7-form-control-wrap\" data-name=\"nachricht\"><textarea cols=\"40\" rows=\"10\" maxlength=\"2000\" class=\"wpcf7-form-control wpcf7-textarea wpcf7-validates-as-required\" aria-required=\"true\" aria-invalid=\"false\" name=\"nachricht\"><\/textarea><\/span> <\/label>\n\n<input class=\"wpcf7-form-control wpcf7-submit has-spinner\" type=\"submit\" value=\"Senden\" \/>\n\n<div class=\"wpcf7-response-output\" aria-hidden=\"true\"><\/div>\n<\/form>\n<\/div>\n\n<\/div>\n\n\n\n<div id=\"ansprechpartner\" class=\"wp-block-group has-base-2-background-color has-background has-global-padding is-layout-constrained wp-container-core-group-is-layout-16946a23 wp-block-group-is-layout-constrained\" style=\"margin-top:0;margin-bottom:0;padding-top:var(--wp--preset--spacing--30);padding-right:var(--wp--preset--spacing--30);padding-bottom:var(--wp--preset--spacing--30);padding-left:var(--wp--preset--spacing--30)\">\n<div class=\"wp-block-group has-base-2-background-color has-background has-global-padding is-layout-constrained wp-container-core-group-is-layout-19e250f3 wp-block-group-is-layout-constrained\">\n<h2 class=\"wp-block-heading\" style=\"text-transform:none\">Gerne f\u00fcr Sie da<\/h2>\n<\/div>\n\n\n<div class=\"wp-block-webx-blocks-westcam-employee-display\">\n    <div class=\"employee-image\">\n        <img decoding=\"async\" src=\"https:\/\/westcam2023.westcam-staging.web-crossing.com\/wp-content\/uploads\/2024\/05\/Harald_Unterrainer_WESTCAM-300x300.jpg\" alt=Harald Unterrainer \/>\n    <\/div>\n    <div class=\"employee-info\">\n        <div class=\"heading-h3\">Harald Unterrainer<\/div>\n        <div class=\"heading-h5 is-style-westcamized\">CEO WESTCAM Technologies GmbH<\/div>\n    <\/div>\n    <div class=\"employee-social\">\n        <div class=\"icons\">\n                        <a href=https:\/\/www.linkedin.com\/in\/mag-harald-unterrainer-mba-cse-b0829214\/ title=\"Harald Unterrainer on linkedIn\"\n                target=\"_blank\" rel=\"noopener noreferrer\">\n                <?xml version=\"1.0\" encoding=\"UTF-8\" standalone=\"no\"?>\n                <!DOCTYPE svg PUBLIC \"-\/\/W3C\/\/DTD SVG 1.1\/\/EN\" \"http:\/\/www.w3.org\/Graphics\/SVG\/1.1\/DTD\/svg11.dtd\"><svg\n                    width=\"100%\" height=\"100%\" viewBox=\"0 0 248 204\" version=\"1.1\" xmlns=\"http:\/\/www.w3.org\/2000\/svg\"\n                    xmlns:xlink=\"http:\/\/www.w3.org\/1999\/xlink\" xml:space=\"preserve\" xmlns:serif=\"http:\/\/www.serif.com\/\"\n                    style=\"fill-rule:evenodd;clip-rule:evenodd;stroke-linejoin:round;stroke-miterlimit:2;\">\n                    <path\n                        d=\"M226,204l-41.916,0l0,-71.392c0,-19.573 -7.437,-30.512 -22.93,-30.512c-16.854,0 -25.659,11.383 -25.659,30.512l-0,71.392l-40.395,0l-0,-136l40.395,-0l-0,18.319c-0,0 12.146,-22.474 41.006,-22.474c28.847,-0 49.499,17.616 49.499,54.048l0,86.107Zm-179.091,-153.808c-13.759,-0 -24.909,-11.237 -24.909,-25.096c0,-13.859 11.15,-25.096 24.909,-25.096c13.759,-0 24.902,11.237 24.902,25.096c0,13.859 -11.143,25.096 -24.902,25.096Zm-20.858,153.808l42.121,0l0,-136l-42.121,-0l-0,136Z\" \/>\n                <\/svg>\n            <\/a>\n                                    <a href=\"\/vcard\/6100\" title=\"Download vCard\"\n                class=\"vcard-button\">\n                <svg xmlns=\"http:\/\/www.w3.org\/2000\/svg\" width=\"32.143\" height=\"25\" viewBox=\"0 0 32.143 25\">\n                    <path id=\"address-card-solid\"\n                        d=\"M3.571,32A3.575,3.575,0,0,0,0,35.571V53.429A3.575,3.575,0,0,0,3.571,57h25a3.575,3.575,0,0,0,3.571-3.571V35.571A3.575,3.575,0,0,0,28.571,32ZM8.036,46.286h3.571a4.463,4.463,0,0,1,4.464,4.464.9.9,0,0,1-.893.893H4.464a.9.9,0,0,1-.893-.893A4.463,4.463,0,0,1,8.036,46.286ZM6.25,40.929A3.571,3.571,0,1,1,9.821,44.5,3.571,3.571,0,0,1,6.25,40.929Zm14.286-1.786h7.143a.893.893,0,0,1,0,1.786H20.536a.893.893,0,0,1,0-1.786Zm0,3.571h7.143a.893.893,0,0,1,0,1.786H20.536a.893.893,0,0,1,0-1.786Zm0,3.571h7.143a.893.893,0,0,1,0,1.786H20.536a.893.893,0,0,1,0-1.786Z\"\n                        transform=\"translate(0 -32)\" fill=\"#111\" \/>\n                <\/svg>\n            <\/a>\n        <\/div>\n    <\/div>\n    <div class=\"employee-contact\">\n                <a href=\"tel:+43 5223 55509 132\">\n            <div class=\" employee-phone\">\n                <svg xmlns=\"http:\/\/www.w3.org\/2000\/svg\" width=\"32\" height=\"32\" viewBox=\"0 0 32 32\">\n                    <path id=\"phone\"\n                        d=\"M6.529,4h7.059l3.529,8.824-4.412,2.647a19.412,19.412,0,0,0,8.824,8.824l2.647-4.412L33,23.412v7.059A3.529,3.529,0,0,1,29.471,34,28.235,28.235,0,0,1,3,7.529,3.529,3.529,0,0,1,6.529,4\"\n                        transform=\"translate(-2 -3)\" fill=\"none\" stroke=\"#111\" stroke-linecap=\"round\"\n                        stroke-linejoin=\"round\" stroke-width=\"2\" \/>\n                <\/svg>\n\n                +43 5223 55509 132\n            <\/div>\n        <\/a>\n                                <a href=\"mailto:harald.unterrainer@westcam.at\">\n            <div class=\" employee-email\">\n                <svg xmlns=\"http:\/\/www.w3.org\/2000\/svg\" width=\"32.773\" height=\"25.333\" viewBox=\"0 0 32.773 25.333\">\n                    <g id=\"mail\" transform=\"translate(1.387 1)\">\n                        <rect id=\"Rechteck_11\" data-name=\"Rechteck 11\" width=\"30\" height=\"23.333\" rx=\"2\" fill=\"none\"\n                            stroke=\"#111\" stroke-linecap=\"round\" stroke-linejoin=\"round\" stroke-width=\"2\" \/>\n                        <path id=\"Pfad_100\" data-name=\"Pfad 100\" d=\"M3,7,18,17,33,7\" transform=\"translate(-3 -3.667)\"\n                            fill=\"none\" stroke=\"#111\" stroke-linecap=\"round\" stroke-linejoin=\"round\" stroke-width=\"2\" \/>\n                    <\/g>\n                <\/svg>\n                harald.unterrainer@westcam.at\n            <\/div>\n        <\/a>\n        \n\n\n    <\/div>\n        <div class=\"employee-callback wp-block-button is-style-outline\">\n        <a href=\"\/anfrage\/?email=anfrage-office\"\n            class=\"wp-block-button__link wp-element-button\">Anfrage<\/a>\n    <\/div>\n    <\/div><\/div>\n<\/div>\n","protected":false},"excerpt":{"rendered":"<p>Fehlerfreie automatisierte Erkennung und Auftragszuordnung von Kronen- und Br\u00fcckenprothetik, Implantatprothetik, Schienen, Abutments usw.<\/p>\n","protected":false},"author":2,"featured_media":20059,"parent":4629,"menu_order":13,"comment_status":"closed","ping_status":"closed","template":"","meta":{"footnotes":""},"competence":[2533],"class_list":["post-4643","product","type-product","status-publish","has-post-thumbnail","hentry","competence-dentalanlagen"],"_links":{"self":[{"href":"https:\/\/westcam2023.westcam-staging.web-crossing.com\/cs\/wp-json\/wp\/v2\/product\/4643","targetHints":{"allow":["GET"]}}],"collection":[{"href":"https:\/\/westcam2023.westcam-staging.web-crossing.com\/cs\/wp-json\/wp\/v2\/product"}],"about":[{"href":"https:\/\/westcam2023.westcam-staging.web-crossing.com\/cs\/wp-json\/wp\/v2\/types\/product"}],"author":[{"embeddable":true,"href":"https:\/\/westcam2023.westcam-staging.web-crossing.com\/cs\/wp-json\/wp\/v2\/users\/2"}],"replies":[{"embeddable":true,"href":"https:\/\/westcam2023.westcam-staging.web-crossing.com\/cs\/wp-json\/wp\/v2\/comments?post=4643"}],"version-history":[{"count":14,"href":"https:\/\/westcam2023.westcam-staging.web-crossing.com\/cs\/wp-json\/wp\/v2\/product\/4643\/revisions"}],"predecessor-version":[{"id":30064,"href":"https:\/\/westcam2023.westcam-staging.web-crossing.com\/cs\/wp-json\/wp\/v2\/product\/4643\/revisions\/30064"}],"up":[{"embeddable":true,"href":"https:\/\/westcam2023.westcam-staging.web-crossing.com\/cs\/wp-json\/wp\/v2\/product\/4629"}],"wp:featuredmedia":[{"embeddable":true,"href":"https:\/\/westcam2023.westcam-staging.web-crossing.com\/cs\/wp-json\/wp\/v2\/media\/20059"}],"wp:attachment":[{"href":"https:\/\/westcam2023.westcam-staging.web-crossing.com\/cs\/wp-json\/wp\/v2\/media?parent=4643"}],"wp:term":[{"taxonomy":"competence","embeddable":true,"href":"https:\/\/westcam2023.westcam-staging.web-crossing.com\/cs\/wp-json\/wp\/v2\/competence?post=4643"}],"curies":[{"name":"wp","href":"https:\/\/api.w.org\/{rel}","templated":true}]}}