{"id":4641,"date":"2024-04-24T10:24:34","date_gmt":"2024-04-24T08:24:34","guid":{"rendered":"https:\/\/westcam2023.westcam.web-crossing.com\/?post_type=product&#038;p=4641"},"modified":"2024-11-12T13:18:59","modified_gmt":"2024-11-12T12:18:59","slug":"tim-zahn-identifikationssystem","status":"publish","type":"product","link":"https:\/\/westcam2023.westcam-staging.web-crossing.com\/cs\/produkte\/mechatronik-robotik\/dentalanlagen\/tim-zahn-identifikationssystem\/","title":{"rendered":"TIM &#8211; Zahn-Identifikationssystem"},"content":{"rendered":"\n<div style=\"background-image:url(&apos;https:\/\/www.westcam-group.com\/wp-content\/uploads\/2024\/03\/bggrid.webp&apos;);background-position:50% 50%;background-repeat:no-repeat;background-size:contain;\" class=\"wp-block-group has-global-padding is-layout-constrained wp-container-core-group-is-layout-9f245e94 wp-block-group-is-layout-constrained has-background\">\n<div class=\"wp-block-webx-blocks-grid is-layout-grid wp-container-webx-blocks-grid-is-layout-8c8cfa07 wp-block-webx-blocks-grid-is-layout-grid\" style=\"margin-top:var(--wp--preset--spacing--50);margin-bottom:var(--wp--preset--spacing--50);--grid-columns-desktop:2;--grid-columns-tablet:2;--grid-columns-mobile:1\">\n<div class=\"wp-block-webx-blocks-grid-item is-layout-flow wp-block-webx-blocks-grid-item-is-layout-flow\" style=\"padding-top:var(--wp--preset--spacing--30);padding-right:var(--wp--preset--spacing--10);padding-bottom:var(--wp--preset--spacing--10);padding-left:var(--wp--preset--spacing--10);--grid-area-desktop:auto \/ auto \/ auto \/ auto;--grid-area-tablet:auto \/ auto \/ auto \/ auto;--grid-area-mobile:auto \/ auto \/ auto \/ auto\">\n<div class=\"wp-block-webx-blocks-fake-heading heading-h4 is-style-westcamized\" style=\"text-transform:none\">System zur Prozessoptimierung von Retouren<\/div>\n\n\n\n<h1 class=\"wp-block-heading hero-title has-xx-large-font-size\" style=\"margin-top:var(--wp--preset--spacing--20);margin-bottom:var(--wp--preset--spacing--20);line-height:1;text-transform:none\">TIM &#8211; Zahn-Identifikationssystem<\/h1>\n\n\n\n<p><strong>Retourware mit System erfassen<\/strong><\/p>\n\n\n\n<p><strong>Retouren werden mit TIM automatisationsunterst\u00fctzt erfasst.<\/strong> TIM wurde von WESTCAM Technologies f\u00fcr die Dentalindustrie entwickelt. Dabei werden Daten wie <strong>Anzahl, Produktlinie, Farben <\/strong>und <strong>Formen <\/strong>der Z\u00e4hne erkannt und an das Kunden ERP-System als Abrechnungsgrundlage weitergeleitet.<\/p>\n\n\n\n<p>Die <strong>TIM-Technologie<\/strong> l\u00e4sst sich neben der Dentalindustrie noch in  <strong>vielen weiteren Branchen<\/strong> anwenden und erfolgreich einsetzen.<\/p>\n\n\n\n<p><strong>In Ihren Unternehmen gibt es auch Retouren und Warenr\u00fccksendungen?<\/strong><\/p>\n\n\n\n<p>Senden Sie uns Ihre Anfrage! Wir beraten Sie gerne! <\/p>\n\n\n\n<p>Ihre Challenge ist unser Auftrag.<\/p>\n\n\n\n<div class=\"wp-block-buttons is-layout-flex wp-block-buttons-is-layout-flex\" style=\"margin-top:var(--wp--preset--spacing--20);margin-bottom:var(--wp--preset--spacing--20)\">\n<div class=\"wp-block-button\"><a class=\"wp-block-button__link wp-element-button\" href=\"#free-version\">Jetzt Anfragen<\/a><\/div>\n<\/div>\n\n\n\n<p class=\"has-contrast-3-color has-text-color has-link-color wp-elements-57e777fa6f7088ecb7cb33e4b06511a3\">Das k\u00f6nnte Sie auch interessieren: <\/p>\n\n\n\n<p class=\"has-accent-2-color has-text-color has-link-color wp-elements-962aae0450ba2011fbf6266964895b5e\"><strong><a href=\"https:\/\/www.westcam-group.com\/produkte\/mechatronik-robotik\/automatisierungsloesungen\/systeme-zur-prozessautomatisierung\/\" data-type=\"product\" data-id=\"19385\" target=\"_blank\" rel=\"noreferrer noopener\"><span class=\"add-arrow\">Prozessautomatisierung<\/span><\/a><\/strong><\/p>\n<\/div>\n\n\n\n<div class=\"wp-block-webx-blocks-grid-item is-layout-flow wp-container-webx-blocks-grid-item-is-layout-69fcd244 wp-block-webx-blocks-grid-item-is-layout-flow\" style=\"padding-top:0;padding-right:0;padding-bottom:0;padding-left:0;--grid-area-desktop:auto \/ auto \/ auto \/ auto;--grid-area-tablet:auto \/ auto \/ auto \/ auto;--grid-area-mobile:auto \/ auto \/ auto \/ auto\">\n<figure class=\"wp-block-image aligncenter size-full is-resized is-style-default\"><img loading=\"lazy\" decoding=\"async\" width=\"650\" height=\"484\" src=\"https:\/\/www.westcam-group.com\/wp-content\/uploads\/2024\/04\/TIM-Zahn-Identifikationssystem-1.jpeg\" alt=\"\" class=\"wp-image-19973\" style=\"width:710px\" srcset=\"https:\/\/westcam2023.westcam-staging.web-crossing.com\/wp-content\/uploads\/2024\/04\/TIM-Zahn-Identifikationssystem-1.jpeg 650w, https:\/\/westcam2023.westcam-staging.web-crossing.com\/wp-content\/uploads\/2024\/04\/TIM-Zahn-Identifikationssystem-1-300x223.jpeg 300w\" sizes=\"auto, (max-width: 650px) 100vw, 650px\" \/><\/figure>\n\n\n\n<div class=\"wp-block-group hero-violet has-accent-2-background-color has-background is-layout-flow wp-block-group-is-layout-flow\" style=\"padding-top:var(--wp--preset--spacing--30);padding-right:var(--wp--preset--spacing--30);padding-bottom:var(--wp--preset--spacing--30);padding-left:var(--wp--preset--spacing--30)\">\n<div class=\"wp-block-webx-blocks-fake-heading heading-h4 hero-subtitle has-base-color has-text-color\">Highlights<\/div>\n\n\n\n<ul class=\"wp-block-list hero-bullet-list-items is-style-westcam-list has-base-color has-accent-2-background-color has-text-color has-background has-link-color wp-elements-e98fe210dde93736fab0689941c12c95\">\n<li>Rasche Erfassung von Retourwaren<\/li>\n\n\n\n<li>Anbindung an Ihr ERP-System<\/li>\n\n\n\n<li>Durchg\u00e4ngiger Prozess bis zur Verrechnung<\/li>\n<\/ul>\n<\/div>\n<\/div>\n<\/div>\n<\/div>\n\n\n\n<figure class=\"wp-block-image aligncenter size-large is-resized is-style-rounded is-style-rounded--1\"><img loading=\"lazy\" decoding=\"async\" width=\"1024\" height=\"683\" src=\"https:\/\/www.westcam-group.com\/wp-content\/uploads\/2024\/04\/westcam-technologies-tim-system-retouren-1024x683.jpeg\" alt=\"\" class=\"wp-image-23908\" style=\"width:676px;height:auto\" srcset=\"https:\/\/westcam2023.westcam-staging.web-crossing.com\/wp-content\/uploads\/2024\/04\/westcam-technologies-tim-system-retouren-1024x683.jpeg 1024w, https:\/\/westcam2023.westcam-staging.web-crossing.com\/wp-content\/uploads\/2024\/04\/westcam-technologies-tim-system-retouren-300x200.jpeg 300w, https:\/\/westcam2023.westcam-staging.web-crossing.com\/wp-content\/uploads\/2024\/04\/westcam-technologies-tim-system-retouren-768x512.jpeg 768w, https:\/\/westcam2023.westcam-staging.web-crossing.com\/wp-content\/uploads\/2024\/04\/westcam-technologies-tim-system-retouren-1536x1024.jpeg 1536w, https:\/\/westcam2023.westcam-staging.web-crossing.com\/wp-content\/uploads\/2024\/04\/westcam-technologies-tim-system-retouren-1350x900.jpeg 1350w, https:\/\/westcam2023.westcam-staging.web-crossing.com\/wp-content\/uploads\/2024\/04\/westcam-technologies-tim-system-retouren-900x600.jpeg 900w, https:\/\/westcam2023.westcam-staging.web-crossing.com\/wp-content\/uploads\/2024\/04\/westcam-technologies-tim-system-retouren.jpeg 1620w\" sizes=\"auto, (max-width: 1024px) 100vw, 1024px\" \/><\/figure>\n\n\n\n<div class=\"wp-block-group has-global-padding is-layout-constrained wp-container-core-group-is-layout-baed9f38 wp-block-group-is-layout-constrained\" style=\"margin-top:var(--wp--preset--spacing--60);margin-bottom:var(--wp--preset--spacing--60)\">\n<h3 class=\"wp-block-heading\" style=\"margin-top:var(--wp--preset--spacing--20);margin-right:0;margin-bottom:var(--wp--preset--spacing--20);margin-left:0;text-transform:none\">H\u00e4ufig gestellte Fragen  (FAQs)<\/h3>\n\n\n\n<script type=\"application\/ld+json\">{\"@context\":\"https:\/\/schema.org\",\"@type\":\"FAQPage\",\"mainEntity\":[{\"@type\":\"Question\",\"name\":\"Wann sollte man ein TIM - Zahnidentifikationssystem einsetzen?\",\"acceptedAnswer\":{\"@type\":\"Answer\",\"text\":\"Wenn Ihre Prozesse es erfordern, dass Sie nicht ben\u00f6tigte Ware von Ihren Kunden retour nehmen und diese f\u00fcr die Rechnungslegung oder Gutschriften Erstellung einfach und rasch erfassen m\u00f6chten.\"}},{\"@type\":\"Question\",\"name\":\"Funktioniert das TIM - Zahnidentifikationssystem nur bei Z\u00e4hnen?\",\"acceptedAnswer\":{\"@type\":\"Answer\",\"text\":\"Das TIM w\u00fcrde f\u00fcr die Dentalindustrie entwickelt. Jedoch kann die dahinterliegende Technologie und das Know-WOW von WESTCAM Technologies eingesetzt werden, um die Anwendbarkeit f\u00fcr Ihre Produkte und Prozesse zu pr\u00fcfen.Schicken Sie uns Ihre Anfrage. Wir zeigen Ihnen gerne, ob und wie TIM bei Ihren Retouren die Abwicklung optimieren kann.\"}}]}<\/script><div class=\"wp-block-webx-blocks-accordion\">\n<div class=\"accordion\" id=\"wann-sollte-man-ein-tim--zahnidentifikationssystem-einsetzen\"><h2 class=\"title faq-title\" itemprop=\"name\"><a href=\"#wann-sollte-man-ein-tim--zahnidentifikationssystem-einsetzen\">Wann sollte man ein TIM &#8211; Zahnidentifikationssystem einsetzen?<\/a><\/h2><div class=\"content\"><div class=\"wrapper\">\n<p>Wenn Ihre Prozesse es erfordern, dass Sie nicht ben\u00f6tigte Ware von Ihren Kunden retour nehmen und diese f\u00fcr die Rechnungslegung oder Gutschriften Erstellung einfach und rasch erfassen m\u00f6chten.<\/p>\n<\/div><\/div><\/div>\n\n\n\n<div class=\"accordion\" id=\"funktioniert-das-tim--zahnidentifikationssystem-nur-bei-zhnen\"><h2 class=\"title faq-title\" itemprop=\"name\"><a href=\"#funktioniert-das-tim--zahnidentifikationssystem-nur-bei-zhnen\">Funktioniert das TIM &#8211; Zahnidentifikationssystem nur bei Z\u00e4hnen?<\/a><\/h2><div class=\"content\"><div class=\"wrapper\">\n<p>Das TIM w\u00fcrde f\u00fcr die Dentalindustrie entwickelt. Jedoch kann die dahinterliegende Technologie und das Know-WOW von WESTCAM Technologies eingesetzt werden, um die Anwendbarkeit f\u00fcr Ihre Produkte und Prozesse zu pr\u00fcfen.<\/p>\n\n\n\n<p>Schicken Sie uns Ihre Anfrage. Wir zeigen Ihnen gerne, ob und wie TIM bei Ihren Retouren die Abwicklung optimieren kann.<\/p>\n<\/div><\/div><\/div>\n<\/div>\n<\/div>\n\n\n\n<div class=\"wp-block-group has-global-padding is-layout-constrained wp-container-core-group-is-layout-19e250f3 wp-block-group-is-layout-constrained\">\n<div id=\"free-version\" class=\"wp-block-group has-base-color has-contrast-background-color has-text-color has-background has-link-color wp-elements-42a5b246f2c5825d8b62db699a844af9 has-global-padding is-layout-constrained wp-container-core-group-is-layout-52009084 wp-block-group-is-layout-constrained\" style=\"padding-top:var(--wp--preset--spacing--40);padding-right:var(--wp--preset--spacing--40);padding-bottom:var(--wp--preset--spacing--40);padding-left:var(--wp--preset--spacing--40)\">\n<h3 class=\"wp-block-heading has-base-color has-text-color has-link-color wp-elements-fa5c1c739b71d42927e60a341952d0c3\" style=\"text-transform:none\">Wir beraten Sie pers\u00f6nlich!<\/h3>\n\n\n\n<div class=\"wpcf7 no-js\" id=\"wpcf7-f31160-o1\" lang=\"de-DE\" dir=\"ltr\" data-wpcf7-id=\"31160\">\n<div class=\"screen-reader-response\"><p role=\"status\" aria-live=\"polite\" aria-atomic=\"true\"><\/p> <ul><\/ul><\/div>\n<form action=\"\/cs\/wp-json\/wp\/v2\/product\/4641#wpcf7-f31160-o1\" method=\"post\" class=\"wpcf7-form init\" aria-label=\"Kontaktformular\" novalidate=\"novalidate\" data-status=\"init\">\n<div style=\"display: none;\">\n<input type=\"hidden\" name=\"_wpcf7\" value=\"31160\" \/>\n<input type=\"hidden\" name=\"_wpcf7_version\" value=\"6.0.1\" \/>\n<input type=\"hidden\" name=\"_wpcf7_locale\" value=\"de_DE\" \/>\n<input type=\"hidden\" name=\"_wpcf7_unit_tag\" value=\"wpcf7-f31160-o1\" \/>\n<input type=\"hidden\" name=\"_wpcf7_container_post\" value=\"0\" \/>\n<input type=\"hidden\" name=\"_wpcf7_posted_data_hash\" value=\"\" \/>\n<input type=\"hidden\" name=\"_wpcf7dtx_version\" value=\"5.0.2\" \/>\n<input type=\"hidden\" name=\"_wpcf7_recaptcha_response\" value=\"\" \/>\n<\/div>\n<h3> Anfrage: <label class=\"wpcf7-form-control wpcf7-label wpcf7dtx wpcf7dtx-label\" for=\"TIM - Zahn-Identifikationssystem\">TIM - Zahn-Identifikationssystem<\/label><span class=\"wpcf7-form-control-wrap dynamic_hidden-post-title\" data-name=\"dynamic_hidden-post-title\"><input type=\"hidden\" name=\"dynamic_hidden-post-title\" class=\"wpcf7-form-control wpcf7-hidden wpcf7dtx wpcf7dtx-hidden\" aria-invalid=\"false\" value=\"TIM - Zahn-Identifikationssystem\"><\/span><\/h3>\n\n<label> Name\n    <span class=\"wpcf7-form-control-wrap\" data-name=\"fullname\"><input size=\"40\" maxlength=\"400\" class=\"wpcf7-form-control wpcf7-text\" aria-invalid=\"false\" value=\"\" type=\"text\" name=\"fullname\" \/><\/span> <\/label>\n\n<label> E-Mail-Adresse*\n    <span class=\"wpcf7-form-control-wrap\" data-name=\"email\"><input size=\"40\" maxlength=\"400\" class=\"wpcf7-form-control wpcf7-email wpcf7-validates-as-required wpcf7-text wpcf7-validates-as-email\" aria-required=\"true\" aria-invalid=\"false\" value=\"\" type=\"email\" name=\"email\" \/><\/span> <\/label>\n\n<label> Unternehmen\n    <span class=\"wpcf7-form-control-wrap\" data-name=\"unternehmen\"><input size=\"40\" maxlength=\"400\" class=\"wpcf7-form-control wpcf7-text\" aria-invalid=\"false\" value=\"\" type=\"text\" name=\"unternehmen\" \/><\/span> <\/label>\n\n<label> Ihre Nachricht*\n    <span class=\"wpcf7-form-control-wrap\" data-name=\"nachricht\"><textarea cols=\"40\" rows=\"10\" maxlength=\"2000\" class=\"wpcf7-form-control wpcf7-textarea wpcf7-validates-as-required\" aria-required=\"true\" aria-invalid=\"false\" name=\"nachricht\"><\/textarea><\/span> <\/label>\n\n<input class=\"wpcf7-form-control wpcf7-submit has-spinner\" type=\"submit\" value=\"Senden\" \/>\n\n<div class=\"wpcf7-response-output\" aria-hidden=\"true\"><\/div>\n<\/form>\n<\/div>\n\n<\/div>\n\n\n\n<div id=\"ansprechpartner\" class=\"wp-block-group has-base-2-background-color has-background has-global-padding is-layout-constrained wp-container-core-group-is-layout-16946a23 wp-block-group-is-layout-constrained\" style=\"margin-top:0;margin-bottom:0;padding-top:var(--wp--preset--spacing--30);padding-right:var(--wp--preset--spacing--30);padding-bottom:var(--wp--preset--spacing--30);padding-left:var(--wp--preset--spacing--30)\">\n<div class=\"wp-block-group has-base-2-background-color has-background has-global-padding is-layout-constrained wp-container-core-group-is-layout-19e250f3 wp-block-group-is-layout-constrained\">\n<h2 class=\"wp-block-heading\" style=\"text-transform:none\">Gerne f\u00fcr Sie da<\/h2>\n<\/div>\n\n\n<div class=\"wp-block-webx-blocks-westcam-employee-display\">\n    <div class=\"employee-image\">\n        <img decoding=\"async\" src=\"https:\/\/westcam2023.westcam-staging.web-crossing.com\/wp-content\/uploads\/2024\/05\/Harald_Unterrainer_WESTCAM-300x300.jpg\" alt=Harald Unterrainer \/>\n    <\/div>\n    <div class=\"employee-info\">\n        <div class=\"heading-h3\">Harald Unterrainer<\/div>\n        <div class=\"heading-h5 is-style-westcamized\">CEO WESTCAM Technologies GmbH<\/div>\n    <\/div>\n    <div class=\"employee-social\">\n        <div class=\"icons\">\n                        <a href=https:\/\/www.linkedin.com\/in\/mag-harald-unterrainer-mba-cse-b0829214\/ title=\"Harald Unterrainer on linkedIn\"\n                target=\"_blank\" rel=\"noopener noreferrer\">\n                <?xml version=\"1.0\" encoding=\"UTF-8\" standalone=\"no\"?>\n                <!DOCTYPE svg PUBLIC \"-\/\/W3C\/\/DTD SVG 1.1\/\/EN\" \"http:\/\/www.w3.org\/Graphics\/SVG\/1.1\/DTD\/svg11.dtd\"><svg\n                    width=\"100%\" height=\"100%\" viewBox=\"0 0 248 204\" version=\"1.1\" xmlns=\"http:\/\/www.w3.org\/2000\/svg\"\n                    xmlns:xlink=\"http:\/\/www.w3.org\/1999\/xlink\" xml:space=\"preserve\" xmlns:serif=\"http:\/\/www.serif.com\/\"\n                    style=\"fill-rule:evenodd;clip-rule:evenodd;stroke-linejoin:round;stroke-miterlimit:2;\">\n                    <path\n                        d=\"M226,204l-41.916,0l0,-71.392c0,-19.573 -7.437,-30.512 -22.93,-30.512c-16.854,0 -25.659,11.383 -25.659,30.512l-0,71.392l-40.395,0l-0,-136l40.395,-0l-0,18.319c-0,0 12.146,-22.474 41.006,-22.474c28.847,-0 49.499,17.616 49.499,54.048l0,86.107Zm-179.091,-153.808c-13.759,-0 -24.909,-11.237 -24.909,-25.096c0,-13.859 11.15,-25.096 24.909,-25.096c13.759,-0 24.902,11.237 24.902,25.096c0,13.859 -11.143,25.096 -24.902,25.096Zm-20.858,153.808l42.121,0l0,-136l-42.121,-0l-0,136Z\" \/>\n                <\/svg>\n            <\/a>\n                                    <a href=\"\/vcard\/6100\" title=\"Download vCard\"\n                class=\"vcard-button\">\n                <svg xmlns=\"http:\/\/www.w3.org\/2000\/svg\" width=\"32.143\" height=\"25\" viewBox=\"0 0 32.143 25\">\n                    <path id=\"address-card-solid\"\n                        d=\"M3.571,32A3.575,3.575,0,0,0,0,35.571V53.429A3.575,3.575,0,0,0,3.571,57h25a3.575,3.575,0,0,0,3.571-3.571V35.571A3.575,3.575,0,0,0,28.571,32ZM8.036,46.286h3.571a4.463,4.463,0,0,1,4.464,4.464.9.9,0,0,1-.893.893H4.464a.9.9,0,0,1-.893-.893A4.463,4.463,0,0,1,8.036,46.286ZM6.25,40.929A3.571,3.571,0,1,1,9.821,44.5,3.571,3.571,0,0,1,6.25,40.929Zm14.286-1.786h7.143a.893.893,0,0,1,0,1.786H20.536a.893.893,0,0,1,0-1.786Zm0,3.571h7.143a.893.893,0,0,1,0,1.786H20.536a.893.893,0,0,1,0-1.786Zm0,3.571h7.143a.893.893,0,0,1,0,1.786H20.536a.893.893,0,0,1,0-1.786Z\"\n                        transform=\"translate(0 -32)\" fill=\"#111\" \/>\n                <\/svg>\n            <\/a>\n        <\/div>\n    <\/div>\n    <div class=\"employee-contact\">\n                <a href=\"tel:+43 5223 55509 132\">\n            <div class=\" employee-phone\">\n                <svg xmlns=\"http:\/\/www.w3.org\/2000\/svg\" width=\"32\" height=\"32\" viewBox=\"0 0 32 32\">\n                    <path id=\"phone\"\n                        d=\"M6.529,4h7.059l3.529,8.824-4.412,2.647a19.412,19.412,0,0,0,8.824,8.824l2.647-4.412L33,23.412v7.059A3.529,3.529,0,0,1,29.471,34,28.235,28.235,0,0,1,3,7.529,3.529,3.529,0,0,1,6.529,4\"\n                        transform=\"translate(-2 -3)\" fill=\"none\" stroke=\"#111\" stroke-linecap=\"round\"\n                        stroke-linejoin=\"round\" stroke-width=\"2\" \/>\n                <\/svg>\n\n                +43 5223 55509 132\n            <\/div>\n        <\/a>\n                                <a href=\"mailto:harald.unterrainer@westcam.at\">\n            <div class=\" employee-email\">\n                <svg xmlns=\"http:\/\/www.w3.org\/2000\/svg\" width=\"32.773\" height=\"25.333\" viewBox=\"0 0 32.773 25.333\">\n                    <g id=\"mail\" transform=\"translate(1.387 1)\">\n                        <rect id=\"Rechteck_11\" data-name=\"Rechteck 11\" width=\"30\" height=\"23.333\" rx=\"2\" fill=\"none\"\n                            stroke=\"#111\" stroke-linecap=\"round\" stroke-linejoin=\"round\" stroke-width=\"2\" \/>\n                        <path id=\"Pfad_100\" data-name=\"Pfad 100\" d=\"M3,7,18,17,33,7\" transform=\"translate(-3 -3.667)\"\n                            fill=\"none\" stroke=\"#111\" stroke-linecap=\"round\" stroke-linejoin=\"round\" stroke-width=\"2\" \/>\n                    <\/g>\n                <\/svg>\n                harald.unterrainer@westcam.at\n            <\/div>\n        <\/a>\n        \n\n\n    <\/div>\n        <div class=\"employee-callback wp-block-button is-style-outline\">\n        <a href=\"\/anfrage\/?email=anfrage-office\"\n            class=\"wp-block-button__link wp-element-button\">Anfrage<\/a>\n    <\/div>\n    <\/div><\/div>\n<\/div>\n","protected":false},"excerpt":{"rendered":"<p>System zur Retourwarenerfassung<\/p>\n","protected":false},"author":2,"featured_media":19973,"parent":4629,"menu_order":11,"comment_status":"closed","ping_status":"closed","template":"","meta":{"footnotes":""},"competence":[2533],"class_list":["post-4641","product","type-product","status-publish","has-post-thumbnail","hentry","competence-dentalanlagen"],"_links":{"self":[{"href":"https:\/\/westcam2023.westcam-staging.web-crossing.com\/cs\/wp-json\/wp\/v2\/product\/4641","targetHints":{"allow":["GET"]}}],"collection":[{"href":"https:\/\/westcam2023.westcam-staging.web-crossing.com\/cs\/wp-json\/wp\/v2\/product"}],"about":[{"href":"https:\/\/westcam2023.westcam-staging.web-crossing.com\/cs\/wp-json\/wp\/v2\/types\/product"}],"author":[{"embeddable":true,"href":"https:\/\/westcam2023.westcam-staging.web-crossing.com\/cs\/wp-json\/wp\/v2\/users\/2"}],"replies":[{"embeddable":true,"href":"https:\/\/westcam2023.westcam-staging.web-crossing.com\/cs\/wp-json\/wp\/v2\/comments?post=4641"}],"version-history":[{"count":15,"href":"https:\/\/westcam2023.westcam-staging.web-crossing.com\/cs\/wp-json\/wp\/v2\/product\/4641\/revisions"}],"predecessor-version":[{"id":30061,"href":"https:\/\/westcam2023.westcam-staging.web-crossing.com\/cs\/wp-json\/wp\/v2\/product\/4641\/revisions\/30061"}],"up":[{"embeddable":true,"href":"https:\/\/westcam2023.westcam-staging.web-crossing.com\/cs\/wp-json\/wp\/v2\/product\/4629"}],"wp:featuredmedia":[{"embeddable":true,"href":"https:\/\/westcam2023.westcam-staging.web-crossing.com\/cs\/wp-json\/wp\/v2\/media\/19973"}],"wp:attachment":[{"href":"https:\/\/westcam2023.westcam-staging.web-crossing.com\/cs\/wp-json\/wp\/v2\/media?parent=4641"}],"wp:term":[{"taxonomy":"competence","embeddable":true,"href":"https:\/\/westcam2023.westcam-staging.web-crossing.com\/cs\/wp-json\/wp\/v2\/competence?post=4641"}],"curies":[{"name":"wp","href":"https:\/\/api.w.org\/{rel}","templated":true}]}}