{"id":4629,"date":"2024-04-24T10:20:36","date_gmt":"2024-04-24T08:20:36","guid":{"rendered":"https:\/\/westcam2023.westcam.web-crossing.com\/?post_type=product&#038;p=4629"},"modified":"2024-11-12T13:14:36","modified_gmt":"2024-11-12T12:14:36","slug":"dentalanlagen","status":"publish","type":"product","link":"https:\/\/westcam2023.westcam-staging.web-crossing.com\/cs\/produkte\/mechatronik-robotik\/dentalanlagen\/","title":{"rendered":"Dentalanlagen"},"content":{"rendered":"\n<div class=\"wp-block-group alignfull has-global-padding is-layout-constrained wp-block-group-is-layout-constrained\">\n<div class=\"wp-block-webx-blocks-westcam-hero alignfull ltr\" style=\"margin-top:var(--wp--preset--spacing--50);margin-bottom:var(--wp--preset--spacing--50)\"><div class=\"hero-image\" style=\"--aspect-ratio:4 \/ 3\"> <img decoding=\"async\" srcset=\"https:\/\/www.westcam-group.com\/wp-content\/uploads\/2024\/09\/westcam-7-icon-mechatronik-robotik-150x150.png 150w, https:\/\/www.westcam-group.com\/wp-content\/uploads\/2024\/09\/westcam-7-icon-mechatronik-robotik-300x300.png 300w, https:\/\/www.westcam-group.com\/wp-content\/uploads\/2024\/09\/westcam-7-icon-mechatronik-robotik-1024x1024.png 1024w, https:\/\/www.westcam-group.com\/wp-content\/uploads\/2024\/09\/westcam-7-icon-mechatronik-robotik.png 1181w, https:\/\/www.westcam-group.com\/wp-content\/uploads\/2024\/09\/westcam-7-icon-mechatronik-robotik-900x900.png 900w, https:\/\/www.westcam-group.com\/wp-content\/uploads\/2024\/09\/westcam-7-icon-mechatronik-robotik-600x600.png 600w\" src=\"https:\/\/www.westcam-group.com\/wp-content\/uploads\/2024\/09\/westcam-7-icon-mechatronik-robotik.png\" alt=\"\"\/><\/div><div class=\"hero-placeholder\"><\/div>\n<div class=\"wp-block-group hero-content is-layout-flow wp-block-group-is-layout-flow\">\n<div class=\"wp-block-webx-blocks-fake-heading heading-h4 hero-subtitle is-style-westcamized\" style=\"text-transform:none\">High-End-Dentaltechnik seit 1990<\/div>\n\n\n<h1 style=\"text-transform:none; margin-top:0;margin-bottom:0;\" class=\"wp-block-post-title\">Dentalanlagen<\/h1>\n\n\n<p><strong>Automatisierungsanlagen&nbsp;f\u00fcr das Handling von Prothesenz\u00e4hnen<\/strong><\/p>\n\n\n\n<p>Optimieren und beschleunigen Sie das <strong>Handling von Prothesenz\u00e4hnen<\/strong>&nbsp;mit WESTCAM-Automatisierungsanlagen. Unsere&nbsp;St\u00e4rken sind spezielle <strong>Bildverarbeitungsl\u00f6sungen<\/strong> f\u00fcr komplexe Teile, wie Prothesenz\u00e4hne.<\/p>\n\n\n\n<p>Wir bieten Ihnen umfassende&nbsp;<strong>Technologie- und&nbsp;Prozesskompetenz<\/strong>, gepaart mit <strong>medizinischem Fachwissen<\/strong>.<\/p>\n\n\n\n<p><strong>Weltweit&nbsp;vertrauen uns Kunden aus der Dentalbranche!  Sie alle sch\u00e4tzen die durchdachten L\u00f6sungen f\u00fcr Sortier-, Steck-, Z\u00e4hl-, Beschriftungs- und Qualit\u00e4tsprozesse. Gepr\u00fcfte Qualit\u00e4t inklusive!<\/strong><\/p>\n\n\n\n<p>Die gro\u00dfe Anzahl erfolgreich installierter <strong>Dentalanlagen auf der ganzen Welt<\/strong> sprechen f\u00fcr sich!<\/p>\n<\/div>\n<\/div>\n<\/div>\n\n\n\n<h2 class=\"wp-block-heading\" style=\"text-transform:none\">Unser Angebot f\u00fcr Sie<\/h2>\n\n\n<div style=\"margin-top:var(--wp--preset--spacing--30);margin-bottom:var(--wp--preset--spacing--50);\" class=\"wp-block-webx-post-list-webx-post-list wp-block-webx-post-list-webx-post-list\" data-listid=\"77292\">\n    <script class=\"webx-filter-list-config\" type=\"application\/json\">{\"postType\":\"product\",\"enableParentPost\":true,\"displayGrid\":true,\"subTitle\":\"product_category\",\"fieldOne\":\"product_category\",\"fieldTwo\":\"product_category\",\"className\":\"wp-block-webx-post-list-webx-post-list\",\"style\":{\"spacing\":{\"margin\":{\"top\":\"var:preset|spacing|30\",\"bottom\":\"var:preset|spacing|50\"}}},\"compactGrid\":false,\"language\":\"en\",\"listId\":77292,\"postId\":4629}<\/script>\n    <div class=\"webx-post-list\" data-listid=\"77292\"><\/div>\n    \n<div>\n<div class=\"wp-block-webx-post-list-webx-filters\"><div><\/div><\/div>\n<\/div>\n<\/div>","protected":false},"excerpt":{"rendered":"<p>Optimierung und Beschleunigung des Handlings von Prothesenz\u00e4hnen mit WESTCAM-Automatisierungsanlagen. <\/p>\n","protected":false},"author":2,"featured_media":19633,"parent":4601,"menu_order":8,"comment_status":"closed","ping_status":"closed","template":"","meta":{"footnotes":""},"competence":[2533],"class_list":["post-4629","product","type-product","status-publish","has-post-thumbnail","hentry","competence-dentalanlagen"],"_links":{"self":[{"href":"https:\/\/westcam2023.westcam-staging.web-crossing.com\/cs\/wp-json\/wp\/v2\/product\/4629","targetHints":{"allow":["GET"]}}],"collection":[{"href":"https:\/\/westcam2023.westcam-staging.web-crossing.com\/cs\/wp-json\/wp\/v2\/product"}],"about":[{"href":"https:\/\/westcam2023.westcam-staging.web-crossing.com\/cs\/wp-json\/wp\/v2\/types\/product"}],"author":[{"embeddable":true,"href":"https:\/\/westcam2023.westcam-staging.web-crossing.com\/cs\/wp-json\/wp\/v2\/users\/2"}],"replies":[{"embeddable":true,"href":"https:\/\/westcam2023.westcam-staging.web-crossing.com\/cs\/wp-json\/wp\/v2\/comments?post=4629"}],"version-history":[{"count":9,"href":"https:\/\/westcam2023.westcam-staging.web-crossing.com\/cs\/wp-json\/wp\/v2\/product\/4629\/revisions"}],"predecessor-version":[{"id":30041,"href":"https:\/\/westcam2023.westcam-staging.web-crossing.com\/cs\/wp-json\/wp\/v2\/product\/4629\/revisions\/30041"}],"up":[{"embeddable":true,"href":"https:\/\/westcam2023.westcam-staging.web-crossing.com\/cs\/wp-json\/wp\/v2\/product\/4601"}],"wp:featuredmedia":[{"embeddable":true,"href":"https:\/\/westcam2023.westcam-staging.web-crossing.com\/cs\/wp-json\/wp\/v2\/media\/19633"}],"wp:attachment":[{"href":"https:\/\/westcam2023.westcam-staging.web-crossing.com\/cs\/wp-json\/wp\/v2\/media?parent=4629"}],"wp:term":[{"taxonomy":"competence","embeddable":true,"href":"https:\/\/westcam2023.westcam-staging.web-crossing.com\/cs\/wp-json\/wp\/v2\/competence?post=4629"}],"curies":[{"name":"wp","href":"https:\/\/api.w.org\/{rel}","templated":true}]}}