{"id":4621,"date":"2024-04-24T10:17:49","date_gmt":"2024-04-24T08:17:49","guid":{"rendered":"https:\/\/westcam2023.westcam.web-crossing.com\/?post_type=product&#038;p=4621"},"modified":"2024-11-15T10:25:39","modified_gmt":"2024-11-15T09:25:39","slug":"prs-teile-erkennungssystem","status":"publish","type":"product","link":"https:\/\/westcam2023.westcam-staging.web-crossing.com\/cs\/produkte\/mechatronik-robotik\/automatisierungsloesungen\/prs-teile-erkennungssystem\/","title":{"rendered":"PRS &#8211; Teile-Erkennungssystem"},"content":{"rendered":"\n<div style=\"background-image:url(&apos;https:\/\/www.westcam-group.com\/wp-content\/uploads\/2024\/03\/bggrid.webp&apos;);background-position:50% 50%;background-repeat:no-repeat;background-size:contain;\" class=\"wp-block-group has-global-padding is-layout-constrained wp-container-core-group-is-layout-9f245e94 wp-block-group-is-layout-constrained has-background\">\n<div class=\"wp-block-webx-blocks-grid is-layout-grid wp-container-webx-blocks-grid-is-layout-8c8cfa07 wp-block-webx-blocks-grid-is-layout-grid\" style=\"margin-top:var(--wp--preset--spacing--50);margin-bottom:var(--wp--preset--spacing--50);--grid-columns-desktop:2;--grid-columns-tablet:2;--grid-columns-mobile:1\">\n<div class=\"wp-block-webx-blocks-grid-item is-layout-flow wp-block-webx-blocks-grid-item-is-layout-flow\" style=\"padding-top:var(--wp--preset--spacing--30);padding-right:var(--wp--preset--spacing--10);padding-bottom:var(--wp--preset--spacing--10);padding-left:var(--wp--preset--spacing--10);--grid-area-desktop:auto \/ auto \/ auto \/ auto;--grid-area-tablet:auto \/ auto \/ auto \/ auto;--grid-area-mobile:auto \/ auto \/ auto \/ auto\">\n<div class=\"wp-block-webx-blocks-fake-heading heading-h4 is-style-westcamized\" style=\"text-transform:none\">System zur Teileerkennung und Auftragszuordnung<\/div>\n\n\n\n<h1 class=\"wp-block-heading hero-title has-xx-large-font-size\" style=\"margin-top:var(--wp--preset--spacing--20);margin-bottom:var(--wp--preset--spacing--20);line-height:1;text-transform:none\">PRS \u2013 Teile-Erkennungssystem<\/h1>\n\n\n\n<p><strong>Fehlerfreie Erkennung und Zuordnung individuell erzeugter Teile\/Bauteile<\/strong>.<\/p>\n\n\n\n<p>Wir helfen Ihnen, individuell erzeugte Bauteile, welche produktionsoptimiert in einem Produktionsbatch, z.B. gefr\u00e4st, 3D gedruckt, Laser gesintert produziert werden, wieder den richtigen Auftr\u00e4gen zuzuordnen.<\/p>\n\n\n\n<p>Das System besteht aus einem <strong>PLS \u2013 Part Learning System<\/strong> zum Einlernen der Teile und dem <strong>PRS \u2013 Part Recognition System <\/strong>zur Erkennung und Zuordnung der Teile zu den Produktionsauftr\u00e4gen.<\/p>\n\n\n\n<p>Es vergleicht Ihre CAD-Daten mit dem physischen Bauteil binnen Bruchteilen einer Sekunde. In k\u00fcrzester Zeit erfolgt die Erkennung der Bauteile samt Zuordnung zum richtigen Kunden.<\/p>\n\n\n\n<p><strong>Kein R\u00e4tselraten mehr, sondern punktgenaue Zuordnung.<\/strong><\/p>\n\n\n\n<p><\/p>\n\n\n\n<p><strong>Testen Sie das PRS-Teileerkennungssystem:<\/strong><\/p>\n\n\n\n<p>Senden Sie uns <strong>Ihre Teile<\/strong> zu und wir zeigen Ihnen die Leistungsf\u00e4higkeit in Punkto korrekter <strong>Erkennung<\/strong> und <strong>Zuordnung<\/strong>.<\/p>\n\n\n\n<div class=\"wp-block-buttons is-layout-flex wp-block-buttons-is-layout-flex\" style=\"margin-top:var(--wp--preset--spacing--20);margin-bottom:var(--wp--preset--spacing--20)\">\n<div class=\"wp-block-button\"><a class=\"wp-block-button__link wp-element-button\" href=\"#free-version\">Jetzt Anfragen<\/a><\/div>\n<\/div>\n\n\n\n<p class=\"has-accent-2-color has-text-color has-link-color wp-elements-2c49493d776ba7200e23cf92aec4efc3\"><strong><span class=\"add-arrow\"><a href=\"https:\/\/www.westcam-group.com\/wp-content\/uploads\/2024\/08\/WESTCAM.Technologies.PRS-Folder-2018.DE_.pdf\" data-type=\"attachment\" data-id=\"21898\" target=\"_blank\" rel=\"noreferrer noopener\">WESTCAM-Brosch\u00fcre PRS<\/a><\/span><\/strong><\/p>\n<\/div>\n\n\n\n<div class=\"wp-block-webx-blocks-grid-item is-layout-flow wp-container-webx-blocks-grid-item-is-layout-69fcd244 wp-block-webx-blocks-grid-item-is-layout-flow\" style=\"padding-top:0;padding-right:0;padding-bottom:0;padding-left:0;--grid-area-desktop:auto \/ auto \/ auto \/ auto;--grid-area-tablet:auto \/ auto \/ auto \/ auto;--grid-area-mobile:auto \/ auto \/ auto \/ auto\">\n<figure class=\"wp-block-image aligncenter size-full is-resized is-style-default\"><img decoding=\"async\" src=\"https:\/\/www.westcam-group.com\/wp-content\/uploads\/2024\/04\/prs-bild1.png\" alt=\"\" class=\"wp-image-20064\" style=\"width:711px;height:auto\"\/><\/figure>\n\n\n\n<div class=\"wp-block-group hero-violet has-accent-2-background-color has-background is-layout-flow wp-block-group-is-layout-flow\" style=\"padding-top:var(--wp--preset--spacing--30);padding-right:var(--wp--preset--spacing--30);padding-bottom:var(--wp--preset--spacing--30);padding-left:var(--wp--preset--spacing--30)\">\n<div class=\"wp-block-webx-blocks-fake-heading heading-h4 hero-subtitle has-base-color has-text-color\">Highlights<\/div>\n\n\n\n<ul class=\"wp-block-list hero-bullet-list-items is-style-westcam-list has-base-color has-accent-2-background-color has-text-color has-background has-link-color wp-elements-f9ee1b79a74b3f75c49d739d5fecd1e2\">\n<li>Verwechslungsfreie Identifikation<\/li>\n\n\n\n<li>Prozessoptimierung durch Wegfall manueller T\u00e4tigkeiten<\/li>\n\n\n\n<li>Durchsatzerh\u00f6hung durch gr\u00f6\u00dfere Best\u00fcckung<\/li>\n\n\n\n<li>Fehlerfreie Auftragszuordnungn<\/li>\n<\/ul>\n<\/div>\n<\/div>\n<\/div>\n<\/div>\n\n\n\n<div class=\"wp-block-group has-global-padding is-layout-constrained wp-container-core-group-is-layout-00189ab9 wp-block-group-is-layout-constrained\">\n<div class=\"wp-block-media-text has-media-on-the-right is-stacked-on-mobile is-image-fill-element\" style=\"margin-top:var(--wp--preset--spacing--50);margin-right:0;margin-bottom:var(--wp--preset--spacing--50);margin-left:0\"><div class=\"wp-block-media-text__content\">\n<h2 class=\"wp-block-heading\" style=\"text-transform:none\">Referenz-Beispiel: Dental<\/h2>\n\n\n\n<p>Das&nbsp;<strong>PRS-Teileerkennungssystem<\/strong>&nbsp;wird in der&nbsp;<strong>Dentalindustrie<\/strong>&nbsp;bereits f\u00fcr Produkte- wie zum Beispiel&nbsp;<strong>Br\u00fccken und Kronen<\/strong>&nbsp;eingesetzt.<\/p>\n\n\n\n<p><strong><a href=\"https:\/\/www.westcam-group.com\/produkte\/mechatronik-robotik\/dentalanlagen\/prs-teile-erkennungssystem-digitale-zahntechnik\/\" target=\"_blank\" data-type=\"link\" data-id=\"https:\/\/www.westcam-group.com\/produkte\/mechatronik-robotik\/dentalanlagen\/prs-teile-erkennungssystem-digitale-zahntechnik\/\" rel=\"noreferrer noopener\"><span class=\"add-arrow\">PRS Teile-Erkennungssystem<\/span><\/a><\/strong><\/p>\n<\/div><figure class=\"wp-block-media-text__media\"><img loading=\"lazy\" decoding=\"async\" width=\"1024\" height=\"768\" src=\"https:\/\/www.westcam-group.com\/wp-content\/uploads\/2024\/04\/prs-bild1-1024x768.jpg\" alt=\"\" class=\"wp-image-20053 size-full\" style=\"object-position:50% 50%\" srcset=\"https:\/\/westcam2023.westcam-staging.web-crossing.com\/wp-content\/uploads\/2024\/04\/prs-bild1-1024x768.jpg 1024w, https:\/\/westcam2023.westcam-staging.web-crossing.com\/wp-content\/uploads\/2024\/04\/prs-bild1-300x225.jpg 300w, https:\/\/westcam2023.westcam-staging.web-crossing.com\/wp-content\/uploads\/2024\/04\/prs-bild1-768x576.jpg 768w, https:\/\/westcam2023.westcam-staging.web-crossing.com\/wp-content\/uploads\/2024\/04\/prs-bild1-1536x1152.jpg 1536w, https:\/\/westcam2023.westcam-staging.web-crossing.com\/wp-content\/uploads\/2024\/04\/prs-bild1-1200x900.jpg 1200w, https:\/\/westcam2023.westcam-staging.web-crossing.com\/wp-content\/uploads\/2024\/04\/prs-bild1-800x600.jpg 800w, https:\/\/westcam2023.westcam-staging.web-crossing.com\/wp-content\/uploads\/2024\/04\/prs-bild1.jpg 1700w\" sizes=\"auto, (max-width: 1024px) 100vw, 1024px\" \/><\/figure><\/div>\n\n\n\n<div class=\"wp-block-media-text is-stacked-on-mobile is-image-fill-element\" style=\"margin-top:var(--wp--preset--spacing--50);margin-right:0;margin-bottom:var(--wp--preset--spacing--50);margin-left:0;padding-right:0;padding-left:0\"><figure class=\"wp-block-media-text__media\"><img loading=\"lazy\" decoding=\"async\" width=\"1024\" height=\"683\" src=\"https:\/\/www.westcam-group.com\/wp-content\/uploads\/2024\/04\/westcam-prs-system-automation-1024x683.jpeg\" alt=\"\" class=\"wp-image-25850 size-full\" style=\"object-position:50% 50%\" srcset=\"https:\/\/westcam2023.westcam-staging.web-crossing.com\/wp-content\/uploads\/2024\/04\/westcam-prs-system-automation-1024x683.jpeg 1024w, https:\/\/westcam2023.westcam-staging.web-crossing.com\/wp-content\/uploads\/2024\/04\/westcam-prs-system-automation-300x200.jpeg 300w, https:\/\/westcam2023.westcam-staging.web-crossing.com\/wp-content\/uploads\/2024\/04\/westcam-prs-system-automation-768x512.jpeg 768w, https:\/\/westcam2023.westcam-staging.web-crossing.com\/wp-content\/uploads\/2024\/04\/westcam-prs-system-automation-1536x1024.jpeg 1536w, https:\/\/westcam2023.westcam-staging.web-crossing.com\/wp-content\/uploads\/2024\/04\/westcam-prs-system-automation-1350x900.jpeg 1350w, https:\/\/westcam2023.westcam-staging.web-crossing.com\/wp-content\/uploads\/2024\/04\/westcam-prs-system-automation-900x600.jpeg 900w, https:\/\/westcam2023.westcam-staging.web-crossing.com\/wp-content\/uploads\/2024\/04\/westcam-prs-system-automation.jpeg 1620w\" sizes=\"auto, (max-width: 1024px) 100vw, 1024px\" \/><\/figure><div class=\"wp-block-media-text__content\">\n<h2 class=\"wp-block-heading\" style=\"text-transform:none\">Leistungsstarke Automatisierung<\/h2>\n\n\n\n<p class=\"has-text-align-left\">Die Zuordnung erfolgt <strong>vollautomatisch<\/strong> mittels <strong>optischer Bildaufnahme <\/strong>und einer <strong>Bilderkennungs-Software<\/strong>.<\/p>\n\n\n\n<p class=\"has-text-align-left\">Damit wird Ihr <strong>CAD\/CAM-Prozess<\/strong> durch eine leistungsstarke Automatisierungsl\u00f6sung <strong>nachhaltig erg\u00e4nzt<\/strong>.<\/p>\n<\/div><\/div>\n\n\n\n<h2 class=\"wp-block-heading\" style=\"text-transform:none\">Die Vorteile des PRS-System<\/h2>\n\n\n\n<div class=\"wp-block-columns is-layout-flex wp-container-core-columns-is-layout-28f84493 wp-block-columns-is-layout-flex\">\n<div class=\"wp-block-column is-layout-flow wp-block-column-is-layout-flow\">\n<p><strong>Automatisierung <\/strong>der Identifikation Ihrer Produkte nach der Produktion<\/p>\n\n\n\n<p><strong>Prozessoptimierung<\/strong> durch Vereinfachung manueller Aufgaben in der Vorbereitung, Kontrolle und Verpackung Ihrer Bauteile<\/p>\n\n\n\n<p><strong>Durchsatzerh\u00f6hung<\/strong> dank gesteigerter Auslastung der vorgelagerten Anlagen (z.B. Sinter\u00f6fen, 3D-Drucker, Bearbeitungsstationen, Versand)<\/p>\n<\/div>\n\n\n\n<div class=\"wp-block-column is-layout-flow wp-block-column-is-layout-flow\">\n<p><strong>Steigerung der Effizienz<\/strong> durch Zeitersparnis und reduzierte Pr\u00fcfkosten \u2013 mittels autonomer \u00dcberwachung<\/p>\n\n\n\n<p><strong>Direkte System-Anbindung<\/strong> an Ihr ERP bzw. PPS, korrekte Kunden-Auslieferung dank verwechslungsfreier Identifikation der Bauteile<\/p>\n\n\n\n<p><\/p>\n\n\n\n<p><\/p>\n<\/div>\n<\/div>\n\n\n\n<figure class=\"wp-block-image size-large\"><img loading=\"lazy\" decoding=\"async\" width=\"1024\" height=\"413\" src=\"https:\/\/www.westcam-group.com\/wp-content\/uploads\/2024\/04\/prs-bild3-1024x413.png\" alt=\"\" class=\"wp-image-20059\" srcset=\"https:\/\/westcam2023.westcam-staging.web-crossing.com\/wp-content\/uploads\/2024\/04\/prs-bild3-1024x413.png 1024w, https:\/\/westcam2023.westcam-staging.web-crossing.com\/wp-content\/uploads\/2024\/04\/prs-bild3-300x121.png 300w, https:\/\/westcam2023.westcam-staging.web-crossing.com\/wp-content\/uploads\/2024\/04\/prs-bild3-768x310.png 768w, https:\/\/westcam2023.westcam-staging.web-crossing.com\/wp-content\/uploads\/2024\/04\/prs-bild3-1486x600.png 1486w, https:\/\/westcam2023.westcam-staging.web-crossing.com\/wp-content\/uploads\/2024\/04\/prs-bild3.png 1531w\" sizes=\"auto, (max-width: 1024px) 100vw, 1024px\" \/><\/figure>\n<\/div>\n\n\n\n<div class=\"wp-block-webx-blocks-content-slider arrow-position-inline\"><div class=\"webx-wrapper\"><div id=\"707\" class=\"webx-content-swiper\" data-autoplay=\"true\" data-autoplayspeed=\"5000\" data-slidespeed=\"1000\"><div class=\"swiper-wrapper\">\n<div class=\"wp-block-webx-blocks-content-slide swiper-slide has-5-d-1343-background-color has-background\">\n<p><\/p>\n<\/div>\n<\/div><\/div><\/div><\/div>\n\n\n\n<div class=\"wp-block-group has-global-padding is-layout-constrained wp-container-core-group-is-layout-baed9f38 wp-block-group-is-layout-constrained\" style=\"margin-top:var(--wp--preset--spacing--60);margin-bottom:var(--wp--preset--spacing--60)\">\n<h3 class=\"wp-block-heading\" style=\"margin-top:var(--wp--preset--spacing--20);margin-right:0;margin-bottom:var(--wp--preset--spacing--20);margin-left:0;text-transform:none\">H\u00e4ufig gestellte Fragen  (FAQs)<\/h3>\n\n\n\n<div class=\"wp-block-webx-blocks-accordion\">\n<div class=\"accordion\" id=\"wann-brauche-ich-ein-prs-teileerkennungssystem\"><h2 class=\"title faq-title\" itemprop=\"name\"><a href=\"#wann-brauche-ich-ein-prs-teileerkennungssystem\">Wann brauche ich ein PRS Teileerkennungssystem?<\/a><\/h2><div class=\"content\"><div class=\"wrapper\">\n<p>Schwer unterscheidbare Artikel und Teile k\u00f6nnen leicht verwechselt werden. Durch unser PRS Teileerkennungssystem sind Verwechslungen ausgeschlossen. Geschwindigkeit und Pr\u00e4zision im Prozess bleiben konstant. Somit wird Ihre Effizienz gesteigert.<\/p>\n<\/div><\/div><\/div>\n\n\n\n<div class=\"accordion\" id=\"ist-das-prs-teileerkennungssystem-auch-in-anderen-bereichen-einsetzbar\"><h2 class=\"title faq-title\" itemprop=\"name\"><a href=\"#ist-das-prs-teileerkennungssystem-auch-in-anderen-bereichen-einsetzbar\">Ist das PRS Teileerkennungssystem auch in anderen Bereichen einsetzbar?<\/a><\/h2><div class=\"content\"><div class=\"wrapper\">\n<p>Ja! Mit unserem PRS Teileerkennungssystem helfen wir Ihnen dabei, individuell erzeugte Produkte oder Bauteile \u201ejeder Art\u201c richtig zu erkennen und zuzuordnen.<\/p>\n<\/div><\/div><\/div>\n<\/div>\n<\/div>\n\n\n\n<div class=\"wp-block-group has-global-padding is-layout-constrained wp-container-core-group-is-layout-19e250f3 wp-block-group-is-layout-constrained\">\n<div id=\"free-version\" class=\"wp-block-group has-base-color has-contrast-background-color has-text-color has-background has-link-color wp-elements-42a5b246f2c5825d8b62db699a844af9 has-global-padding is-layout-constrained wp-container-core-group-is-layout-52009084 wp-block-group-is-layout-constrained\" style=\"padding-top:var(--wp--preset--spacing--40);padding-right:var(--wp--preset--spacing--40);padding-bottom:var(--wp--preset--spacing--40);padding-left:var(--wp--preset--spacing--40)\">\n<h3 class=\"wp-block-heading has-base-color has-text-color has-link-color wp-elements-fa5c1c739b71d42927e60a341952d0c3\" style=\"text-transform:none\">Wir beraten Sie pers\u00f6nlich!<\/h3>\n\n\n\n<div class=\"wpcf7 no-js\" id=\"wpcf7-f31160-o1\" lang=\"de-DE\" dir=\"ltr\" data-wpcf7-id=\"31160\">\n<div class=\"screen-reader-response\"><p role=\"status\" aria-live=\"polite\" aria-atomic=\"true\"><\/p> <ul><\/ul><\/div>\n<form action=\"\/cs\/wp-json\/wp\/v2\/product\/4621#wpcf7-f31160-o1\" method=\"post\" class=\"wpcf7-form init\" aria-label=\"Kontaktformular\" novalidate=\"novalidate\" data-status=\"init\">\n<div style=\"display: none;\">\n<input type=\"hidden\" name=\"_wpcf7\" value=\"31160\" \/>\n<input type=\"hidden\" name=\"_wpcf7_version\" value=\"6.0.1\" \/>\n<input type=\"hidden\" name=\"_wpcf7_locale\" value=\"de_DE\" \/>\n<input type=\"hidden\" name=\"_wpcf7_unit_tag\" value=\"wpcf7-f31160-o1\" \/>\n<input type=\"hidden\" name=\"_wpcf7_container_post\" value=\"0\" \/>\n<input type=\"hidden\" name=\"_wpcf7_posted_data_hash\" value=\"\" \/>\n<input type=\"hidden\" name=\"_wpcf7dtx_version\" value=\"5.0.2\" \/>\n<input type=\"hidden\" name=\"_wpcf7_recaptcha_response\" value=\"\" \/>\n<\/div>\n<h3> Anfrage: <label class=\"wpcf7-form-control wpcf7-label wpcf7dtx wpcf7dtx-label\" for=\"PRS - Teile-Erkennungssystem\">PRS - Teile-Erkennungssystem<\/label><span class=\"wpcf7-form-control-wrap dynamic_hidden-post-title\" data-name=\"dynamic_hidden-post-title\"><input type=\"hidden\" name=\"dynamic_hidden-post-title\" class=\"wpcf7-form-control wpcf7-hidden wpcf7dtx wpcf7dtx-hidden\" aria-invalid=\"false\" value=\"PRS - Teile-Erkennungssystem\"><\/span><\/h3>\n\n<label> Name\n    <span class=\"wpcf7-form-control-wrap\" data-name=\"fullname\"><input size=\"40\" maxlength=\"400\" class=\"wpcf7-form-control wpcf7-text\" aria-invalid=\"false\" value=\"\" type=\"text\" name=\"fullname\" \/><\/span> <\/label>\n\n<label> E-Mail-Adresse*\n    <span class=\"wpcf7-form-control-wrap\" data-name=\"email\"><input size=\"40\" maxlength=\"400\" class=\"wpcf7-form-control wpcf7-email wpcf7-validates-as-required wpcf7-text wpcf7-validates-as-email\" aria-required=\"true\" aria-invalid=\"false\" value=\"\" type=\"email\" name=\"email\" \/><\/span> <\/label>\n\n<label> Unternehmen\n    <span class=\"wpcf7-form-control-wrap\" data-name=\"unternehmen\"><input size=\"40\" maxlength=\"400\" class=\"wpcf7-form-control wpcf7-text\" aria-invalid=\"false\" value=\"\" type=\"text\" name=\"unternehmen\" \/><\/span> <\/label>\n\n<label> Ihre Nachricht*\n    <span class=\"wpcf7-form-control-wrap\" data-name=\"nachricht\"><textarea cols=\"40\" rows=\"10\" maxlength=\"2000\" class=\"wpcf7-form-control wpcf7-textarea wpcf7-validates-as-required\" aria-required=\"true\" aria-invalid=\"false\" name=\"nachricht\"><\/textarea><\/span> <\/label>\n\n<input class=\"wpcf7-form-control wpcf7-submit has-spinner\" type=\"submit\" value=\"Senden\" \/>\n\n<div class=\"wpcf7-response-output\" aria-hidden=\"true\"><\/div>\n<\/form>\n<\/div>\n\n<\/div>\n\n\n\n<div id=\"ansprechpartner\" class=\"wp-block-group has-base-2-background-color has-background has-global-padding is-layout-constrained wp-container-core-group-is-layout-16946a23 wp-block-group-is-layout-constrained\" style=\"margin-top:0;margin-bottom:0;padding-top:var(--wp--preset--spacing--30);padding-right:var(--wp--preset--spacing--30);padding-bottom:var(--wp--preset--spacing--30);padding-left:var(--wp--preset--spacing--30)\">\n<div class=\"wp-block-group has-base-2-background-color has-background has-global-padding is-layout-constrained wp-container-core-group-is-layout-19e250f3 wp-block-group-is-layout-constrained\">\n<h2 class=\"wp-block-heading\" style=\"text-transform:none\">Gerne f\u00fcr Sie da<\/h2>\n<\/div>\n\n\n<div class=\"wp-block-webx-blocks-westcam-employee-display\">\n    <div class=\"employee-image\">\n        <img decoding=\"async\" src=\"https:\/\/westcam2023.westcam-staging.web-crossing.com\/wp-content\/uploads\/2024\/05\/Harald_Unterrainer_WESTCAM-300x300.jpg\" alt=Harald Unterrainer \/>\n    <\/div>\n    <div class=\"employee-info\">\n        <div class=\"heading-h3\">Harald Unterrainer<\/div>\n        <div class=\"heading-h5 is-style-westcamized\">CEO WESTCAM Technologies GmbH<\/div>\n    <\/div>\n    <div class=\"employee-social\">\n        <div class=\"icons\">\n                        <a href=https:\/\/www.linkedin.com\/in\/mag-harald-unterrainer-mba-cse-b0829214\/ title=\"Harald Unterrainer on linkedIn\"\n                target=\"_blank\" rel=\"noopener noreferrer\">\n                <?xml version=\"1.0\" encoding=\"UTF-8\" standalone=\"no\"?>\n                <!DOCTYPE svg PUBLIC \"-\/\/W3C\/\/DTD SVG 1.1\/\/EN\" \"http:\/\/www.w3.org\/Graphics\/SVG\/1.1\/DTD\/svg11.dtd\"><svg\n                    width=\"100%\" height=\"100%\" viewBox=\"0 0 248 204\" version=\"1.1\" xmlns=\"http:\/\/www.w3.org\/2000\/svg\"\n                    xmlns:xlink=\"http:\/\/www.w3.org\/1999\/xlink\" xml:space=\"preserve\" xmlns:serif=\"http:\/\/www.serif.com\/\"\n                    style=\"fill-rule:evenodd;clip-rule:evenodd;stroke-linejoin:round;stroke-miterlimit:2;\">\n                    <path\n                        d=\"M226,204l-41.916,0l0,-71.392c0,-19.573 -7.437,-30.512 -22.93,-30.512c-16.854,0 -25.659,11.383 -25.659,30.512l-0,71.392l-40.395,0l-0,-136l40.395,-0l-0,18.319c-0,0 12.146,-22.474 41.006,-22.474c28.847,-0 49.499,17.616 49.499,54.048l0,86.107Zm-179.091,-153.808c-13.759,-0 -24.909,-11.237 -24.909,-25.096c0,-13.859 11.15,-25.096 24.909,-25.096c13.759,-0 24.902,11.237 24.902,25.096c0,13.859 -11.143,25.096 -24.902,25.096Zm-20.858,153.808l42.121,0l0,-136l-42.121,-0l-0,136Z\" \/>\n                <\/svg>\n            <\/a>\n                                    <a href=\"\/vcard\/6100\" title=\"Download vCard\"\n                class=\"vcard-button\">\n                <svg xmlns=\"http:\/\/www.w3.org\/2000\/svg\" width=\"32.143\" height=\"25\" viewBox=\"0 0 32.143 25\">\n                    <path id=\"address-card-solid\"\n                        d=\"M3.571,32A3.575,3.575,0,0,0,0,35.571V53.429A3.575,3.575,0,0,0,3.571,57h25a3.575,3.575,0,0,0,3.571-3.571V35.571A3.575,3.575,0,0,0,28.571,32ZM8.036,46.286h3.571a4.463,4.463,0,0,1,4.464,4.464.9.9,0,0,1-.893.893H4.464a.9.9,0,0,1-.893-.893A4.463,4.463,0,0,1,8.036,46.286ZM6.25,40.929A3.571,3.571,0,1,1,9.821,44.5,3.571,3.571,0,0,1,6.25,40.929Zm14.286-1.786h7.143a.893.893,0,0,1,0,1.786H20.536a.893.893,0,0,1,0-1.786Zm0,3.571h7.143a.893.893,0,0,1,0,1.786H20.536a.893.893,0,0,1,0-1.786Zm0,3.571h7.143a.893.893,0,0,1,0,1.786H20.536a.893.893,0,0,1,0-1.786Z\"\n                        transform=\"translate(0 -32)\" fill=\"#111\" \/>\n                <\/svg>\n            <\/a>\n        <\/div>\n    <\/div>\n    <div class=\"employee-contact\">\n                <a href=\"tel:+43 5223 55509 132\">\n            <div class=\" employee-phone\">\n                <svg xmlns=\"http:\/\/www.w3.org\/2000\/svg\" width=\"32\" height=\"32\" viewBox=\"0 0 32 32\">\n                    <path id=\"phone\"\n                        d=\"M6.529,4h7.059l3.529,8.824-4.412,2.647a19.412,19.412,0,0,0,8.824,8.824l2.647-4.412L33,23.412v7.059A3.529,3.529,0,0,1,29.471,34,28.235,28.235,0,0,1,3,7.529,3.529,3.529,0,0,1,6.529,4\"\n                        transform=\"translate(-2 -3)\" fill=\"none\" stroke=\"#111\" stroke-linecap=\"round\"\n                        stroke-linejoin=\"round\" stroke-width=\"2\" \/>\n                <\/svg>\n\n                +43 5223 55509 132\n            <\/div>\n        <\/a>\n                                <a href=\"mailto:harald.unterrainer@westcam.at\">\n            <div class=\" employee-email\">\n                <svg xmlns=\"http:\/\/www.w3.org\/2000\/svg\" width=\"32.773\" height=\"25.333\" viewBox=\"0 0 32.773 25.333\">\n                    <g id=\"mail\" transform=\"translate(1.387 1)\">\n                        <rect id=\"Rechteck_11\" data-name=\"Rechteck 11\" width=\"30\" height=\"23.333\" rx=\"2\" fill=\"none\"\n                            stroke=\"#111\" stroke-linecap=\"round\" stroke-linejoin=\"round\" stroke-width=\"2\" \/>\n                        <path id=\"Pfad_100\" data-name=\"Pfad 100\" d=\"M3,7,18,17,33,7\" transform=\"translate(-3 -3.667)\"\n                            fill=\"none\" stroke=\"#111\" stroke-linecap=\"round\" stroke-linejoin=\"round\" stroke-width=\"2\" \/>\n                    <\/g>\n                <\/svg>\n                harald.unterrainer@westcam.at\n            <\/div>\n        <\/a>\n        \n\n\n    <\/div>\n        <div class=\"employee-callback wp-block-button is-style-outline\">\n        <a href=\"\/anfrage\/?email=anfrage-office\"\n            class=\"wp-block-button__link wp-element-button\">Anfrage<\/a>\n    <\/div>\n    <\/div><\/div>\n<\/div>\n","protected":false},"excerpt":{"rendered":"<p>Fehlerfreie Erkennung und Zuordnung individuell erzeugter Bauteile.<\/p>\n","protected":false},"author":2,"featured_media":20064,"parent":4603,"menu_order":13,"comment_status":"closed","ping_status":"closed","template":"","meta":{"footnotes":""},"competence":[2532],"class_list":["post-4621","product","type-product","status-publish","has-post-thumbnail","hentry","competence-automatisierungsloesungen"],"_links":{"self":[{"href":"https:\/\/westcam2023.westcam-staging.web-crossing.com\/cs\/wp-json\/wp\/v2\/product\/4621","targetHints":{"allow":["GET"]}}],"collection":[{"href":"https:\/\/westcam2023.westcam-staging.web-crossing.com\/cs\/wp-json\/wp\/v2\/product"}],"about":[{"href":"https:\/\/westcam2023.westcam-staging.web-crossing.com\/cs\/wp-json\/wp\/v2\/types\/product"}],"author":[{"embeddable":true,"href":"https:\/\/westcam2023.westcam-staging.web-crossing.com\/cs\/wp-json\/wp\/v2\/users\/2"}],"replies":[{"embeddable":true,"href":"https:\/\/westcam2023.westcam-staging.web-crossing.com\/cs\/wp-json\/wp\/v2\/comments?post=4621"}],"version-history":[{"count":14,"href":"https:\/\/westcam2023.westcam-staging.web-crossing.com\/cs\/wp-json\/wp\/v2\/product\/4621\/revisions"}],"predecessor-version":[{"id":30399,"href":"https:\/\/westcam2023.westcam-staging.web-crossing.com\/cs\/wp-json\/wp\/v2\/product\/4621\/revisions\/30399"}],"up":[{"embeddable":true,"href":"https:\/\/westcam2023.westcam-staging.web-crossing.com\/cs\/wp-json\/wp\/v2\/product\/4603"}],"wp:featuredmedia":[{"embeddable":true,"href":"https:\/\/westcam2023.westcam-staging.web-crossing.com\/cs\/wp-json\/wp\/v2\/media\/20064"}],"wp:attachment":[{"href":"https:\/\/westcam2023.westcam-staging.web-crossing.com\/cs\/wp-json\/wp\/v2\/media?parent=4621"}],"wp:term":[{"taxonomy":"competence","embeddable":true,"href":"https:\/\/westcam2023.westcam-staging.web-crossing.com\/cs\/wp-json\/wp\/v2\/competence?post=4621"}],"curies":[{"name":"wp","href":"https:\/\/api.w.org\/{rel}","templated":true}]}}