{"id":4609,"date":"2024-04-24T10:09:04","date_gmt":"2024-04-24T08:09:04","guid":{"rendered":"https:\/\/westcam2023.westcam.web-crossing.com\/?post_type=product&#038;p=4609"},"modified":"2024-11-08T12:39:11","modified_gmt":"2024-11-08T11:39:11","slug":"griffpunkt-planungssystem","status":"publish","type":"product","link":"https:\/\/westcam2023.westcam-staging.web-crossing.com\/cs\/produkte\/mechatronik-robotik\/automatisierungsloesungen\/griffpunkt-planungssystem\/","title":{"rendered":"Roboter Griffpunkt Planungssysteme"},"content":{"rendered":"\n<div style=\"background-image:url(&apos;https:\/\/www.westcam-group.com\/wp-content\/uploads\/2024\/03\/bggrid.webp&apos;);background-position:50% 50%;background-repeat:no-repeat;background-size:contain;\" class=\"wp-block-group has-global-padding is-layout-constrained wp-container-core-group-is-layout-9f245e94 wp-block-group-is-layout-constrained has-background\">\n<div class=\"wp-block-webx-blocks-grid is-layout-grid wp-container-webx-blocks-grid-is-layout-8c8cfa07 wp-block-webx-blocks-grid-is-layout-grid\" style=\"margin-top:var(--wp--preset--spacing--50);margin-bottom:var(--wp--preset--spacing--50);--grid-columns-desktop:2;--grid-columns-tablet:2;--grid-columns-mobile:1\">\n<div class=\"wp-block-webx-blocks-grid-item is-layout-flow wp-block-webx-blocks-grid-item-is-layout-flow\" style=\"padding-top:var(--wp--preset--spacing--30);padding-right:var(--wp--preset--spacing--10);padding-bottom:var(--wp--preset--spacing--10);padding-left:var(--wp--preset--spacing--10);--grid-area-desktop:auto \/ auto \/ auto \/ auto;--grid-area-tablet:auto \/ auto \/ auto \/ auto;--grid-area-mobile:auto \/ auto \/ auto \/ auto\">\n<div class=\"wp-block-webx-blocks-fake-heading heading-h4 is-style-westcamized\" style=\"text-transform:none\">Automatisierte Berechnung von Griffpunkten f\u00fcr komplex geformte Bauteile<\/div>\n\n\n\n<h1 class=\"wp-block-heading hero-title has-xx-large-font-size\" style=\"margin-top:var(--wp--preset--spacing--20);margin-bottom:var(--wp--preset--spacing--20);line-height:1;text-transform:none\">GRIPPLANNING System<\/h1>\n\n\n\n<p><strong><br><br>PREISGEKR\u00d6NTES Softwarepaket zur automatisierten Lageberechnung und Berechnung von Griffpunkten f\u00fcr Manipulationsaufgaben mittels Roboter. (Handling Award 2016)<br><\/strong><\/p>\n\n\n\n<p>Der Probleml\u00f6ser und seine Anwendungsgebiete:<\/p>\n\n\n\n<p><strong>Einlernen <\/strong>von frei positionierten, komplex bzw. organisch geformten <strong>Bauteilen<\/strong> mit gro\u00dfer Objektvielfalt f\u00fcr <strong>automatisierte Pick &amp; Place<\/strong>-Anwendungen. <strong>Auch f\u00fcr einfache Teile mit hoher Sortenvielfalt einsetzbar.<\/strong><\/p>\n\n\n\n<div class=\"wp-block-buttons is-layout-flex wp-block-buttons-is-layout-flex\" style=\"margin-top:var(--wp--preset--spacing--20);margin-bottom:var(--wp--preset--spacing--20)\">\n<div class=\"wp-block-button\"><a class=\"wp-block-button__link wp-element-button\" href=\"#free-version\">Jetzt Anfragen<\/a><\/div>\n<\/div>\n\n\n\n<p>Das k\u00f6nnte Sie auch interessieren:<\/p>\n\n\n\n<p><strong><span class=\"add-arrow\"><a href=\"https:\/\/www.westcam-group.com\/produkte\/mechatronik-robotik\/automatisierungsloesungen\/pickplace-positionierungssystem\/\" data-type=\"product\" data-id=\"4607\" target=\"_blank\" rel=\"noopener\">Pick &amp; Place Positioniersystem<\/a><\/span><\/strong><\/p>\n<\/div>\n\n\n\n<div class=\"wp-block-webx-blocks-grid-item is-layout-flow wp-container-webx-blocks-grid-item-is-layout-69fcd244 wp-block-webx-blocks-grid-item-is-layout-flow\" style=\"padding-top:0;padding-right:0;padding-bottom:0;padding-left:0;--grid-area-desktop:auto \/ auto \/ auto \/ auto;--grid-area-tablet:auto \/ auto \/ auto \/ auto;--grid-area-mobile:auto \/ auto \/ auto \/ auto\">\n<figure class=\"wp-block-image aligncenter size-full is-style-default\"><img loading=\"lazy\" decoding=\"async\" width=\"1920\" height=\"800\" src=\"https:\/\/www.westcam-group.com\/wp-content\/uploads\/2024\/08\/gripplanning-bild1.png\" alt=\"GRIPPLANNING\u00a9 System\" class=\"wp-image-19353\" srcset=\"https:\/\/westcam2023.westcam-staging.web-crossing.com\/wp-content\/uploads\/2024\/08\/gripplanning-bild1.png 1920w, https:\/\/westcam2023.westcam-staging.web-crossing.com\/wp-content\/uploads\/2024\/08\/gripplanning-bild1-300x125.png 300w, https:\/\/westcam2023.westcam-staging.web-crossing.com\/wp-content\/uploads\/2024\/08\/gripplanning-bild1-1024x427.png 1024w, https:\/\/westcam2023.westcam-staging.web-crossing.com\/wp-content\/uploads\/2024\/08\/gripplanning-bild1-768x320.png 768w, https:\/\/westcam2023.westcam-staging.web-crossing.com\/wp-content\/uploads\/2024\/08\/gripplanning-bild1-1536x640.png 1536w, https:\/\/westcam2023.westcam-staging.web-crossing.com\/wp-content\/uploads\/2024\/08\/gripplanning-bild1-1440x600.png 1440w\" sizes=\"auto, (max-width: 1920px) 100vw, 1920px\" \/><\/figure>\n\n\n\n<div class=\"wp-block-group hero-violet has-accent-2-background-color has-background is-layout-flow wp-block-group-is-layout-flow\" style=\"padding-top:var(--wp--preset--spacing--30);padding-right:var(--wp--preset--spacing--30);padding-bottom:var(--wp--preset--spacing--30);padding-left:var(--wp--preset--spacing--30)\">\n<div class=\"wp-block-webx-blocks-fake-heading heading-h4 hero-subtitle has-base-color has-text-color\">Highlights<\/div>\n\n\n\n<ul class=\"wp-block-list hero-bullet-list-items is-style-westcam-list has-base-color has-accent-2-background-color has-text-color has-background has-link-color wp-elements-d07da81b8ce23d5648d04b18f0fc6868\">\n<li>Keine h\u00e4ndische Vororientierung und Ausrichtung der Bauteile notwendig<\/li>\n\n\n\n<li>Automatischer Einlern-Prozess reduziert&nbsp;massiv den&nbsp;Zeitaufwand&nbsp;sowie&nbsp;manuelle Fehler<\/li>\n\n\n\n<li>\u201eTeachen\u201c von beliebigen 3D-Datens\u00e4tzen f\u00fcr unterschiedlichste Anwendungsf\u00e4lle<\/li>\n\n\n\n<li>Roboter kalibrierbares Greifer-Tool f\u00fcr kleine Bauteile (gekr\u00f6pfter Sauger)<\/li>\n\n\n\n<li>Flexibel an kundenspezifische Greifer-Geometrien anpassbar<\/li>\n<\/ul>\n<\/div>\n<\/div>\n<\/div>\n<\/div>\n\n\n\n<div class=\"wp-block-group has-global-padding is-layout-constrained wp-container-core-group-is-layout-00189ab9 wp-block-group-is-layout-constrained\">\n<div class=\"wp-block-media-text is-stacked-on-mobile is-image-fill\" style=\"margin-top:var(--wp--preset--spacing--50);margin-right:0;margin-bottom:var(--wp--preset--spacing--50);margin-left:0;padding-right:0;padding-left:0\"><figure class=\"wp-block-media-text__media\" style=\"background-image:url(https:\/\/www.westcam-group.com\/wp-content\/uploads\/2024\/08\/gripplanning-bild2.png);background-position:50% 50%\"><img loading=\"lazy\" decoding=\"async\" width=\"764\" height=\"525\" src=\"https:\/\/www.westcam-group.com\/wp-content\/uploads\/2024\/08\/gripplanning-bild2.png\" alt=\"Erkennung, Vorberechnung, Ermittlung  und Ansteuern\" class=\"wp-image-19347 size-full\" srcset=\"https:\/\/westcam2023.westcam-staging.web-crossing.com\/wp-content\/uploads\/2024\/08\/gripplanning-bild2.png 764w, https:\/\/westcam2023.westcam-staging.web-crossing.com\/wp-content\/uploads\/2024\/08\/gripplanning-bild2-300x206.png 300w\" sizes=\"auto, (max-width: 764px) 100vw, 764px\" \/><\/figure><div class=\"wp-block-media-text__content\">\n<h3 class=\"wp-block-heading has-text-align-left\" style=\"text-transform:none\">Merkmale<\/h3>\n\n\n\n<p>Vollautomatische Vorberechnung der m\u00f6glichen stabilen Lagen mit Griffpositionen auf Basis der CAD-Geometrie<\/p>\n\n\n\n<p>Manuelle Optimierung bei Bedarf m\u00f6glich durch Selektion alternativer Griffpositionen<\/p>\n\n\n\n<p class=\"has-text-align-left\">Aus den Pick &amp; Place Positioniersystemen r\u00fcckflie\u00dfende Statistiken zu Lage, Auftrittswahrscheinlichkeit und Pick &amp; Place Qualit\u00e4t<\/p>\n<\/div><\/div>\n\n\n\n<h2 class=\"wp-block-heading is-style-westcamized\">REFERENZPROJEKT<\/h2>\n\n\n\n<h3 class=\"wp-block-heading\" style=\"text-transform:none\">TMM<strong>\u00a9<\/strong> &#8211; Tooth Mounting Machine<\/h3>\n\n\n\n<p>(<em>European patent No 2925254 and Brazilian patent NoBR 11 2015 012500 0)<\/em><\/p>\n\n\n\n<p class=\"has-large-font-size\">Manipulation von Prothesenz\u00e4hnen<\/p>\n\n\n\n<p>Hunderte verschieden geformte Zahnmodelle mit einer Vielzahl stabiler Lagen werden mit einer Taktzeit von bis zu kleiner 2 Sekunden lagerichtig in eine Gegenform abgelegt.&nbsp;<\/p>\n\n\n\n<div class=\"wp-block-group has-base-2-background-color has-background has-global-padding is-content-justification-center is-layout-constrained wp-container-core-group-is-layout-606d210a wp-block-group-is-layout-constrained\" style=\"padding-top:var(--wp--preset--spacing--30);padding-bottom:var(--wp--preset--spacing--30)\">\n<figure class=\"wp-block-embed is-type-video is-provider-youtube wp-block-embed-youtube wp-embed-aspect-16-9 wp-has-aspect-ratio\" style=\"margin-top:var(--wp--preset--spacing--20);margin-bottom:var(--wp--preset--spacing--20)\"><div class=\"wp-block-embed__wrapper\">\n<div class=\"cookieconsent-optout-marketing\">\n    Bitte  <a href=\"javascript:Cookiebot.renew()\">Marketing-Cookies akzeptieren<\/a>, um dieses Video zu laden.\n    <\/div>\n            <iframe data-cookieblock-src=\"https:\/\/www.youtube.com\/embed\/w355xvl9QHk?feature=oembed\" data-cookieconsent=\"marketing\" title=\"TMM\u00a9  - Tooth Mounting Machine\" width=\"500\" height=\"281\"  frameborder=\"0\" allow=\"accelerometer; autoplay; clipboard-write; encrypted-media; gyroscope; picture-in-picture; web-share\" referrerpolicy=\"strict-origin-when-cross-origin\" allowfullscreen><\/iframe>\n<\/div><figcaption class=\"wp-element-caption\">TMM &#8211; Tooth Mounting Machine &#8211; a patented system of WESTCAM Technologies GmbH<br><\/figcaption><\/figure>\n<\/div>\n\n\n\n<div class=\"wp-block-media-text has-media-on-the-right is-stacked-on-mobile\" style=\"margin-top:var(--wp--preset--spacing--50);margin-right:0;margin-bottom:var(--wp--preset--spacing--50);margin-left:0;padding-right:0;padding-left:0\"><div class=\"wp-block-media-text__content\">\n<h3 class=\"wp-block-heading has-text-align-left\" style=\"text-transform:none\">Wir sind bereit f\u00fcr Ihr Projekt!<\/h3>\n\n\n\n<p class=\"has-text-align-left\"><strong>Auch wenn Sie keine Z\u00e4hne produzieren!<\/strong><\/p>\n\n\n\n<p>Welche komplexe Challenge d\u00fcrfen wir f\u00fcr Sie mit der <strong>Software-Lizenz f\u00fcr<\/strong> <strong>Gripplanning <\/strong>realisieren?<\/p>\n\n\n\n<p>Kontaktieren Sie gleich <a href=\"mailto:harald.unterrainer@westcam.at\">Harald Unterrainer<\/a>.<\/p>\n\n\n\n<p>Das k\u00f6nnte Sie auch interessieren:<\/p>\n\n\n\n<p class=\"has-text-align-left\"><strong><span class=\"add-arrow\"><a href=\"https:\/\/www.westcam-group.com\/produkte\/mechatronik-robotik\/automatisierungsloesungen\/pickplace-positionierungssystem\/\" target=\"_blank\" data-type=\"product\" data-id=\"4607\" rel=\"noreferrer noopener\">Pick &amp; Place Positioniersystem<\/a><\/span><\/strong><\/p>\n<\/div><figure class=\"wp-block-media-text__media\"><img loading=\"lazy\" decoding=\"async\" width=\"471\" height=\"709\" src=\"https:\/\/www.westcam-group.com\/wp-content\/uploads\/2024\/04\/WESTCAM_handling_award_2016-1.jpg\" alt=\"\" class=\"wp-image-29206 size-full\" srcset=\"https:\/\/westcam2023.westcam-staging.web-crossing.com\/wp-content\/uploads\/2024\/04\/WESTCAM_handling_award_2016-1.jpg 471w, https:\/\/westcam2023.westcam-staging.web-crossing.com\/wp-content\/uploads\/2024\/04\/WESTCAM_handling_award_2016-1-199x300.jpg 199w, https:\/\/westcam2023.westcam-staging.web-crossing.com\/wp-content\/uploads\/2024\/04\/WESTCAM_handling_award_2016-1-399x600.jpg 399w\" sizes=\"auto, (max-width: 471px) 100vw, 471px\" \/><\/figure><\/div>\n<\/div>\n\n\n\n<div class=\"wp-block-group has-global-padding is-layout-constrained wp-container-core-group-is-layout-baed9f38 wp-block-group-is-layout-constrained\" style=\"margin-top:var(--wp--preset--spacing--60);margin-bottom:var(--wp--preset--spacing--60)\">\n<h3 class=\"wp-block-heading\" style=\"text-transform:none\">H\u00e4ufig gestellte Fragen (FAQs)<\/h3>\n\n\n\n<div class=\"wp-block-webx-blocks-accordion\">\n<div class=\"accordion\" id=\"gripplanning--was-ist-das-und-wie-wird-es-eingesetzt\"><h2 class=\"title faq-title\" itemprop=\"name\"><a href=\"#gripplanning--was-ist-das-und-wie-wird-es-eingesetzt\">Gripplanning \u2013 was ist das und wie wird es eingesetzt?<\/a><\/h2><div class=\"content\"><div class=\"wrapper\">\n<p>Systeme zur Lageerkennung von Teilen in Roboteranlagen, sind essenziell um Prozesse zu automatisieren.<\/p>\n\n\n\n<p>Gripplanning ist ein System zur automatisierten Lageberechnung und Berechnung von Griffpunkten f\u00fcr Manipulationsaufgaben mittels Roboter. Es ist keine h\u00e4ndische Vororientierung und Ausrichtung der Bauteile notwendig. Ein automatischer Einlern-Prozess reduziert&nbsp;massiv den&nbsp;Zeitaufwand&nbsp;sowie&nbsp;manuelle Fehler.<\/p>\n<\/div><\/div><\/div>\n\n\n\n<div class=\"accordion\" id=\"funktioniert-gripplanning-bei-groer-teilevielfalt-mit-komplexorganischfreigeformten-teilen\"><h2 class=\"title faq-title\" itemprop=\"name\"><a href=\"#funktioniert-gripplanning-bei-groer-teilevielfalt-mit-komplexorganischfreigeformten-teilen\">Funktioniert Gripplanning bei gro\u00dfer Teilevielfalt mit komplex-\/organisch-\/frei-geformten Teilen?<\/a><\/h2><div class=\"content\"><div class=\"wrapper\">\n<p>Ja! Wenn es in Ihrer Produktion eine sehr hohe Bauteilevielfalt von komplex-\/ organisch-\/frei-geformten Teilen gibt, ist ein \u201emanuelles Anlernen\u201c oftmals nicht effizient. Wir haben die richtige Automatisierungsl\u00f6sung im Bereich Pick &amp; Place f\u00fcr Sie, mit der Sie automatisiert Teile einlernen, im Weiteren sortieren und mit Pick &amp; Place bewegen k\u00f6nnen. Die WESTCAM<s>&#8211;<\/s>Gripplanning\u00a9 Software unterst\u00fctzt diese Prozesse.<\/p>\n<\/div><\/div><\/div>\n\n\n\n<div class=\"accordion\" id=\"ihr-unternehmen-hat-bereits-greifroboter-im-einsatz--sie-mchten-sich-ber-die-vorteile-von-gripplanning-informieren\"><h2 class=\"title faq-title\" itemprop=\"name\"><a href=\"#ihr-unternehmen-hat-bereits-greifroboter-im-einsatz--sie-mchten-sich-ber-die-vorteile-von-gripplanning-informieren\">Ihr Unternehmen hat bereits Greifroboter im Einsatz \u2013 Sie m\u00f6chten sich \u00fcber die Vorteile von Gripplanning informieren?<\/a><\/h2><div class=\"content\"><div class=\"wrapper\">\n<p>Jederzeit gerne! Wir stehen Ihnen f\u00fcr eine kostenloses Beratungsgespr\u00e4ch zur Verf\u00fcgung. Kontaktieren Sie uns doch gleich. Wir freuen uns auf Sie!<\/p>\n<\/div><\/div><\/div>\n<\/div>\n<\/div>\n\n\n\n<div class=\"wp-block-group has-global-padding is-layout-constrained wp-container-core-group-is-layout-19e250f3 wp-block-group-is-layout-constrained\">\n<div id=\"free-version\" class=\"wp-block-group has-base-color has-contrast-background-color has-text-color has-background has-link-color wp-elements-42a5b246f2c5825d8b62db699a844af9 has-global-padding is-layout-constrained wp-container-core-group-is-layout-52009084 wp-block-group-is-layout-constrained\" style=\"padding-top:var(--wp--preset--spacing--40);padding-right:var(--wp--preset--spacing--40);padding-bottom:var(--wp--preset--spacing--40);padding-left:var(--wp--preset--spacing--40)\">\n<h3 class=\"wp-block-heading has-base-color has-text-color has-link-color wp-elements-fa5c1c739b71d42927e60a341952d0c3\" style=\"text-transform:none\">Wir beraten Sie pers\u00f6nlich!<\/h3>\n\n\n\n<div class=\"wpcf7 no-js\" id=\"wpcf7-f31160-o1\" lang=\"de-DE\" dir=\"ltr\" data-wpcf7-id=\"31160\">\n<div class=\"screen-reader-response\"><p role=\"status\" aria-live=\"polite\" aria-atomic=\"true\"><\/p> <ul><\/ul><\/div>\n<form action=\"\/cs\/wp-json\/wp\/v2\/product\/4609#wpcf7-f31160-o1\" method=\"post\" class=\"wpcf7-form init\" aria-label=\"Kontaktformular\" novalidate=\"novalidate\" data-status=\"init\">\n<div style=\"display: none;\">\n<input type=\"hidden\" name=\"_wpcf7\" value=\"31160\" \/>\n<input type=\"hidden\" name=\"_wpcf7_version\" value=\"6.0.1\" \/>\n<input type=\"hidden\" name=\"_wpcf7_locale\" value=\"de_DE\" \/>\n<input type=\"hidden\" name=\"_wpcf7_unit_tag\" value=\"wpcf7-f31160-o1\" \/>\n<input type=\"hidden\" name=\"_wpcf7_container_post\" value=\"0\" \/>\n<input type=\"hidden\" name=\"_wpcf7_posted_data_hash\" value=\"\" \/>\n<input type=\"hidden\" name=\"_wpcf7dtx_version\" value=\"5.0.2\" \/>\n<input type=\"hidden\" name=\"_wpcf7_recaptcha_response\" value=\"\" \/>\n<\/div>\n<h3> Anfrage: <label class=\"wpcf7-form-control wpcf7-label wpcf7dtx wpcf7dtx-label\" for=\"Roboter Griffpunkt Planungssysteme\">Roboter Griffpunkt Planungssysteme<\/label><span class=\"wpcf7-form-control-wrap dynamic_hidden-post-title\" data-name=\"dynamic_hidden-post-title\"><input type=\"hidden\" name=\"dynamic_hidden-post-title\" class=\"wpcf7-form-control wpcf7-hidden wpcf7dtx wpcf7dtx-hidden\" aria-invalid=\"false\" value=\"Roboter Griffpunkt Planungssysteme\"><\/span><\/h3>\n\n<label> Name\n    <span class=\"wpcf7-form-control-wrap\" data-name=\"fullname\"><input size=\"40\" maxlength=\"400\" class=\"wpcf7-form-control wpcf7-text\" aria-invalid=\"false\" value=\"\" type=\"text\" name=\"fullname\" \/><\/span> <\/label>\n\n<label> E-Mail-Adresse*\n    <span class=\"wpcf7-form-control-wrap\" data-name=\"email\"><input size=\"40\" maxlength=\"400\" class=\"wpcf7-form-control wpcf7-email wpcf7-validates-as-required wpcf7-text wpcf7-validates-as-email\" aria-required=\"true\" aria-invalid=\"false\" value=\"\" type=\"email\" name=\"email\" \/><\/span> <\/label>\n\n<label> Unternehmen\n    <span class=\"wpcf7-form-control-wrap\" data-name=\"unternehmen\"><input size=\"40\" maxlength=\"400\" class=\"wpcf7-form-control wpcf7-text\" aria-invalid=\"false\" value=\"\" type=\"text\" name=\"unternehmen\" \/><\/span> <\/label>\n\n<label> Ihre Nachricht*\n    <span class=\"wpcf7-form-control-wrap\" data-name=\"nachricht\"><textarea cols=\"40\" rows=\"10\" maxlength=\"2000\" class=\"wpcf7-form-control wpcf7-textarea wpcf7-validates-as-required\" aria-required=\"true\" aria-invalid=\"false\" name=\"nachricht\"><\/textarea><\/span> <\/label>\n\n<input class=\"wpcf7-form-control wpcf7-submit has-spinner\" type=\"submit\" value=\"Senden\" \/>\n\n<div class=\"wpcf7-response-output\" aria-hidden=\"true\"><\/div>\n<\/form>\n<\/div>\n\n<\/div>\n\n\n\n<div id=\"ansprechpartner\" class=\"wp-block-group has-base-2-background-color has-background has-global-padding is-layout-constrained wp-container-core-group-is-layout-16946a23 wp-block-group-is-layout-constrained\" style=\"margin-top:0;margin-bottom:0;padding-top:var(--wp--preset--spacing--30);padding-right:var(--wp--preset--spacing--30);padding-bottom:var(--wp--preset--spacing--30);padding-left:var(--wp--preset--spacing--30)\">\n<div class=\"wp-block-group has-base-2-background-color has-background has-global-padding is-layout-constrained wp-container-core-group-is-layout-19e250f3 wp-block-group-is-layout-constrained\">\n<h2 class=\"wp-block-heading\" style=\"text-transform:none\">Gerne f\u00fcr Sie da<\/h2>\n<\/div>\n\n\n<div class=\"wp-block-webx-blocks-westcam-employee-display\">\n    <div class=\"employee-image\">\n        <img decoding=\"async\" src=\"https:\/\/westcam2023.westcam-staging.web-crossing.com\/wp-content\/uploads\/2024\/05\/Harald_Unterrainer_WESTCAM-300x300.jpg\" alt=Harald Unterrainer \/>\n    <\/div>\n    <div class=\"employee-info\">\n        <div class=\"heading-h3\">Harald Unterrainer<\/div>\n        <div class=\"heading-h5 is-style-westcamized\">CEO WESTCAM Technologies GmbH<\/div>\n    <\/div>\n    <div class=\"employee-social\">\n        <div class=\"icons\">\n                        <a href=https:\/\/www.linkedin.com\/in\/mag-harald-unterrainer-mba-cse-b0829214\/ title=\"Harald Unterrainer on linkedIn\"\n                target=\"_blank\" rel=\"noopener noreferrer\">\n                <?xml version=\"1.0\" encoding=\"UTF-8\" standalone=\"no\"?>\n                <!DOCTYPE svg PUBLIC \"-\/\/W3C\/\/DTD SVG 1.1\/\/EN\" \"http:\/\/www.w3.org\/Graphics\/SVG\/1.1\/DTD\/svg11.dtd\"><svg\n                    width=\"100%\" height=\"100%\" viewBox=\"0 0 248 204\" version=\"1.1\" xmlns=\"http:\/\/www.w3.org\/2000\/svg\"\n                    xmlns:xlink=\"http:\/\/www.w3.org\/1999\/xlink\" xml:space=\"preserve\" xmlns:serif=\"http:\/\/www.serif.com\/\"\n                    style=\"fill-rule:evenodd;clip-rule:evenodd;stroke-linejoin:round;stroke-miterlimit:2;\">\n                    <path\n                        d=\"M226,204l-41.916,0l0,-71.392c0,-19.573 -7.437,-30.512 -22.93,-30.512c-16.854,0 -25.659,11.383 -25.659,30.512l-0,71.392l-40.395,0l-0,-136l40.395,-0l-0,18.319c-0,0 12.146,-22.474 41.006,-22.474c28.847,-0 49.499,17.616 49.499,54.048l0,86.107Zm-179.091,-153.808c-13.759,-0 -24.909,-11.237 -24.909,-25.096c0,-13.859 11.15,-25.096 24.909,-25.096c13.759,-0 24.902,11.237 24.902,25.096c0,13.859 -11.143,25.096 -24.902,25.096Zm-20.858,153.808l42.121,0l0,-136l-42.121,-0l-0,136Z\" \/>\n                <\/svg>\n            <\/a>\n                                    <a href=\"\/vcard\/6100\" title=\"Download vCard\"\n                class=\"vcard-button\">\n                <svg xmlns=\"http:\/\/www.w3.org\/2000\/svg\" width=\"32.143\" height=\"25\" viewBox=\"0 0 32.143 25\">\n                    <path id=\"address-card-solid\"\n                        d=\"M3.571,32A3.575,3.575,0,0,0,0,35.571V53.429A3.575,3.575,0,0,0,3.571,57h25a3.575,3.575,0,0,0,3.571-3.571V35.571A3.575,3.575,0,0,0,28.571,32ZM8.036,46.286h3.571a4.463,4.463,0,0,1,4.464,4.464.9.9,0,0,1-.893.893H4.464a.9.9,0,0,1-.893-.893A4.463,4.463,0,0,1,8.036,46.286ZM6.25,40.929A3.571,3.571,0,1,1,9.821,44.5,3.571,3.571,0,0,1,6.25,40.929Zm14.286-1.786h7.143a.893.893,0,0,1,0,1.786H20.536a.893.893,0,0,1,0-1.786Zm0,3.571h7.143a.893.893,0,0,1,0,1.786H20.536a.893.893,0,0,1,0-1.786Zm0,3.571h7.143a.893.893,0,0,1,0,1.786H20.536a.893.893,0,0,1,0-1.786Z\"\n                        transform=\"translate(0 -32)\" fill=\"#111\" \/>\n                <\/svg>\n            <\/a>\n        <\/div>\n    <\/div>\n    <div class=\"employee-contact\">\n                <a href=\"tel:+43 5223 55509 132\">\n            <div class=\" employee-phone\">\n                <svg xmlns=\"http:\/\/www.w3.org\/2000\/svg\" width=\"32\" height=\"32\" viewBox=\"0 0 32 32\">\n                    <path id=\"phone\"\n                        d=\"M6.529,4h7.059l3.529,8.824-4.412,2.647a19.412,19.412,0,0,0,8.824,8.824l2.647-4.412L33,23.412v7.059A3.529,3.529,0,0,1,29.471,34,28.235,28.235,0,0,1,3,7.529,3.529,3.529,0,0,1,6.529,4\"\n                        transform=\"translate(-2 -3)\" fill=\"none\" stroke=\"#111\" stroke-linecap=\"round\"\n                        stroke-linejoin=\"round\" stroke-width=\"2\" \/>\n                <\/svg>\n\n                +43 5223 55509 132\n            <\/div>\n        <\/a>\n                                <a href=\"mailto:harald.unterrainer@westcam.at\">\n            <div class=\" employee-email\">\n                <svg xmlns=\"http:\/\/www.w3.org\/2000\/svg\" width=\"32.773\" height=\"25.333\" viewBox=\"0 0 32.773 25.333\">\n                    <g id=\"mail\" transform=\"translate(1.387 1)\">\n                        <rect id=\"Rechteck_11\" data-name=\"Rechteck 11\" width=\"30\" height=\"23.333\" rx=\"2\" fill=\"none\"\n                            stroke=\"#111\" stroke-linecap=\"round\" stroke-linejoin=\"round\" stroke-width=\"2\" \/>\n                        <path id=\"Pfad_100\" data-name=\"Pfad 100\" d=\"M3,7,18,17,33,7\" transform=\"translate(-3 -3.667)\"\n                            fill=\"none\" stroke=\"#111\" stroke-linecap=\"round\" stroke-linejoin=\"round\" stroke-width=\"2\" \/>\n                    <\/g>\n                <\/svg>\n                harald.unterrainer@westcam.at\n            <\/div>\n        <\/a>\n        \n\n\n    <\/div>\n        <div class=\"employee-callback wp-block-button is-style-outline\">\n        <a href=\"\/anfrage\/?email=anfrage-office\"\n            class=\"wp-block-button__link wp-element-button\">Anfrage<\/a>\n    <\/div>\n    <\/div><\/div>\n<\/div>\n","protected":false},"excerpt":{"rendered":"<p>Unser Softwarepaket zur automatisierten Lageberechnung und Berechnung von Griffpunkten f\u00fcr Manipulationsaufgaben mittels Roboter. <\/p>\n","protected":false},"author":2,"featured_media":19353,"parent":4603,"menu_order":8,"comment_status":"closed","ping_status":"closed","template":"","meta":{"footnotes":""},"competence":[2532],"class_list":["post-4609","product","type-product","status-publish","has-post-thumbnail","hentry","competence-automatisierungsloesungen"],"_links":{"self":[{"href":"https:\/\/westcam2023.westcam-staging.web-crossing.com\/cs\/wp-json\/wp\/v2\/product\/4609","targetHints":{"allow":["GET"]}}],"collection":[{"href":"https:\/\/westcam2023.westcam-staging.web-crossing.com\/cs\/wp-json\/wp\/v2\/product"}],"about":[{"href":"https:\/\/westcam2023.westcam-staging.web-crossing.com\/cs\/wp-json\/wp\/v2\/types\/product"}],"author":[{"embeddable":true,"href":"https:\/\/westcam2023.westcam-staging.web-crossing.com\/cs\/wp-json\/wp\/v2\/users\/2"}],"replies":[{"embeddable":true,"href":"https:\/\/westcam2023.westcam-staging.web-crossing.com\/cs\/wp-json\/wp\/v2\/comments?post=4609"}],"version-history":[{"count":15,"href":"https:\/\/westcam2023.westcam-staging.web-crossing.com\/cs\/wp-json\/wp\/v2\/product\/4609\/revisions"}],"predecessor-version":[{"id":29652,"href":"https:\/\/westcam2023.westcam-staging.web-crossing.com\/cs\/wp-json\/wp\/v2\/product\/4609\/revisions\/29652"}],"up":[{"embeddable":true,"href":"https:\/\/westcam2023.westcam-staging.web-crossing.com\/cs\/wp-json\/wp\/v2\/product\/4603"}],"wp:featuredmedia":[{"embeddable":true,"href":"https:\/\/westcam2023.westcam-staging.web-crossing.com\/cs\/wp-json\/wp\/v2\/media\/19353"}],"wp:attachment":[{"href":"https:\/\/westcam2023.westcam-staging.web-crossing.com\/cs\/wp-json\/wp\/v2\/media?parent=4609"}],"wp:term":[{"taxonomy":"competence","embeddable":true,"href":"https:\/\/westcam2023.westcam-staging.web-crossing.com\/cs\/wp-json\/wp\/v2\/competence?post=4609"}],"curies":[{"name":"wp","href":"https:\/\/api.w.org\/{rel}","templated":true}]}}