{"id":4541,"date":"2024-04-24T09:44:21","date_gmt":"2024-04-24T07:44:21","guid":{"rendered":"https:\/\/westcam2023.westcam.web-crossing.com\/?post_type=product&#038;p=4541"},"modified":"2024-11-12T12:57:33","modified_gmt":"2024-11-12T11:57:33","slug":"mde-maschinendatenerfassung","status":"publish","type":"product","link":"https:\/\/westcam2023.westcam-staging.web-crossing.com\/cs\/produkte\/pdm-mes\/mes-manufacturing-execution-system\/mde-maschinendatenerfassung\/","title":{"rendered":"MDE Maschinendatenerfassung"},"content":{"rendered":"\n<div style=\"background-image:url(&apos;https:\/\/www.westcam-group.com\/wp-content\/uploads\/2024\/03\/bggrid.webp&apos;);background-position:50% 50%;background-repeat:no-repeat;background-size:contain;\" class=\"wp-block-group has-global-padding is-layout-constrained wp-container-core-group-is-layout-9f245e94 wp-block-group-is-layout-constrained has-background\">\n<div class=\"wp-block-webx-blocks-grid is-layout-grid wp-container-webx-blocks-grid-is-layout-8c8cfa07 wp-block-webx-blocks-grid-is-layout-grid\" style=\"margin-top:var(--wp--preset--spacing--50);margin-bottom:var(--wp--preset--spacing--50);--grid-columns-desktop:2;--grid-columns-tablet:2;--grid-columns-mobile:1\">\n<div class=\"wp-block-webx-blocks-grid-item is-layout-flow wp-block-webx-blocks-grid-item-is-layout-flow\" style=\"padding-top:var(--wp--preset--spacing--30);padding-right:var(--wp--preset--spacing--10);padding-bottom:var(--wp--preset--spacing--10);padding-left:var(--wp--preset--spacing--10);--grid-area-desktop:auto \/ auto \/ auto \/ auto;--grid-area-tablet:auto \/ auto \/ auto \/ auto;--grid-area-mobile:auto \/ auto \/ auto \/ auto\">\n<div class=\"wp-block-webx-blocks-fake-heading heading-h4 is-style-westcamized\" style=\"text-transform:none\">Echtzeit\u00fcberwachung, Effizienzsteigerung, Prozessoptimierung<\/div>\n\n\n\n<h1 class=\"wp-block-heading hero-title has-xx-large-font-size\" style=\"margin-top:var(--wp--preset--spacing--20);margin-bottom:var(--wp--preset--spacing--20);line-height:1;text-transform:none\">MDE Maschinendatenerfassung<\/h1>\n\n\n\n<p><strong>Maschinendatenerfassung (MDE) mit Hummingbird MES<\/strong><\/p>\n\n\n\n<p>Die Maschinendatenerfassung (MDE) ist ein entscheidender Bestandteil moderner Fertigungsprozesse. Mit Hummingbird MDE k\u00f6nnen Sie s\u00e4mtliche Maschinendaten in Echtzeit erfassen und analysieren, um die Effizienz Ihrer Produktionsabl\u00e4ufe zu maximieren.<\/p>\n\n\n\n<p>Mit Hummingbird MES werden Maschinendaten automatisch erfasst und zentral gespeichert. Dies umfasst Informationen wie Betriebszeiten, Stillstandszeiten, Produktionsmengen, und Maschinenfehler. Die Daten werden kontinuierlich gesammelt und stehen in Echtzeit zur Verf\u00fcgung. <\/p>\n\n\n\n<p>Nutzen auch Sie&nbsp; Sie die M\u00f6glichkeiten der Echtzeit\u00fcberwachung und Prozessoptimierung f\u00fcr maximale Effizienz und Produktivit\u00e4t \u2013 wir stellen Ihnen unsere L\u00f6sung gerne vor!<\/p>\n\n\n\n<div class=\"wp-block-buttons is-layout-flex wp-block-buttons-is-layout-flex\" style=\"margin-top:var(--wp--preset--spacing--20);margin-bottom:var(--wp--preset--spacing--20)\">\n<div class=\"wp-block-button\"><a class=\"wp-block-button__link wp-element-button\" href=\"#free-version\">Jetzt Anfragen<\/a><\/div>\n<\/div>\n<\/div>\n\n\n\n<div class=\"wp-block-webx-blocks-grid-item is-layout-flow wp-container-webx-blocks-grid-item-is-layout-69fcd244 wp-block-webx-blocks-grid-item-is-layout-flow\" style=\"padding-top:0;padding-right:0;padding-bottom:0;padding-left:0;--grid-area-desktop:auto \/ auto \/ auto \/ auto;--grid-area-tablet:auto \/ auto \/ auto \/ auto;--grid-area-mobile:auto \/ auto \/ auto \/ auto\">\n<figure class=\"wp-block-image aligncenter size-full is-style-default\"><img loading=\"lazy\" decoding=\"async\" width=\"1275\" height=\"1920\" src=\"https:\/\/www.westcam-group.com\/wp-content\/uploads\/2024\/04\/MDE-Maschinendatenerfassung.jpg\" alt=\"\" class=\"wp-image-20231\" style=\"aspect-ratio:4\/3;object-fit:cover\" srcset=\"https:\/\/westcam2023.westcam-staging.web-crossing.com\/wp-content\/uploads\/2024\/04\/MDE-Maschinendatenerfassung.jpg 1275w, https:\/\/westcam2023.westcam-staging.web-crossing.com\/wp-content\/uploads\/2024\/04\/MDE-Maschinendatenerfassung-199x300.jpg 199w, https:\/\/westcam2023.westcam-staging.web-crossing.com\/wp-content\/uploads\/2024\/04\/MDE-Maschinendatenerfassung-680x1024.jpg 680w, https:\/\/westcam2023.westcam-staging.web-crossing.com\/wp-content\/uploads\/2024\/04\/MDE-Maschinendatenerfassung-768x1157.jpg 768w, https:\/\/westcam2023.westcam-staging.web-crossing.com\/wp-content\/uploads\/2024\/04\/MDE-Maschinendatenerfassung-1020x1536.jpg 1020w, https:\/\/westcam2023.westcam-staging.web-crossing.com\/wp-content\/uploads\/2024\/04\/MDE-Maschinendatenerfassung-598x900.jpg 598w, https:\/\/westcam2023.westcam-staging.web-crossing.com\/wp-content\/uploads\/2024\/04\/MDE-Maschinendatenerfassung-398x600.jpg 398w\" sizes=\"auto, (max-width: 1275px) 100vw, 1275px\" \/><\/figure>\n\n\n\n<div class=\"wp-block-group hero-violet has-accent-2-background-color has-background is-layout-flow wp-block-group-is-layout-flow\" style=\"padding-top:var(--wp--preset--spacing--30);padding-right:var(--wp--preset--spacing--30);padding-bottom:var(--wp--preset--spacing--30);padding-left:var(--wp--preset--spacing--30)\">\n<div class=\"wp-block-webx-blocks-fake-heading heading-h4 hero-subtitle has-base-color has-text-color\">Highlights<\/div>\n\n\n\n<ul class=\"wp-block-list hero-bullet-list-items is-style-westcam-list has-base-color has-accent-2-background-color has-text-color has-background has-link-color wp-elements-94154903d358764ef899fd8b83fa6c06\">\n<li>Automatische Erfassung der Maschinendaten<\/li>\n\n\n\n<li>Erfassung und Analyse in Echtzeit<\/li>\n\n\n\n<li>Volle Transparenz in Ihrer Produktion<br><br><\/li>\n<\/ul>\n\n\n\n<figure class=\"wp-block-image size-full is-resized\"><img loading=\"lazy\" decoding=\"async\" width=\"359\" height=\"147\" src=\"https:\/\/www.westcam-group.com\/wp-content\/uploads\/2024\/04\/65f87349-cbfe-495d-98e6-80e0f486b052.png\" alt=\"\" class=\"wp-image-20210\" style=\"width:auto;height:80px\" srcset=\"https:\/\/westcam2023.westcam-staging.web-crossing.com\/wp-content\/uploads\/2024\/04\/65f87349-cbfe-495d-98e6-80e0f486b052.png 359w, https:\/\/westcam2023.westcam-staging.web-crossing.com\/wp-content\/uploads\/2024\/04\/65f87349-cbfe-495d-98e6-80e0f486b052-300x123.png 300w\" sizes=\"auto, (max-width: 359px) 100vw, 359px\" \/><\/figure>\n<\/div>\n<\/div>\n<\/div>\n<\/div>\n\n\n\n<div class=\"wp-block-group has-global-padding is-layout-constrained wp-container-core-group-is-layout-00189ab9 wp-block-group-is-layout-constrained\">\n<div class=\"wp-block-media-text is-stacked-on-mobile is-image-fill\" style=\"margin-top:var(--wp--preset--spacing--50);margin-right:0;margin-bottom:var(--wp--preset--spacing--50);margin-left:0;padding-right:0;padding-left:0\"><figure class=\"wp-block-media-text__media\" style=\"background-image:url(https:\/\/www.westcam-group.com\/wp-content\/uploads\/2024\/04\/mde-hummingbird-westcam-1-1024x683.png);background-position:50% 50%\"><img loading=\"lazy\" decoding=\"async\" width=\"1024\" height=\"683\" src=\"https:\/\/www.westcam-group.com\/wp-content\/uploads\/2024\/04\/mde-hummingbird-westcam-1-1024x683.png\" alt=\"\" class=\"wp-image-20235 size-full\" srcset=\"https:\/\/westcam2023.westcam-staging.web-crossing.com\/wp-content\/uploads\/2024\/04\/mde-hummingbird-westcam-1-1024x683.png 1024w, https:\/\/westcam2023.westcam-staging.web-crossing.com\/wp-content\/uploads\/2024\/04\/mde-hummingbird-westcam-1-300x200.png 300w, https:\/\/westcam2023.westcam-staging.web-crossing.com\/wp-content\/uploads\/2024\/04\/mde-hummingbird-westcam-1-768x512.png 768w, https:\/\/westcam2023.westcam-staging.web-crossing.com\/wp-content\/uploads\/2024\/04\/mde-hummingbird-westcam-1-1536x1024.png 1536w, https:\/\/westcam2023.westcam-staging.web-crossing.com\/wp-content\/uploads\/2024\/04\/mde-hummingbird-westcam-1-2048x1365.png 2048w, https:\/\/westcam2023.westcam-staging.web-crossing.com\/wp-content\/uploads\/2024\/04\/mde-hummingbird-westcam-1-1350x900.png 1350w, https:\/\/westcam2023.westcam-staging.web-crossing.com\/wp-content\/uploads\/2024\/04\/mde-hummingbird-westcam-1-900x600.png 900w\" sizes=\"auto, (max-width: 1024px) 100vw, 1024px\" \/><\/figure><div class=\"wp-block-media-text__content\">\n<h3 class=\"wp-block-heading has-text-align-left\" style=\"text-transform:none\">MDE erkl\u00e4rt<\/h3>\n\n\n\n<p>Eine MDE umfasst die automatische Erfassung und Analyse von Daten direkt von den Maschinen in der Fertigung. Diese Daten liefern wertvolle Einblicke in den Maschinenstatus, die &nbsp;Produktionsleistung und die aktuelle Auslastung.<\/p>\n\n\n\n<p><br>Mit Hummingbird MES k\u00f6nnen Sie diese Daten zentral \u00fcberwachen und nutzen, um Ihre Fertigungsprozesse zu optimieren.<\/p>\n<\/div><\/div>\n\n\n\n<div class=\"wp-block-media-text has-media-on-the-right is-stacked-on-mobile is-image-fill\" style=\"margin-top:var(--wp--preset--spacing--50);margin-right:0;margin-bottom:var(--wp--preset--spacing--50);margin-left:0\"><div class=\"wp-block-media-text__content\">\n<h3 class=\"wp-block-heading has-text-align-left\" style=\"text-transform:none\">Vorteile der MDE mit Hummingbird<\/h3>\n\n\n\n<p><strong>Echtzeit\u00fcberwachung<\/strong>: Erhalten Sie Zugriff auf alle relevanten Maschinendaten. Dies erm\u00f6glicht eine schnelle Reaktion auf St\u00f6rungen und hilft die Produktivit\u00e4t zu steigern.<\/p>\n\n\n\n<p><strong>Prozessoptimierung<\/strong>: Nutzen Sie die gesammelten Daten zur kontinuierlichen Verbesserung Ihrer Fertigungsprozesse. Von der Planung bis zur Ausf\u00fchrung k\u00f6nnen alle Schritte analysiert und optimiert werden.<\/p>\n\n\n\n<p><strong>Transparenz<\/strong>: Schaffen Sie volle Transparenz in Ihrem Produktionsprozess. Alle Maschinendaten sind zentral verf\u00fcgbar und k\u00f6nnen einfach ausgewertet werden.<\/p>\n<\/div><figure class=\"wp-block-media-text__media\" style=\"background-image:url(https:\/\/www.westcam-group.com\/wp-content\/uploads\/2024\/04\/mde-hummingbird-westcam-2-1024x683.png);background-position:50% 50%\"><img loading=\"lazy\" decoding=\"async\" width=\"1024\" height=\"683\" src=\"https:\/\/www.westcam-group.com\/wp-content\/uploads\/2024\/04\/mde-hummingbird-westcam-2-1024x683.png\" alt=\"\" class=\"wp-image-20238 size-full\" srcset=\"https:\/\/westcam2023.westcam-staging.web-crossing.com\/wp-content\/uploads\/2024\/04\/mde-hummingbird-westcam-2-1024x683.png 1024w, https:\/\/westcam2023.westcam-staging.web-crossing.com\/wp-content\/uploads\/2024\/04\/mde-hummingbird-westcam-2-300x200.png 300w, https:\/\/westcam2023.westcam-staging.web-crossing.com\/wp-content\/uploads\/2024\/04\/mde-hummingbird-westcam-2-768x512.png 768w, https:\/\/westcam2023.westcam-staging.web-crossing.com\/wp-content\/uploads\/2024\/04\/mde-hummingbird-westcam-2-1536x1024.png 1536w, https:\/\/westcam2023.westcam-staging.web-crossing.com\/wp-content\/uploads\/2024\/04\/mde-hummingbird-westcam-2-2048x1365.png 2048w, https:\/\/westcam2023.westcam-staging.web-crossing.com\/wp-content\/uploads\/2024\/04\/mde-hummingbird-westcam-2-1350x900.png 1350w, https:\/\/westcam2023.westcam-staging.web-crossing.com\/wp-content\/uploads\/2024\/04\/mde-hummingbird-westcam-2-900x600.png 900w\" sizes=\"auto, (max-width: 1024px) 100vw, 1024px\" \/><\/figure><\/div>\n<\/div>\n\n\n\n<div class=\"wp-block-group has-global-padding is-layout-constrained wp-container-core-group-is-layout-baed9f38 wp-block-group-is-layout-constrained\" style=\"margin-top:var(--wp--preset--spacing--60);margin-bottom:var(--wp--preset--spacing--60)\">\n<h3 class=\"wp-block-heading\" style=\"margin-top:var(--wp--preset--spacing--20);margin-right:0;margin-bottom:var(--wp--preset--spacing--20);margin-left:0;text-transform:none\">H\u00e4ufig gestellte Fragen (FAQs)<\/h3>\n\n\n\n<script type=\"application\/ld+json\">{\"@context\":\"https:\/\/schema.org\",\"@type\":\"FAQPage\",\"mainEntity\":[{\"@type\":\"Question\",\"name\":\"Was ist eine Maschinendatenerfassung (MDE)?\",\"acceptedAnswer\":{\"@type\":\"Answer\",\"text\":\"Eine Maschinendatenerfassung oder MDE ist die automatische Erfassung und Analyse von Maschinendaten, die Einblicke in den Maschinenstatus und die Produktion liefern.\"}},{\"@type\":\"Question\",\"name\":\"Welche Vorteile bietet die MDE mit Hummingbird MES?\",\"acceptedAnswer\":{\"@type\":\"Answer\",\"text\":\"Echtzeit\u00fcberwachung, Effizienzsteigerung, Prozessoptimierung und volle Transparenz in den Produktionsprozessen.\"}},{\"@type\":\"Question\",\"name\":\"Wie integriert sich Hummingbird MES in bestehende Systeme?\",\"acceptedAnswer\":{\"@type\":\"Answer\",\"text\":\"Hummingbird MES unterst\u00fctzt die Anbindung an verschiedene Maschinen und Steuerungen und integriert sich nahtlos in die bestehende IT-Infrastruktur.&lt;a href=\\\"https:\/\/www.westcam-group.com\/wp-admin\/post.php?post=4293&amp;action=edit#was-ist-der-unterschied-zwischen-autocad-und-autocad-lt\\\">&lt;\/a>\"}}]}<\/script><div class=\"wp-block-webx-blocks-accordion\">\n<div class=\"accordion\" id=\"was-ist-eine-maschinendatenerfassung-mde\"><h2 class=\"title faq-title\" itemprop=\"name\"><a href=\"#was-ist-eine-maschinendatenerfassung-mde\">Was ist eine Maschinendatenerfassung (MDE)?<\/a><\/h2><div class=\"content\"><div class=\"wrapper\">\n<p>Eine Maschinendatenerfassung oder MDE ist die automatische Erfassung und Analyse von Maschinendaten, die Einblicke in den Maschinenstatus und die Produktion liefern.<\/p>\n<\/div><\/div><\/div>\n\n\n\n<div class=\"accordion\" id=\"welche-vorteile-bietet-die-mde-mit-hummingbird-mes\"><h2 class=\"title faq-title\" itemprop=\"name\"><a href=\"#welche-vorteile-bietet-die-mde-mit-hummingbird-mes\">Welche Vorteile bietet die MDE mit Hummingbird MES?<\/a><\/h2><div class=\"content\"><div class=\"wrapper\">\n<p>Echtzeit\u00fcberwachung, Effizienzsteigerung, Prozessoptimierung und volle Transparenz in den Produktionsprozessen.<\/p>\n<\/div><\/div><\/div>\n\n\n\n<div class=\"accordion\" id=\"wie-integriert-sich-hummingbird-mes-in-bestehende-systeme\"><h2 class=\"title faq-title\" itemprop=\"name\"><a href=\"#wie-integriert-sich-hummingbird-mes-in-bestehende-systeme\">Wie integriert sich Hummingbird MES in bestehende Systeme?<\/a><\/h2><div class=\"content\"><div class=\"wrapper\">\n<p>Hummingbird MES unterst\u00fctzt die Anbindung an verschiedene Maschinen und Steuerungen und integriert sich nahtlos in die bestehende IT-Infrastruktur.<a href=\"https:\/\/www.westcam-group.com\/wp-admin\/post.php?post=4293&amp;action=edit#was-ist-der-unterschied-zwischen-autocad-und-autocad-lt\" target=\"_blank\" rel=\"noopener\"><\/a><\/p>\n<\/div><\/div><\/div>\n<\/div>\n<\/div>\n\n\n\n<div class=\"wp-block-group has-global-padding is-layout-constrained wp-container-core-group-is-layout-19e250f3 wp-block-group-is-layout-constrained\">\n<div id=\"free-version\" class=\"wp-block-group has-base-color has-contrast-background-color has-text-color has-background has-link-color wp-elements-42a5b246f2c5825d8b62db699a844af9 has-global-padding is-layout-constrained wp-container-core-group-is-layout-52009084 wp-block-group-is-layout-constrained\" style=\"padding-top:var(--wp--preset--spacing--40);padding-right:var(--wp--preset--spacing--40);padding-bottom:var(--wp--preset--spacing--40);padding-left:var(--wp--preset--spacing--40)\">\n<h3 class=\"wp-block-heading has-base-color has-text-color has-link-color wp-elements-fa5c1c739b71d42927e60a341952d0c3\" style=\"text-transform:none\">Wir beraten Sie pers\u00f6nlich!<\/h3>\n\n\n\n<div class=\"wpcf7 no-js\" id=\"wpcf7-f31160-o1\" lang=\"de-DE\" dir=\"ltr\" data-wpcf7-id=\"31160\">\n<div class=\"screen-reader-response\"><p role=\"status\" aria-live=\"polite\" aria-atomic=\"true\"><\/p> <ul><\/ul><\/div>\n<form action=\"\/cs\/wp-json\/wp\/v2\/product\/4541#wpcf7-f31160-o1\" method=\"post\" class=\"wpcf7-form init\" aria-label=\"Kontaktformular\" novalidate=\"novalidate\" data-status=\"init\">\n<div style=\"display: none;\">\n<input type=\"hidden\" name=\"_wpcf7\" value=\"31160\" \/>\n<input type=\"hidden\" name=\"_wpcf7_version\" value=\"6.0.1\" \/>\n<input type=\"hidden\" name=\"_wpcf7_locale\" value=\"de_DE\" \/>\n<input type=\"hidden\" name=\"_wpcf7_unit_tag\" value=\"wpcf7-f31160-o1\" \/>\n<input type=\"hidden\" name=\"_wpcf7_container_post\" value=\"0\" \/>\n<input type=\"hidden\" name=\"_wpcf7_posted_data_hash\" value=\"\" \/>\n<input type=\"hidden\" name=\"_wpcf7dtx_version\" value=\"5.0.2\" \/>\n<input type=\"hidden\" name=\"_wpcf7_recaptcha_response\" value=\"\" \/>\n<\/div>\n<h3> Anfrage: <label class=\"wpcf7-form-control wpcf7-label wpcf7dtx wpcf7dtx-label\" for=\"MDE Maschinendatenerfassung\">MDE Maschinendatenerfassung<\/label><span class=\"wpcf7-form-control-wrap dynamic_hidden-post-title\" data-name=\"dynamic_hidden-post-title\"><input type=\"hidden\" name=\"dynamic_hidden-post-title\" class=\"wpcf7-form-control wpcf7-hidden wpcf7dtx wpcf7dtx-hidden\" aria-invalid=\"false\" value=\"MDE Maschinendatenerfassung\"><\/span><\/h3>\n\n<label> Name\n    <span class=\"wpcf7-form-control-wrap\" data-name=\"fullname\"><input size=\"40\" maxlength=\"400\" class=\"wpcf7-form-control wpcf7-text\" aria-invalid=\"false\" value=\"\" type=\"text\" name=\"fullname\" \/><\/span> <\/label>\n\n<label> E-Mail-Adresse*\n    <span class=\"wpcf7-form-control-wrap\" data-name=\"email\"><input size=\"40\" maxlength=\"400\" class=\"wpcf7-form-control wpcf7-email wpcf7-validates-as-required wpcf7-text wpcf7-validates-as-email\" aria-required=\"true\" aria-invalid=\"false\" value=\"\" type=\"email\" name=\"email\" \/><\/span> <\/label>\n\n<label> Unternehmen\n    <span class=\"wpcf7-form-control-wrap\" data-name=\"unternehmen\"><input size=\"40\" maxlength=\"400\" class=\"wpcf7-form-control wpcf7-text\" aria-invalid=\"false\" value=\"\" type=\"text\" name=\"unternehmen\" \/><\/span> <\/label>\n\n<label> Ihre Nachricht*\n    <span class=\"wpcf7-form-control-wrap\" data-name=\"nachricht\"><textarea cols=\"40\" rows=\"10\" maxlength=\"2000\" class=\"wpcf7-form-control wpcf7-textarea wpcf7-validates-as-required\" aria-required=\"true\" aria-invalid=\"false\" name=\"nachricht\"><\/textarea><\/span> <\/label>\n\n<input class=\"wpcf7-form-control wpcf7-submit has-spinner\" type=\"submit\" value=\"Senden\" \/>\n\n<div class=\"wpcf7-response-output\" aria-hidden=\"true\"><\/div>\n<\/form>\n<\/div>\n\n<\/div>\n\n\n\n<div id=\"ansprechpartner\" class=\"wp-block-group has-base-2-background-color has-background has-global-padding is-layout-constrained wp-container-core-group-is-layout-16946a23 wp-block-group-is-layout-constrained\" style=\"margin-top:0;margin-bottom:0;padding-top:var(--wp--preset--spacing--30);padding-right:var(--wp--preset--spacing--30);padding-bottom:var(--wp--preset--spacing--30);padding-left:var(--wp--preset--spacing--30)\">\n<div class=\"wp-block-group has-base-2-background-color has-background has-global-padding is-layout-constrained wp-container-core-group-is-layout-19e250f3 wp-block-group-is-layout-constrained\">\n<h2 class=\"wp-block-heading\" style=\"text-transform:none\">Gerne f\u00fcr Sie da<\/h2>\n<\/div>\n\n\n<div class=\"wp-block-webx-blocks-westcam-employee-display\">\n    <div class=\"employee-image\">\n        <img decoding=\"async\" src=\"\" alt= \/>\n    <\/div>\n    <div class=\"employee-info\">\n        <div class=\"heading-h3\"><\/div>\n        <div class=\"heading-h5 is-style-westcamized\"><\/div>\n    <\/div>\n    <div class=\"employee-social\">\n        <div class=\"icons\">\n                                    <a href=\"\/vcard\/5975\" title=\"Download vCard\"\n                class=\"vcard-button\">\n                <svg xmlns=\"http:\/\/www.w3.org\/2000\/svg\" width=\"32.143\" height=\"25\" viewBox=\"0 0 32.143 25\">\n                    <path id=\"address-card-solid\"\n                        d=\"M3.571,32A3.575,3.575,0,0,0,0,35.571V53.429A3.575,3.575,0,0,0,3.571,57h25a3.575,3.575,0,0,0,3.571-3.571V35.571A3.575,3.575,0,0,0,28.571,32ZM8.036,46.286h3.571a4.463,4.463,0,0,1,4.464,4.464.9.9,0,0,1-.893.893H4.464a.9.9,0,0,1-.893-.893A4.463,4.463,0,0,1,8.036,46.286ZM6.25,40.929A3.571,3.571,0,1,1,9.821,44.5,3.571,3.571,0,0,1,6.25,40.929Zm14.286-1.786h7.143a.893.893,0,0,1,0,1.786H20.536a.893.893,0,0,1,0-1.786Zm0,3.571h7.143a.893.893,0,0,1,0,1.786H20.536a.893.893,0,0,1,0-1.786Zm0,3.571h7.143a.893.893,0,0,1,0,1.786H20.536a.893.893,0,0,1,0-1.786Z\"\n                        transform=\"translate(0 -32)\" fill=\"#111\" \/>\n                <\/svg>\n            <\/a>\n        <\/div>\n    <\/div>\n    <div class=\"employee-contact\">\n                        \n\n\n    <\/div>\n        <div class=\"employee-callback wp-block-button is-style-outline\">\n        <a href=\"\/anfrage\/?email=anfrage-office\"\n            class=\"wp-block-button__link wp-element-button\">Anfrage<\/a>\n    <\/div>\n    <\/div><\/div>\n<\/div>\n","protected":false},"excerpt":{"rendered":"<p>MDE erkl\u00e4rt Eine MDE umfasst die automatische Erfassung und Analyse von Daten direkt von den Maschinen in der Fertigung. Diese Daten liefern wertvolle Einblicke in den Maschinenstatus, die &nbsp;Produktionsleistung und die aktuelle Auslastung. Mit Hummingbird MES k\u00f6nnen Sie diese Daten zentral \u00fcberwachen und nutzen, um Ihre Fertigungsprozesse zu optimieren. Vorteile der MDE mit Hummingbird Echtzeit\u00fcberwachung: [&hellip;]<\/p>\n","protected":false},"author":2,"featured_media":20231,"parent":4533,"menu_order":8,"comment_status":"closed","ping_status":"closed","template":"","meta":{"footnotes":""},"competence":[2536],"class_list":["post-4541","product","type-product","status-publish","has-post-thumbnail","hentry","competence-mes-manufacturing-execution-system"],"_links":{"self":[{"href":"https:\/\/westcam2023.westcam-staging.web-crossing.com\/cs\/wp-json\/wp\/v2\/product\/4541","targetHints":{"allow":["GET"]}}],"collection":[{"href":"https:\/\/westcam2023.westcam-staging.web-crossing.com\/cs\/wp-json\/wp\/v2\/product"}],"about":[{"href":"https:\/\/westcam2023.westcam-staging.web-crossing.com\/cs\/wp-json\/wp\/v2\/types\/product"}],"author":[{"embeddable":true,"href":"https:\/\/westcam2023.westcam-staging.web-crossing.com\/cs\/wp-json\/wp\/v2\/users\/2"}],"replies":[{"embeddable":true,"href":"https:\/\/westcam2023.westcam-staging.web-crossing.com\/cs\/wp-json\/wp\/v2\/comments?post=4541"}],"version-history":[{"count":7,"href":"https:\/\/westcam2023.westcam-staging.web-crossing.com\/cs\/wp-json\/wp\/v2\/product\/4541\/revisions"}],"predecessor-version":[{"id":30022,"href":"https:\/\/westcam2023.westcam-staging.web-crossing.com\/cs\/wp-json\/wp\/v2\/product\/4541\/revisions\/30022"}],"up":[{"embeddable":true,"href":"https:\/\/westcam2023.westcam-staging.web-crossing.com\/cs\/wp-json\/wp\/v2\/product\/4533"}],"wp:featuredmedia":[{"embeddable":true,"href":"https:\/\/westcam2023.westcam-staging.web-crossing.com\/cs\/wp-json\/wp\/v2\/media\/20231"}],"wp:attachment":[{"href":"https:\/\/westcam2023.westcam-staging.web-crossing.com\/cs\/wp-json\/wp\/v2\/media?parent=4541"}],"wp:term":[{"taxonomy":"competence","embeddable":true,"href":"https:\/\/westcam2023.westcam-staging.web-crossing.com\/cs\/wp-json\/wp\/v2\/competence?post=4541"}],"curies":[{"name":"wp","href":"https:\/\/api.w.org\/{rel}","templated":true}]}}