{"id":4503,"date":"2024-04-24T09:31:27","date_gmt":"2024-04-24T07:31:27","guid":{"rendered":"https:\/\/westcam2023.westcam.web-crossing.com\/?post_type=product&#038;p=4503"},"modified":"2024-11-06T16:25:11","modified_gmt":"2024-11-06T15:25:11","slug":"reverse-engineering-software","status":"publish","type":"product","link":"https:\/\/westcam2023.westcam-staging.web-crossing.com\/cs\/produkte\/3d-messtechnik\/reverse-engineering-software\/","title":{"rendered":"Reverse Engineering Software"},"content":{"rendered":"\n<div class=\"wp-block-group alignfull has-global-padding is-layout-constrained wp-block-group-is-layout-constrained\">\n<div class=\"wp-block-webx-blocks-westcam-hero alignfull ltr\" style=\"margin-top:var(--wp--preset--spacing--50);margin-bottom:var(--wp--preset--spacing--50)\"><div class=\"hero-image\" style=\"--aspect-ratio:4 \/ 3\"> <img decoding=\"async\" srcset=\"https:\/\/www.westcam-group.com\/wp-content\/uploads\/2024\/09\/westcam-4-icon-3d-messtechnik-150x150.png 150w, https:\/\/www.westcam-group.com\/wp-content\/uploads\/2024\/09\/westcam-4-icon-3d-messtechnik-300x300.png 300w, https:\/\/www.westcam-group.com\/wp-content\/uploads\/2024\/09\/westcam-4-icon-3d-messtechnik-1024x1024.png 1024w, https:\/\/www.westcam-group.com\/wp-content\/uploads\/2024\/09\/westcam-4-icon-3d-messtechnik.png 1181w, https:\/\/www.westcam-group.com\/wp-content\/uploads\/2024\/09\/westcam-4-icon-3d-messtechnik-900x900.png 900w, https:\/\/www.westcam-group.com\/wp-content\/uploads\/2024\/09\/westcam-4-icon-3d-messtechnik-600x600.png 600w\" src=\"https:\/\/www.westcam-group.com\/wp-content\/uploads\/2024\/09\/westcam-4-icon-3d-messtechnik.png\" alt=\"\"\/><\/div><div class=\"hero-placeholder\"><\/div>\n<div class=\"wp-block-group hero-content is-layout-flow wp-block-group-is-layout-flow\">\n<div class=\"wp-block-webx-blocks-fake-heading heading-h4 hero-subtitle is-style-westcamized\" style=\"text-transform:none\">Objekte effizient rekonstruieren<\/div>\n\n\n<h1 style=\"text-transform:none; margin-top:0;margin-bottom:0;\" class=\"wp-block-post-title\">Reverse Engineering Software<\/h1>\n\n\n<p>Mit modernen Reverse Engineering Softwarel\u00f6sungen erm\u00f6glichen wir es Unternehmen, <strong>physische Objekte<\/strong> schnell und pr\u00e4zise in <strong>digitale 3D-Modelle<\/strong> zu transformieren. Diese Softwaretools bieten zahlreiche <strong>Vorteile<\/strong> f\u00fcr unterschiedlichste <strong>Anwendungsbereiche<\/strong>:<\/p>\n\n\n\n<ul class=\"wp-block-list\">\n<li><strong>Schnelle Digitalisierung:<\/strong> Reverse Engineering Software erstellt detailgetreue 3D-Modelle von bestehenden Bauteilen, was die Grundlage f\u00fcr Reproduktionen, Optimierungen oder Anpassungen bildet.<\/li>\n\n\n\n<li><strong>Effiziente Produktentwicklung:<\/strong> Durch den direkten Vergleich von bestehenden Objekten mit CAD-Modellen k\u00f6nnen Unternehmen Designverbesserungen schneller umsetzen und innovative Produktideen z\u00fcgig in die Produktion bringen.<\/li>\n\n\n\n<li><strong>Qualit\u00e4tssicherung und Anpassung:<\/strong> Reverse Engineering erm\u00f6glicht die genaue Analyse und Anpassung von Bauteilen, um die Passgenauigkeit und Funktionalit\u00e4t zu verbessern \u2013 ideal f\u00fcr Ersatzteile oder Produktoptimierungen.<\/li>\n\n\n\n<li><strong>Kosteneinsparung:<\/strong> Unternehmen sparen Zeit und Kosten, da physische Bauteile ohne aufw\u00e4ndige Neuentwicklungen digital reproduziert und modifiziert werden k\u00f6nnen.<\/li>\n<\/ul>\n\n\n\n<p>Ob in der <strong>Produktentwicklung,<\/strong> der <strong>Qualit\u00e4tssicherung<\/strong> oder der <strong>Fertigungsoptimierung<\/strong> \u2013 mit Reverse Engineering Software L\u00f6sungen schaffen Unternehmen die Basis f\u00fcr innovative, effiziente und kosteneffektive Prozesse.<\/p>\n\n\n\n<figure class=\"wp-block-image size-full\"><img loading=\"lazy\" decoding=\"async\" width=\"570\" height=\"207\" src=\"https:\/\/www.westcam-group.com\/wp-content\/uploads\/2024\/04\/ZEISSCertifiedMetrologyPartner.jpg\" alt=\"\" class=\"wp-image-21005\" srcset=\"https:\/\/westcam2023.westcam-staging.web-crossing.com\/wp-content\/uploads\/2024\/04\/ZEISSCertifiedMetrologyPartner.jpg 570w, https:\/\/westcam2023.westcam-staging.web-crossing.com\/wp-content\/uploads\/2024\/04\/ZEISSCertifiedMetrologyPartner-300x109.jpg 300w\" sizes=\"auto, (max-width: 570px) 100vw, 570px\" \/><\/figure>\n<\/div>\n<\/div>\n<\/div>\n\n\n\n<h2 class=\"wp-block-heading\" style=\"text-transform:none\">Unser Angebot f\u00fcr Sie<\/h2>\n\n\n<div style=\"margin-top:var(--wp--preset--spacing--30);margin-bottom:var(--wp--preset--spacing--50);\" class=\"wp-block-webx-post-list-webx-post-list wp-block-webx-post-list-webx-post-list\" data-listid=\"95520\">\n    <script class=\"webx-filter-list-config\" type=\"application\/json\">{\"postType\":\"product\",\"enableParentPost\":true,\"displayGrid\":true,\"subTitle\":\"product_category\",\"fieldOne\":\"product_category\",\"fieldTwo\":\"product_category\",\"className\":\"wp-block-webx-post-list-webx-post-list\",\"style\":{\"spacing\":{\"margin\":{\"top\":\"var:preset|spacing|30\",\"bottom\":\"var:preset|spacing|50\"}}},\"compactGrid\":false,\"language\":\"en\",\"listId\":95520,\"postId\":4503}<\/script>\n    <div class=\"webx-post-list\" data-listid=\"95520\"><\/div>\n    \n<div>\n<div class=\"wp-block-webx-post-list-webx-filters\"><div><\/div><\/div>\n<\/div>\n<\/div>","protected":false},"excerpt":{"rendered":"<p>Mit modernen RE-Softwarel\u00f6sungen k\u00f6nnen physische Objekte schnell und pr\u00e4zise in digitale 3D-CAD-Modelle transformiert werden.<\/p>\n","protected":false},"author":2,"featured_media":20103,"parent":3231,"menu_order":13,"comment_status":"closed","ping_status":"closed","template":"","meta":{"footnotes":""},"competence":[2506],"class_list":["post-4503","product","type-product","status-publish","has-post-thumbnail","hentry","competence-reverse-engineering-software"],"_links":{"self":[{"href":"https:\/\/westcam2023.westcam-staging.web-crossing.com\/cs\/wp-json\/wp\/v2\/product\/4503","targetHints":{"allow":["GET"]}}],"collection":[{"href":"https:\/\/westcam2023.westcam-staging.web-crossing.com\/cs\/wp-json\/wp\/v2\/product"}],"about":[{"href":"https:\/\/westcam2023.westcam-staging.web-crossing.com\/cs\/wp-json\/wp\/v2\/types\/product"}],"author":[{"embeddable":true,"href":"https:\/\/westcam2023.westcam-staging.web-crossing.com\/cs\/wp-json\/wp\/v2\/users\/2"}],"replies":[{"embeddable":true,"href":"https:\/\/westcam2023.westcam-staging.web-crossing.com\/cs\/wp-json\/wp\/v2\/comments?post=4503"}],"version-history":[{"count":14,"href":"https:\/\/westcam2023.westcam-staging.web-crossing.com\/cs\/wp-json\/wp\/v2\/product\/4503\/revisions"}],"predecessor-version":[{"id":29292,"href":"https:\/\/westcam2023.westcam-staging.web-crossing.com\/cs\/wp-json\/wp\/v2\/product\/4503\/revisions\/29292"}],"up":[{"embeddable":true,"href":"https:\/\/westcam2023.westcam-staging.web-crossing.com\/cs\/wp-json\/wp\/v2\/product\/3231"}],"wp:featuredmedia":[{"embeddable":true,"href":"https:\/\/westcam2023.westcam-staging.web-crossing.com\/cs\/wp-json\/wp\/v2\/media\/20103"}],"wp:attachment":[{"href":"https:\/\/westcam2023.westcam-staging.web-crossing.com\/cs\/wp-json\/wp\/v2\/media?parent=4503"}],"wp:term":[{"taxonomy":"competence","embeddable":true,"href":"https:\/\/westcam2023.westcam-staging.web-crossing.com\/cs\/wp-json\/wp\/v2\/competence?post=4503"}],"curies":[{"name":"wp","href":"https:\/\/api.w.org\/{rel}","templated":true}]}}