{"id":4489,"date":"2024-04-24T09:27:03","date_gmt":"2024-04-24T07:27:03","guid":{"rendered":"https:\/\/westcam2023.westcam.web-crossing.com\/?post_type=product&#038;p=4489"},"modified":"2024-11-06T16:24:23","modified_gmt":"2024-11-06T15:24:23","slug":"messtechnik-software","status":"publish","type":"product","link":"https:\/\/westcam2023.westcam-staging.web-crossing.com\/cs\/produkte\/3d-messtechnik\/messtechnik-software\/","title":{"rendered":"Messtechnik Software"},"content":{"rendered":"\n<div class=\"wp-block-group alignfull has-global-padding is-layout-constrained wp-block-group-is-layout-constrained\">\n<div class=\"wp-block-webx-blocks-westcam-hero alignfull ltr\" style=\"margin-top:var(--wp--preset--spacing--50);margin-bottom:var(--wp--preset--spacing--50)\"><div class=\"hero-image\" style=\"--aspect-ratio:4 \/ 3\"> <img decoding=\"async\" srcset=\"https:\/\/www.westcam-group.com\/wp-content\/uploads\/2024\/09\/westcam-4-icon-3d-messtechnik-150x150.png 150w, https:\/\/www.westcam-group.com\/wp-content\/uploads\/2024\/09\/westcam-4-icon-3d-messtechnik-300x300.png 300w, https:\/\/www.westcam-group.com\/wp-content\/uploads\/2024\/09\/westcam-4-icon-3d-messtechnik-1024x1024.png 1024w, https:\/\/www.westcam-group.com\/wp-content\/uploads\/2024\/09\/westcam-4-icon-3d-messtechnik.png 1181w, https:\/\/www.westcam-group.com\/wp-content\/uploads\/2024\/09\/westcam-4-icon-3d-messtechnik-900x900.png 900w, https:\/\/www.westcam-group.com\/wp-content\/uploads\/2024\/09\/westcam-4-icon-3d-messtechnik-600x600.png 600w\" src=\"https:\/\/www.westcam-group.com\/wp-content\/uploads\/2024\/09\/westcam-4-icon-3d-messtechnik.png\" alt=\"\"\/><\/div><div class=\"hero-placeholder\"><\/div>\n<div class=\"wp-block-group hero-content is-layout-flow wp-block-group-is-layout-flow\">\n<div class=\"wp-block-webx-blocks-fake-heading heading-h4 hero-subtitle is-style-westcamized\" style=\"text-transform:none\">ZEISS Quality Suite<\/div>\n\n\n<h1 style=\"text-transform:none; margin-top:0;margin-bottom:0;\" class=\"wp-block-post-title\">Messtechnik Software<\/h1>\n\n\n<p>Die <strong>ZEISS Quality Suite<\/strong> vereint eine umfassende <strong>Palette <\/strong>leistungsstarker <strong>Softwaretools,<\/strong> die eine durchg\u00e4ngige, effiziente und transparente <strong>Qualit\u00e4tskontrolle <\/strong>erm\u00f6glichen. <\/p>\n\n\n\n<p>Mit der ZEISS Quality Suite profitieren Unternehmen von einer integrierten L\u00f6sung, die <strong>s\u00e4mtliche Mess- und Pr\u00fcfvorg\u00e4nge<\/strong> \u00fcber verschiedene <strong>Messtechnologien <\/strong>hinweg vernetzt und steuert.<\/p>\n\n\n\n<p>\u00dcber die ZEISS Quality Suite erh\u00e4lt man <strong>Zugriff <\/strong>auf die unterschiedlichen <strong>Software-Pakete,<\/strong> sowohl f\u00fcr die Stand-alone <strong>Inspektions-Anwendungen<\/strong> als auch f\u00fcr die Ansteuerung des jeweiligen <strong>ZEISS Equipments<\/strong>.<\/p>\n\n\n\n<figure class=\"wp-block-image size-full\"><img loading=\"lazy\" decoding=\"async\" width=\"570\" height=\"207\" src=\"https:\/\/www.westcam-group.com\/wp-content\/uploads\/2024\/04\/ZEISSCertifiedMetrologyPartner.jpg\" alt=\"\" class=\"wp-image-21005\" srcset=\"https:\/\/westcam2023.westcam-staging.web-crossing.com\/wp-content\/uploads\/2024\/04\/ZEISSCertifiedMetrologyPartner.jpg 570w, https:\/\/westcam2023.westcam-staging.web-crossing.com\/wp-content\/uploads\/2024\/04\/ZEISSCertifiedMetrologyPartner-300x109.jpg 300w\" sizes=\"auto, (max-width: 570px) 100vw, 570px\" \/><\/figure>\n<\/div>\n<\/div>\n<\/div>\n\n\n\n<h2 class=\"wp-block-heading\" style=\"text-transform:none\">Unser Angebot f\u00fcr Sie<\/h2>\n\n\n<div style=\"margin-top:var(--wp--preset--spacing--30);margin-bottom:var(--wp--preset--spacing--50);\" class=\"wp-block-webx-post-list-webx-post-list wp-block-webx-post-list-webx-post-list\" data-listid=\"71141\">\n    <script class=\"webx-filter-list-config\" type=\"application\/json\">{\"postType\":\"product\",\"enableParentPost\":true,\"displayGrid\":true,\"subTitle\":\"product_category\",\"fieldOne\":\"product_category\",\"fieldTwo\":\"product_category\",\"className\":\"wp-block-webx-post-list-webx-post-list\",\"style\":{\"spacing\":{\"margin\":{\"top\":\"var:preset|spacing|30\",\"bottom\":\"var:preset|spacing|50\"}}},\"compactGrid\":false,\"language\":\"en\",\"listId\":71141,\"postId\":4489}<\/script>\n    <div class=\"webx-post-list\" data-listid=\"71141\"><\/div>\n    \n<div>\n<div class=\"wp-block-webx-post-list-webx-filters\"><div><\/div><\/div>\n<\/div>\n<\/div>","protected":false},"excerpt":{"rendered":"<p>Die ZEISS Quality Suite vereint leistungsstarke Softwaretools, welche durchg\u00e4ngige und effiziente Qualit\u00e4tskontrolle erm\u00f6glichen.<\/p>\n","protected":false},"author":2,"featured_media":12680,"parent":3231,"menu_order":11,"comment_status":"closed","ping_status":"closed","template":"","meta":{"footnotes":""},"competence":[2505],"class_list":["post-4489","product","type-product","status-publish","has-post-thumbnail","hentry","competence-messtechnik-software"],"_links":{"self":[{"href":"https:\/\/westcam2023.westcam-staging.web-crossing.com\/cs\/wp-json\/wp\/v2\/product\/4489","targetHints":{"allow":["GET"]}}],"collection":[{"href":"https:\/\/westcam2023.westcam-staging.web-crossing.com\/cs\/wp-json\/wp\/v2\/product"}],"about":[{"href":"https:\/\/westcam2023.westcam-staging.web-crossing.com\/cs\/wp-json\/wp\/v2\/types\/product"}],"author":[{"embeddable":true,"href":"https:\/\/westcam2023.westcam-staging.web-crossing.com\/cs\/wp-json\/wp\/v2\/users\/2"}],"replies":[{"embeddable":true,"href":"https:\/\/westcam2023.westcam-staging.web-crossing.com\/cs\/wp-json\/wp\/v2\/comments?post=4489"}],"version-history":[{"count":10,"href":"https:\/\/westcam2023.westcam-staging.web-crossing.com\/cs\/wp-json\/wp\/v2\/product\/4489\/revisions"}],"predecessor-version":[{"id":30014,"href":"https:\/\/westcam2023.westcam-staging.web-crossing.com\/cs\/wp-json\/wp\/v2\/product\/4489\/revisions\/30014"}],"up":[{"embeddable":true,"href":"https:\/\/westcam2023.westcam-staging.web-crossing.com\/cs\/wp-json\/wp\/v2\/product\/3231"}],"wp:featuredmedia":[{"embeddable":true,"href":"https:\/\/westcam2023.westcam-staging.web-crossing.com\/cs\/wp-json\/wp\/v2\/media\/12680"}],"wp:attachment":[{"href":"https:\/\/westcam2023.westcam-staging.web-crossing.com\/cs\/wp-json\/wp\/v2\/media?parent=4489"}],"wp:term":[{"taxonomy":"competence","embeddable":true,"href":"https:\/\/westcam2023.westcam-staging.web-crossing.com\/cs\/wp-json\/wp\/v2\/competence?post=4489"}],"curies":[{"name":"wp","href":"https:\/\/api.w.org\/{rel}","templated":true}]}}