{"id":4487,"date":"2024-04-24T09:26:29","date_gmt":"2024-04-24T07:26:29","guid":{"rendered":"https:\/\/westcam2023.westcam.web-crossing.com\/?post_type=product&#038;p=4487"},"modified":"2024-10-24T07:18:40","modified_gmt":"2024-10-24T05:18:40","slug":"industrielle-bildverarbeitug","status":"publish","type":"product","link":"https:\/\/westcam2023.westcam-staging.web-crossing.com\/cs\/produkte\/3d-messtechnik\/industrielle-bildverarbeitung\/industrielle-bildverarbeitug\/","title":{"rendered":"Industrielle Bildverarbeitug"},"content":{"rendered":"\n<div style=\"background-image:url(&apos;https:\/\/www.westcam-group.com\/wp-content\/uploads\/2024\/03\/bggrid.webp&apos;);background-position:100% 50%;background-repeat:no-repeat;background-size:66vw;\" class=\"wp-block-webx-blocks-westcam-product-hero alignfull ltr has-background\"><div class=\"hero-image\"> <img decoding=\"async\" src=\"https:\/\/www.westcam-group.com\/wp-content\/uploads\/2024\/03\/slideelement_single_3d_messtechnik_nogrid.png\" alt=\"\" \/><\/div><div class=\"hero-placeholder\"><\/div>\n<div class=\"wp-block-webx-blocks-westcam-hero-content hero-content\">\n<div class=\"wp-block-webx-blocks-fake-heading heading-h4 hero-subtitle is-style-westcamized\"><\/div>\n\n\n\n<h1 class=\"wp-block-heading hero-title\" style=\"margin-top:var(--wp--preset--spacing--20);margin-bottom:var(--wp--preset--spacing--20);font-size:clamp(2.418em, 2.418rem + ((1vw - 0.2em) * 2.251), 4.5em);line-height:1\"><\/h1>\n\n\n\n<p>Vivamus quis mi. Praesent blandit laoreet nibh. Suspendisse non nisl sit amet velit hendrerit rutrum.<\/p>\n\n\n\n<p>Fusce fermentum odio nec arcu. Nunc egestas, augue at pellentesque laoreet, felis eros vehicula leo, at malesuada velit leo quis pede. In consectetuer turpis ut velit.<\/p>\n\n\n\n<p>Quisque id mi. Vestibulum ante ipsum primis in faucibus orci luctus et ultrices posuere cubilia Curae; Sed aliquam, nisi quis porttitor congue, elit erat euismod orci, ac placerat dolor lectus quis orci. Quisque id mi.<\/p>\n<\/div>\n\n\n\n<div class=\"wp-block-group hero-violet is-layout-flow wp-block-group-is-layout-flow\" style=\"padding-top:var(--wp--preset--spacing--20);padding-right:var(--wp--preset--spacing--20);padding-bottom:var(--wp--preset--spacing--20);padding-left:var(--wp--preset--spacing--20)\">\n<h4 class=\"wp-block-heading hero-subtitle has-base-color has-text-color\" style=\"margin-top:0;margin-bottom:15px\">Ipsum<\/h4>\n\n\n\n<ul class=\"wp-block-list hero-bullet-list-items is-style-westcam-list has-base-color has-accent-2-background-color has-text-color has-background has-link-color wp-elements-569c53fba4ed9f0464aa9dcad8b84f1d\">\n<li>Vivamus quis mi. Praesent blandit laoreet nibh. Suspendisse non nisl sit amet velit hendrerit rutrum.<\/li>\n\n\n\n<li>Fusce fermentum odio nec arcu. Nunc egestas, augue at pellentesque laoreet, felis eros vehicula leo, at malesuada velit leo quis pede. In consectetuer turpis ut velit.<\/li>\n\n\n\n<li>Quisque id mi. Vestibulum ante ipsum primis in faucibus orci luctus et ultrices posuere cubilia Curae; Sed aliquam, nisi quis porttitor congue, elit erat euismod orci, ac placerat dolor lectus quis orci. Quisque id mi.<\/li>\n<\/ul>\n<\/div>\n<\/div>\n\n\n\n<div class=\"wp-block-group has-base-2-background-color has-background has-global-padding is-layout-constrained wp-container-core-group-is-layout-56109261 wp-block-group-is-layout-constrained\" style=\"padding-top:var(--wp--preset--spacing--30);padding-bottom:var(--wp--preset--spacing--30)\">\n<figure class=\"wp-block-embed is-type-video is-provider-youtube wp-block-embed-youtube wp-embed-aspect-16-9 wp-has-aspect-ratio\" style=\"margin-top:var(--wp--preset--spacing--20);margin-bottom:var(--wp--preset--spacing--20)\"><div class=\"wp-block-embed__wrapper\">\n<div class=\"cookieconsent-optout-marketing\">\n    Bitte  <a href=\"javascript:Cookiebot.renew()\">Marketing-Cookies akzeptieren<\/a>, um dieses Video zu laden.\n    <\/div>\n            <iframe data-cookieblock-src=\"https:\/\/www.youtube.com\/embed\/dq25LzJqVWM?feature=oembed\" data-cookieconsent=\"marketing\" title=\"GOM Scanbox 4105 | Einfache Bedienung\" width=\"500\" height=\"281\"  frameborder=\"0\" allow=\"accelerometer; autoplay; clipboard-write; encrypted-media; gyroscope; picture-in-picture; web-share\" referrerpolicy=\"strict-origin-when-cross-origin\" allowfullscreen><\/iframe>\n<\/div><\/figure>\n<\/div>\n\n\n\n<div class=\"wp-block-group has-global-padding is-layout-constrained wp-container-core-group-is-layout-ec9bead0 wp-block-group-is-layout-constrained\" style=\"margin-top:var(--wp--preset--spacing--40);margin-bottom:var(--wp--preset--spacing--40);padding-top:0;padding-right:0;padding-bottom:0;padding-left:0\">\n<h2 class=\"wp-block-heading\">unser Angebot im Bereich 3d-Messtechnik<\/h2>\n\n\n\n<p><mark class=\"has-inline-color has-accent-color\">WORK IN PROGRESS<\/mark><\/p>\n\n\n<div class=\"wp-block-webx-post-list-webx-post-list wp-block-webx-post-list-webx-post-list\" data-listid=\"84556\">\n    <script class=\"webx-filter-list-config\" type=\"application\/json\">{\"postType\":\"product\",\"displayGrid\":true,\"subTitle\":\"product_category\",\"className\":\"wp-block-webx-post-list-webx-post-list\",\"enableParentPost\":false,\"compactGrid\":false,\"fieldOne\":\"\",\"fieldTwo\":\"\",\"language\":\"en\",\"listId\":84556,\"postId\":4487}<\/script>\n    <div class=\"webx-post-list\" data-listid=\"84556\"><\/div>\n    \n<div>\n<div class=\"wp-block-webx-post-list-webx-filters\"><div>\n<div class=\"wp-block-webx-post-list-webx-filter wp-block-webx-post-list-webx-filter\">\n    <script class=\"webx-filter-config\" type=\"application\/json\">\n    {\"taxonomy\":\"product_category\",\"label\":\"Product Categories\",\"type\":\"flex\",\"className\":\"wp-block-webx-post-list-webx-filter\",\"preFilter\":false,\"preFilterId\":\"\"}            <\/script>\n<\/div><\/div><\/div>\n<\/div>\n<\/div><\/div>\n\n\n\n<div class=\"wp-block-webx-blocks-responsive-spacer\" style=\"--desktop-height:70px;--tablet-height:50px;--mobile-height:30px\"><\/div>\n\n\n\n<div class=\"wp-block-group has-global-padding is-layout-constrained wp-container-core-group-is-layout-704e782a wp-block-group-is-layout-constrained\">\n<h2 class=\"wp-block-heading\">H\u00e4ufig gestellte Fragen<\/h2>\n\n\n\n<div class=\"wp-block-webx-blocks-accordion\">\n<div class=\"accordion\" id=\"titel\"><h2 class=\"title faq-title\"><a href=\"#titel\">Titel<\/a><\/h2><div class=\"content\"><div class=\"wrapper\">\n<p><\/p>\n<\/div><\/div><\/div>\n\n\n\n<div class=\"accordion\" id=\"titel\"><h2 class=\"title faq-title\"><a href=\"#titel\">Titel<\/a><\/h2><div class=\"content\"><div class=\"wrapper\">\n<p><\/p>\n<\/div><\/div><\/div>\n<\/div>\n\n\n\n<div class=\"wp-block-webx-blocks-responsive-spacer\" style=\"--desktop-height:70px;--tablet-height:50px;--mobile-height:30px\"><\/div>\n<\/div>\n\n\n\n<div class=\"wp-block-group has-global-padding is-layout-constrained wp-block-group-is-layout-constrained\">\n<div class=\"wp-block-webx-blocks-grid has-base-color has-accent-2-background-color has-text-color has-background has-link-color wp-elements-73488948abf342933e1b6e9a977b4bd1 is-layout-grid wp-container-webx-blocks-grid-is-layout-436f3818 wp-block-webx-blocks-grid-is-layout-grid\" style=\"padding-top:var(--wp--preset--spacing--40);padding-right:var(--wp--preset--spacing--40);padding-bottom:var(--wp--preset--spacing--40);padding-left:var(--wp--preset--spacing--40);--grid-columns-desktop:3;--grid-columns-tablet:2;--grid-columns-mobile:1;background-image:url(&apos;https:\/\/www.westcam-group.com\/wp-content\/uploads\/2024\/04\/grid-bottom-right.webp&apos;);background-position:100% 100%;background-repeat:no-repeat;background-size:300px;\">\n<div class=\"wp-block-webx-blocks-grid-item is-layout-flow wp-block-webx-blocks-grid-item-is-layout-flow\" style=\"--grid-area-desktop:auto \/ auto \/ auto \/ auto;--grid-area-tablet:auto \/ auto \/ auto \/ auto;--grid-area-mobile:auto \/ auto \/ auto \/ auto\">\n<div class=\"wp-block-webx-blocks-fake-heading heading-h5 has-base-color has-text-color has-link-color wp-elements-9de021b26bf12e0660bccbab9d76f7d5\"><span class=\"magentize\">Premium-Vertrag<\/span><\/div>\n\n\n\n<h2 class=\"wp-block-heading has-base-color has-text-color has-link-color wp-elements-3691a858a9e0bf83eed9d28333278d2a\"><\/h2>\n<\/div>\n\n\n\n<div class=\"wp-block-webx-blocks-grid-item is-vertically-aligned-center is-layout-flow wp-block-webx-blocks-grid-item-is-layout-flow\" style=\"--grid-area-desktop:auto \/ auto \/ auto \/ auto;--grid-area-tablet:auto \/ auto \/ auto \/ auto;--grid-area-mobile:auto \/ auto \/ auto \/ auto\">\n<p>Aenean viverra rhoncus pede. Quisque ut nisi. Sed lectus.<\/p>\n\n\n\n<p>Fusce a quam. Class aptent taciti sociosqu ad litora torquent per conubia nostra, per inceptos hymenaeos. Etiam iaculis nunc ac metus.<\/p>\n<\/div>\n\n\n\n<div class=\"wp-block-webx-blocks-grid-item is-vertically-aligned-center is-layout-flow wp-block-webx-blocks-grid-item-is-layout-flow\" style=\"--grid-area-desktop:auto \/ auto \/ auto \/ auto;--grid-area-tablet:auto \/ auto \/ auto \/ auto;--grid-area-mobile:auto \/ auto \/ auto \/ auto\">\n<div class=\"wp-block-buttons is-content-justification-center is-layout-flex wp-container-core-buttons-is-layout-a89b3969 wp-block-buttons-is-layout-flex\"><\/div>\n<\/div>\n<\/div>\n\n\n\n<div class=\"wp-block-webx-blocks-responsive-spacer\" style=\"--desktop-height:100px;--tablet-height:50px;--mobile-height:25px\"><\/div>\n\n\n\n<div class=\"wp-block-webx-blocks-westcam-hero alignfull rtl\"><div class=\"hero-image\" style=\"--aspect-ratio:4 \/ 1\"> <img decoding=\"async\" src=\"https:\/\/www.westcam-group.com\/wp-content\/uploads\/2024\/03\/DALL\u00b7E-2024-03-01-14.44.42-Create-a-highly-photorealistic-image-of-three-students-each-dressed-in-polished-business-attire-lined-up-asymmetrically-in-a-sophisticated-business-1-1.webp\" alt=\"\" \/><\/div><div class=\"hero-placeholder\"><\/div>\n<div class=\"wp-block-webx-blocks-westcam-hero-content hero-content\">\n<h5 class=\"wp-block-heading hero-subtitle is-style-westcamized\" style=\"margin-top:0;margin-bottom:15px;text-transform:none\"><\/h5>\n\n\n\n<h2 class=\"wp-block-heading hero-title\" style=\"margin-top:0;margin-bottom:15px\"><\/h2>\n\n\n\n<p class=\"hero-subtitle\">Mit dem integrierten Portfolio von Autodesk Konstruktions- und Datenverwaltungstools k\u00f6nnen Sie 2D- und 3D-Konstruktionsdaten erzeugen, verwalten und gemeinsam nutzen. Autodesk\u00ae bietet Ihnen 2D- und 3D-Einzelsoftware-L\u00f6sungen f\u00fcr Konstruktion, Planung und Design. Erfahren Sie mehr \u00fcber die jeweiligen Software-L\u00f6sungen und finden Sie heraus, welche Ihnen die digitale Entwicklung, Visualisierung und Simulation Ihrer Ideen erm\u00f6glicht.<\/p>\n<\/div>\n<\/div>\n\n\n\n<div class=\"wp-block-webx-blocks-responsive-spacer\" style=\"--desktop-height:100px;--tablet-height:50px;--mobile-height:25px\"><\/div>\n\n\n\n<div class=\"wp-block-webx-blocks-testimonial\"><div class=\"testimonial-image\"><img decoding=\"async\" src=\"https:\/\/www.westcam-group.com\/wp-content\/uploads\/2024\/03\/atos-q-slider-150x150.jpg\" alt=\"\" \/><\/div><div class=\"testimonial-text\"><blockquote>Besonders hervorzuheben ist, dass WESTCAM die spezifischen Bed\u00fcrfnisse und W\u00fcnsche immer strategisch mitdenkt und uns damit bestens unterst\u00fctzt.<\/blockquote><div class=\"author\"><p class=\"name\">Daniel Da Rold<\/p><p class=\"more\">CAD-Manager u0026 Team-Leader, ILF<\/p><\/div><\/div><\/div>\n\n\n\n<div class=\"wp-block-webx-blocks-responsive-spacer\" style=\"--desktop-height:100px;--tablet-height:50px;--mobile-height:25px\"><\/div>\n\n\n\n<div class=\"wp-block-webx-blocks-westcam-hero alignfull ltr\"><div class=\"hero-image\" style=\"--aspect-ratio:4 \/ 1\"> <img decoding=\"async\" src=\"https:\/\/www.westcam-group.com\/wp-content\/uploads\/2024\/03\/3d-Print.webp\" alt=\"\" \/><\/div><div class=\"hero-placeholder\"><\/div>\n<div class=\"wp-block-webx-blocks-westcam-hero-content hero-content\">\n<div class=\"wp-block-webx-blocks-responsive-spacer\" style=\"--desktop-height:100px;--tablet-height:50px;--mobile-height:0px\"><\/div>\n\n\n\n<div class=\"wp-block-webx-blocks-fake-heading heading-h4 hero-subtitle is-style-westcamized\"><\/div>\n\n\n\n<h2 class=\"wp-block-heading hero-title\" style=\"margin-top:0;margin-bottom:15px;text-transform:none\"><\/h2>\n\n\n\n<p class=\"hero-subtitle\">Autodesk\u00ae bietet f\u00fcr Architekten und Planungsunternehmen eine umfassende Softwarel\u00f6sung, die mit einer Kombination aus CAD- und BIM-Werkzeugen die Planung, Visualisierung, Simulation und Ausf\u00fchrung im Hochbau optimiert. \u00dcberzeugende Visualisierungen, integrierte Simulation und Analyse, hochwertigere Polierpl\u00e4ne und bessere Steuerung der Projektergebnisse.<\/p>\n<\/div>\n<\/div>\n\n\n\n<div class=\"wp-block-webx-blocks-responsive-spacer\" style=\"--desktop-height:100px;--tablet-height:50px;--mobile-height:25px\"><\/div>\n<\/div>\n\n\n\n<p><\/p>\n","protected":false},"excerpt":{"rendered":"<p>unser Angebot im Bereich 3d-Messtechnik WORK IN PROGRESS H\u00e4ufig gestellte Fragen<\/p>\n","protected":false},"author":2,"featured_media":0,"parent":4485,"menu_order":0,"comment_status":"closed","ping_status":"closed","template":"","meta":{"footnotes":""},"competence":[2503],"class_list":["post-4487","product","type-product","status-publish","hentry","competence-industrielle-bildverarbeitung"],"_links":{"self":[{"href":"https:\/\/westcam2023.westcam-staging.web-crossing.com\/cs\/wp-json\/wp\/v2\/product\/4487","targetHints":{"allow":["GET"]}}],"collection":[{"href":"https:\/\/westcam2023.westcam-staging.web-crossing.com\/cs\/wp-json\/wp\/v2\/product"}],"about":[{"href":"https:\/\/westcam2023.westcam-staging.web-crossing.com\/cs\/wp-json\/wp\/v2\/types\/product"}],"author":[{"embeddable":true,"href":"https:\/\/westcam2023.westcam-staging.web-crossing.com\/cs\/wp-json\/wp\/v2\/users\/2"}],"replies":[{"embeddable":true,"href":"https:\/\/westcam2023.westcam-staging.web-crossing.com\/cs\/wp-json\/wp\/v2\/comments?post=4487"}],"version-history":[{"count":7,"href":"https:\/\/westcam2023.westcam-staging.web-crossing.com\/cs\/wp-json\/wp\/v2\/product\/4487\/revisions"}],"predecessor-version":[{"id":31569,"href":"https:\/\/westcam2023.westcam-staging.web-crossing.com\/cs\/wp-json\/wp\/v2\/product\/4487\/revisions\/31569"}],"up":[{"embeddable":true,"href":"https:\/\/westcam2023.westcam-staging.web-crossing.com\/cs\/wp-json\/wp\/v2\/product\/4485"}],"wp:attachment":[{"href":"https:\/\/westcam2023.westcam-staging.web-crossing.com\/cs\/wp-json\/wp\/v2\/media?parent=4487"}],"wp:term":[{"taxonomy":"competence","embeddable":true,"href":"https:\/\/westcam2023.westcam-staging.web-crossing.com\/cs\/wp-json\/wp\/v2\/competence?post=4487"}],"curies":[{"name":"wp","href":"https:\/\/api.w.org\/{rel}","templated":true}]}}