{"id":4465,"date":"2024-04-24T09:16:28","date_gmt":"2024-04-24T07:16:28","guid":{"rendered":"https:\/\/westcam2023.westcam.web-crossing.com\/?post_type=product&#038;p=4465"},"modified":"2024-11-11T15:14:37","modified_gmt":"2024-11-11T14:14:37","slug":"automatisierte-3d-messtechnik","status":"publish","type":"product","link":"https:\/\/westcam2023.westcam-staging.web-crossing.com\/cs\/produkte\/3d-messtechnik\/automatisierte-3d-messtechnik\/","title":{"rendered":"Automatisierte 3D Messtechnik"},"content":{"rendered":"\n<div class=\"wp-block-group alignfull has-global-padding is-layout-constrained wp-block-group-is-layout-constrained\">\n<div class=\"wp-block-webx-blocks-westcam-hero alignfull ltr\" style=\"margin-top:var(--wp--preset--spacing--50);margin-bottom:var(--wp--preset--spacing--50)\"><div class=\"hero-image\" style=\"--aspect-ratio:4 \/ 3\"> <img decoding=\"async\" srcset=\"https:\/\/www.westcam-group.com\/wp-content\/uploads\/2024\/09\/westcam-4-icon-3d-messtechnik-150x150.png 150w, https:\/\/www.westcam-group.com\/wp-content\/uploads\/2024\/09\/westcam-4-icon-3d-messtechnik-300x300.png 300w, https:\/\/www.westcam-group.com\/wp-content\/uploads\/2024\/09\/westcam-4-icon-3d-messtechnik-1024x1024.png 1024w, https:\/\/www.westcam-group.com\/wp-content\/uploads\/2024\/09\/westcam-4-icon-3d-messtechnik.png 1181w, https:\/\/www.westcam-group.com\/wp-content\/uploads\/2024\/09\/westcam-4-icon-3d-messtechnik-900x900.png 900w, https:\/\/www.westcam-group.com\/wp-content\/uploads\/2024\/09\/westcam-4-icon-3d-messtechnik-600x600.png 600w\" src=\"https:\/\/www.westcam-group.com\/wp-content\/uploads\/2024\/09\/westcam-4-icon-3d-messtechnik.png\" alt=\"\"\/><\/div><div class=\"hero-placeholder\"><\/div>\n<div class=\"wp-block-group hero-content is-layout-flow wp-block-group-is-layout-flow\">\n<div class=\"wp-block-webx-blocks-fake-heading heading-h4 hero-subtitle is-style-westcamized\" style=\"text-transform:none\">Effizienzsteigerung durch gezielte Automatisierung<\/div>\n\n\n<h1 style=\"text-transform:none; margin-top:0;margin-bottom:0;\" class=\"wp-block-post-title\">Automatisierte 3D Messtechnik<\/h1>\n\n\n<p>Mit dem <strong>ZEISS ScanCobot <\/strong>und der <strong>ZEISS ScanBox<\/strong> bieten wir unseren Kunden eine innovative und vollautomatisierte L\u00f6sung f\u00fcr pr\u00e4zise 3D-Messungen. <\/p>\n\n\n\n<h5 class=\"wp-block-heading\">Wettbewerbsvorteile verschafft.<\/h5>\n\n\n\n<figure class=\"wp-block-image size-full\"><img loading=\"lazy\" decoding=\"async\" width=\"570\" height=\"207\" src=\"https:\/\/www.westcam-group.com\/wp-content\/uploads\/2024\/04\/ZEISSCertifiedMetrologyPartner.jpg\" alt=\"\" class=\"wp-image-21005\" srcset=\"https:\/\/westcam2023.westcam-staging.web-crossing.com\/wp-content\/uploads\/2024\/04\/ZEISSCertifiedMetrologyPartner.jpg 570w, https:\/\/westcam2023.westcam-staging.web-crossing.com\/wp-content\/uploads\/2024\/04\/ZEISSCertifiedMetrologyPartner-300x109.jpg 300w\" sizes=\"auto, (max-width: 570px) 100vw, 570px\" \/><\/figure>\n<\/div>\n<\/div>\n<\/div>\n\n\n\n<p><\/p>\n\n\n\n<h5 class=\"wp-block-heading\">Die Vorteile auf einen Blick:<\/h5>\n\n\n\n<ul class=\"wp-block-list\">\n<li><strong>Maximale Effizienz:<\/strong> Dank der Automatisierung der Messprozesse reduziert die ZEISS ScanBox die Durchlaufzeiten erheblich und steigert die Produktivit\u00e4t Ihrer Qualit\u00e4tskontrolle.<\/li>\n\n\n\n<li><strong>Hohe Messgenauigkeit:<\/strong> Die fortschrittliche Streifenlicht-Messung von ZEISS sorgt f\u00fcr exakte Ergebnisse und gew\u00e4hrleistet eine gleichbleibend hohe Produktqualit\u00e4t.<\/li>\n\n\n\n<li><strong>Kosteneinsparungen:<\/strong> Durch die Automatisierung und die Reduktion manueller Eingriffe k\u00f6nnen Unternehmen nicht nur Zeit, sondern auch Kosten in der Produktion und Qualit\u00e4tspr\u00fcfung einsparen.<\/li>\n\n\n\n<li><strong>Skalierbarkeit:<\/strong> Die ZEISS ScanBox l\u00e4sst sich flexibel in bestehende Fertigungsprozesse integrieren und passt sich an unterschiedliche Produktionsanforderungen an.<\/li>\n\n\n\n<li><strong>Zuverl\u00e4ssigkeit:<\/strong> Dank der robusten und langlebigen Technologie von ZEISS profitieren unsere Kunden von einer hohen Systemverf\u00fcgbarkeit und minimalen Ausfallzeiten.<\/li>\n\n\n\n<li><strong>Prozesssicherheit:<\/strong> Automatisierte Abl\u00e4ufe minimieren das Fehlerrisiko und gew\u00e4hrleisten eine konstante Prozessstabilit\u00e4t.<\/li>\n<\/ul>\n\n\n\n<p>Mit der <strong>ZEISS ScanBox<\/strong> setzen Sie auf modernste Messtechnik, die Ihrem Unternehmen messbare <\/p>\n\n\n\n<h2 class=\"wp-block-heading\" style=\"text-transform:none\">Unser Angebot f\u00fcr Sie<\/h2>\n\n\n<div style=\"margin-top:var(--wp--preset--spacing--30);margin-bottom:var(--wp--preset--spacing--50);\" class=\"wp-block-webx-post-list-webx-post-list wp-block-webx-post-list-webx-post-list\" data-listid=\"85131\">\n    <script class=\"webx-filter-list-config\" type=\"application\/json\">{\"postType\":\"product\",\"enableParentPost\":true,\"displayGrid\":true,\"subTitle\":\"product_category\",\"fieldOne\":\"product_category\",\"fieldTwo\":\"product_category\",\"className\":\"wp-block-webx-post-list-webx-post-list\",\"style\":{\"spacing\":{\"margin\":{\"top\":\"var:preset|spacing|30\",\"bottom\":\"var:preset|spacing|50\"}}},\"compactGrid\":false,\"language\":\"en\",\"listId\":85131,\"postId\":4465}<\/script>\n    <div class=\"webx-post-list\" data-listid=\"85131\"><\/div>\n    \n<div>\n<div class=\"wp-block-webx-post-list-webx-filters\"><div><\/div><\/div>\n<\/div>\n<\/div>","protected":false},"excerpt":{"rendered":"<p>Mit dem ZEISS ScanCobot und der ZEISS ScanBox bieten wir unseren Kunden eine innovative und vollautomatisierte L\u00f6sung f\u00fcr pr\u00e4zise 3D-Messungen.<\/p>\n","protected":false},"author":2,"featured_media":15602,"parent":3231,"menu_order":8,"comment_status":"closed","ping_status":"closed","template":"","meta":{"footnotes":""},"competence":[2501],"class_list":["post-4465","product","type-product","status-publish","has-post-thumbnail","hentry","competence-automatisierte-3d-messtechnik"],"_links":{"self":[{"href":"https:\/\/westcam2023.westcam-staging.web-crossing.com\/cs\/wp-json\/wp\/v2\/product\/4465","targetHints":{"allow":["GET"]}}],"collection":[{"href":"https:\/\/westcam2023.westcam-staging.web-crossing.com\/cs\/wp-json\/wp\/v2\/product"}],"about":[{"href":"https:\/\/westcam2023.westcam-staging.web-crossing.com\/cs\/wp-json\/wp\/v2\/types\/product"}],"author":[{"embeddable":true,"href":"https:\/\/westcam2023.westcam-staging.web-crossing.com\/cs\/wp-json\/wp\/v2\/users\/2"}],"replies":[{"embeddable":true,"href":"https:\/\/westcam2023.westcam-staging.web-crossing.com\/cs\/wp-json\/wp\/v2\/comments?post=4465"}],"version-history":[{"count":10,"href":"https:\/\/westcam2023.westcam-staging.web-crossing.com\/cs\/wp-json\/wp\/v2\/product\/4465\/revisions"}],"predecessor-version":[{"id":29876,"href":"https:\/\/westcam2023.westcam-staging.web-crossing.com\/cs\/wp-json\/wp\/v2\/product\/4465\/revisions\/29876"}],"up":[{"embeddable":true,"href":"https:\/\/westcam2023.westcam-staging.web-crossing.com\/cs\/wp-json\/wp\/v2\/product\/3231"}],"wp:featuredmedia":[{"embeddable":true,"href":"https:\/\/westcam2023.westcam-staging.web-crossing.com\/cs\/wp-json\/wp\/v2\/media\/15602"}],"wp:attachment":[{"href":"https:\/\/westcam2023.westcam-staging.web-crossing.com\/cs\/wp-json\/wp\/v2\/media?parent=4465"}],"wp:term":[{"taxonomy":"competence","embeddable":true,"href":"https:\/\/westcam2023.westcam-staging.web-crossing.com\/cs\/wp-json\/wp\/v2\/competence?post=4465"}],"curies":[{"name":"wp","href":"https:\/\/api.w.org\/{rel}","templated":true}]}}