{"id":4397,"date":"2024-04-24T08:28:49","date_gmt":"2024-04-24T06:28:49","guid":{"rendered":"https:\/\/westcam2023.westcam.web-crossing.com\/?post_type=product&#038;p=4397"},"modified":"2024-12-09T10:38:07","modified_gmt":"2024-12-09T09:38:07","slug":"hig-performance-drehen","status":"publish","type":"product","link":"https:\/\/westcam2023.westcam-staging.web-crossing.com\/cs\/produkte\/cam\/drehen\/hig-performance-drehen\/","title":{"rendered":"High Performance Drehen"},"content":{"rendered":"\n<div style=\"background-image:url(&apos;https:\/\/www.westcam-group.com\/wp-content\/uploads\/2024\/03\/bggrid.webp&apos;);background-position:50% 50%;background-repeat:no-repeat;background-size:contain;\" class=\"wp-block-group has-global-padding is-layout-constrained wp-container-core-group-is-layout-9f245e94 wp-block-group-is-layout-constrained has-background\">\n<div class=\"wp-block-webx-blocks-grid is-layout-grid wp-container-webx-blocks-grid-is-layout-8c8cfa07 wp-block-webx-blocks-grid-is-layout-grid\" style=\"margin-top:var(--wp--preset--spacing--50);margin-bottom:var(--wp--preset--spacing--50);--grid-columns-desktop:2;--grid-columns-tablet:2;--grid-columns-mobile:1\">\n<div class=\"wp-block-webx-blocks-grid-item is-layout-flow wp-block-webx-blocks-grid-item-is-layout-flow\" style=\"padding-top:var(--wp--preset--spacing--30);padding-right:var(--wp--preset--spacing--10);padding-bottom:var(--wp--preset--spacing--10);padding-left:var(--wp--preset--spacing--10);--grid-area-desktop:auto \/ auto \/ auto \/ auto;--grid-area-tablet:auto \/ auto \/ auto \/ auto;--grid-area-mobile:auto \/ auto \/ auto \/ auto\">\n<div class=\"wp-block-webx-blocks-fake-heading heading-h4 is-style-westcamized\" style=\"text-transform:none\">MAXXimal effizient und prozesssicher: &nbsp;Dreh-Schruppen mit <em>hyper<\/em>MILL <\/div>\n\n\n\n<h1 class=\"wp-block-heading hero-title has-xx-large-font-size\" style=\"margin-top:var(--wp--preset--spacing--20);margin-bottom:var(--wp--preset--spacing--20);line-height:1;text-transform:none\">High Performance Drehen<\/h1>\n\n\n\n<p><strong>Das Maxx Machining Modul &#8211; High-Performance-Drehen (HPC-Drehen) von <em>hyper<\/em>MILL  nutzt trochoidale Werkzeugbahnen, um die Effizienz und Prozesssicherheit zu maximieren, insbesondere bei schwer zerspanbaren Materialien.<\/strong><\/p>\n\n\n\n<p>Das HPC-Drehen basiert auf dem bew\u00e4hrten Konzept der trochoidalen Bearbeitung, das erfolgreich auf die Drehbearbeitung \u00fcbertragen wurde. <\/p>\n\n\n\n<p>Diese Methode erm\u00f6glicht die Nutzung runder Schneidplatten, wobei die Verbindungswege zwischen den einzelnen Werkzeugbahnen und die An- und Abfahrbewegungen optimal auf den jeweiligen Bearbeitungsfall abgestimmt sind. Dies f\u00fchrt zu einer deutlichen Reduzierung der Bearbeitungszeit und einer Verl\u00e4ngerung der Werkzeugstandzeit.<\/p>\n\n\n\n<div class=\"wp-block-buttons is-layout-flex wp-block-buttons-is-layout-flex\" style=\"margin-top:var(--wp--preset--spacing--20);margin-bottom:var(--wp--preset--spacing--20)\">\n<div class=\"wp-block-button\"><a class=\"wp-block-button__link wp-element-button\" href=\"#free-version\">Jetzt Anfragen<\/a><\/div>\n<\/div>\n<\/div>\n\n\n\n<div class=\"wp-block-webx-blocks-grid-item is-layout-flow wp-container-webx-blocks-grid-item-is-layout-69fcd244 wp-block-webx-blocks-grid-item-is-layout-flow\" style=\"padding-top:0;padding-right:0;padding-bottom:0;padding-left:0;--grid-area-desktop:auto \/ auto \/ auto \/ auto;--grid-area-tablet:auto \/ auto \/ auto \/ auto;--grid-area-mobile:auto \/ auto \/ auto \/ auto\">\n<figure class=\"wp-block-image aligncenter size-full is-style-default\"><img loading=\"lazy\" decoding=\"async\" width=\"2480\" height=\"1395\" src=\"https:\/\/www.westcam-group.com\/wp-content\/uploads\/2024\/07\/turning-hpc.webp\" alt=\"\" class=\"wp-image-17649\" srcset=\"https:\/\/westcam2023.westcam-staging.web-crossing.com\/wp-content\/uploads\/2024\/07\/turning-hpc.webp 2480w, https:\/\/westcam2023.westcam-staging.web-crossing.com\/wp-content\/uploads\/2024\/07\/turning-hpc-300x169.webp 300w, https:\/\/westcam2023.westcam-staging.web-crossing.com\/wp-content\/uploads\/2024\/07\/turning-hpc-1024x576.webp 1024w, https:\/\/westcam2023.westcam-staging.web-crossing.com\/wp-content\/uploads\/2024\/07\/turning-hpc-768x432.webp 768w, https:\/\/westcam2023.westcam-staging.web-crossing.com\/wp-content\/uploads\/2024\/07\/turning-hpc-1536x864.webp 1536w, https:\/\/westcam2023.westcam-staging.web-crossing.com\/wp-content\/uploads\/2024\/07\/turning-hpc-2048x1152.webp 2048w, https:\/\/westcam2023.westcam-staging.web-crossing.com\/wp-content\/uploads\/2024\/07\/turning-hpc-1600x900.webp 1600w, https:\/\/westcam2023.westcam-staging.web-crossing.com\/wp-content\/uploads\/2024\/07\/turning-hpc-1067x600.webp 1067w\" sizes=\"auto, (max-width: 2480px) 100vw, 2480px\" \/><\/figure>\n\n\n\n<div class=\"wp-block-group hero-violet has-accent-2-background-color has-background is-layout-flow wp-block-group-is-layout-flow\" style=\"padding-top:var(--wp--preset--spacing--30);padding-right:var(--wp--preset--spacing--30);padding-bottom:var(--wp--preset--spacing--30);padding-left:var(--wp--preset--spacing--30)\">\n<div class=\"wp-block-webx-blocks-fake-heading heading-h4 hero-subtitle has-base-color has-text-color\">Highlights<\/div>\n\n\n\n<ul class=\"wp-block-list hero-bullet-list-items is-style-westcam-list has-base-color has-accent-2-background-color has-text-color has-background has-link-color wp-elements-38e09c3a14d160eddb02dbc13f5b0737\">\n<li>Trochoidale Werkzeugbahnen f\u00fcr die Drehbearbeitung<\/li>\n\n\n\n<li>Deutlich reduzierte Bearbeitungszeit<\/li>\n\n\n\n<li>Verbesserte Werkzeugstandzeit<\/li>\n<\/ul>\n\n\n\n<figure class=\"wp-block-image size-full is-resized\"><img loading=\"lazy\" decoding=\"async\" width=\"570\" height=\"207\" src=\"https:\/\/www.westcam-group.com\/wp-content\/uploads\/2024\/05\/02openmind.png\" alt=\"\" class=\"wp-image-5844\" style=\"width:auto;height:80px\" srcset=\"https:\/\/westcam2023.westcam-staging.web-crossing.com\/wp-content\/uploads\/2024\/05\/02openmind.png 570w, https:\/\/westcam2023.westcam-staging.web-crossing.com\/wp-content\/uploads\/2024\/05\/02openmind-300x109.png 300w\" sizes=\"auto, (max-width: 570px) 100vw, 570px\" \/><\/figure>\n<\/div>\n<\/div>\n<\/div>\n<\/div>\n\n\n\n<div class=\"wp-block-group has-base-2-background-color has-background has-global-padding is-content-justification-center is-layout-constrained wp-container-core-group-is-layout-606d210a wp-block-group-is-layout-constrained\" style=\"padding-top:var(--wp--preset--spacing--30);padding-bottom:var(--wp--preset--spacing--30)\">\n<figure class=\"wp-block-embed is-type-video is-provider-youtube wp-block-embed-youtube wp-embed-aspect-16-9 wp-has-aspect-ratio\" style=\"margin-top:var(--wp--preset--spacing--20);margin-bottom:var(--wp--preset--spacing--20)\"><div class=\"wp-block-embed__wrapper\">\n<div class=\"cookieconsent-optout-marketing\">\n    Bitte  <a href=\"javascript:Cookiebot.renew()\">Marketing-Cookies akzeptieren<\/a>, um dieses Video zu laden.\n    <\/div>\n            <iframe data-cookieblock-src=\"https:\/\/www.youtube.com\/embed\/Ww_EA4MRcl4?feature=oembed\" data-cookieconsent=\"marketing\" title=\"hyperMILL TURNING Solutions: High-Performance Turning at a Glance | CAM-Software\" width=\"500\" height=\"281\"  frameborder=\"0\" allow=\"accelerometer; autoplay; clipboard-write; encrypted-media; gyroscope; picture-in-picture; web-share\" referrerpolicy=\"strict-origin-when-cross-origin\" allowfullscreen><\/iframe>\n<\/div><\/figure>\n<\/div>\n\n\n\n<div class=\"wp-block-group has-global-padding is-layout-constrained wp-container-core-group-is-layout-00189ab9 wp-block-group-is-layout-constrained\">\n<div class=\"wp-block-media-text is-stacked-on-mobile is-image-fill-element\" style=\"margin-top:var(--wp--preset--spacing--50);margin-right:0;margin-bottom:var(--wp--preset--spacing--50);margin-left:0;padding-right:0;padding-left:0\"><figure class=\"wp-block-media-text__media\"><img loading=\"lazy\" decoding=\"async\" width=\"995\" height=\"1024\" src=\"https:\/\/www.westcam-group.com\/wp-content\/uploads\/2024\/04\/mill-turn_Machining_voluturn_19.12_HG-995x1024.jpg\" alt=\"\" class=\"wp-image-22096 size-full\" style=\"object-position:50% 50%\" srcset=\"https:\/\/westcam2023.westcam-staging.web-crossing.com\/wp-content\/uploads\/2024\/04\/mill-turn_Machining_voluturn_19.12_HG-995x1024.jpg 995w, https:\/\/westcam2023.westcam-staging.web-crossing.com\/wp-content\/uploads\/2024\/04\/mill-turn_Machining_voluturn_19.12_HG-291x300.jpg 291w, https:\/\/westcam2023.westcam-staging.web-crossing.com\/wp-content\/uploads\/2024\/04\/mill-turn_Machining_voluturn_19.12_HG-768x791.jpg 768w, https:\/\/westcam2023.westcam-staging.web-crossing.com\/wp-content\/uploads\/2024\/04\/mill-turn_Machining_voluturn_19.12_HG-1492x1536.jpg 1492w, https:\/\/westcam2023.westcam-staging.web-crossing.com\/wp-content\/uploads\/2024\/04\/mill-turn_Machining_voluturn_19.12_HG-874x900.jpg 874w, https:\/\/westcam2023.westcam-staging.web-crossing.com\/wp-content\/uploads\/2024\/04\/mill-turn_Machining_voluturn_19.12_HG-583x600.jpg 583w, https:\/\/westcam2023.westcam-staging.web-crossing.com\/wp-content\/uploads\/2024\/04\/mill-turn_Machining_voluturn_19.12_HG.jpg 1526w\" sizes=\"auto, (max-width: 995px) 100vw, 995px\" \/><\/figure><div class=\"wp-block-media-text__content\">\n<h3 class=\"wp-block-heading has-text-align-left\" style=\"text-transform:none\">Maschinenbewegungen<\/h3>\n\n\n\n<p>Das High Performance Drehen bietet eine erh\u00f6hte Prozesssicherheit durch sanfte An- und Abfahrbewegungen und eine gleichm\u00e4\u00dfige Lastverteilung auf den Maschinenachsen. <\/p>\n\n\n\n<p>Die homogenen Maschinenbewegungen reduzieren die mechanische Belastung, was die Lebensdauer der Maschinenkomponenten verl\u00e4ngert. Zus\u00e4tzlich sorgt das verbesserte Spanbruchverhalten f\u00fcr eine stabile Bearbeitung, selbst bei schwer zerspanbaren Materialien.<\/p>\n<\/div><\/div>\n\n\n\n<div class=\"wp-block-media-text has-media-on-the-right is-stacked-on-mobile is-image-fill-element\" style=\"margin-top:var(--wp--preset--spacing--50);margin-right:0;margin-bottom:var(--wp--preset--spacing--50);margin-left:0\"><div class=\"wp-block-media-text__content\">\n<h3 class=\"wp-block-heading has-text-align-left\" style=\"text-transform:none\">Optimale Werkzeugbahnen<\/h3>\n\n\n\n<p>Nach der Auswahl der zu bearbeitenden Konturen erstellt die Software automatisch die optimalen Werkzeugbahnen f\u00fcr die geforderte Schruppbearbeitung. <\/p>\n\n\n\n<p>Die Werkzeuge und Halter werden dabei nat\u00fcrlich vollst\u00e4ndig kollisionsgepr\u00fcft, was die Sicherheit und Zuverl\u00e4ssigkeit des Prozesses gew\u00e4hrleistet.<\/p>\n<\/div><figure class=\"wp-block-media-text__media\"><img loading=\"lazy\" decoding=\"async\" width=\"1024\" height=\"703\" src=\"https:\/\/www.westcam-group.com\/wp-content\/uploads\/2024\/04\/High_performance_turning_toolpaths_BG-1024x703.jpg\" alt=\"\" class=\"wp-image-22099 size-full\" style=\"object-position:50% 50%\" srcset=\"https:\/\/westcam2023.westcam-staging.web-crossing.com\/wp-content\/uploads\/2024\/04\/High_performance_turning_toolpaths_BG-1024x703.jpg 1024w, https:\/\/westcam2023.westcam-staging.web-crossing.com\/wp-content\/uploads\/2024\/04\/High_performance_turning_toolpaths_BG-300x206.jpg 300w, https:\/\/westcam2023.westcam-staging.web-crossing.com\/wp-content\/uploads\/2024\/04\/High_performance_turning_toolpaths_BG-768x527.jpg 768w, https:\/\/westcam2023.westcam-staging.web-crossing.com\/wp-content\/uploads\/2024\/04\/High_performance_turning_toolpaths_BG-1536x1054.jpg 1536w, https:\/\/westcam2023.westcam-staging.web-crossing.com\/wp-content\/uploads\/2024\/04\/High_performance_turning_toolpaths_BG-2048x1406.jpg 2048w, https:\/\/westcam2023.westcam-staging.web-crossing.com\/wp-content\/uploads\/2024\/04\/High_performance_turning_toolpaths_BG-1311x900.jpg 1311w, https:\/\/westcam2023.westcam-staging.web-crossing.com\/wp-content\/uploads\/2024\/04\/High_performance_turning_toolpaths_BG-874x600.jpg 874w\" sizes=\"auto, (max-width: 1024px) 100vw, 1024px\" \/><\/figure><\/div>\n<\/div>\n\n\n\n<div class=\"wp-block-group has-global-padding is-layout-constrained wp-container-core-group-is-layout-baed9f38 wp-block-group-is-layout-constrained\" style=\"margin-top:var(--wp--preset--spacing--60);margin-bottom:var(--wp--preset--spacing--60)\">\n<h3 class=\"wp-block-heading\" style=\"margin-top:var(--wp--preset--spacing--20);margin-right:0;margin-bottom:var(--wp--preset--spacing--20);margin-left:0;text-transform:none\">H\u00e4ufig gestellte Fragen (FAQs)<\/h3>\n\n\n\n<script type=\"application\/ld+json\">{\"@context\":\"https:\/\/schema.org\",\"@type\":\"FAQPage\",\"mainEntity\":[{\"@type\":\"Question\",\"name\":\"Was ist das High-Performance-Drehen?\",\"acceptedAnswer\":{\"@type\":\"Answer\",\"text\":\"High-Performance-Drehen (HPC-Drehen) ist eine fortschrittliche Bearbeitungstechnologie, die trochoidale Werkzeugbahnen nutzt, um die Effizienz und Prozesssicherheit bei der Drehbearbeitung zu maximieren.\"}},{\"@type\":\"Question\",\"name\":\"Welche Vorteile bietet HPC-Drehen mit hyperMILL ?\",\"acceptedAnswer\":{\"@type\":\"Answer\",\"text\":\"HPC-Drehen mit hyperMILL bietet erh\u00f6hte Produktivit\u00e4t, l\u00e4ngere Werkzeugstandzeiten und maschinenschonende Bearbeitung. Die sanften An- und Abfahrbewegungen sowie die gleichm\u00e4\u00dfige Lastverteilung reduzieren mechanische Belastungen und erh\u00f6hen die Prozesssicherheit.\"}},{\"@type\":\"Question\",\"name\":\"Wie erleichtert hyperMILL die Programmierung von HPC-Drehstrategien?\",\"acceptedAnswer\":{\"@type\":\"Answer\",\"text\":\"&lt;a href=\\\"https:\/\/www.westcam-group.com\/wp-admin\/post.php?post=4293&amp;action=edit#was-ist-der-unterschied-zwischen-autocad-und-autocad-lt\\\">&lt;\/a>&lt;em>hyper&lt;\/em>MILL  erm\u00f6glicht eine einfache und effiziente Programmierung von HPC-Drehstrategien durch automatische Erstellung optimaler Werkzeugbahnen und vollst\u00e4ndige Kollisionspr\u00fcfung der Werkzeuge und Halter.\"}}]}<\/script><div class=\"wp-block-webx-blocks-accordion\">\n<div class=\"accordion\" id=\"was-ist-das-highperformancedrehen\"><h2 class=\"title faq-title\" itemprop=\"name\"><a href=\"#was-ist-das-highperformancedrehen\">Was ist das High-Performance-Drehen?<\/a><\/h2><div class=\"content\"><div class=\"wrapper\">\n<p>High-Performance-Drehen (HPC-Drehen) ist eine fortschrittliche Bearbeitungstechnologie, die trochoidale Werkzeugbahnen nutzt, um die Effizienz und Prozesssicherheit bei der Drehbearbeitung zu maximieren.<\/p>\n<\/div><\/div><\/div>\n\n\n\n<div class=\"accordion\" id=\"welche-vorteile-bietet-hpcdrehen-mit-hypermill-\"><h2 class=\"title faq-title\" itemprop=\"name\"><a href=\"#welche-vorteile-bietet-hpcdrehen-mit-hypermill-\">Welche Vorteile bietet HPC-Drehen mit hyperMILL ?<\/a><\/h2><div class=\"content\"><div class=\"wrapper\">\n<p>HPC-Drehen mit hyperMILL bietet erh\u00f6hte Produktivit\u00e4t, l\u00e4ngere Werkzeugstandzeiten und maschinenschonende Bearbeitung. Die sanften An- und Abfahrbewegungen sowie die gleichm\u00e4\u00dfige Lastverteilung reduzieren mechanische Belastungen und erh\u00f6hen die Prozesssicherheit.<\/p>\n<\/div><\/div><\/div>\n\n\n\n<div class=\"accordion\" id=\"wie-erleichtert-hypermill-die-programmierung-von-hpcdrehstrategien\"><h2 class=\"title faq-title\" itemprop=\"name\"><a href=\"#wie-erleichtert-hypermill-die-programmierung-von-hpcdrehstrategien\">Wie erleichtert hyperMILL die Programmierung von HPC-Drehstrategien?<\/a><\/h2><div class=\"content\"><div class=\"wrapper\">\n<p><a href=\"https:\/\/www.westcam-group.com\/wp-admin\/post.php?post=4293&amp;action=edit#was-ist-der-unterschied-zwischen-autocad-und-autocad-lt\" target=\"_blank\" rel=\"noopener\"><\/a><\/p>\n\n\n\n<p><em>hyper<\/em>MILL  erm\u00f6glicht eine einfache und effiziente Programmierung von HPC-Drehstrategien durch automatische Erstellung optimaler Werkzeugbahnen und vollst\u00e4ndige Kollisionspr\u00fcfung der Werkzeuge und Halter.<\/p>\n<\/div><\/div><\/div>\n<\/div>\n\n\n\n<p><\/p>\n<\/div>\n\n\n\n<div class=\"wp-block-group has-global-padding is-layout-constrained wp-container-core-group-is-layout-19e250f3 wp-block-group-is-layout-constrained\">\n<div id=\"free-version\" class=\"wp-block-group has-base-color has-contrast-background-color has-text-color has-background has-link-color wp-elements-42a5b246f2c5825d8b62db699a844af9 has-global-padding is-layout-constrained wp-container-core-group-is-layout-52009084 wp-block-group-is-layout-constrained\" style=\"padding-top:var(--wp--preset--spacing--40);padding-right:var(--wp--preset--spacing--40);padding-bottom:var(--wp--preset--spacing--40);padding-left:var(--wp--preset--spacing--40)\">\n<h3 class=\"wp-block-heading has-base-color has-text-color has-link-color wp-elements-fa5c1c739b71d42927e60a341952d0c3\" style=\"text-transform:none\">Wir beraten Sie pers\u00f6nlich!<\/h3>\n\n\n\n<div class=\"wpcf7 no-js\" id=\"wpcf7-f31160-o1\" lang=\"de-DE\" dir=\"ltr\" data-wpcf7-id=\"31160\">\n<div class=\"screen-reader-response\"><p role=\"status\" aria-live=\"polite\" aria-atomic=\"true\"><\/p> <ul><\/ul><\/div>\n<form action=\"\/cs\/wp-json\/wp\/v2\/product\/4397#wpcf7-f31160-o1\" method=\"post\" class=\"wpcf7-form init\" aria-label=\"Kontaktformular\" novalidate=\"novalidate\" data-status=\"init\">\n<div style=\"display: none;\">\n<input type=\"hidden\" name=\"_wpcf7\" value=\"31160\" \/>\n<input type=\"hidden\" name=\"_wpcf7_version\" value=\"6.0.1\" \/>\n<input type=\"hidden\" name=\"_wpcf7_locale\" value=\"de_DE\" \/>\n<input type=\"hidden\" name=\"_wpcf7_unit_tag\" value=\"wpcf7-f31160-o1\" \/>\n<input type=\"hidden\" name=\"_wpcf7_container_post\" value=\"0\" \/>\n<input type=\"hidden\" name=\"_wpcf7_posted_data_hash\" value=\"\" \/>\n<input type=\"hidden\" name=\"_wpcf7dtx_version\" value=\"5.0.2\" \/>\n<input type=\"hidden\" name=\"_wpcf7_recaptcha_response\" value=\"\" \/>\n<\/div>\n<h3> Anfrage: <label class=\"wpcf7-form-control wpcf7-label wpcf7dtx wpcf7dtx-label\" for=\"High Performance Drehen\">High Performance Drehen<\/label><span class=\"wpcf7-form-control-wrap dynamic_hidden-post-title\" data-name=\"dynamic_hidden-post-title\"><input type=\"hidden\" name=\"dynamic_hidden-post-title\" class=\"wpcf7-form-control wpcf7-hidden wpcf7dtx wpcf7dtx-hidden\" aria-invalid=\"false\" value=\"High Performance Drehen\"><\/span><\/h3>\n\n<label> Name\n    <span class=\"wpcf7-form-control-wrap\" data-name=\"fullname\"><input size=\"40\" maxlength=\"400\" class=\"wpcf7-form-control wpcf7-text\" aria-invalid=\"false\" value=\"\" type=\"text\" name=\"fullname\" \/><\/span> <\/label>\n\n<label> E-Mail-Adresse*\n    <span class=\"wpcf7-form-control-wrap\" data-name=\"email\"><input size=\"40\" maxlength=\"400\" class=\"wpcf7-form-control wpcf7-email wpcf7-validates-as-required wpcf7-text wpcf7-validates-as-email\" aria-required=\"true\" aria-invalid=\"false\" value=\"\" type=\"email\" name=\"email\" \/><\/span> <\/label>\n\n<label> Unternehmen\n    <span class=\"wpcf7-form-control-wrap\" data-name=\"unternehmen\"><input size=\"40\" maxlength=\"400\" class=\"wpcf7-form-control wpcf7-text\" aria-invalid=\"false\" value=\"\" type=\"text\" name=\"unternehmen\" \/><\/span> <\/label>\n\n<label> Ihre Nachricht*\n    <span class=\"wpcf7-form-control-wrap\" data-name=\"nachricht\"><textarea cols=\"40\" rows=\"10\" maxlength=\"2000\" class=\"wpcf7-form-control wpcf7-textarea wpcf7-validates-as-required\" aria-required=\"true\" aria-invalid=\"false\" name=\"nachricht\"><\/textarea><\/span> <\/label>\n\n<input class=\"wpcf7-form-control wpcf7-submit has-spinner\" type=\"submit\" value=\"Senden\" \/>\n\n<div class=\"wpcf7-response-output\" aria-hidden=\"true\"><\/div>\n<\/form>\n<\/div>\n\n<\/div>\n\n\n\n<div id=\"ansprechpartner\" class=\"wp-block-group has-base-2-background-color has-background has-global-padding is-layout-constrained wp-container-core-group-is-layout-16946a23 wp-block-group-is-layout-constrained\" style=\"margin-top:0;margin-bottom:0;padding-top:var(--wp--preset--spacing--30);padding-right:var(--wp--preset--spacing--30);padding-bottom:var(--wp--preset--spacing--30);padding-left:var(--wp--preset--spacing--30)\">\n<div class=\"wp-block-group has-base-2-background-color has-background has-global-padding is-layout-constrained wp-container-core-group-is-layout-19e250f3 wp-block-group-is-layout-constrained\">\n<h2 class=\"wp-block-heading\" style=\"text-transform:none\">Gerne f\u00fcr Sie da<\/h2>\n<\/div>\n\n\n<div class=\"wp-block-webx-blocks-westcam-employee-display\">\n    <div class=\"employee-image\">\n        <img decoding=\"async\" src=\"https:\/\/westcam2023.westcam-staging.web-crossing.com\/wp-content\/uploads\/2024\/05\/Michael_Moritz_WESTCAM-300x300.jpg\" alt=Michael Moritz \/>\n    <\/div>\n    <div class=\"employee-info\">\n        <div class=\"heading-h3\">Michael Moritz<\/div>\n        <div class=\"heading-h5 is-style-westcamized\">Leitung CAM &#038; 3D-Druck<\/div>\n    <\/div>\n    <div class=\"employee-social\">\n        <div class=\"icons\">\n                        <a href=https:\/\/www.linkedin.com\/in\/michael-moritz\/ title=\"Michael Moritz on linkedIn\"\n                target=\"_blank\" rel=\"noopener noreferrer\">\n                <?xml version=\"1.0\" encoding=\"UTF-8\" standalone=\"no\"?>\n                <!DOCTYPE svg PUBLIC \"-\/\/W3C\/\/DTD SVG 1.1\/\/EN\" \"http:\/\/www.w3.org\/Graphics\/SVG\/1.1\/DTD\/svg11.dtd\"><svg\n                    width=\"100%\" height=\"100%\" viewBox=\"0 0 248 204\" version=\"1.1\" xmlns=\"http:\/\/www.w3.org\/2000\/svg\"\n                    xmlns:xlink=\"http:\/\/www.w3.org\/1999\/xlink\" xml:space=\"preserve\" xmlns:serif=\"http:\/\/www.serif.com\/\"\n                    style=\"fill-rule:evenodd;clip-rule:evenodd;stroke-linejoin:round;stroke-miterlimit:2;\">\n                    <path\n                        d=\"M226,204l-41.916,0l0,-71.392c0,-19.573 -7.437,-30.512 -22.93,-30.512c-16.854,0 -25.659,11.383 -25.659,30.512l-0,71.392l-40.395,0l-0,-136l40.395,-0l-0,18.319c-0,0 12.146,-22.474 41.006,-22.474c28.847,-0 49.499,17.616 49.499,54.048l0,86.107Zm-179.091,-153.808c-13.759,-0 -24.909,-11.237 -24.909,-25.096c0,-13.859 11.15,-25.096 24.909,-25.096c13.759,-0 24.902,11.237 24.902,25.096c0,13.859 -11.143,25.096 -24.902,25.096Zm-20.858,153.808l42.121,0l0,-136l-42.121,-0l-0,136Z\" \/>\n                <\/svg>\n            <\/a>\n                                    <a href=\"\/vcard\/6678\" title=\"Download vCard\"\n                class=\"vcard-button\">\n                <svg xmlns=\"http:\/\/www.w3.org\/2000\/svg\" width=\"32.143\" height=\"25\" viewBox=\"0 0 32.143 25\">\n                    <path id=\"address-card-solid\"\n                        d=\"M3.571,32A3.575,3.575,0,0,0,0,35.571V53.429A3.575,3.575,0,0,0,3.571,57h25a3.575,3.575,0,0,0,3.571-3.571V35.571A3.575,3.575,0,0,0,28.571,32ZM8.036,46.286h3.571a4.463,4.463,0,0,1,4.464,4.464.9.9,0,0,1-.893.893H4.464a.9.9,0,0,1-.893-.893A4.463,4.463,0,0,1,8.036,46.286ZM6.25,40.929A3.571,3.571,0,1,1,9.821,44.5,3.571,3.571,0,0,1,6.25,40.929Zm14.286-1.786h7.143a.893.893,0,0,1,0,1.786H20.536a.893.893,0,0,1,0-1.786Zm0,3.571h7.143a.893.893,0,0,1,0,1.786H20.536a.893.893,0,0,1,0-1.786Zm0,3.571h7.143a.893.893,0,0,1,0,1.786H20.536a.893.893,0,0,1,0-1.786Z\"\n                        transform=\"translate(0 -32)\" fill=\"#111\" \/>\n                <\/svg>\n            <\/a>\n        <\/div>\n    <\/div>\n    <div class=\"employee-contact\">\n                <a href=\"tel: +43 5223 55509 220\">\n            <div class=\" employee-phone\">\n                <svg xmlns=\"http:\/\/www.w3.org\/2000\/svg\" width=\"32\" height=\"32\" viewBox=\"0 0 32 32\">\n                    <path id=\"phone\"\n                        d=\"M6.529,4h7.059l3.529,8.824-4.412,2.647a19.412,19.412,0,0,0,8.824,8.824l2.647-4.412L33,23.412v7.059A3.529,3.529,0,0,1,29.471,34,28.235,28.235,0,0,1,3,7.529,3.529,3.529,0,0,1,6.529,4\"\n                        transform=\"translate(-2 -3)\" fill=\"none\" stroke=\"#111\" stroke-linecap=\"round\"\n                        stroke-linejoin=\"round\" stroke-width=\"2\" \/>\n                <\/svg>\n\n                 +43 5223 55509 220\n            <\/div>\n        <\/a>\n                                <a href=\"mailto:michael.moritz@westcam.at\">\n            <div class=\" employee-email\">\n                <svg xmlns=\"http:\/\/www.w3.org\/2000\/svg\" width=\"32.773\" height=\"25.333\" viewBox=\"0 0 32.773 25.333\">\n                    <g id=\"mail\" transform=\"translate(1.387 1)\">\n                        <rect id=\"Rechteck_11\" data-name=\"Rechteck 11\" width=\"30\" height=\"23.333\" rx=\"2\" fill=\"none\"\n                            stroke=\"#111\" stroke-linecap=\"round\" stroke-linejoin=\"round\" stroke-width=\"2\" \/>\n                        <path id=\"Pfad_100\" data-name=\"Pfad 100\" d=\"M3,7,18,17,33,7\" transform=\"translate(-3 -3.667)\"\n                            fill=\"none\" stroke=\"#111\" stroke-linecap=\"round\" stroke-linejoin=\"round\" stroke-width=\"2\" \/>\n                    <\/g>\n                <\/svg>\n                michael.moritz@westcam.at\n            <\/div>\n        <\/a>\n        \n\n\n    <\/div>\n        <div class=\"employee-callback wp-block-button is-style-outline\">\n        <a href=\"\/anfrage\/?email=anfrage-office\"\n            class=\"wp-block-button__link wp-element-button\">Anfrage<\/a>\n    <\/div>\n    <\/div><\/div>\n<\/div>\n","protected":false},"excerpt":{"rendered":"<p>Dank innovativer Technologie Bearbeitungszeit reduzieren und Werkzeugstandzeit f\u00fcr das Drehen verl\u00e4ngern.<\/p>\n","protected":false},"author":2,"featured_media":17649,"parent":4391,"menu_order":8,"comment_status":"closed","ping_status":"closed","template":"","meta":{"footnotes":""},"competence":[2523],"class_list":["post-4397","product","type-product","status-publish","has-post-thumbnail","hentry","competence-drehen"],"_links":{"self":[{"href":"https:\/\/westcam2023.westcam-staging.web-crossing.com\/cs\/wp-json\/wp\/v2\/product\/4397","targetHints":{"allow":["GET"]}}],"collection":[{"href":"https:\/\/westcam2023.westcam-staging.web-crossing.com\/cs\/wp-json\/wp\/v2\/product"}],"about":[{"href":"https:\/\/westcam2023.westcam-staging.web-crossing.com\/cs\/wp-json\/wp\/v2\/types\/product"}],"author":[{"embeddable":true,"href":"https:\/\/westcam2023.westcam-staging.web-crossing.com\/cs\/wp-json\/wp\/v2\/users\/2"}],"replies":[{"embeddable":true,"href":"https:\/\/westcam2023.westcam-staging.web-crossing.com\/cs\/wp-json\/wp\/v2\/comments?post=4397"}],"version-history":[{"count":13,"href":"https:\/\/westcam2023.westcam-staging.web-crossing.com\/cs\/wp-json\/wp\/v2\/product\/4397\/revisions"}],"predecessor-version":[{"id":31546,"href":"https:\/\/westcam2023.westcam-staging.web-crossing.com\/cs\/wp-json\/wp\/v2\/product\/4397\/revisions\/31546"}],"up":[{"embeddable":true,"href":"https:\/\/westcam2023.westcam-staging.web-crossing.com\/cs\/wp-json\/wp\/v2\/product\/4391"}],"wp:featuredmedia":[{"embeddable":true,"href":"https:\/\/westcam2023.westcam-staging.web-crossing.com\/cs\/wp-json\/wp\/v2\/media\/17649"}],"wp:attachment":[{"href":"https:\/\/westcam2023.westcam-staging.web-crossing.com\/cs\/wp-json\/wp\/v2\/media?parent=4397"}],"wp:term":[{"taxonomy":"competence","embeddable":true,"href":"https:\/\/westcam2023.westcam-staging.web-crossing.com\/cs\/wp-json\/wp\/v2\/competence?post=4397"}],"curies":[{"name":"wp","href":"https:\/\/api.w.org\/{rel}","templated":true}]}}