{"id":4391,"date":"2024-04-24T08:26:51","date_gmt":"2024-04-24T06:26:51","guid":{"rendered":"https:\/\/westcam2023.westcam.web-crossing.com\/?post_type=product&#038;p=4391"},"modified":"2024-10-03T13:42:00","modified_gmt":"2024-10-03T11:42:00","slug":"drehen","status":"publish","type":"product","link":"https:\/\/westcam2023.westcam-staging.web-crossing.com\/cs\/produkte\/cam\/drehen\/","title":{"rendered":"Drehen"},"content":{"rendered":"\n<div class=\"wp-block-group alignfull has-global-padding is-layout-constrained wp-block-group-is-layout-constrained\">\n<div class=\"wp-block-webx-blocks-westcam-hero alignfull ltr\" style=\"margin-top:var(--wp--preset--spacing--50);margin-bottom:var(--wp--preset--spacing--50)\"><div class=\"hero-image\" style=\"--aspect-ratio:4 \/ 3\"> <img decoding=\"async\" srcset=\"https:\/\/www.westcam-group.com\/wp-content\/uploads\/2024\/09\/westcam-3-icon-cam-cnc-150x150.png 150w, https:\/\/www.westcam-group.com\/wp-content\/uploads\/2024\/09\/westcam-3-icon-cam-cnc-300x300.png 300w, https:\/\/www.westcam-group.com\/wp-content\/uploads\/2024\/09\/westcam-3-icon-cam-cnc-1024x1024.png 1024w, https:\/\/www.westcam-group.com\/wp-content\/uploads\/2024\/09\/westcam-3-icon-cam-cnc.png 1181w, https:\/\/www.westcam-group.com\/wp-content\/uploads\/2024\/09\/westcam-3-icon-cam-cnc-900x900.png 900w, https:\/\/www.westcam-group.com\/wp-content\/uploads\/2024\/09\/westcam-3-icon-cam-cnc-600x600.png 600w\" src=\"https:\/\/www.westcam-group.com\/wp-content\/uploads\/2024\/09\/westcam-3-icon-cam-cnc.png\" alt=\"\"\/><\/div><div class=\"hero-placeholder\"><\/div>\n<div class=\"wp-block-group hero-content is-layout-flow wp-block-group-is-layout-flow\">\n<div class=\"wp-block-webx-blocks-fake-heading heading-h4 hero-subtitle is-style-westcamized\" style=\"text-transform:none\">Portfolio Drehen: Von einfach bis zu komplexen TURN-MILL-Prozessen<\/div>\n\n\n<h1 style=\"text-transform:none; margin-top:0;margin-bottom:0;\" class=\"wp-block-post-title\">Drehen<\/h1>\n\n\n<p>Unsere CAM-Software bietet Ihnen umfassende Unterst\u00fctzung f\u00fcr verschiedene <strong>Drehbearbeitungstechniken<\/strong>, die von <strong>grundlegenden Drehoperationen<\/strong> bis hin zu fortschrittlichen <strong>TURN-MILL-Anwendungen<\/strong> reichen. <\/p>\n\n\n\n<p>Durch den Einsatz unserer Software k\u00f6nnen Sie Ihre<strong> Fertigungsprozesse<\/strong> <strong>optimieren<\/strong> und <strong>pr\u00e4zise<\/strong> <strong>Ergebnisse <\/strong>erzielen. \u00dcberzeugen Sie sich von der <strong>Leistungsf\u00e4higkeit der WESTCAM-Drehl\u00f6sungen<\/strong>.<\/p>\n<\/div>\n<\/div>\n<\/div>\n\n\n\n<h2 class=\"wp-block-heading\" style=\"text-transform:none\">Unser Angebot f\u00fcr Sie<\/h2>\n\n\n<div style=\"margin-top:var(--wp--preset--spacing--30);margin-bottom:var(--wp--preset--spacing--50);\" class=\"wp-block-webx-post-list-webx-post-list wp-block-webx-post-list-webx-post-list\" data-listid=\"18263\">\n    <script class=\"webx-filter-list-config\" type=\"application\/json\">{\"postType\":\"product\",\"enableParentPost\":true,\"displayGrid\":true,\"subTitle\":\"product_category\",\"fieldOne\":\"product_category\",\"fieldTwo\":\"product_category\",\"className\":\"wp-block-webx-post-list-webx-post-list\",\"style\":{\"spacing\":{\"margin\":{\"top\":\"var:preset|spacing|30\",\"bottom\":\"var:preset|spacing|50\"}}},\"compactGrid\":false,\"language\":\"en\",\"listId\":18263,\"postId\":4391}<\/script>\n    <div class=\"webx-post-list\" data-listid=\"18263\"><\/div>\n    \n<div>\n<div class=\"wp-block-webx-post-list-webx-filters\"><div><\/div><\/div>\n<\/div>\n<\/div>","protected":false},"excerpt":{"rendered":"<p>Alles was f\u00fcr die CAM-Programmierung der Drehbearbeitung ben\u00f6tigt wird, gibt es nat\u00fcrlich von WESTCAM. <\/p>\n","protected":false},"author":2,"featured_media":22081,"parent":4371,"menu_order":8,"comment_status":"closed","ping_status":"closed","template":"","meta":{"footnotes":""},"competence":[2523],"class_list":["post-4391","product","type-product","status-publish","has-post-thumbnail","hentry","competence-drehen"],"_links":{"self":[{"href":"https:\/\/westcam2023.westcam-staging.web-crossing.com\/cs\/wp-json\/wp\/v2\/product\/4391","targetHints":{"allow":["GET"]}}],"collection":[{"href":"https:\/\/westcam2023.westcam-staging.web-crossing.com\/cs\/wp-json\/wp\/v2\/product"}],"about":[{"href":"https:\/\/westcam2023.westcam-staging.web-crossing.com\/cs\/wp-json\/wp\/v2\/types\/product"}],"author":[{"embeddable":true,"href":"https:\/\/westcam2023.westcam-staging.web-crossing.com\/cs\/wp-json\/wp\/v2\/users\/2"}],"replies":[{"embeddable":true,"href":"https:\/\/westcam2023.westcam-staging.web-crossing.com\/cs\/wp-json\/wp\/v2\/comments?post=4391"}],"version-history":[{"count":10,"href":"https:\/\/westcam2023.westcam-staging.web-crossing.com\/cs\/wp-json\/wp\/v2\/product\/4391\/revisions"}],"predecessor-version":[{"id":24916,"href":"https:\/\/westcam2023.westcam-staging.web-crossing.com\/cs\/wp-json\/wp\/v2\/product\/4391\/revisions\/24916"}],"up":[{"embeddable":true,"href":"https:\/\/westcam2023.westcam-staging.web-crossing.com\/cs\/wp-json\/wp\/v2\/product\/4371"}],"wp:featuredmedia":[{"embeddable":true,"href":"https:\/\/westcam2023.westcam-staging.web-crossing.com\/cs\/wp-json\/wp\/v2\/media\/22081"}],"wp:attachment":[{"href":"https:\/\/westcam2023.westcam-staging.web-crossing.com\/cs\/wp-json\/wp\/v2\/media?parent=4391"}],"wp:term":[{"taxonomy":"competence","embeddable":true,"href":"https:\/\/westcam2023.westcam-staging.web-crossing.com\/cs\/wp-json\/wp\/v2\/competence?post=4391"}],"curies":[{"name":"wp","href":"https:\/\/api.w.org\/{rel}","templated":true}]}}