{"id":4373,"date":"2024-04-24T08:22:02","date_gmt":"2024-04-24T06:22:02","guid":{"rendered":"https:\/\/westcam2023.westcam.web-crossing.com\/?post_type=product&#038;p=4373"},"modified":"2024-11-11T12:53:43","modified_gmt":"2024-11-11T11:53:43","slug":"fraesen","status":"publish","type":"product","link":"https:\/\/westcam2023.westcam-staging.web-crossing.com\/cs\/produkte\/cam\/fraesen\/","title":{"rendered":"Fr\u00e4sen"},"content":{"rendered":"\n<div class=\"wp-block-group alignfull has-global-padding is-layout-constrained wp-block-group-is-layout-constrained\">\n<div class=\"wp-block-webx-blocks-westcam-hero alignfull ltr\" style=\"margin-top:var(--wp--preset--spacing--50);margin-bottom:var(--wp--preset--spacing--50)\"><div class=\"hero-image\" style=\"--aspect-ratio:4 \/ 3\"> <img decoding=\"async\" srcset=\"https:\/\/www.westcam-group.com\/wp-content\/uploads\/2024\/09\/westcam-3-icon-cam-cnc-150x150.png 150w, https:\/\/www.westcam-group.com\/wp-content\/uploads\/2024\/09\/westcam-3-icon-cam-cnc-300x300.png 300w, https:\/\/www.westcam-group.com\/wp-content\/uploads\/2024\/09\/westcam-3-icon-cam-cnc-1024x1024.png 1024w, https:\/\/www.westcam-group.com\/wp-content\/uploads\/2024\/09\/westcam-3-icon-cam-cnc.png 1181w, https:\/\/www.westcam-group.com\/wp-content\/uploads\/2024\/09\/westcam-3-icon-cam-cnc-900x900.png 900w, https:\/\/www.westcam-group.com\/wp-content\/uploads\/2024\/09\/westcam-3-icon-cam-cnc-600x600.png 600w\" src=\"https:\/\/www.westcam-group.com\/wp-content\/uploads\/2024\/09\/westcam-3-icon-cam-cnc.png\" alt=\"\"\/><\/div><div class=\"hero-placeholder\"><\/div>\n<div class=\"wp-block-group hero-content is-layout-flow wp-block-group-is-layout-flow\">\n<div class=\"wp-block-webx-blocks-fake-heading heading-h4 hero-subtitle is-style-westcamized\" style=\"text-transform:none\">Portfolio Fr\u00e4s-Software: Von 2,5D bis 5-Achs-Bearbeitung<\/div>\n\n\n<h1 style=\"text-transform:none; margin-top:0;margin-bottom:0;\" class=\"wp-block-post-title\">Fr\u00e4sen<\/h1>\n\n\n<p>Unsere CAM-Softwarel\u00f6sungen bieten umfassende Unterst\u00fctzung f\u00fcr eine<strong> Vielzahl von Fr\u00e4stechnologien<\/strong>, die von einfachen <strong>2,5D<\/strong>-Bearbeitungen bis hin zu komplexen <strong>5-Achs-<\/strong>Fr\u00e4sstrategien reichen.<\/p>\n\n\n\n<p>Damit erzielen Sie <strong> pr\u00e4zise und effiziente Bearbeitung<\/strong> von Werkst\u00fccken unterschiedlicher <strong>Geometrien<\/strong> und <strong>Materialien.<\/strong><br><br><strong>Besonders leistungsstarke Fr\u00e4s-Softwarel\u00f6sungen sind:<\/strong><\/p>\n\n\n\n<ul class=\"wp-block-list\">\n<li><em>hyper<\/em>MILL<\/li>\n\n\n\n<li>PEPS<\/li>\n<\/ul>\n<\/div>\n<\/div>\n<\/div>\n\n\n\n<div class=\"wp-block-webx-blocks-grid is-layout-grid wp-container-webx-blocks-grid-is-layout-478b6e6b wp-block-webx-blocks-grid-is-layout-grid\" style=\"--grid-columns-desktop:1;--grid-columns-tablet:1;--grid-columns-mobile:1\">\n<div class=\"wp-block-webx-blocks-grid-item is-layout-flow wp-block-webx-blocks-grid-item-is-layout-flow\" style=\"padding-top:var(--wp--preset--spacing--10);padding-right:var(--wp--preset--spacing--10);padding-bottom:var(--wp--preset--spacing--10);padding-left:var(--wp--preset--spacing--10);--grid-area-desktop:auto \/ auto \/ auto \/ auto;--grid-area-tablet:auto \/ auto \/ auto \/ auto;--grid-area-mobile:auto \/ auto \/ auto \/ auto\">\n<h4 class=\"wp-block-heading is-style-westcamized has-medium-font-size\" style=\"text-transform:none\"><strong><em>hyper<\/em>MILL: Die leistungsstarke CAM-L\u00f6sung<\/strong><\/h4>\n\n\n\n<p>Die moderne Fertigung erfordert effiziente, pr\u00e4zise und zuverl\u00e4ssige L\u00f6sungen. <strong><em>hyper<\/em>MILL<\/strong> erf\u00fcllt diese Anforderungen!<\/p>\n\n\n\n<p>Die <strong>CAM-Software<\/strong> bietet eine vollst\u00e4ndige <strong>Integration von CAD und CAM<\/strong>, die den gesamten <strong>Fertigungsprozess<\/strong> optimiert. Dank <strong>fortschrittlicher Technologien <\/strong>k\u00f6nnen Sie mit <strong><em>hyper<\/em>MILL <\/strong>sowohl bei einfachen als auch komplexen Bauteilen, <strong>schneller Werkzeugbahnen generieren<\/strong> und somit die <strong>Bearbeitungszeiten <\/strong>Ihrer Maschinen deutlich verk\u00fcrzen.<\/p>\n\n\n\n<p>Egal, ob es sich um <strong>2,5D-, 3D-, 5-Achs-Fr\u00e4sen<\/strong> oder <strong>Fr\u00e4sdrehen<\/strong> handelt. <em>hyper<\/em>MILL ist die<strong> beste Wahl, <\/strong>wenn Sie in der Fertigung <strong>schnell &amp; effizient<\/strong> sein m\u00fcssen!<\/p>\n<\/div>\n<\/div>\n\n\n\n<div class=\"wp-block-group has-base-2-background-color has-background has-global-padding is-content-justification-center is-layout-constrained wp-container-core-group-is-layout-606d210a wp-block-group-is-layout-constrained\" style=\"padding-top:var(--wp--preset--spacing--30);padding-bottom:var(--wp--preset--spacing--30)\">\n<figure class=\"wp-block-embed is-type-video is-provider-youtube wp-block-embed-youtube wp-embed-aspect-16-9 wp-has-aspect-ratio\"><div class=\"wp-block-embed__wrapper\">\n<div class=\"cookieconsent-optout-marketing\">\n    Bitte  <a href=\"javascript:Cookiebot.renew()\">Marketing-Cookies akzeptieren<\/a>, um dieses Video zu laden.\n    <\/div>\n            <iframe data-cookieblock-src=\"https:\/\/www.youtube.com\/embed\/st4MqJZobCM?start=53&#038;feature=oembed\" data-cookieconsent=\"marketing\" title=\"High-performance, complete CAM solution | NC programming | hyperMILL\" width=\"500\" height=\"281\"  frameborder=\"0\" allow=\"accelerometer; autoplay; clipboard-write; encrypted-media; gyroscope; picture-in-picture; web-share\" referrerpolicy=\"strict-origin-when-cross-origin\" allowfullscreen><\/iframe>\n<\/div><figcaption class=\"wp-element-caption\">Genug gesehen oder noch Fragen? Unter <a href=\"mailto:cam@westcam.at\">cam@westcam.at <\/a>sind wir jederzeit gerne f\u00fcr Sie da! Kontaktieren Sie uns!<\/figcaption><\/figure>\n<\/div>\n\n\n\n<div class=\"wp-block-media-text has-media-on-the-right is-stacked-on-mobile is-image-fill\"><div class=\"wp-block-media-text__content\">\n<h4 class=\"wp-block-heading\" style=\"text-transform:none\"><strong>Module f\u00fcr individuelle Anforderungen<\/strong><\/h4>\n\n\n\n<h5 class=\"wp-block-heading has-text-align-left is-style-westcamized has-medium-font-size\" style=\"text-transform:none\"><strong>Schruppen, Schlichten, Bohren<\/strong><\/h5>\n\n\n\n<p>Die <strong>MAXX Machining-Module <\/strong>sorgen f\u00fcr hocheffiziente Bearbeitungen, welche erhebliche <strong>Zeitersparnisse<\/strong> erzielen. Durch die Verwendung innovativer Strategien, wie z.B. trochoidale Werkzeugbahnen, k\u00f6nnen die Bearbeitungszeiten beim <strong>Schruppen<\/strong> um <strong>bis zu 75 %<\/strong> reduziert werden. Beim <strong>Schlichten<\/strong> ist eine Zeitersparnis von<strong> bis zu 90 %<\/strong> m\u00f6glich.<\/p>\n\n\n\n<h5 class=\"wp-block-heading is-style-westcamized\" style=\"text-transform:none\">Oberfl\u00e4chen-Qualit\u00e4t<\/h5>\n\n\n\n<p>Mit <strong><em>hyper<\/em>MILL High-Precision-Machining <\/strong>sorgen Sie f\u00fcr hochpr\u00e4zise Bearbeitung, welche effizient und zuverl\u00e4ssig Oberfl\u00e4chen in hervorragender Qualit\u00e4t erzeugt.<\/p>\n<\/div><figure class=\"wp-block-media-text__media\" style=\"background-image:url(https:\/\/www.westcam-group.com\/wp-content\/uploads\/2024\/04\/hyperMILL-Bottle-high-precision-machining.webp);background-position:0% 43%\"><img loading=\"lazy\" decoding=\"async\" width=\"600\" height=\"400\" src=\"https:\/\/www.westcam-group.com\/wp-content\/uploads\/2024\/04\/hyperMILL-Bottle-high-precision-machining.webp\" alt=\"\" class=\"wp-image-24477 size-full\" srcset=\"https:\/\/westcam2023.westcam-staging.web-crossing.com\/wp-content\/uploads\/2024\/04\/hyperMILL-Bottle-high-precision-machining.webp 600w, https:\/\/westcam2023.westcam-staging.web-crossing.com\/wp-content\/uploads\/2024\/04\/hyperMILL-Bottle-high-precision-machining-300x200.webp 300w\" sizes=\"auto, (max-width: 600px) 100vw, 600px\" \/><\/figure><\/div>\n\n\n\n<div class=\"wp-block-media-text is-stacked-on-mobile is-image-fill\"><figure class=\"wp-block-media-text__media\" style=\"background-image:url(https:\/\/www.westcam-group.com\/wp-content\/uploads\/2024\/04\/hypermill-automoation-center-plate-1024x560.jpg);background-position:50% 50%\"><img loading=\"lazy\" decoding=\"async\" width=\"1024\" height=\"560\" src=\"https:\/\/www.westcam-group.com\/wp-content\/uploads\/2024\/04\/hypermill-automoation-center-plate-1024x560.jpg\" alt=\"\" class=\"wp-image-24480 size-full\" srcset=\"https:\/\/westcam2023.westcam-staging.web-crossing.com\/wp-content\/uploads\/2024\/04\/hypermill-automoation-center-plate-1024x560.jpg 1024w, https:\/\/westcam2023.westcam-staging.web-crossing.com\/wp-content\/uploads\/2024\/04\/hypermill-automoation-center-plate-300x164.jpg 300w, https:\/\/westcam2023.westcam-staging.web-crossing.com\/wp-content\/uploads\/2024\/04\/hypermill-automoation-center-plate-768x420.jpg 768w, https:\/\/westcam2023.westcam-staging.web-crossing.com\/wp-content\/uploads\/2024\/04\/hypermill-automoation-center-plate-1536x840.jpg 1536w, https:\/\/westcam2023.westcam-staging.web-crossing.com\/wp-content\/uploads\/2024\/04\/hypermill-automoation-center-plate-2048x1120.jpg 2048w, https:\/\/westcam2023.westcam-staging.web-crossing.com\/wp-content\/uploads\/2024\/04\/hypermill-automoation-center-plate-1646x900.jpg 1646w, https:\/\/westcam2023.westcam-staging.web-crossing.com\/wp-content\/uploads\/2024\/04\/hypermill-automoation-center-plate-1098x600.jpg 1098w\" sizes=\"auto, (max-width: 1024px) 100vw, 1024px\" \/><\/figure><div class=\"wp-block-media-text__content\">\n<h4 class=\"wp-block-heading is-style-westcamized\" style=\"text-transform:uppercase\">Automatisierte CAM-Programmierung<\/h4>\n\n\n\n<p>Einer der <strong>wesentlichsten Vorteile <\/strong>von <em>hyper<\/em>MILL ist die M\u00f6glichkeit der<strong> automatisierten CAM-Programmierung<\/strong>. Diese Funktionalit\u00e4t reduziert den Aufwand f\u00fcr <strong>manuelle T\u00e4tigkeiten<\/strong> und beschleunigt den gesamten Programmierprozess erheblich. Mit intelligenten Automatisierungsmechanismen  werden <strong>wiederkehrende Aufgaben<\/strong> schnell und einfach automatisiert, was nicht nur <strong>Zeit<\/strong> spart, sondern auch <strong>menschliche Fehler<\/strong> minimiert.<\/p>\n\n\n\n<p>Dies erm\u00f6glicht es den Programmierern, sich auf <strong>komplexere Aufgaben<\/strong> zu konzentrieren und gleichzeitig die<strong> Effizienz<\/strong> zu steigern. Durch die <strong>nahtlose Integration<\/strong> von Automatisierung in den Workflow wird<em> hyper<\/em>MILL zu einem <strong>unverzichtbaren Werkzeug<\/strong> in Ihrer Fertigung!<\/p>\n<\/div><\/div>\n\n\n\n<div style=\"height:100px\" aria-hidden=\"true\" class=\"wp-block-spacer\"><\/div>\n\n\n\n<h4 class=\"wp-block-heading is-style-default\" style=\"text-transform:none\"><strong>Ausbaustufen &amp; Erweiterungen<\/strong><\/h4>\n\n\n\n<div class=\"wp-block-columns is-layout-flex wp-container-core-columns-is-layout-28f84493 wp-block-columns-is-layout-flex\">\n<div class=\"wp-block-column is-layout-flow wp-block-column-is-layout-flow\">\n<h5 class=\"wp-block-heading is-style-westcamized has-medium-font-size\" style=\"text-transform:none\">Ausbaustufen<\/h5>\n\n\n\n<ul class=\"wp-block-list\">\n<li><strong><em>hyper<\/em>MILL 2.5D<\/strong>: Basispaket<\/li>\n\n\n\n<li><strong><em>hyper<\/em>MILL Classic:&nbsp;<\/strong>2.5D- und 3D-Strategien<\/li>\n\n\n\n<li><strong><em>hyper<\/em>MILL Expert:<\/strong> 2.5D-, 3D-Erweiterungsstrategien<\/li>\n<\/ul>\n<\/div>\n\n\n\n<div class=\"wp-block-column is-layout-flow wp-block-column-is-layout-flow\">\n<h5 class=\"wp-block-heading is-style-westcamized\" style=\"text-transform:none\">Erweiterungen<\/h5>\n\n\n\n<ul class=\"wp-block-list\">\n<li><strong><em>hyper<\/em>MILL 5AXIS:&nbsp;<\/strong>5-Achs-Strategien<\/li>\n\n\n\n<li><strong>Spezialapplikationen:&nbsp;<\/strong>Additive Bearbeitung, Knife-Cutting, Impeller etc.<\/li>\n\n\n\n<li><strong><em>hyper<\/em>MILL Turning Solutions:&nbsp;<\/strong>Fr\u00e4sdreh-Strategien<\/li>\n\n\n\n<li><strong>MAXX Machining:&nbsp;<\/strong>Performance steigern beim Schruppen, Schlichten und Bohren<\/li>\n<\/ul>\n<\/div>\n<\/div>\n\n\n\n<h2 class=\"wp-block-heading\" style=\"text-transform:none\">Unser Angebot f\u00fcr Sie<\/h2>\n\n\n<div style=\"margin-top:var(--wp--preset--spacing--30);margin-bottom:var(--wp--preset--spacing--50);\" class=\"wp-block-webx-post-list-webx-post-list wp-block-webx-post-list-webx-post-list\" data-listid=\"69231\">\n    <script class=\"webx-filter-list-config\" type=\"application\/json\">{\"postType\":\"product\",\"enableParentPost\":true,\"displayGrid\":true,\"subTitle\":\"product_category\",\"fieldOne\":\"product_category\",\"fieldTwo\":\"product_category\",\"className\":\"wp-block-webx-post-list-webx-post-list\",\"style\":{\"spacing\":{\"margin\":{\"top\":\"var:preset|spacing|30\",\"bottom\":\"var:preset|spacing|50\"}}},\"compactGrid\":false,\"language\":\"en\",\"listId\":69231,\"postId\":4373}<\/script>\n    <div class=\"webx-post-list\" data-listid=\"69231\"><\/div>\n    \n<div>\n<div class=\"wp-block-webx-post-list-webx-filters\"><div><\/div><\/div>\n<\/div>\n<\/div>","protected":false},"excerpt":{"rendered":"<p>Fr\u00e4sen leicht gemacht! Weltweit etablierte CAM-Softwarel\u00f6sungen f\u00fcr schnelle und pr\u00e4zise Bearbeitungen &#8211; WESTCAM-Service inklusive!<\/p>\n","protected":false},"author":2,"featured_media":21987,"parent":4371,"menu_order":5,"comment_status":"closed","ping_status":"closed","template":"","meta":{"footnotes":""},"competence":[2526],"class_list":["post-4373","product","type-product","status-publish","has-post-thumbnail","hentry","competence-fraesen"],"_links":{"self":[{"href":"https:\/\/westcam2023.westcam-staging.web-crossing.com\/cs\/wp-json\/wp\/v2\/product\/4373","targetHints":{"allow":["GET"]}}],"collection":[{"href":"https:\/\/westcam2023.westcam-staging.web-crossing.com\/cs\/wp-json\/wp\/v2\/product"}],"about":[{"href":"https:\/\/westcam2023.westcam-staging.web-crossing.com\/cs\/wp-json\/wp\/v2\/types\/product"}],"author":[{"embeddable":true,"href":"https:\/\/westcam2023.westcam-staging.web-crossing.com\/cs\/wp-json\/wp\/v2\/users\/2"}],"replies":[{"embeddable":true,"href":"https:\/\/westcam2023.westcam-staging.web-crossing.com\/cs\/wp-json\/wp\/v2\/comments?post=4373"}],"version-history":[{"count":14,"href":"https:\/\/westcam2023.westcam-staging.web-crossing.com\/cs\/wp-json\/wp\/v2\/product\/4373\/revisions"}],"predecessor-version":[{"id":29819,"href":"https:\/\/westcam2023.westcam-staging.web-crossing.com\/cs\/wp-json\/wp\/v2\/product\/4373\/revisions\/29819"}],"up":[{"embeddable":true,"href":"https:\/\/westcam2023.westcam-staging.web-crossing.com\/cs\/wp-json\/wp\/v2\/product\/4371"}],"wp:featuredmedia":[{"embeddable":true,"href":"https:\/\/westcam2023.westcam-staging.web-crossing.com\/cs\/wp-json\/wp\/v2\/media\/21987"}],"wp:attachment":[{"href":"https:\/\/westcam2023.westcam-staging.web-crossing.com\/cs\/wp-json\/wp\/v2\/media?parent=4373"}],"wp:term":[{"taxonomy":"competence","embeddable":true,"href":"https:\/\/westcam2023.westcam-staging.web-crossing.com\/cs\/wp-json\/wp\/v2\/competence?post=4373"}],"curies":[{"name":"wp","href":"https:\/\/api.w.org\/{rel}","templated":true}]}}