{"id":4359,"date":"2024-04-24T08:16:59","date_gmt":"2024-04-24T06:16:59","guid":{"rendered":"https:\/\/westcam2023.westcam.web-crossing.com\/?post_type=product&#038;p=4359"},"modified":"2024-11-11T12:41:48","modified_gmt":"2024-11-11T11:41:48","slug":"3d-druck-software","status":"publish","type":"product","link":"https:\/\/westcam2023.westcam-staging.web-crossing.com\/cs\/produkte\/3d-druck\/3d-druck-software\/","title":{"rendered":"3D-Druck-Software"},"content":{"rendered":"\n<div class=\"wp-block-group alignfull has-global-padding is-layout-constrained wp-block-group-is-layout-constrained\">\n<div class=\"wp-block-webx-blocks-westcam-hero alignfull ltr\" style=\"margin-top:var(--wp--preset--spacing--50);margin-bottom:var(--wp--preset--spacing--50)\"><div class=\"hero-image\" style=\"--aspect-ratio:4 \/ 3\"> <img decoding=\"async\" srcset=\"https:\/\/www.westcam-group.com\/wp-content\/uploads\/2024\/09\/westcam-2-icon-3d-druck-150x150.png 150w, https:\/\/www.westcam-group.com\/wp-content\/uploads\/2024\/09\/westcam-2-icon-3d-druck-300x300.png 300w, https:\/\/www.westcam-group.com\/wp-content\/uploads\/2024\/09\/westcam-2-icon-3d-druck-1024x1024.png 1024w, https:\/\/www.westcam-group.com\/wp-content\/uploads\/2024\/09\/westcam-2-icon-3d-druck.png 1181w, https:\/\/www.westcam-group.com\/wp-content\/uploads\/2024\/09\/westcam-2-icon-3d-druck-900x900.png 900w, https:\/\/www.westcam-group.com\/wp-content\/uploads\/2024\/09\/westcam-2-icon-3d-druck-600x600.png 600w\" src=\"https:\/\/www.westcam-group.com\/wp-content\/uploads\/2024\/09\/westcam-2-icon-3d-druck.png\" alt=\"\"\/><\/div><div class=\"hero-placeholder\"><\/div>\n<div class=\"wp-block-group hero-content is-layout-flow wp-block-group-is-layout-flow\">\n<div class=\"wp-block-webx-blocks-fake-heading heading-h4 hero-subtitle is-style-westcamized\" style=\"text-transform:none\">Vereinfacht ausgedruckt<\/div>\n\n\n<h1 style=\"text-transform:none; margin-top:0;margin-bottom:0;\" class=\"wp-block-post-title\">3D-Druck-Software<\/h1>\n\n\n<p>Neben der Entscheidung f\u00fcr ein passendes <strong>additives Fertigungsverfahren<\/strong> und ein geeignetes <strong>3D-Drucker-Modell <\/strong>geh\u00f6rt auch die Auswahl der <strong>richtigen Software<\/strong> zu den Entscheidungen, die im Rahmen des 3D-Druck Prozesses getroffen werden muss.<\/p>\n\n\n\n<p><\/p>\n\n\n\n<h4 class=\"wp-block-heading\" style=\"text-transform:none\"><strong>OHne geht\u00b4s nicht &#8211; Die Software ist Essentiell <\/strong><\/h4>\n\n\n\n<p>Um einen <strong>3D-Printer<\/strong> zu betreiben ist eine <strong>spezielle Software <\/strong>notwendig. Diese wandelt designte <strong>3D-Modelle<\/strong> in einen <strong>Maschinencode (G-Code)<\/strong> um und \u00fcbermittelt damit alle f\u00fcr den Druck relevanten Informationen an den <strong>3D-Drucker<\/strong>. Ohne die Software-Schritte 2. und 3. ist kein 3D-Printvorgang m\u00f6glich.<\/p>\n\n\n\n<p class=\"has-small-font-size\"><\/p>\n<\/div>\n<\/div>\n\n\n\n<figure class=\"wp-block-image size-full is-resized\"><img loading=\"lazy\" decoding=\"async\" width=\"800\" height=\"213\" src=\"https:\/\/www.westcam-group.com\/wp-content\/uploads\/2024\/04\/westcam-3d-druck-prozess.png\" alt=\"\" class=\"wp-image-24149\" style=\"width:992px;height:auto\" srcset=\"https:\/\/westcam2023.westcam-staging.web-crossing.com\/wp-content\/uploads\/2024\/04\/westcam-3d-druck-prozess.png 800w, https:\/\/westcam2023.westcam-staging.web-crossing.com\/wp-content\/uploads\/2024\/04\/westcam-3d-druck-prozess-300x80.png 300w, https:\/\/westcam2023.westcam-staging.web-crossing.com\/wp-content\/uploads\/2024\/04\/westcam-3d-druck-prozess-768x204.png 768w\" sizes=\"auto, (max-width: 800px) 100vw, 800px\" \/><figcaption class=\"wp-element-caption\">3D-Druck-Software: Zentrale Bedeutung im Pre-Processing (2. + 3.)<\/figcaption><\/figure>\n\n\n\n<h3 class=\"wp-block-heading\" style=\"text-transform:none\"><strong>Welchen Job erledigen &#8222;Slicer&#8220; und &#8222;Host&#8220;?<\/strong><\/h3>\n<\/div>\n\n\n\n<div class=\"wp-block-media-text has-media-on-the-right is-stacked-on-mobile\"><div class=\"wp-block-media-text__content\">\n<p>F\u00fcr den Betrieb eines 3D-Druckers sind zwei Programme notwendig:<\/p>\n\n\n\n<h3 class=\"wp-block-heading\">Slicer<\/h3>\n\n\n\n<p>Der Slicer schneidet das zu druckende 3D-Objekt in Schichten und erstellt die erforderlichen Befehle f\u00fcr die Maschine. <\/p>\n\n\n\n<h3 class=\"wp-block-heading is-style-default\" style=\"text-transform:none\">HOST<\/h3>\n\n\n\n<p>Das Host-Programm steuert anhand der vom Slicer generierten Befehle direkt den Drucker.<\/p>\n<\/div><figure class=\"wp-block-media-text__media\"><img loading=\"lazy\" decoding=\"async\" width=\"548\" height=\"438\" src=\"https:\/\/www.westcam-group.com\/wp-content\/uploads\/2024\/04\/westcam-3d-printing-software.jpg\" alt=\"\" class=\"wp-image-24166 size-full\" srcset=\"https:\/\/westcam2023.westcam-staging.web-crossing.com\/wp-content\/uploads\/2024\/04\/westcam-3d-printing-software.jpg 548w, https:\/\/westcam2023.westcam-staging.web-crossing.com\/wp-content\/uploads\/2024\/04\/westcam-3d-printing-software-300x240.jpg 300w\" sizes=\"auto, (max-width: 548px) 100vw, 548px\" \/><\/figure><\/div>\n\n\n\n<h4 class=\"wp-block-heading is-style-default\" style=\"text-transform:none\"><strong>Der Slicer hat zentrale Bedeutung<\/strong><\/h4>\n\n\n\n<p>Mittlerweile ist der <strong>Slicer wichtiger <\/strong>als das Host-Programm. Zum einen weil die meisten <strong>Drucker<\/strong> heute schon <strong>inklusive <\/strong>vollwertigem <strong>Controller &amp; Host <\/strong>ausgeliefert werden. Zum anderen gibt es schon viele <strong>All-in-one-Programme<\/strong>, welche sowohl <strong>Slicer<\/strong>&#8211; als auch <strong>Host-Programm <\/strong>sind.<\/p>\n\n\n\n<div class=\"wp-block-webx-blocks-responsive-spacer\" style=\"--desktop-height:100px;--tablet-height:50px;--mobile-height:25px\"><\/div>\n\n\n\n<h3 class=\"wp-block-heading\" style=\"text-transform:none\"><strong>WElche 3D-Druck Software ist die Richtige?<\/strong><\/h3>\n\n\n\n<p>Es gibt verschiedene 3D-Druck Softwares. W\u00e4hrend manche davon nur mit einigen 3D-Druckern kompatibel sind, l\u00e4sst sich die Mehrzahl der Programme mit einer gro\u00dfen Anzahl an verschiedenen Ger\u00e4ten benutzen. Viele 3D-Drucker Softwarel\u00f6sungen sind kostenlos erh\u00e4ltlich.&nbsp;<\/p>\n\n\n\n<p><strong>Wer jedoch eine professionelle L\u00f6sung sucht, kommt mit kostenlosen Versionen schnell an seine Grenzen.<\/strong><\/p>\n\n\n\n<p>Mit der richtigen Software f\u00fcr den&nbsp;<strong>industriellen 3D-Druck&nbsp;<\/strong>senken Sie nicht nur&nbsp;<strong>Kosten<\/strong>, sondern erh\u00f6hen auch die&nbsp;<strong>Effizienz<\/strong>&nbsp;des 3D-Druck Prozesses. Unternehmen, die eine geeignete Software f\u00fcr den industriellen Gebrauch ben\u00f6tigen, k\u00f6nnen wir eine der folgenden 3D-Druck Softwarel\u00f6sungen&nbsp;<strong>empfehlen<\/strong>:<\/p>\n\n\n\n<p><\/p>\n\n\n\n<h2 class=\"wp-block-heading\" style=\"text-transform:none\">Unser Angebot f\u00fcr Sie<\/h2>\n\n\n<div style=\"margin-top:var(--wp--preset--spacing--30);margin-bottom:var(--wp--preset--spacing--50);\" class=\"wp-block-webx-post-list-webx-post-list wp-block-webx-post-list-webx-post-list\" data-listid=\"16544\">\n    <script class=\"webx-filter-list-config\" type=\"application\/json\">{\"postType\":\"product\",\"enableParentPost\":true,\"displayGrid\":true,\"subTitle\":\"competence\",\"fieldTwo\":\"product_category\",\"className\":\"wp-block-webx-post-list-webx-post-list\",\"style\":{\"spacing\":{\"margin\":{\"top\":\"var:preset|spacing|30\",\"bottom\":\"var:preset|spacing|50\"}}},\"compactGrid\":false,\"fieldOne\":\"\",\"language\":\"en\",\"listId\":16544,\"postId\":4359}<\/script>\n    <div class=\"webx-post-list\" data-listid=\"16544\"><\/div>\n    \n<div>\n<div class=\"wp-block-webx-post-list-webx-filters\"><div><\/div><\/div>\n<\/div>\n<\/div>","protected":false},"excerpt":{"rendered":"<p>Tool f\u00fcr Reparatur, Supportgenerierung, 3D Druckoptimierung und Slicegenerierung.  Einfache Bedienung und viele Automatismen helfen bei Erstellung der Baujobs.<\/p>\n","protected":false},"author":2,"featured_media":24825,"parent":4315,"menu_order":12,"comment_status":"closed","ping_status":"closed","template":"","meta":{"footnotes":""},"competence":[2491],"class_list":["post-4359","product","type-product","status-publish","has-post-thumbnail","hentry","competence-3d-druck-software"],"_links":{"self":[{"href":"https:\/\/westcam2023.westcam-staging.web-crossing.com\/cs\/wp-json\/wp\/v2\/product\/4359","targetHints":{"allow":["GET"]}}],"collection":[{"href":"https:\/\/westcam2023.westcam-staging.web-crossing.com\/cs\/wp-json\/wp\/v2\/product"}],"about":[{"href":"https:\/\/westcam2023.westcam-staging.web-crossing.com\/cs\/wp-json\/wp\/v2\/types\/product"}],"author":[{"embeddable":true,"href":"https:\/\/westcam2023.westcam-staging.web-crossing.com\/cs\/wp-json\/wp\/v2\/users\/2"}],"replies":[{"embeddable":true,"href":"https:\/\/westcam2023.westcam-staging.web-crossing.com\/cs\/wp-json\/wp\/v2\/comments?post=4359"}],"version-history":[{"count":15,"href":"https:\/\/westcam2023.westcam-staging.web-crossing.com\/cs\/wp-json\/wp\/v2\/product\/4359\/revisions"}],"predecessor-version":[{"id":29804,"href":"https:\/\/westcam2023.westcam-staging.web-crossing.com\/cs\/wp-json\/wp\/v2\/product\/4359\/revisions\/29804"}],"up":[{"embeddable":true,"href":"https:\/\/westcam2023.westcam-staging.web-crossing.com\/cs\/wp-json\/wp\/v2\/product\/4315"}],"wp:featuredmedia":[{"embeddable":true,"href":"https:\/\/westcam2023.westcam-staging.web-crossing.com\/cs\/wp-json\/wp\/v2\/media\/24825"}],"wp:attachment":[{"href":"https:\/\/westcam2023.westcam-staging.web-crossing.com\/cs\/wp-json\/wp\/v2\/media?parent=4359"}],"wp:term":[{"taxonomy":"competence","embeddable":true,"href":"https:\/\/westcam2023.westcam-staging.web-crossing.com\/cs\/wp-json\/wp\/v2\/competence?post=4359"}],"curies":[{"name":"wp","href":"https:\/\/api.w.org\/{rel}","templated":true}]}}