{"id":4349,"date":"2024-04-24T08:14:04","date_gmt":"2024-04-24T06:14:04","guid":{"rendered":"https:\/\/westcam2023.westcam.web-crossing.com\/?post_type=product&#038;p=4349"},"modified":"2024-11-11T12:36:34","modified_gmt":"2024-11-11T11:36:34","slug":"sandguss-voxeljet","status":"publish","type":"product","link":"https:\/\/westcam2023.westcam-staging.web-crossing.com\/cs\/produkte\/3d-druck\/sandguss-voxeljet\/","title":{"rendered":"Sandguss | Voxeljet"},"content":{"rendered":"\n<div class=\"wp-block-group alignfull has-global-padding is-layout-constrained wp-block-group-is-layout-constrained\">\n<div class=\"wp-block-webx-blocks-westcam-hero alignfull ltr\" style=\"margin-top:var(--wp--preset--spacing--50);margin-bottom:var(--wp--preset--spacing--50)\"><div class=\"hero-image\" style=\"--aspect-ratio:4 \/ 3\"> <img decoding=\"async\" srcset=\"https:\/\/www.westcam-group.com\/wp-content\/uploads\/2024\/09\/westcam-2-icon-3d-druck-150x150.png 150w, https:\/\/www.westcam-group.com\/wp-content\/uploads\/2024\/09\/westcam-2-icon-3d-druck-300x300.png 300w, https:\/\/www.westcam-group.com\/wp-content\/uploads\/2024\/09\/westcam-2-icon-3d-druck-1024x1024.png 1024w, https:\/\/www.westcam-group.com\/wp-content\/uploads\/2024\/09\/westcam-2-icon-3d-druck.png 1181w, https:\/\/www.westcam-group.com\/wp-content\/uploads\/2024\/09\/westcam-2-icon-3d-druck-900x900.png 900w, https:\/\/www.westcam-group.com\/wp-content\/uploads\/2024\/09\/westcam-2-icon-3d-druck-600x600.png 600w\" src=\"https:\/\/www.westcam-group.com\/wp-content\/uploads\/2024\/09\/westcam-2-icon-3d-druck.png\" alt=\"\"\/><\/div><div class=\"hero-placeholder\"><\/div>\n<div class=\"wp-block-group hero-content is-layout-flow wp-block-group-is-layout-flow\">\n<div class=\"wp-block-webx-blocks-fake-heading heading-h4 hero-subtitle is-style-westcamized\" style=\"text-transform:none\">Gussformen im gro\u00dfen Ma\u00dfstab<\/div>\n\n\n<h1 style=\"text-transform:none; margin-top:0;margin-bottom:0;\" class=\"wp-block-post-title\">Sandguss | Voxeljet<\/h1>\n\n\n<p>Bei der Sandguss 3D-Drucktechnologie werden <strong>Sandformen aus feinem Quarzsand <\/strong>gefertigt. Diese werden beispielsweise f\u00fcr den <strong>Grau- und Stahlguss <\/strong>und zur Herstellung gie\u00dfbarer Metalle wie <strong>Aluminium<\/strong>, <strong>Messing<\/strong> oder <strong>Magnesium <\/strong>eingesetzt. Neben der <strong>Prototypen- oder Werkzeugherstellung <\/strong>werden die Sandgussformen aus dem 3D-Drucker auch f\u00fcr die Produktion von <strong>Designerm\u00f6beln<\/strong>, bei <strong>Restaurationen<\/strong>, in der <strong>Architektur <\/strong>und in der <strong>Luft- und Raumfahrt<\/strong> verwendet.<\/p>\n\n\n\n<p><\/p>\n<\/div>\n<\/div>\n\n\n\n<h3 class=\"wp-block-heading\">DAS VERFAHREN<\/h3>\n<\/div>\n\n\n\n<h5 class=\"wp-block-heading\">Quarzsand oder Polymere schicht f\u00fcr Schicht zur Form <\/h5>\n\n\n\n<p><strong>Furan-Direct-Binding (FDB)<\/strong><\/p>\n\n\n\n<p>Bei der Fertigung der Sandformen wird auf das&nbsp;<strong>Furan-Direct-Binding (FDB)<\/strong>&nbsp;zur\u00fcckgegriffen. Dabei wird das Partikelmaterial&nbsp;<strong>(Quarzsand)<\/strong>&nbsp;in d\u00fcnnen Schichten auf die Baufl\u00e4che aufgetragen und von einem hochaufl\u00f6senden Druckkopf selektiv nach Vorgabe der Bauteil-Daten mit Binder bedruckt und verklebt. Diese Arbeitsschritte werden so oft wiederholt, bis die gew\u00fcnschte Bauteilh\u00f6he erreicht ist. Anschlie\u00dfend werden unverklebte Materialr\u00fcckst\u00e4nde entfernt. Einige 3D-Drucker, die das FBD Verfahren anwenden, verwenden auch Kunststoff, wie zum Beispiel&nbsp;<strong>PMMA&nbsp;<\/strong>(Polymethylmethacrylat),&nbsp;<strong>als Material.<\/strong><\/p>\n\n\n\n<h5 class=\"wp-block-heading\"><strong>Die Vorteile<\/strong><\/h5>\n\n\n\n<ul class=\"wp-block-list\">\n<li><strong>Riesige Baur\u00e4ume:<\/strong>&nbsp;Ein herausragender Vorteil der Sandguss 3D-Drucker ist ihr \u00e4u\u00dferst gro\u00dfer Bauraum von bis zu 4000 x 2000 x 1000 mm. So k\u00f6nnen auch gro\u00dfe Gussformen produziert werden, beispielsweise f\u00fcr Turbinengeh\u00e4use.<\/li>\n\n\n\n<li><strong>Nachhaltigkeit:<\/strong>&nbsp;Ein weiterer Vorteil ist die \u00f6kologische Nachhaltigkeit von Quarzsand als verwendetes Material: Dieser Rohstoff wird weltweit als praktisch unbegrenzt vorhanden angesehen.<\/li>\n<\/ul>\n\n\n\n<div class=\"wp-block-group has-base-2-background-color has-background has-global-padding is-content-justification-center is-layout-constrained wp-container-core-group-is-layout-606d210a wp-block-group-is-layout-constrained\" style=\"padding-top:var(--wp--preset--spacing--30);padding-bottom:var(--wp--preset--spacing--30)\">\n<figure class=\"wp-block-embed is-type-video is-provider-youtube wp-block-embed-youtube wp-embed-aspect-16-9 wp-has-aspect-ratio\" style=\"margin-top:var(--wp--preset--spacing--20);margin-bottom:var(--wp--preset--spacing--20)\"><div class=\"wp-block-embed__wrapper\">\n<div class=\"cookieconsent-optout-marketing\">\n    Bitte  <a href=\"javascript:Cookiebot.renew()\">Marketing-Cookies akzeptieren<\/a>, um dieses Video zu laden.\n    <\/div>\n            <iframe data-cookieblock-src=\"https:\/\/www.youtube.com\/embed\/cI3W5cuGc3c?feature=oembed\" data-cookieconsent=\"marketing\" title=\"Der industrielle 3D-Drucker VX4000 f\u00fcr den Sandguss\" width=\"500\" height=\"281\"  frameborder=\"0\" allow=\"accelerometer; autoplay; clipboard-write; encrypted-media; gyroscope; picture-in-picture; web-share\" referrerpolicy=\"strict-origin-when-cross-origin\" allowfullscreen><\/iframe>\n<\/div><\/figure>\n<\/div>\n\n\n\n<h2 class=\"wp-block-heading\" style=\"text-transform:none\">Unser Angebot f\u00fcr Sie<\/h2>\n\n\n<div style=\"margin-top:var(--wp--preset--spacing--30);margin-bottom:var(--wp--preset--spacing--50);\" class=\"wp-block-webx-post-list-webx-post-list wp-block-webx-post-list-webx-post-list\" data-listid=\"11967\">\n    <script class=\"webx-filter-list-config\" type=\"application\/json\">{\"postType\":\"product\",\"enableParentPost\":true,\"displayGrid\":true,\"subTitle\":\"product_category\",\"fieldOne\":\"product_category\",\"fieldTwo\":\"product_category\",\"className\":\"wp-block-webx-post-list-webx-post-list\",\"style\":{\"spacing\":{\"margin\":{\"top\":\"var:preset|spacing|30\",\"bottom\":\"var:preset|spacing|50\"}}},\"compactGrid\":false,\"language\":\"en\",\"listId\":11967,\"postId\":4349}<\/script>\n    <div class=\"webx-post-list\" data-listid=\"11967\"><\/div>\n    \n<div>\n<div class=\"wp-block-webx-post-list-webx-filters\"><div><\/div><\/div>\n<\/div>\n<\/div>","protected":false},"excerpt":{"rendered":"<p>Gro\u00dfe Gussformen aus feinem Quarzsand f\u00fcr gie\u00dfbare Metalle (Aluminium, Stahl). Einsatz: Prototypen, Werkzeuge, Designerm\u00f6bel, Kunst, Architektur, Luft- &amp; Raumfahrt.<\/p>\n","protected":false},"author":2,"featured_media":16920,"parent":4315,"menu_order":12,"comment_status":"closed","ping_status":"closed","template":"","meta":{"footnotes":""},"competence":[2496],"class_list":["post-4349","product","type-product","status-publish","has-post-thumbnail","hentry","competence-sandguss-voxeljet"],"_links":{"self":[{"href":"https:\/\/westcam2023.westcam-staging.web-crossing.com\/cs\/wp-json\/wp\/v2\/product\/4349","targetHints":{"allow":["GET"]}}],"collection":[{"href":"https:\/\/westcam2023.westcam-staging.web-crossing.com\/cs\/wp-json\/wp\/v2\/product"}],"about":[{"href":"https:\/\/westcam2023.westcam-staging.web-crossing.com\/cs\/wp-json\/wp\/v2\/types\/product"}],"author":[{"embeddable":true,"href":"https:\/\/westcam2023.westcam-staging.web-crossing.com\/cs\/wp-json\/wp\/v2\/users\/2"}],"replies":[{"embeddable":true,"href":"https:\/\/westcam2023.westcam-staging.web-crossing.com\/cs\/wp-json\/wp\/v2\/comments?post=4349"}],"version-history":[{"count":15,"href":"https:\/\/westcam2023.westcam-staging.web-crossing.com\/cs\/wp-json\/wp\/v2\/product\/4349\/revisions"}],"predecessor-version":[{"id":29794,"href":"https:\/\/westcam2023.westcam-staging.web-crossing.com\/cs\/wp-json\/wp\/v2\/product\/4349\/revisions\/29794"}],"up":[{"embeddable":true,"href":"https:\/\/westcam2023.westcam-staging.web-crossing.com\/cs\/wp-json\/wp\/v2\/product\/4315"}],"wp:featuredmedia":[{"embeddable":true,"href":"https:\/\/westcam2023.westcam-staging.web-crossing.com\/cs\/wp-json\/wp\/v2\/media\/16920"}],"wp:attachment":[{"href":"https:\/\/westcam2023.westcam-staging.web-crossing.com\/cs\/wp-json\/wp\/v2\/media?parent=4349"}],"wp:term":[{"taxonomy":"competence","embeddable":true,"href":"https:\/\/westcam2023.westcam-staging.web-crossing.com\/cs\/wp-json\/wp\/v2\/competence?post=4349"}],"curies":[{"name":"wp","href":"https:\/\/api.w.org\/{rel}","templated":true}]}}