{"id":4317,"date":"2024-04-24T08:01:53","date_gmt":"2024-04-24T06:01:53","guid":{"rendered":"https:\/\/westcam2023.westcam.web-crossing.com\/?post_type=product&#038;p=4317"},"modified":"2024-10-22T07:02:03","modified_gmt":"2024-10-22T05:02:03","slug":"kunststoff-etec","status":"publish","type":"product","link":"https:\/\/westcam2023.westcam-staging.web-crossing.com\/cs\/produkte\/3d-druck\/kunststoff-etec\/","title":{"rendered":"Kunststoff | ETEC"},"content":{"rendered":"\n<p><\/p>\n\n\n\n<div class=\"wp-block-group alignfull has-global-padding is-layout-constrained wp-block-group-is-layout-constrained\">\n<div class=\"wp-block-webx-blocks-westcam-hero alignfull ltr\" style=\"margin-top:var(--wp--preset--spacing--50);margin-bottom:var(--wp--preset--spacing--50)\"><div class=\"hero-image\" style=\"--aspect-ratio:4 \/ 3\"> <img decoding=\"async\" src=\"https:\/\/www.westcam-group.com\/wp-content\/uploads\/2024\/09\/westcam-2-icon-3d-druck.png\" alt=\"\" \/><\/div><div class=\"hero-placeholder\"><\/div>\n<div class=\"wp-block-group hero-content is-layout-flow wp-block-group-is-layout-flow\">\n<div class=\"wp-block-webx-blocks-fake-heading heading-h4 hero-subtitle is-style-westcamized\" style=\"text-transform:none\">Problemlos Kunststoff drucken<\/div>\n\n\n<h1 style=\"text-transform:none; margin-top:0;margin-bottom:0;\" class=\"wp-block-post-title\">Kunststoff | ETEC<\/h1>\n\n\n<p>Verwenden Sie die modernen ETEC-Produkte f\u00fcr Ihren 3D-Druck von Kunststoffen. F\u00fcr die Herstellung verschiedener Kunststoffbauteile bieten diese Maschinen h\u00f6chste Pr\u00e4zision und Flexibilit\u00e4t. Sie eignen sich hervorragend f\u00fcr Prototyping und Serienproduktion. <\/p>\n\n\n\n<p>Erkunden Sie die Flexibilit\u00e4t und Leistungsf\u00e4higkeit, die ETEC-Drucker Ihren Anwendungen bieten.<\/p>\n<\/div>\n<\/div>\n\n\n\n<h3 class=\"wp-block-heading\"><strong>Die VERFAHRen<\/strong><\/h3>\n\n\n\n<h5 class=\"wp-block-heading\"><strong>H\u00f6chste Qualit\u00e4t in kurzer Zeit<\/strong><\/h5>\n\n\n\n<p><\/p>\n<\/div>\n\n\n\n<ul class=\"wp-block-list\">\n<li><strong>Digital Light Plotting (DLP):<\/strong>&nbsp;Diese 3D-Druck Technik unterscheidet sich zur Stereolithographie im Wesentlichen durch die Art der Belichtung. Anstatt mittels UV Laserstrahl wird das Harz bei DLP durch einen UV Projektor ausgeh\u00e4rtet. Dies hat den Vorteil, dass man sehr viel Bauzeit einspart, da eine komplette Lage auf einmal belichtet werden kann. Weiters ist die erzielbare Genauigkeit um ein Vielfaches h\u00f6her, da durch die Belichtung mittels Projektor keine Achsmotoren zur Laserstrahllenkung ben\u00f6tigt werden und somit diese Ungenauigkeitsquelle g\u00e4nzlich wegf\u00e4llt.<\/li>\n\n\n\n<li><strong>Continous Digital Light Manufactoring (cDLM):<\/strong>&nbsp;Dieser Prozess ist eine Weiterentwicklung unserer DLP-Technologie und erm\u00f6glicht eine kontinuierliche Bewegung der Bauplatte, um au\u00dfergew\u00f6hnliche Baugeschwindigkeiten zu erzielen. Durch das kontinuierliche Bauen k\u00f6nnen neben hochfesten hitzebest\u00e4ndigen Produkten auch flexible silikon\u00e4hnliche Materialien verarbeitet werden. Durch das Fehlen von Abzugskr\u00e4ften werden bis zu 75 % weniger Supports ben\u00f6tigt.<\/li>\n<\/ul>\n\n\n\n<div class=\"wp-block-columns is-layout-flex wp-container-core-columns-is-layout-28f84493 wp-block-columns-is-layout-flex\">\n<div class=\"wp-block-column is-layout-flow wp-block-column-is-layout-flow\">\n<figure class=\"wp-block-image aligncenter size-full\"><img loading=\"lazy\" decoding=\"async\" width=\"287\" height=\"314\" src=\"https:\/\/www.westcam-group.com\/wp-content\/uploads\/2024\/04\/etec-kunstoff-westcam-1.jpg\" alt=\"\" class=\"wp-image-23686\" srcset=\"https:\/\/westcam2023.westcam-staging.web-crossing.com\/wp-content\/uploads\/2024\/04\/etec-kunstoff-westcam-1.jpg 287w, https:\/\/westcam2023.westcam-staging.web-crossing.com\/wp-content\/uploads\/2024\/04\/etec-kunstoff-westcam-1-274x300.jpg 274w\" sizes=\"auto, (max-width: 287px) 100vw, 287px\" \/><\/figure>\n<\/div>\n\n\n\n<div class=\"wp-block-column is-layout-flow wp-block-column-is-layout-flow\">\n<figure class=\"wp-block-image size-full\"><img loading=\"lazy\" decoding=\"async\" width=\"287\" height=\"314\" src=\"https:\/\/www.westcam-group.com\/wp-content\/uploads\/2024\/04\/etec-kunstoff-westcam-2.png\" alt=\"\" class=\"wp-image-23671\" srcset=\"https:\/\/westcam2023.westcam-staging.web-crossing.com\/wp-content\/uploads\/2024\/04\/etec-kunstoff-westcam-2.png 287w, https:\/\/westcam2023.westcam-staging.web-crossing.com\/wp-content\/uploads\/2024\/04\/etec-kunstoff-westcam-2-274x300.png 274w\" sizes=\"auto, (max-width: 287px) 100vw, 287px\" \/><\/figure>\n<\/div>\n<\/div>\n\n\n\n<p><\/p>\n\n\n\n<h2 class=\"wp-block-heading\" style=\"text-transform:none\">Unser Angebot f\u00fcr Sie<\/h2>\n\n\n<div style=\"margin-top:var(--wp--preset--spacing--30);margin-bottom:var(--wp--preset--spacing--50);\" class=\"wp-block-webx-post-list-webx-post-list wp-block-webx-post-list-webx-post-list\" data-listid=\"72104\">\n    <script class=\"webx-filter-list-config\" type=\"application\/json\">{\"postType\":\"product\",\"enableParentPost\":true,\"displayGrid\":true,\"subTitle\":\"product_category\",\"fieldOne\":\"product_category\",\"fieldTwo\":\"product_category\",\"className\":\"wp-block-webx-post-list-webx-post-list\",\"style\":{\"spacing\":{\"margin\":{\"top\":\"var:preset|spacing|30\",\"bottom\":\"var:preset|spacing|50\"}}},\"compactGrid\":false,\"language\":\"en\",\"listId\":72104,\"postId\":4317}<\/script>\n    <div class=\"webx-post-list\" data-listid=\"72104\"><\/div>\n    \n<div>\n<div class=\"wp-block-webx-post-list-webx-filters\"><div><\/div><\/div>\n<\/div>\n<\/div>","protected":false},"excerpt":{"rendered":"<p>Kunststoffteile in High Speed: Hochpr\u00e4zise 3D-Printer f\u00fcr Polymerteile in Spritzguss Qualit\u00e4t. Das Top-Verfahren: DLP<\/p>\n","protected":false},"author":2,"featured_media":16108,"parent":4315,"menu_order":6,"comment_status":"closed","ping_status":"closed","template":"","meta":{"footnotes":""},"competence":[2492],"class_list":["post-4317","product","type-product","status-publish","has-post-thumbnail","hentry","competence-kunststoff-etec"],"_links":{"self":[{"href":"https:\/\/westcam2023.westcam-staging.web-crossing.com\/cs\/wp-json\/wp\/v2\/product\/4317","targetHints":{"allow":["GET"]}}],"collection":[{"href":"https:\/\/westcam2023.westcam-staging.web-crossing.com\/cs\/wp-json\/wp\/v2\/product"}],"about":[{"href":"https:\/\/westcam2023.westcam-staging.web-crossing.com\/cs\/wp-json\/wp\/v2\/types\/product"}],"author":[{"embeddable":true,"href":"https:\/\/westcam2023.westcam-staging.web-crossing.com\/cs\/wp-json\/wp\/v2\/users\/2"}],"replies":[{"embeddable":true,"href":"https:\/\/westcam2023.westcam-staging.web-crossing.com\/cs\/wp-json\/wp\/v2\/comments?post=4317"}],"version-history":[{"count":15,"href":"https:\/\/westcam2023.westcam-staging.web-crossing.com\/cs\/wp-json\/wp\/v2\/product\/4317\/revisions"}],"predecessor-version":[{"id":27296,"href":"https:\/\/westcam2023.westcam-staging.web-crossing.com\/cs\/wp-json\/wp\/v2\/product\/4317\/revisions\/27296"}],"up":[{"embeddable":true,"href":"https:\/\/westcam2023.westcam-staging.web-crossing.com\/cs\/wp-json\/wp\/v2\/product\/4315"}],"wp:featuredmedia":[{"embeddable":true,"href":"https:\/\/westcam2023.westcam-staging.web-crossing.com\/cs\/wp-json\/wp\/v2\/media\/16108"}],"wp:attachment":[{"href":"https:\/\/westcam2023.westcam-staging.web-crossing.com\/cs\/wp-json\/wp\/v2\/media?parent=4317"}],"wp:term":[{"taxonomy":"competence","embeddable":true,"href":"https:\/\/westcam2023.westcam-staging.web-crossing.com\/cs\/wp-json\/wp\/v2\/competence?post=4317"}],"curies":[{"name":"wp","href":"https:\/\/api.w.org\/{rel}","templated":true}]}}