{"id":3231,"date":"2024-03-25T15:40:14","date_gmt":"2024-03-25T14:40:14","guid":{"rendered":"https:\/\/westcam2023.westcam.web-crossing.com\/?post_type=product&#038;p=3231"},"modified":"2024-11-15T07:43:24","modified_gmt":"2024-11-15T06:43:24","slug":"3d-messtechnik","status":"publish","type":"product","link":"https:\/\/westcam2023.westcam-staging.web-crossing.com\/cs\/produkte\/3d-messtechnik\/","title":{"rendered":"3D Messtechnik"},"content":{"rendered":"\n<div class=\"wp-block-webx-blocks-westcam-product-hero alignfull has-background\" style=\"margin-top:0px;margin-bottom:var(--wp--preset--spacing--40);padding-right:0;padding-left:0;background-image:url(&apos;\/wp-content\/plugins\/webx-blocks\/assets\/bggrid.webp&apos;);background-position:100% 50%;background-repeat:no-repeat;background-size:66vw;\"><div class=\"hero-image\"> <img decoding=\"async\" srcset=\"https:\/\/www.westcam-group.com\/wp-content\/uploads\/2024\/05\/slideelement_single_3d_messtechnik_nogrid-150x150.png 150w, https:\/\/www.westcam-group.com\/wp-content\/uploads\/2024\/05\/slideelement_single_3d_messtechnik_nogrid-300x174.png 300w, https:\/\/www.westcam-group.com\/wp-content\/uploads\/2024\/05\/slideelement_single_3d_messtechnik_nogrid-1024x594.png 1024w, https:\/\/www.westcam-group.com\/wp-content\/uploads\/2024\/05\/slideelement_single_3d_messtechnik_nogrid.png 1262w, https:\/\/www.westcam-group.com\/wp-content\/uploads\/2024\/05\/slideelement_single_3d_messtechnik_nogrid-1034x600.png 1034w\" src=\"https:\/\/www.westcam-group.com\/wp-content\/uploads\/2024\/05\/slideelement_single_3d_messtechnik_nogrid.png\" alt=\"\"\/><\/div><div class=\"hero-placeholder\"><\/div>\n<div class=\"wp-block-group hero-content is-layout-flow wp-block-group-is-layout-flow\">\n<div class=\"wp-block-webx-blocks-fake-heading heading-h4 hero-subtitle is-style-westcamized\" style=\"margin-top:0;margin-bottom:15px\">In \u00d6STERREICH, der SCHWEIZ und LIECHTENSTEIN<\/div>\n\n\n\n<h1 class=\"wp-block-heading hero-title\" style=\"margin-top:0;margin-bottom:15px\">3D Messtechnik<\/h1>\n\n\n\n<p><strong>WESTCAM ist der exklusive ZEISS Certified Metrology Partner f\u00fcr die Schweiz, Liechtenstein &amp; \u00d6sterreich und wir betreuen in dieser Funktion unsere Kunden schon seit \u00fcber 2 Jahrzehnten bei der Auswahl und Implementierung&nbsp;optischer Messtechnik-L\u00f6sungen&nbsp;von&nbsp;ZEISS (GOM).<\/strong><\/p>\n\n\n\n<p>Unser breites Produkt-Spektrum&nbsp;reicht von einfachen, mobilen Systemen bis hin zu ausgereiften, mittels Roboter-Technik automatisierten ZEISS ScanBox Anlagen und industrieller Computertomographie.<\/p>\n\n\n\n<p>Mit WESTCAM Metrology Care sorgen wir f\u00fcr den einwandfreien Betrieb und die Langlebigkeit Ihrer Messsysteme. Unser Service baut dabei auf drei S\u00e4ulen auf: Support,&nbsp;Wartung\/Reparatur, Rezertifizierung&nbsp;&nbsp;<strong><a href=\"https:\/\/www.westcam-group.com\/westcam-metrology-care\/\" target=\"_blank\" rel=\"noreferrer noopener\">&gt; Mehr zu WESTCAM<\/a> Metrology Care<\/strong><\/p>\n\n\n\n<p>Notwendige Verbrauchsmaterialien und Zubeh\u00f6r wie Referenzmarken, Spray und zertifizierte Rechner f\u00fcr Ihr ZEISS Messequipment k\u00f6nnen Sie auch direkt \u00fcber WESTCAM beziehen.<\/p>\n\n\n\n<p>Selbstverst\u00e4ndlich werden die\u00a0Messsysteme samt dazugeh\u00f6riger Software\u00a0von uns auch stets\u00a0fachgerecht geschult\u00a0<a href=\"https:\/\/www.westcam-group.com\/academy\/angebot\/3d-messtechnik\/\" target=\"_blank\" rel=\"noreferrer noopener\">> <strong>Zu den Schulungen\/Trainings der WESTCAM Academy<\/strong><\/a><\/p>\n\n\n\n<div class=\"wp-block-file\"><a id=\"wp-block-file--media-28ad1776-1e07-4daa-a4c2-2d88e1fad30e\" href=\"https:\/\/www.westcam-group.com\/wp-content\/uploads\/2024\/03\/WESTCAM-ZEISS-IQS-Portfolio-Uebersicht-DE-ab-11-2024.pdf\" target=\"_blank\" rel=\"noopener\">WESTCAM-ZEISS-IQS-Portfolio-\u00dcbersicht -DE-ab-11-2024<\/a><a href=\"https:\/\/www.westcam-group.com\/wp-content\/uploads\/2024\/03\/WESTCAM-ZEISS-IQS-Portfolio-Uebersicht-DE-ab-11-2024.pdf\" class=\"wp-block-file__button wp-element-button\" aria-describedby=\"wp-block-file--media-28ad1776-1e07-4daa-a4c2-2d88e1fad30e\" download target=\"_blank\" rel=\"noopener\">Herunterladen<\/a><\/div>\n<\/div>\n\n\n\n<div class=\"wp-block-group hero-violet is-layout-flow wp-block-group-is-layout-flow\" style=\"padding-top:var(--wp--preset--spacing--30);padding-right:var(--wp--preset--spacing--30);padding-bottom:var(--wp--preset--spacing--30);padding-left:var(--wp--preset--spacing--30)\">\n<div class=\"wp-block-webx-blocks-fake-heading heading-h4 hero-subtitle has-base-color has-text-color\" style=\"margin-top:0;margin-bottom:15px\">KEy Facts<\/div>\n\n\n\n<ul class=\"wp-block-list hero-bullet-list-items is-style-westcam-list has-base-color has-text-color\">\n<li>Industrielle 3D-Messtechnik (optisch + taktil)<\/li>\n\n\n\n<li>Seit \u00fcber 20 Jahren GOM\/ZEISS-Exklusivpartner in <strong>\u00d6sterreich<\/strong><\/li>\n\n\n\n<li>Seit 2023 zudem ZEISS &#8211; Certified Metrology Partner f\u00fcr die <strong>Schweiz &amp; Liechtenstein<\/strong><\/li>\n\n\n\n<li>Gro\u00dfe Bandbreite \u2013 von klein &amp; manuell bis hin zu gro\u00dfen automatisierten Anlagen<\/li>\n\n\n\n<li>Industrielle Computertomographie (CT)<\/li>\n\n\n\n<li>Digitale Bildkorrelation f\u00fcr Testing-Applikationen<\/li>\n\n\n\n<li>WESTCAM Metrology Care: Umfassender Support &amp; Vor-Ort-Service f\u00fcr ZEISS-Messsysteme<\/li>\n\n\n\n<li>Beratung, Implementierung &amp; Betreuung aus einer Hand<\/li>\n<\/ul>\n\n\n\n<figure class=\"wp-block-image size-full is-resized\"><img loading=\"lazy\" decoding=\"async\" width=\"570\" height=\"207\" src=\"https:\/\/www.westcam-group.com\/wp-content\/uploads\/2024\/04\/ZEISSCertifiedMetrologyPartner.jpg\" alt=\"\" class=\"wp-image-21005\" style=\"width:auto;height:100px\" srcset=\"https:\/\/westcam2023.westcam-staging.web-crossing.com\/wp-content\/uploads\/2024\/04\/ZEISSCertifiedMetrologyPartner.jpg 570w, https:\/\/westcam2023.westcam-staging.web-crossing.com\/wp-content\/uploads\/2024\/04\/ZEISSCertifiedMetrologyPartner-300x109.jpg 300w\" sizes=\"auto, (max-width: 570px) 100vw, 570px\" \/><\/figure>\n<\/div>\n<\/div>\n\n\n\n<div class=\"wp-block-group has-global-padding is-layout-constrained wp-block-group-is-layout-constrained\">\n<h2 class=\"wp-block-heading\"><\/h2>\n\n\n<div class=\"wp-block-webx-post-list-webx-post-list wp-block-webx-post-list-webx-post-list\" data-listid=\"70937\">\n    <script class=\"webx-filter-list-config\" type=\"application\/json\">{\"postType\":\"product\",\"enableParentPost\":true,\"displayGrid\":true,\"className\":\"wp-block-webx-post-list-webx-post-list\",\"compactGrid\":false,\"subTitle\":\"\",\"fieldOne\":\"\",\"fieldTwo\":\"\",\"language\":\"en\",\"listId\":70937,\"postId\":3231}<\/script>\n    <div class=\"webx-post-list\" data-listid=\"70937\"><\/div>\n    \n<div>\n<div class=\"wp-block-webx-post-list-webx-filters\"><div>\n<div class=\"webx-parent-config\"><\/div>\n<\/div><\/div>\n<\/div>\n<\/div><\/div>\n\n\n\n<div class=\"wp-block-webx-blocks-grid has-base-color has-accent-2-background-color has-text-color has-background has-link-color wp-elements-a39965463829d92484a4bc0d2c35db6e is-layout-grid wp-container-webx-blocks-grid-is-layout-1e0d87d3 wp-block-webx-blocks-grid-is-layout-grid\" style=\"margin-top:var(--wp--preset--spacing--50);margin-bottom:var(--wp--preset--spacing--50);padding-top:var(--wp--preset--spacing--40);padding-right:var(--wp--preset--spacing--40);padding-bottom:var(--wp--preset--spacing--40);padding-left:var(--wp--preset--spacing--40);--grid-columns-desktop:4;--grid-columns-tablet:2;--grid-columns-mobile:1;background-image:url(&apos;https:\/\/www.westcam-group.com\/wp-content\/uploads\/2024\/07\/grid-bottom-right-50percent.webp&apos;);background-position:100% 100%;background-repeat:no-repeat;background-size:300px;\">\n<div class=\"wp-block-webx-blocks-grid-item is-layout-flow wp-block-webx-blocks-grid-item-is-layout-flow\" style=\"--grid-area-desktop:auto \/ span 2 \/ auto \/ auto;--grid-area-tablet:auto \/ auto \/ auto \/ auto;--grid-area-mobile:auto \/ auto \/ auto \/ auto\">\n<div class=\"wp-block-webx-blocks-fake-heading heading-h5 is-style-westcamized-white has-base-color has-text-color has-link-color wp-elements-2dfb98cf0c7d8f67e37ebfa84bf25990\">Noch unsicher?<\/div>\n\n\n\n<h2 class=\"wp-block-heading has-base-color has-text-color has-link-color wp-elements-5c068cb9ca7a87ef966db3ebf3a11b01\">Sie haben Fragen?<\/h2>\n<\/div>\n\n\n\n<div class=\"wp-block-webx-blocks-grid-item is-vertically-aligned-center is-layout-flow wp-block-webx-blocks-grid-item-is-layout-flow\" style=\"--grid-area-desktop:auto \/ auto \/ auto \/ auto;--grid-area-tablet:auto \/ auto \/ auto \/ auto;--grid-area-mobile:auto \/ auto \/ auto \/ auto\">\n<div class=\"wp-block-group is-nowrap is-layout-flex wp-container-core-group-is-layout-6c531013 wp-block-group-is-layout-flex\">\n<div class=\"wp-block-webx-blocks-svg\"><div style=\"height:25px;width:25px;fill:#ffffff\" class=\"svg\"><?xml version=\"1.0\" encoding=\"utf-8\"?><svg version=\"1.1\" id=\"Layer_1\" xmlns=\"http:\/\/www.w3.org\/2000\/svg\" xmlns:xlink=\"http:\/\/www.w3.org\/1999\/xlink\" x=\"0px\" y=\"0px\" width=\"122.88px\" height=\"122.267px\" viewBox=\"0 0 122.88 122.267\" enable-background=\"new 0 0 122.88 122.267\" xml:space=\"preserve\"><g><path d=\"M33.822,50.291c4.137,7.442,8.898,14.604,15.074,21.133C55.1,77.984,62.782,83.962,72.771,89.03l0.01,0.005l0.002-0.005 c0.728,0.371,1.421,0.362,2.072,0.118c0.944-0.353,1.927-1.137,2.883-2.086c0.729-0.726,1.643-1.924,2.631-3.223 c3.846-5.054,8.601-11.301,15.314-8.193c0.142,0.065,0.276,0.141,0.402,0.226l22.373,12.852c0.08,0.046,0.157,0.095,0.23,0.147 c2.966,2.036,4.177,5.172,4.19,8.683c0.014,3.621-1.329,7.674-3.274,11.101c-2.565,4.517-6.387,7.502-10.761,9.525 c-4.17,1.928-8.798,2.954-13.267,3.608c-6.989,1.025-13.578,0.374-20.288-1.692c-6.55-2.017-13.176-5.385-20.4-9.86l-0.526-0.326 c-3.326-2.06-6.906-4.276-10.389-6.904C31.108,93.296,18.007,79.283,9.512,63.904C2.361,50.958-1.552,36.995,0.581,23.681 C1.75,16.375,4.901,9.743,10.333,5.35c4.762-3.853,11.188-5.94,19.448-5.203c0.973,0.084,1.793,0.639,2.255,1.419l0.006-0.003 l14.324,24.27c2.11,2.718,2.344,5.415,1.203,8.096c-0.943,2.218-2.892,4.251-5.476,6.168c-0.786,0.65-1.708,1.325-2.659,2.021 C36.236,44.459,32.578,47.136,33.822,50.291L33.822,50.291z M44.67,75.422C38.066,68.44,33.035,60.88,28.695,53.065 c-0.076-0.123-0.144-0.253-0.202-0.39c-3.174-7.459,2.52-11.625,7.493-15.262c0.845-0.618,1.663-1.217,2.401-1.829l0.002,0.003 c0.043-0.036,0.088-0.071,0.135-0.105c1.843-1.354,3.171-2.647,3.678-3.837c0.289-0.679,0.182-1.426-0.466-2.265 c-0.111-0.129-0.213-0.271-0.303-0.423L27.795,5.852c-5.869-0.241-10.419,1.321-13.784,4.044 c-4.239,3.429-6.723,8.759-7.674,14.699c-1.905,11.894,1.716,24.594,8.292,36.5c8.078,14.623,20.575,27.977,32.864,37.25 c3.379,2.55,6.776,4.653,9.932,6.607l0.526,0.326c6.818,4.223,13.017,7.386,19.052,9.244c5.876,1.809,11.634,2.38,17.729,1.486 c4.009-0.587,8.113-1.485,11.668-3.129c3.351-1.55,6.248-3.785,8.134-7.104c1.496-2.637,2.53-5.653,2.521-8.222 c-0.006-1.63-0.472-3.029-1.605-3.844L93.2,80.93c-2.461-1.081-5.629,3.081-8.193,6.45c-1.104,1.452-2.125,2.792-3.156,3.817 c-1.477,1.466-3.118,2.723-4.962,3.411c-2.136,0.799-4.395,0.834-6.755-0.37l0.002-0.004C59.522,88.849,51.323,82.457,44.67,75.422 L44.67,75.422z\"\/><\/g><\/svg><\/div><\/div>\n\n\n\n<p style=\"font-size:clamp(14px, 0.875rem + ((1vw - 3.2px) * 0.405), 20px);\"><strong><a href=\"tel:+435223555090\">+43 5223 55509 0<\/a><\/strong><\/p>\n<\/div>\n<\/div>\n\n\n\n<div class=\"wp-block-webx-blocks-grid-item is-vertically-aligned-center is-layout-flow wp-block-webx-blocks-grid-item-is-layout-flow\" style=\"--grid-area-desktop:auto \/ auto \/ auto \/ auto;--grid-area-tablet:auto \/ auto \/ auto \/ auto;--grid-area-mobile:auto \/ auto \/ auto \/ auto\">\n<div class=\"wp-block-group is-nowrap is-layout-flex wp-container-core-group-is-layout-6c531013 wp-block-group-is-layout-flex\">\n<div class=\"wp-block-webx-blocks-svg\"><div style=\"height:25px;width:25px\" class=\"svg\"><svg xmlns=\"http:\/\/www.w3.org\/2000\/svg\" width=\"83.467\" height=\"64.722\" viewBox=\"0 0 83.467 64.722\">\n  <g id=\"mail\" transform=\"translate(1.733 1.25)\">\n    <rect id=\"Rechteck_11\" data-name=\"Rechteck 11\" width=\"80\" height=\"62.222\" rx=\"2\" fill=\"none\" stroke=\"#fff\" stroke-linecap=\"round\" stroke-linejoin=\"round\" stroke-width=\"2.5\"\/>\n    <path id=\"Pfad_100\" data-name=\"Pfad 100\" d=\"M3,7,43,33.667,83,7\" transform=\"translate(-3 1.889)\" fill=\"none\" stroke=\"#fff\" stroke-linecap=\"round\" stroke-linejoin=\"round\" stroke-width=\"2.5\"\/>\n  <\/g>\n<\/svg>\n<\/div><\/div>\n\n\n\n<p style=\"font-size:clamp(14px, 0.875rem + ((1vw - 3.2px) * 0.405), 20px);\"><a href=\"mailto:info@westcam-group.com\" target=\"_blank\" rel=\"noreferrer noopener\"><strong>info@westcam-group.com<\/strong><\/a><\/p>\n<\/div>\n<\/div>\n<\/div>\n","protected":false},"excerpt":{"rendered":"","protected":false},"author":1,"featured_media":1265,"parent":0,"menu_order":29,"comment_status":"closed","ping_status":"closed","template":"","meta":{"footnotes":""},"competence":[2497],"class_list":["post-3231","product","type-product","status-publish","has-post-thumbnail","hentry","competence-3d-messtechnik"],"_links":{"self":[{"href":"https:\/\/westcam2023.westcam-staging.web-crossing.com\/cs\/wp-json\/wp\/v2\/product\/3231","targetHints":{"allow":["GET"]}}],"collection":[{"href":"https:\/\/westcam2023.westcam-staging.web-crossing.com\/cs\/wp-json\/wp\/v2\/product"}],"about":[{"href":"https:\/\/westcam2023.westcam-staging.web-crossing.com\/cs\/wp-json\/wp\/v2\/types\/product"}],"author":[{"embeddable":true,"href":"https:\/\/westcam2023.westcam-staging.web-crossing.com\/cs\/wp-json\/wp\/v2\/users\/1"}],"replies":[{"embeddable":true,"href":"https:\/\/westcam2023.westcam-staging.web-crossing.com\/cs\/wp-json\/wp\/v2\/comments?post=3231"}],"version-history":[{"count":15,"href":"https:\/\/westcam2023.westcam-staging.web-crossing.com\/cs\/wp-json\/wp\/v2\/product\/3231\/revisions"}],"predecessor-version":[{"id":30309,"href":"https:\/\/westcam2023.westcam-staging.web-crossing.com\/cs\/wp-json\/wp\/v2\/product\/3231\/revisions\/30309"}],"wp:featuredmedia":[{"embeddable":true,"href":"https:\/\/westcam2023.westcam-staging.web-crossing.com\/cs\/wp-json\/wp\/v2\/media\/1265"}],"wp:attachment":[{"href":"https:\/\/westcam2023.westcam-staging.web-crossing.com\/cs\/wp-json\/wp\/v2\/media?parent=3231"}],"wp:term":[{"taxonomy":"competence","embeddable":true,"href":"https:\/\/westcam2023.westcam-staging.web-crossing.com\/cs\/wp-json\/wp\/v2\/competence?post=3231"}],"curies":[{"name":"wp","href":"https:\/\/api.w.org\/{rel}","templated":true}]}}