{"id":18738,"date":"2024-08-08T12:03:07","date_gmt":"2024-08-08T10:03:07","guid":{"rendered":"https:\/\/westcam2023.westcam.web-crossing.com\/?post_type=product&#038;p=18738"},"modified":"2024-11-12T13:17:14","modified_gmt":"2024-11-12T12:17:14","slug":"zaehlanlage","status":"publish","type":"product","link":"https:\/\/westcam2023.westcam-staging.web-crossing.com\/cs\/produkte\/mechatronik-robotik\/automatisierungsloesungen\/zaehlanlage\/","title":{"rendered":"Z\u00e4hlanlage"},"content":{"rendered":"\n<div style=\"background-image:url(&apos;https:\/\/www.westcam-group.com\/wp-content\/uploads\/2024\/03\/bggrid.webp&apos;);background-position:50% 50%;background-repeat:no-repeat;background-size:contain;\" class=\"wp-block-group has-global-padding is-layout-constrained wp-container-core-group-is-layout-9f245e94 wp-block-group-is-layout-constrained has-background\">\n<div class=\"wp-block-webx-blocks-grid is-layout-grid wp-container-webx-blocks-grid-is-layout-8c8cfa07 wp-block-webx-blocks-grid-is-layout-grid\" style=\"margin-top:var(--wp--preset--spacing--50);margin-bottom:var(--wp--preset--spacing--50);--grid-columns-desktop:2;--grid-columns-tablet:2;--grid-columns-mobile:1\">\n<div class=\"wp-block-webx-blocks-grid-item is-layout-flow wp-block-webx-blocks-grid-item-is-layout-flow\" style=\"padding-top:var(--wp--preset--spacing--30);padding-right:var(--wp--preset--spacing--10);padding-bottom:var(--wp--preset--spacing--10);padding-left:var(--wp--preset--spacing--10);--grid-area-desktop:auto \/ auto \/ auto \/ auto;--grid-area-tablet:auto \/ auto \/ auto \/ auto;--grid-area-mobile:auto \/ auto \/ auto \/ auto\">\n<div class=\"wp-block-webx-blocks-fake-heading heading-h4 is-style-westcamized\" style=\"text-transform:none\">Ihr Erfolg \u201ez\u00e4hlt\u201c<\/div>\n\n\n\n<h1 class=\"wp-block-heading hero-title has-xx-large-font-size\" style=\"margin-top:var(--wp--preset--spacing--20);margin-bottom:var(--wp--preset--spacing--20);line-height:1;text-transform:none\">WESTCAM-Z\u00e4hlanlage<\/h1>\n\n\n\n<p><strong>Pr\u00e4zise Erfassung und automatische Z\u00e4hlung von kleinen Objekten unabh\u00e4ngig von Form und Material.<\/strong><\/p>\n\n\n\n<p>Wie f\u00fchren Sie das Kommissionieren und Verpacken von Kleinteilen durch? Wiegen, sch\u00e4tzen oder z\u00e4hlen Sie manuell ab? Wie lange brauchen Sie daf\u00fcr und wie genau sind Sie dabei?<\/p>\n\n\n\n<p><strong>Es geht auch einfacher: mit der WESTCAM-Z\u00e4hlanlage<\/strong><\/p>\n\n\n\n<p>Ihre Teile sind so individuell wie die L\u00f6sungen zur Automatisierung des Z\u00e4hl- und Kommissionier- Vorgangs. Erz\u00e4hlen Sie uns \u00fcber Ihre Prozesse und Teilevielfalt. Gerne beraten wir Sie zu M\u00f6glichkeiten der vollautomatischen Z\u00e4hlung von Kleinteilen.<\/p>\n\n\n\n<p><strong>Mit Hochgeschwindigkeit werden Bauteile in ihrer komplexen Formenvielfalt verl\u00e4sslich erfasst und automatisch gez\u00e4hlt<\/strong>:<\/p>\n\n\n\n<ul class=\"wp-block-list\">\n<li>Unsere Referenz in der Dentalindustrie z\u00e4hlt bis zu 8 Kleinteile\/Sekunde\/Einzelmodul \u2013 abh\u00e4ngig von Gr\u00f6\u00dfe und Komplexit\u00e4t und &gt; 20.000 Kleinteile pro Stunde\/Modul.<\/li>\n\n\n\n<li>Mit einer Genauigkeit von &gt; 99 % ab einer F\u00fcllmenge von 1.000 St\u00fcck<\/li>\n<\/ul>\n\n\n\n<div class=\"wp-block-buttons is-layout-flex wp-block-buttons-is-layout-flex\" style=\"margin-top:var(--wp--preset--spacing--20);margin-bottom:var(--wp--preset--spacing--20)\">\n<div class=\"wp-block-button\"><a class=\"wp-block-button__link wp-element-button\" href=\"#free-version\">Jetzt Anfragen<\/a><\/div>\n<\/div>\n\n\n\n<p class=\"has-contrast-3-color has-text-color has-link-color wp-elements-959be93755233e82a6ae0496003adc73\">Das k\u00f6nnte Sie auch interessieren<strong>: <\/strong><\/p>\n\n\n\n<p class=\"has-accent-2-color has-text-color has-link-color wp-elements-111fe05cdc6b4a9234ad133718d61ce5\"><strong><a href=\"https:\/\/www.westcam-group.com\/produkte\/mechatronik-robotik\/automatisierungsloesungen\/sortieranlage-kleinteile\/\" target=\"_blank\" data-type=\"product\" data-id=\"4615\" rel=\"noreferrer noopener\"><span class=\"add-arrow\">Sortieranlage f\u00fcr Kleinteile <\/span><\/a><\/strong><\/p>\n<\/div>\n\n\n\n<div class=\"wp-block-webx-blocks-grid-item is-layout-flow wp-container-webx-blocks-grid-item-is-layout-69fcd244 wp-block-webx-blocks-grid-item-is-layout-flow\" style=\"padding-top:0;padding-right:0;padding-bottom:0;padding-left:0;--grid-area-desktop:auto \/ auto \/ auto \/ auto;--grid-area-tablet:auto \/ auto \/ auto \/ auto;--grid-area-mobile:auto \/ auto \/ auto \/ auto\">\n<figure class=\"wp-block-image aligncenter size-full is-style-default\"><img loading=\"lazy\" decoding=\"async\" width=\"2560\" height=\"1707\" src=\"https:\/\/www.westcam-group.com\/wp-content\/uploads\/2024\/08\/AdobeStock_63319098-scaled.jpeg\" alt=\"\" class=\"wp-image-19428\" srcset=\"https:\/\/westcam2023.westcam-staging.web-crossing.com\/wp-content\/uploads\/2024\/08\/AdobeStock_63319098-scaled.jpeg 2560w, https:\/\/westcam2023.westcam-staging.web-crossing.com\/wp-content\/uploads\/2024\/08\/AdobeStock_63319098-300x200.jpeg 300w, https:\/\/westcam2023.westcam-staging.web-crossing.com\/wp-content\/uploads\/2024\/08\/AdobeStock_63319098-1024x683.jpeg 1024w, https:\/\/westcam2023.westcam-staging.web-crossing.com\/wp-content\/uploads\/2024\/08\/AdobeStock_63319098-768x512.jpeg 768w, https:\/\/westcam2023.westcam-staging.web-crossing.com\/wp-content\/uploads\/2024\/08\/AdobeStock_63319098-1536x1024.jpeg 1536w, https:\/\/westcam2023.westcam-staging.web-crossing.com\/wp-content\/uploads\/2024\/08\/AdobeStock_63319098-2048x1365.jpeg 2048w, https:\/\/westcam2023.westcam-staging.web-crossing.com\/wp-content\/uploads\/2024\/08\/AdobeStock_63319098-1350x900.jpeg 1350w, https:\/\/westcam2023.westcam-staging.web-crossing.com\/wp-content\/uploads\/2024\/08\/AdobeStock_63319098-900x600.jpeg 900w\" sizes=\"auto, (max-width: 2560px) 100vw, 2560px\" \/><\/figure>\n\n\n\n<div class=\"wp-block-group hero-violet has-accent-2-background-color has-background is-layout-flow wp-block-group-is-layout-flow\" style=\"padding-top:var(--wp--preset--spacing--30);padding-right:var(--wp--preset--spacing--30);padding-bottom:var(--wp--preset--spacing--30);padding-left:var(--wp--preset--spacing--30)\">\n<div class=\"wp-block-webx-blocks-fake-heading heading-h4 hero-subtitle has-base-color has-text-color\">Highlights<\/div>\n\n\n\n<ul class=\"wp-block-list hero-bullet-list-items is-style-westcam-list has-base-color has-accent-2-background-color has-text-color has-background has-link-color wp-elements-480c3f057c267a3e8ba6ee6e05c92c15\">\n<li>Steuerung der Anlage \u00fcber Touchpanel sowie Anzeige der Z\u00e4hlergebnisse<\/li>\n\n\n\n<li>Nachgelagerter Sortiervorgang bei \u201eMischproduktion\u201c<\/li>\n\n\n\n<li>Teile-Vereinzelung und automatische Geschwindigkeitsregelung<\/li>\n\n\n\n<li>Rein elektrische Antriebe (keine Druckluft notwendig)<\/li>\n<\/ul>\n<\/div>\n<\/div>\n<\/div>\n<\/div>\n\n\n\n<div class=\"wp-block-group has-global-padding is-layout-constrained wp-container-core-group-is-layout-00189ab9 wp-block-group-is-layout-constrained\">\n<div class=\"wp-block-media-text is-stacked-on-mobile is-image-fill\" style=\"margin-top:var(--wp--preset--spacing--50);margin-right:0;margin-bottom:var(--wp--preset--spacing--50);margin-left:0;padding-right:0;padding-left:0\"><figure class=\"wp-block-media-text__media\" style=\"background-image:url(https:\/\/www.westcam-group.com\/wp-content\/uploads\/2024\/04\/westcam-sortieranlage-kleinteile-1024x683.jpg);background-position:50% 50%\"><img loading=\"lazy\" decoding=\"async\" width=\"1024\" height=\"683\" src=\"https:\/\/www.westcam-group.com\/wp-content\/uploads\/2024\/04\/westcam-sortieranlage-kleinteile-1024x683.jpg\" alt=\"\" class=\"wp-image-23809 size-full\" srcset=\"https:\/\/westcam2023.westcam-staging.web-crossing.com\/wp-content\/uploads\/2024\/04\/westcam-sortieranlage-kleinteile-1024x683.jpg 1024w, https:\/\/westcam2023.westcam-staging.web-crossing.com\/wp-content\/uploads\/2024\/04\/westcam-sortieranlage-kleinteile-300x200.jpg 300w, https:\/\/westcam2023.westcam-staging.web-crossing.com\/wp-content\/uploads\/2024\/04\/westcam-sortieranlage-kleinteile-768x512.jpg 768w, https:\/\/westcam2023.westcam-staging.web-crossing.com\/wp-content\/uploads\/2024\/04\/westcam-sortieranlage-kleinteile-1536x1024.jpg 1536w, https:\/\/westcam2023.westcam-staging.web-crossing.com\/wp-content\/uploads\/2024\/04\/westcam-sortieranlage-kleinteile-1350x900.jpg 1350w, https:\/\/westcam2023.westcam-staging.web-crossing.com\/wp-content\/uploads\/2024\/04\/westcam-sortieranlage-kleinteile-900x600.jpg 900w, https:\/\/westcam2023.westcam-staging.web-crossing.com\/wp-content\/uploads\/2024\/04\/westcam-sortieranlage-kleinteile.jpg 1620w\" sizes=\"auto, (max-width: 1024px) 100vw, 1024px\" \/><\/figure><div class=\"wp-block-media-text__content\">\n<h2 class=\"wp-block-heading\" style=\"text-transform:none\">Wiegen Sie noch oder Z\u00e4hlen Sie schon?<\/h2>\n\n\n\n<p>Die zwei unterschiedlichen Funktionen:<\/p>\n\n\n\n<h5 class=\"wp-block-heading\"><strong>\u2013 Kommissionieren:<\/strong><\/h5>\n\n\n\n<p>Kleinteile werden bis zu einem einstellbaren Wert abgez\u00e4hlt. Anschlie\u00dfend stoppt die Z\u00e4hlrinne den Durchfluss. Typische Anwendung: Eine definierte Anzahl an Teilen aus einer gr\u00f6\u00dferen Menge abz\u00e4hlen und ausgeben lassen.<\/p>\n\n\n\n<p>Optional mit angeschlossenem Verpackungssystem sowie automatisierter Beschriftung (Labeling).<\/p>\n\n\n\n<h5 class=\"wp-block-heading\"><strong>\u2013 Durchz\u00e4hlen:<\/strong><\/h5>\n\n\n\n<p>Eingef\u00fcllte Kleinteile werden komplett durchgez\u00e4hlt. Typische Anwendung: Durchz\u00e4hlen von Teilen bei Inventur.<\/p>\n<\/div><\/div>\n<\/div>\n\n\n\n<figure class=\"wp-block-image aligncenter size-large\"><img loading=\"lazy\" decoding=\"async\" width=\"1024\" height=\"683\" src=\"https:\/\/www.westcam-group.com\/wp-content\/uploads\/2024\/08\/westcam-zaehlanlage-kleinteile-1024x683.jpeg\" alt=\"\" class=\"wp-image-23846\" srcset=\"https:\/\/westcam2023.westcam-staging.web-crossing.com\/wp-content\/uploads\/2024\/08\/westcam-zaehlanlage-kleinteile-1024x683.jpeg 1024w, https:\/\/westcam2023.westcam-staging.web-crossing.com\/wp-content\/uploads\/2024\/08\/westcam-zaehlanlage-kleinteile-300x200.jpeg 300w, https:\/\/westcam2023.westcam-staging.web-crossing.com\/wp-content\/uploads\/2024\/08\/westcam-zaehlanlage-kleinteile-768x512.jpeg 768w, https:\/\/westcam2023.westcam-staging.web-crossing.com\/wp-content\/uploads\/2024\/08\/westcam-zaehlanlage-kleinteile-1536x1024.jpeg 1536w, https:\/\/westcam2023.westcam-staging.web-crossing.com\/wp-content\/uploads\/2024\/08\/westcam-zaehlanlage-kleinteile-1350x900.jpeg 1350w, https:\/\/westcam2023.westcam-staging.web-crossing.com\/wp-content\/uploads\/2024\/08\/westcam-zaehlanlage-kleinteile-900x600.jpeg 900w, https:\/\/westcam2023.westcam-staging.web-crossing.com\/wp-content\/uploads\/2024\/08\/westcam-zaehlanlage-kleinteile.jpeg 1620w\" sizes=\"auto, (max-width: 1024px) 100vw, 1024px\" \/><\/figure>\n\n\n\n<div class=\"wp-block-group has-global-padding is-layout-constrained wp-container-core-group-is-layout-baed9f38 wp-block-group-is-layout-constrained\" style=\"margin-top:var(--wp--preset--spacing--60);margin-bottom:var(--wp--preset--spacing--60)\">\n<h3 class=\"wp-block-heading\" style=\"margin-top:var(--wp--preset--spacing--20);margin-right:0;margin-bottom:var(--wp--preset--spacing--20);margin-left:0;text-transform:none\">H\u00e4ufig gestellte Fragen  (FAQs)<\/h3>\n\n\n\n<script type=\"application\/ld+json\">{\"@context\":\"https:\/\/schema.org\",\"@type\":\"FAQPage\",\"mainEntity\":[{\"@type\":\"Question\",\"name\":\"Was sind die Vorteile einer Z\u00e4hlanlage f\u00fcr Kleinteile in der Produktion?\",\"acceptedAnswer\":{\"@type\":\"Answer\",\"text\":\"Durch die Varianz der spezifischen Gewichte gleicher Bauteile kommt es beim Prozess \u201eZ\u00e4hlen durch Wiegen\u201c zu ungewollten Abweichungen bei der kommissionierten Menge. Dieser Umstand f\u00fchrt dazu, dass Wiegevorg\u00e4nge durch Z\u00e4hlvorg\u00e4nge zu ersetzen sind.Durch unsere Z\u00e4hlanlage erm\u00f6glichen wir eine Steigerung der Effizienz und Genauigkeit. Automatisierte Z\u00e4hlprozesse reduzieren das Risiko von Z\u00e4hlfehlern, sparen Zeit und Kosten und unterst\u00fctzen somit die Produktions- und Lieferkettenprozesse.\"}},{\"@type\":\"Question\",\"name\":\"Wie schnell kann die Z\u00e4hlanlage z\u00e4hlen?\",\"acceptedAnswer\":{\"@type\":\"Answer\",\"text\":\"Mit Hochgeschwindigkeit werden Bauteile in ihrer komplexen Formenvielfalt verl\u00e4sslich erfasst und automatisch gez\u00e4hlt. Abh\u00e4ngig von der Vereinzelungseigenschaft der Bauteile k\u00f6nnen &gt; 20.000 Kleinteile pro Stunde\/Modul mit einer Genauigkeit&nbsp; &gt; 99 % ab einer F\u00fcllmenge von 1.000 St\u00fcck gez\u00e4hlt werden.\"}}]}<\/script><div class=\"wp-block-webx-blocks-accordion\">\n<div class=\"accordion\" id=\"was-sind-die-vorteile-einer-zhlanlage-fr-kleinteile-in-der-produktion\"><h2 class=\"title faq-title\" itemprop=\"name\"><a href=\"#was-sind-die-vorteile-einer-zhlanlage-fr-kleinteile-in-der-produktion\">Was sind die Vorteile einer Z\u00e4hlanlage f\u00fcr Kleinteile in der Produktion?<\/a><\/h2><div class=\"content\"><div class=\"wrapper\">\n<p>Durch die Varianz der spezifischen Gewichte gleicher Bauteile kommt es beim Prozess \u201eZ\u00e4hlen durch Wiegen\u201c zu ungewollten Abweichungen bei der kommissionierten Menge. Dieser Umstand f\u00fchrt dazu, dass Wiegevorg\u00e4nge durch Z\u00e4hlvorg\u00e4nge zu ersetzen sind.<\/p>\n\n\n\n<p>Durch unsere Z\u00e4hlanlage erm\u00f6glichen wir eine Steigerung der Effizienz und Genauigkeit. Automatisierte Z\u00e4hlprozesse reduzieren das Risiko von Z\u00e4hlfehlern, sparen Zeit und Kosten und unterst\u00fctzen somit die Produktions- und Lieferkettenprozesse.<\/p>\n<\/div><\/div><\/div>\n\n\n\n<div class=\"accordion\" id=\"wie-schnell-kann-die-zhlanlage-zhlen\"><h2 class=\"title faq-title\" itemprop=\"name\"><a href=\"#wie-schnell-kann-die-zhlanlage-zhlen\">Wie schnell kann die Z\u00e4hlanlage z\u00e4hlen?<\/a><\/h2><div class=\"content\"><div class=\"wrapper\">\n<p>Mit Hochgeschwindigkeit werden Bauteile in ihrer komplexen Formenvielfalt verl\u00e4sslich erfasst und automatisch gez\u00e4hlt. Abh\u00e4ngig von der Vereinzelungseigenschaft der Bauteile k\u00f6nnen &gt; 20.000 Kleinteile pro Stunde\/Modul mit einer Genauigkeit&nbsp; &gt; 99 % ab einer F\u00fcllmenge von 1.000 St\u00fcck gez\u00e4hlt werden.<\/p>\n<\/div><\/div><\/div>\n<\/div>\n<\/div>\n\n\n\n<div class=\"wp-block-group has-global-padding is-layout-constrained wp-container-core-group-is-layout-19e250f3 wp-block-group-is-layout-constrained\">\n<div id=\"free-version\" class=\"wp-block-group has-base-color has-contrast-background-color has-text-color has-background has-link-color wp-elements-42a5b246f2c5825d8b62db699a844af9 has-global-padding is-layout-constrained wp-container-core-group-is-layout-52009084 wp-block-group-is-layout-constrained\" style=\"padding-top:var(--wp--preset--spacing--40);padding-right:var(--wp--preset--spacing--40);padding-bottom:var(--wp--preset--spacing--40);padding-left:var(--wp--preset--spacing--40)\">\n<h3 class=\"wp-block-heading has-base-color has-text-color has-link-color wp-elements-fa5c1c739b71d42927e60a341952d0c3\" style=\"text-transform:none\">Wir beraten Sie pers\u00f6nlich!<\/h3>\n\n\n\n<div class=\"wpcf7 no-js\" id=\"wpcf7-f31160-o1\" lang=\"de-DE\" dir=\"ltr\" data-wpcf7-id=\"31160\">\n<div class=\"screen-reader-response\"><p role=\"status\" aria-live=\"polite\" aria-atomic=\"true\"><\/p> <ul><\/ul><\/div>\n<form action=\"\/cs\/wp-json\/wp\/v2\/product\/18738#wpcf7-f31160-o1\" method=\"post\" class=\"wpcf7-form init\" aria-label=\"Kontaktformular\" novalidate=\"novalidate\" data-status=\"init\">\n<div style=\"display: none;\">\n<input type=\"hidden\" name=\"_wpcf7\" value=\"31160\" \/>\n<input type=\"hidden\" name=\"_wpcf7_version\" value=\"6.0.1\" \/>\n<input type=\"hidden\" name=\"_wpcf7_locale\" value=\"de_DE\" \/>\n<input type=\"hidden\" name=\"_wpcf7_unit_tag\" value=\"wpcf7-f31160-o1\" \/>\n<input type=\"hidden\" name=\"_wpcf7_container_post\" value=\"0\" \/>\n<input type=\"hidden\" name=\"_wpcf7_posted_data_hash\" value=\"\" \/>\n<input type=\"hidden\" name=\"_wpcf7dtx_version\" value=\"5.0.2\" \/>\n<input type=\"hidden\" name=\"_wpcf7_recaptcha_response\" value=\"\" \/>\n<\/div>\n<h3> Anfrage: <label class=\"wpcf7-form-control wpcf7-label wpcf7dtx wpcf7dtx-label\" for=\"Z\u00e4hlanlage\">Z\u00e4hlanlage<\/label><span class=\"wpcf7-form-control-wrap dynamic_hidden-post-title\" data-name=\"dynamic_hidden-post-title\"><input type=\"hidden\" name=\"dynamic_hidden-post-title\" class=\"wpcf7-form-control wpcf7-hidden wpcf7dtx wpcf7dtx-hidden\" aria-invalid=\"false\" value=\"Z\u00e4hlanlage\"><\/span><\/h3>\n\n<label> Name\n    <span class=\"wpcf7-form-control-wrap\" data-name=\"fullname\"><input size=\"40\" maxlength=\"400\" class=\"wpcf7-form-control wpcf7-text\" aria-invalid=\"false\" value=\"\" type=\"text\" name=\"fullname\" \/><\/span> <\/label>\n\n<label> E-Mail-Adresse*\n    <span class=\"wpcf7-form-control-wrap\" data-name=\"email\"><input size=\"40\" maxlength=\"400\" class=\"wpcf7-form-control wpcf7-email wpcf7-validates-as-required wpcf7-text wpcf7-validates-as-email\" aria-required=\"true\" aria-invalid=\"false\" value=\"\" type=\"email\" name=\"email\" \/><\/span> <\/label>\n\n<label> Unternehmen\n    <span class=\"wpcf7-form-control-wrap\" data-name=\"unternehmen\"><input size=\"40\" maxlength=\"400\" class=\"wpcf7-form-control wpcf7-text\" aria-invalid=\"false\" value=\"\" type=\"text\" name=\"unternehmen\" \/><\/span> <\/label>\n\n<label> Ihre Nachricht*\n    <span class=\"wpcf7-form-control-wrap\" data-name=\"nachricht\"><textarea cols=\"40\" rows=\"10\" maxlength=\"2000\" class=\"wpcf7-form-control wpcf7-textarea wpcf7-validates-as-required\" aria-required=\"true\" aria-invalid=\"false\" name=\"nachricht\"><\/textarea><\/span> <\/label>\n\n<input class=\"wpcf7-form-control wpcf7-submit has-spinner\" type=\"submit\" value=\"Senden\" \/>\n\n<div class=\"wpcf7-response-output\" aria-hidden=\"true\"><\/div>\n<\/form>\n<\/div>\n\n<\/div>\n\n\n\n<div id=\"ansprechpartner\" class=\"wp-block-group has-base-2-background-color has-background has-global-padding is-layout-constrained wp-container-core-group-is-layout-16946a23 wp-block-group-is-layout-constrained\" style=\"margin-top:0;margin-bottom:0;padding-top:var(--wp--preset--spacing--30);padding-right:var(--wp--preset--spacing--30);padding-bottom:var(--wp--preset--spacing--30);padding-left:var(--wp--preset--spacing--30)\">\n<div class=\"wp-block-group has-base-2-background-color has-background has-global-padding is-layout-constrained wp-container-core-group-is-layout-19e250f3 wp-block-group-is-layout-constrained\">\n<h2 class=\"wp-block-heading\" style=\"text-transform:none\">Gerne f\u00fcr Sie da<\/h2>\n<\/div>\n\n\n<div class=\"wp-block-webx-blocks-westcam-employee-display\">\n    <div class=\"employee-image\">\n        <img decoding=\"async\" src=\"https:\/\/westcam2023.westcam-staging.web-crossing.com\/wp-content\/uploads\/2024\/05\/Harald_Unterrainer_WESTCAM-300x300.jpg\" alt=Harald Unterrainer \/>\n    <\/div>\n    <div class=\"employee-info\">\n        <div class=\"heading-h3\">Harald Unterrainer<\/div>\n        <div class=\"heading-h5 is-style-westcamized\">CEO WESTCAM Technologies GmbH<\/div>\n    <\/div>\n    <div class=\"employee-social\">\n        <div class=\"icons\">\n                        <a href=https:\/\/www.linkedin.com\/in\/mag-harald-unterrainer-mba-cse-b0829214\/ title=\"Harald Unterrainer on linkedIn\"\n                target=\"_blank\" rel=\"noopener noreferrer\">\n                <?xml version=\"1.0\" encoding=\"UTF-8\" standalone=\"no\"?>\n                <!DOCTYPE svg PUBLIC \"-\/\/W3C\/\/DTD SVG 1.1\/\/EN\" \"http:\/\/www.w3.org\/Graphics\/SVG\/1.1\/DTD\/svg11.dtd\"><svg\n                    width=\"100%\" height=\"100%\" viewBox=\"0 0 248 204\" version=\"1.1\" xmlns=\"http:\/\/www.w3.org\/2000\/svg\"\n                    xmlns:xlink=\"http:\/\/www.w3.org\/1999\/xlink\" xml:space=\"preserve\" xmlns:serif=\"http:\/\/www.serif.com\/\"\n                    style=\"fill-rule:evenodd;clip-rule:evenodd;stroke-linejoin:round;stroke-miterlimit:2;\">\n                    <path\n                        d=\"M226,204l-41.916,0l0,-71.392c0,-19.573 -7.437,-30.512 -22.93,-30.512c-16.854,0 -25.659,11.383 -25.659,30.512l-0,71.392l-40.395,0l-0,-136l40.395,-0l-0,18.319c-0,0 12.146,-22.474 41.006,-22.474c28.847,-0 49.499,17.616 49.499,54.048l0,86.107Zm-179.091,-153.808c-13.759,-0 -24.909,-11.237 -24.909,-25.096c0,-13.859 11.15,-25.096 24.909,-25.096c13.759,-0 24.902,11.237 24.902,25.096c0,13.859 -11.143,25.096 -24.902,25.096Zm-20.858,153.808l42.121,0l0,-136l-42.121,-0l-0,136Z\" \/>\n                <\/svg>\n            <\/a>\n                                    <a href=\"\/vcard\/6100\" title=\"Download vCard\"\n                class=\"vcard-button\">\n                <svg xmlns=\"http:\/\/www.w3.org\/2000\/svg\" width=\"32.143\" height=\"25\" viewBox=\"0 0 32.143 25\">\n                    <path id=\"address-card-solid\"\n                        d=\"M3.571,32A3.575,3.575,0,0,0,0,35.571V53.429A3.575,3.575,0,0,0,3.571,57h25a3.575,3.575,0,0,0,3.571-3.571V35.571A3.575,3.575,0,0,0,28.571,32ZM8.036,46.286h3.571a4.463,4.463,0,0,1,4.464,4.464.9.9,0,0,1-.893.893H4.464a.9.9,0,0,1-.893-.893A4.463,4.463,0,0,1,8.036,46.286ZM6.25,40.929A3.571,3.571,0,1,1,9.821,44.5,3.571,3.571,0,0,1,6.25,40.929Zm14.286-1.786h7.143a.893.893,0,0,1,0,1.786H20.536a.893.893,0,0,1,0-1.786Zm0,3.571h7.143a.893.893,0,0,1,0,1.786H20.536a.893.893,0,0,1,0-1.786Zm0,3.571h7.143a.893.893,0,0,1,0,1.786H20.536a.893.893,0,0,1,0-1.786Z\"\n                        transform=\"translate(0 -32)\" fill=\"#111\" \/>\n                <\/svg>\n            <\/a>\n        <\/div>\n    <\/div>\n    <div class=\"employee-contact\">\n                <a href=\"tel:+43 5223 55509 132\">\n            <div class=\" employee-phone\">\n                <svg xmlns=\"http:\/\/www.w3.org\/2000\/svg\" width=\"32\" height=\"32\" viewBox=\"0 0 32 32\">\n                    <path id=\"phone\"\n                        d=\"M6.529,4h7.059l3.529,8.824-4.412,2.647a19.412,19.412,0,0,0,8.824,8.824l2.647-4.412L33,23.412v7.059A3.529,3.529,0,0,1,29.471,34,28.235,28.235,0,0,1,3,7.529,3.529,3.529,0,0,1,6.529,4\"\n                        transform=\"translate(-2 -3)\" fill=\"none\" stroke=\"#111\" stroke-linecap=\"round\"\n                        stroke-linejoin=\"round\" stroke-width=\"2\" \/>\n                <\/svg>\n\n                +43 5223 55509 132\n            <\/div>\n        <\/a>\n                                <a href=\"mailto:harald.unterrainer@westcam.at\">\n            <div class=\" employee-email\">\n                <svg xmlns=\"http:\/\/www.w3.org\/2000\/svg\" width=\"32.773\" height=\"25.333\" viewBox=\"0 0 32.773 25.333\">\n                    <g id=\"mail\" transform=\"translate(1.387 1)\">\n                        <rect id=\"Rechteck_11\" data-name=\"Rechteck 11\" width=\"30\" height=\"23.333\" rx=\"2\" fill=\"none\"\n                            stroke=\"#111\" stroke-linecap=\"round\" stroke-linejoin=\"round\" stroke-width=\"2\" \/>\n                        <path id=\"Pfad_100\" data-name=\"Pfad 100\" d=\"M3,7,18,17,33,7\" transform=\"translate(-3 -3.667)\"\n                            fill=\"none\" stroke=\"#111\" stroke-linecap=\"round\" stroke-linejoin=\"round\" stroke-width=\"2\" \/>\n                    <\/g>\n                <\/svg>\n                harald.unterrainer@westcam.at\n            <\/div>\n        <\/a>\n        \n\n\n    <\/div>\n        <div class=\"employee-callback wp-block-button is-style-outline\">\n        <a href=\"\/anfrage\/?email=anfrage-office\"\n            class=\"wp-block-button__link wp-element-button\">Anfrage<\/a>\n    <\/div>\n    <\/div><\/div>\n<\/div>\n","protected":false},"excerpt":{"rendered":"<p>Pr\u00e4zise Erfassung und automatische Z\u00e4hlung von kleinen Objekten unabh\u00e4ngig von Form und Material.<\/p>\n","protected":false},"author":5,"featured_media":19428,"parent":4603,"menu_order":17,"comment_status":"closed","ping_status":"closed","template":"","meta":{"footnotes":""},"competence":[2532],"class_list":["post-18738","product","type-product","status-publish","has-post-thumbnail","hentry","competence-automatisierungsloesungen"],"_links":{"self":[{"href":"https:\/\/westcam2023.westcam-staging.web-crossing.com\/cs\/wp-json\/wp\/v2\/product\/18738","targetHints":{"allow":["GET"]}}],"collection":[{"href":"https:\/\/westcam2023.westcam-staging.web-crossing.com\/cs\/wp-json\/wp\/v2\/product"}],"about":[{"href":"https:\/\/westcam2023.westcam-staging.web-crossing.com\/cs\/wp-json\/wp\/v2\/types\/product"}],"author":[{"embeddable":true,"href":"https:\/\/westcam2023.westcam-staging.web-crossing.com\/cs\/wp-json\/wp\/v2\/users\/5"}],"replies":[{"embeddable":true,"href":"https:\/\/westcam2023.westcam-staging.web-crossing.com\/cs\/wp-json\/wp\/v2\/comments?post=18738"}],"version-history":[{"count":15,"href":"https:\/\/westcam2023.westcam-staging.web-crossing.com\/cs\/wp-json\/wp\/v2\/product\/18738\/revisions"}],"predecessor-version":[{"id":31572,"href":"https:\/\/westcam2023.westcam-staging.web-crossing.com\/cs\/wp-json\/wp\/v2\/product\/18738\/revisions\/31572"}],"up":[{"embeddable":true,"href":"https:\/\/westcam2023.westcam-staging.web-crossing.com\/cs\/wp-json\/wp\/v2\/product\/4603"}],"wp:featuredmedia":[{"embeddable":true,"href":"https:\/\/westcam2023.westcam-staging.web-crossing.com\/cs\/wp-json\/wp\/v2\/media\/19428"}],"wp:attachment":[{"href":"https:\/\/westcam2023.westcam-staging.web-crossing.com\/cs\/wp-json\/wp\/v2\/media?parent=18738"}],"wp:term":[{"taxonomy":"competence","embeddable":true,"href":"https:\/\/westcam2023.westcam-staging.web-crossing.com\/cs\/wp-json\/wp\/v2\/competence?post=18738"}],"curies":[{"name":"wp","href":"https:\/\/api.w.org\/{rel}","templated":true}]}}