{"id":5889,"date":"2024-05-22T15:33:02","date_gmt":"2024-05-22T13:33:02","guid":{"rendered":"https:\/\/westcam2023.westcam.web-crossing.com\/?page_id=5889"},"modified":"2024-11-20T08:38:45","modified_gmt":"2024-11-20T07:38:45","slug":"westcam-group","status":"publish","type":"page","link":"https:\/\/westcam2023.westcam-staging.web-crossing.com\/cs\/unternehmen\/westcam-group\/","title":{"rendered":"WESTCAM Group"},"content":{"rendered":"\n<div class=\"wp-block-webx-blocks-responsive-spacer\" style=\"--desktop-height:100px;--tablet-height:50px;--mobile-height:25px\"><\/div>\n\n\n\n<div class=\"wp-block-webx-blocks-westcam-hero alignfull ltr\"><div class=\"hero-image\" style=\"--aspect-ratio:4 \/ 1\"> <video src=\"https:\/\/www.westcam-group.com\/wp-content\/uploads\/2024\/09\/westcam-group-video-puzzle-kurz.mov\" alt=\"Selected Media\" autoplay loop muted><\/video><\/div><div class=\"hero-placeholder\"><\/div>\n<div class=\"wp-block-webx-blocks-westcam-hero-content hero-content\">\n<h4 class=\"wp-block-heading hero-subtitle is-style-westcamized\" style=\"margin-top:0;margin-right:0;margin-bottom:0;margin-left:0;padding-top:0;padding-right:0;padding-bottom:0;padding-left:0;text-transform:none\">The Know-WOW Company<\/h4>\n\n\n\n<h1 class=\"wp-block-heading hero-title\" style=\"margin-top:var(--wp--preset--spacing--10);margin-bottom:var(--wp--preset--spacing--10);padding-top:0;padding-right:0;padding-bottom:0;padding-left:0;font-size:clamp(2.418rem, 2.418rem + ((1vw - 0.2rem) * 2.251), 4.5rem);\">Westcam GROUP<\/h1>\n\n\n\n<p><\/p>\n\n\n\n<h4 class=\"wp-block-heading\">4 Unternehmen &#8211; Ein Credo:<\/h4>\n\n\n\n<h1 class=\"wp-block-heading\"><span class=\"wow-text\">KNOW-WOW<\/span><\/h1>\n<\/div>\n<\/div>\n\n\n\n<div style=\"height:100px\" aria-hidden=\"true\" class=\"wp-block-spacer\"><\/div>\n\n\n\n<div class=\"wp-block-webx-blocks-westcam-hero alignfull rtl\"><div class=\"hero-image\" style=\"--aspect-ratio:4 \/ 1\"> <img decoding=\"async\" srcset=\"https:\/\/www.westcam-group.com\/wp-content\/uploads\/2024\/07\/westcam-zentrale-mils-tirol-austria-150x150.jpg 150w, https:\/\/www.westcam-group.com\/wp-content\/uploads\/2024\/07\/westcam-zentrale-mils-tirol-austria-300x208.jpg 300w, https:\/\/www.westcam-group.com\/wp-content\/uploads\/2024\/07\/westcam-zentrale-mils-tirol-austria-1024x710.jpg 1024w, https:\/\/www.westcam-group.com\/wp-content\/uploads\/2024\/07\/westcam-zentrale-mils-tirol-austria.jpg 1772w, https:\/\/www.westcam-group.com\/wp-content\/uploads\/2024\/07\/westcam-zentrale-mils-tirol-austria-1536x1065.jpg 1536w, https:\/\/www.westcam-group.com\/wp-content\/uploads\/2024\/07\/westcam-zentrale-mils-tirol-austria-1298x900.jpg 1298w, https:\/\/www.westcam-group.com\/wp-content\/uploads\/2024\/07\/westcam-zentrale-mils-tirol-austria-865x600.jpg 865w\" src=\"https:\/\/www.westcam-group.com\/wp-content\/uploads\/2024\/07\/westcam-zentrale-mils-tirol-austria.jpg\" alt=\"\"\/><\/div><div class=\"hero-placeholder\"><\/div>\n<div class=\"wp-block-group hero-content is-layout-flow wp-block-group-is-layout-flow\">\n<h2 class=\"wp-block-heading hero-title\" style=\"margin-top:0;margin-bottom:15px\"><strong>WESTCAM Datentechnik<\/strong> | (<strong>AT<\/strong>)<\/h2>\n\n\n\n<p>Die WESTCAM Datentechnik unterst\u00fctzt seit beinahe vier Jahrzehnten Unternehmen, die innovative Produkte entwickeln und fertigen. Wir sind DER L\u00f6sungspartner zur Realisierung einer durchg\u00e4ngigen digitalen Prozesskette. Von der Idee, Design und Prototypen \u00fcber Konstruktion, Simulation und Fertigung bis hin zur Qualit\u00e4tssicherung \u2013 mit Software, Hardware, Services &amp; Trainings.<\/p>\n\n\n\n<h5 class=\"wp-block-heading is-style-westcamized\">Ihr Partner F\u00dcR:<\/h5>\n\n\n\n<p><strong>CAD, Konstruktion | 3D-Druck | CAM, CNC | 3D-Messtechnik | PDM, MES | Architektur, Bauwesen | Hardware<\/strong><\/p>\n<\/div>\n<\/div>\n\n\n\n<div style=\"height:50px\" aria-hidden=\"true\" class=\"wp-block-spacer\"><\/div>\n\n\n\n<div class=\"wp-block-group has-global-padding is-layout-constrained wp-block-group-is-layout-constrained\">\n<div class=\"wp-block-webx-blocks-westcam-hero alignfull ltr\"><div class=\"hero-image\" style=\"--aspect-ratio:16 \/ 9\"> <img decoding=\"async\" srcset=\"https:\/\/www.westcam-group.com\/wp-content\/uploads\/2024\/07\/westcam-ag-1-150x150.jpg 150w, https:\/\/www.westcam-group.com\/wp-content\/uploads\/2024\/07\/westcam-ag-1-300x200.jpg 300w, https:\/\/www.westcam-group.com\/wp-content\/uploads\/2024\/07\/westcam-ag-1-1024x683.jpg 1024w, https:\/\/www.westcam-group.com\/wp-content\/uploads\/2024\/07\/westcam-ag-1.jpg 1920w, https:\/\/www.westcam-group.com\/wp-content\/uploads\/2024\/07\/westcam-ag-1-1536x1025.jpg 1536w, https:\/\/www.westcam-group.com\/wp-content\/uploads\/2024\/07\/westcam-ag-1-1349x900.jpg 1349w, https:\/\/www.westcam-group.com\/wp-content\/uploads\/2024\/07\/westcam-ag-1-899x600.jpg 899w\" src=\"https:\/\/www.westcam-group.com\/wp-content\/uploads\/2024\/07\/westcam-ag-1.jpg\" alt=\"\"\/><\/div><div class=\"hero-placeholder\"><\/div>\n<div class=\"wp-block-group hero-content is-layout-flow wp-block-group-is-layout-flow\">\n<h2 class=\"wp-block-heading has-text-align-left\"><strong><strong>WESTCAM AG<\/strong><\/strong>  | <strong>(CH, FL)<\/strong><\/h2>\n\n\n\n<p><\/p>\n\n\n\n<p>Seit 2023 sagt die WESTCAM noch \u00f6fter \u201eGr\u00fcezi\u201c als bisher. Nach \u00d6sterreich sind wir nun auch der offizielle GOM\/ZEISS-Partner f\u00fcr die <strong>Schweiz<\/strong> und <strong>Liechtenstein<\/strong>. Neben der Kernkompetenz Industrielle 3D-Messtechnik &amp; Engineering betreuen wir hier auch in Punkto Design, CAD, Simulation, 3D-Druck sowie CAM\/CNC. Nahe Z\u00fcrich \u2013 in Baden D\u00e4ttwil \u2013 finden Sie unseren neues Base Camp \u2013 wir freuen uns auf Ihren Besuch!<\/p>\n\n\n\n<h5 class=\"wp-block-heading is-style-westcamized\"><strong>Ihr Partner<\/strong> F\u00dcR:<\/h5>\n\n\n\n<p><strong>3D-Messtechnik<\/strong><br><\/p>\n<\/div>\n<\/div>\n\n\n\n<div style=\"height:50px\" aria-hidden=\"true\" class=\"wp-block-spacer\"><\/div>\n\n\n\n<div class=\"wp-block-webx-blocks-westcam-hero alignfull rtl\"><div class=\"hero-image\" style=\"--aspect-ratio:4 \/ 1\"> <img decoding=\"async\" srcset=\"https:\/\/www.westcam-group.com\/wp-content\/uploads\/2024\/07\/westcam-s-150x150.jpg 150w, https:\/\/www.westcam-group.com\/wp-content\/uploads\/2024\/07\/westcam-s-300x200.jpg 300w, https:\/\/www.westcam-group.com\/wp-content\/uploads\/2024\/07\/westcam-s-1024x683.jpg 1024w, https:\/\/www.westcam-group.com\/wp-content\/uploads\/2024\/07\/westcam-s.jpg 2000w, https:\/\/www.westcam-group.com\/wp-content\/uploads\/2024\/07\/westcam-s-1536x1025.jpg 1536w, https:\/\/www.westcam-group.com\/wp-content\/uploads\/2024\/07\/westcam-s-1349x900.jpg 1349w, https:\/\/www.westcam-group.com\/wp-content\/uploads\/2024\/07\/westcam-s-900x600.jpg 900w\" src=\"https:\/\/www.westcam-group.com\/wp-content\/uploads\/2024\/07\/westcam-s.jpg\" alt=\"\"\/><\/div><div class=\"hero-placeholder\"><\/div>\n<div class=\"wp-block-group hero-content is-layout-flow wp-block-group-is-layout-flow\">\n<h2 class=\"wp-block-heading hero-title\" style=\"margin-top:0;margin-bottom:15px\"><strong><strong><strong>WESTCAM s.r.o.<\/strong><\/strong><\/strong> | <strong>(CZ, SK)<\/strong><\/h2>\n\n\n\n<p>Begeisterung kennt keine Grenzen: Auch in <strong>Tschechien<\/strong> und der <strong>Slowakei<\/strong> vertrauen innovative Unternehmen unserem Know-how. Der Fokus liegt hier auf optimierten Fertigungsabl\u00e4ufen dank leistungsstarker CAD- und CAM-Systeme sowie 3D-Druck-Software. Um stets das volle Potential der Systeme auszusch\u00f6pfen, teilen wir in regelm\u00e4\u00dfigen Schulungen &amp; Trainings unser Fach-Wissen mit Ihnen.<\/p>\n\n\n\n<h5 class=\"wp-block-heading is-style-westcamized\"><strong>Ihr Partner<\/strong> F\u00dcR:<\/h5>\n\n\n\n<p><strong>CAM, CNC | MES | 3D-Druck<\/strong><\/p>\n\n\n\n<p class=\"has-accent-2-color has-text-color has-link-color wp-elements-f374fcec2b0c05ba55fac01744f0c847\"><strong><span class=\"add-arrow\"><a href=\"https:\/\/www.westcam.cz\" target=\"_blank\" data-type=\"attachment\" data-id=\"19243\" rel=\"noreferrer noopener\">Zur Website WESTCAM s.r.o.<\/a><\/span><\/strong><\/p>\n<\/div>\n\n\n<\/div>\n\n\n\n<div style=\"height:50px\" aria-hidden=\"true\" class=\"wp-block-spacer\"><\/div>\n\n\n\n<div class=\"wp-block-webx-blocks-westcam-hero alignfull ltr\"><div class=\"hero-image\" style=\"--aspect-ratio:4 \/ 1\"> <img decoding=\"async\" srcset=\"https:\/\/www.westcam-group.com\/wp-content\/uploads\/2024\/07\/westcam-technologies-gmbh-150x150.jpg 150w, https:\/\/www.westcam-group.com\/wp-content\/uploads\/2024\/07\/westcam-technologies-gmbh-300x208.jpg 300w, https:\/\/www.westcam-group.com\/wp-content\/uploads\/2024\/07\/westcam-technologies-gmbh.jpg 500w\" src=\"https:\/\/www.westcam-group.com\/wp-content\/uploads\/2024\/07\/westcam-technologies-gmbh.jpg\" alt=\"\"\/><\/div><div class=\"hero-placeholder\"><\/div>\n<div class=\"wp-block-group hero-content is-layout-flow wp-block-group-is-layout-flow\">\n<h2 class=\"wp-block-heading hero-title\" style=\"margin-top:0;margin-bottom:15px\"><strong><strong><strong><strong>WESTCAM Technologies<\/strong><\/strong><\/strong><\/strong> | <strong>(AT)<\/strong><\/h2>\n\n\n\n<p>Weltweit mit Fokus industrielle Bildverarbeitung aktiv \u2013 mit Spezialwissen zu Automatisierung von Inline- und End-of-Line (EoL) Qualit\u00e4tskontrollen am Pr\u00fcfstand. Beispielsweise setzen wir Bildverarbeitung zur Risserkennung ein \u2013 der Prozess wird gepr\u00fcft und dokumentiert. Das Kompetenzfeld Dental-Technik rundet das Leistungsportfolio ab. Die ganze Welt ist unser Zuhause \u2013 von S\u00fcd-Amerika bis Asien \u2013 wir entwickeln und liefern Systeml\u00f6sungen dorthin wo sie gebraucht werden.<\/p>\n\n\n\n<h5 class=\"wp-block-heading is-style-westcamized\"><strong>Ihr Partner<\/strong> F\u00dcR:<\/h5>\n\n\n\n<p><strong>Mechatronik, Robotik | Bildverarbeitung | Dental-Technik<\/strong><\/p>\n<\/div>\n<\/div>\n<\/div>\n\n\n\n<div class=\"wp-block-webx-blocks-grid has-base-color has-accent-2-background-color has-text-color has-background has-link-color wp-elements-7113000c72b7b4a94487e22d9f80b40d is-layout-grid wp-container-webx-blocks-grid-is-layout-5bc141e4 wp-block-webx-blocks-grid-is-layout-grid\" style=\"border-style:none;border-width:0px;border-radius:0px;margin-top:0;margin-right:0;margin-bottom:0;margin-left:0;padding-top:var(--wp--preset--spacing--40);padding-right:var(--wp--preset--spacing--40);padding-bottom:var(--wp--preset--spacing--40);padding-left:var(--wp--preset--spacing--40);--grid-columns-desktop:3;--grid-columns-tablet:2;--grid-columns-mobile:1;background-image:url(&apos;https:\/\/www.westcam-group.com\/wp-content\/uploads\/2024\/04\/grid-bottom-right.webp&apos;);background-position:100% 100%;background-repeat:no-repeat;background-size:300px;\">\n<div class=\"wp-block-webx-blocks-grid-item is-layout-flow wp-block-webx-blocks-grid-item-is-layout-flow\" style=\"--grid-area-desktop:auto \/ auto \/ auto \/ auto;--grid-area-tablet:auto \/ auto \/ auto \/ auto;--grid-area-mobile:auto \/ auto \/ auto \/ auto\">\n<div class=\"wp-block-webx-blocks-fake-heading heading-h5 is-style-westcamized-white has-base-color has-text-color has-link-color wp-elements-b53566b26001bd18e0177f91ed2754f6\" style=\"text-transform:none\">INFO<\/div>\n\n\n\n<div class=\"wp-block-webx-blocks-fake-heading heading-h3 has-base-color has-text-color has-link-color wp-elements-4c92b971682e076ed5477a377e8e2666\"><strong>WESTCAM Portfolio<\/strong><\/div>\n<\/div>\n\n\n\n<div class=\"wp-block-webx-blocks-grid-item has-text-align-center is-layout-flow wp-block-webx-blocks-grid-item-is-layout-flow\" style=\"--grid-area-desktop:auto \/ auto \/ auto \/ auto;--grid-area-tablet:auto \/ auto \/ auto \/ auto;--grid-area-mobile:auto \/ auto \/ auto \/ auto\">\n<div class=\"wp-block-webx-blocks-fake-heading heading-h5 has-text-align-left has-base-color has-text-color has-link-color wp-elements-bcb2b3b801f22a9920b2b0dd8b79e9e7\"><strong>VIDEO<\/strong> 2025<\/div>\n\n\n\n<p class=\"has-text-align-left\"><a href=\"https:\/\/www.youtube.com\/watch?v=8qfVgM4yRL0&amp;feature=youtu.be\" target=\"_blank\" rel=\"noopener\">&gt; Link (2:30 min.)<\/a><\/p>\n<\/div>\n\n\n\n<div class=\"wp-block-webx-blocks-grid-item is-layout-flow wp-block-webx-blocks-grid-item-is-layout-flow\" style=\"--grid-area-desktop:auto \/ auto \/ auto \/ auto;--grid-area-tablet:auto \/ auto \/ auto \/ auto;--grid-area-mobile:auto \/ auto \/ auto \/ auto\">\n<div class=\"wp-block-webx-blocks-fake-heading heading-h5 has-text-align-left has-base-color has-text-color has-link-color wp-elements-796d240020c03b49e68bfea4bd86904d\"><strong><strong>BROSCH\u00dcRE <\/strong><\/strong>2025<\/div>\n\n\n\n<div class=\"wp-block-group is-nowrap is-layout-flex wp-container-core-group-is-layout-6c531013 wp-block-group-is-layout-flex\">\n<p><a href=\"https:\/\/cdn.westcam.at\/www\/wp-content\/uploads\/2023\/04\/WESTCAM-Know-WOW-Technologies-2023-Broschuere-DE.pdf\" target=\"_blank\" rel=\"noopener\">&gt; Download (pdf.)<\/a><\/p>\n<\/div>\n<\/div>\n<\/div>\n\n\n\n<div style=\"height:100px\" aria-hidden=\"true\" class=\"wp-block-spacer\"><\/div>\n\n\n\n<div class=\"wp-block-webx-blocks-grid is-layout-grid wp-container-webx-blocks-grid-is-layout-478b6e6b wp-block-webx-blocks-grid-is-layout-grid\" style=\"--grid-columns-desktop:3;--grid-columns-tablet:2;--grid-columns-mobile:1\"><\/div>\n","protected":false},"excerpt":{"rendered":"","protected":false},"author":2,"featured_media":0,"parent":1507,"menu_order":0,"comment_status":"closed","ping_status":"closed","template":"page-no-title","meta":{"footnotes":""},"class_list":["post-5889","page","type-page","status-publish","hentry"],"_links":{"self":[{"href":"https:\/\/westcam2023.westcam-staging.web-crossing.com\/cs\/wp-json\/wp\/v2\/pages\/5889","targetHints":{"allow":["GET"]}}],"collection":[{"href":"https:\/\/westcam2023.westcam-staging.web-crossing.com\/cs\/wp-json\/wp\/v2\/pages"}],"about":[{"href":"https:\/\/westcam2023.westcam-staging.web-crossing.com\/cs\/wp-json\/wp\/v2\/types\/page"}],"author":[{"embeddable":true,"href":"https:\/\/westcam2023.westcam-staging.web-crossing.com\/cs\/wp-json\/wp\/v2\/users\/2"}],"replies":[{"embeddable":true,"href":"https:\/\/westcam2023.westcam-staging.web-crossing.com\/cs\/wp-json\/wp\/v2\/comments?post=5889"}],"version-history":[{"count":14,"href":"https:\/\/westcam2023.westcam-staging.web-crossing.com\/cs\/wp-json\/wp\/v2\/pages\/5889\/revisions"}],"predecessor-version":[{"id":31063,"href":"https:\/\/westcam2023.westcam-staging.web-crossing.com\/cs\/wp-json\/wp\/v2\/pages\/5889\/revisions\/31063"}],"up":[{"embeddable":true,"href":"https:\/\/westcam2023.westcam-staging.web-crossing.com\/cs\/wp-json\/wp\/v2\/pages\/1507"}],"wp:attachment":[{"href":"https:\/\/westcam2023.westcam-staging.web-crossing.com\/cs\/wp-json\/wp\/v2\/media?parent=5889"}],"curies":[{"name":"wp","href":"https:\/\/api.w.org\/{rel}","templated":true}]}}