{"id":5146,"date":"2024-04-25T08:49:47","date_gmt":"2024-04-25T06:49:47","guid":{"rendered":"https:\/\/westcam2023.westcam.web-crossing.com\/?page_id=5146"},"modified":"2024-10-23T10:05:11","modified_gmt":"2024-10-23T08:05:11","slug":"qualitaet","status":"publish","type":"page","link":"https:\/\/westcam2023.westcam-staging.web-crossing.com\/cs\/unternehmen\/qualitaet\/","title":{"rendered":"Qualit\u00e4t"},"content":{"rendered":"\n<div style=\"height:100px\" aria-hidden=\"true\" class=\"wp-block-spacer\"><\/div>\n\n\n\n<div class=\"wp-block-webx-blocks-westcam-hero alignfull ltr\"><div class=\"hero-image\" style=\"--aspect-ratio:21 \/ 9\"> <video src=\"https:\/\/www.westcam-group.com\/wp-content\/uploads\/2024\/08\/quality-westcam-group-video.mov\" autoplay loop muted><\/video><\/div><div class=\"hero-placeholder\"><\/div>\n<div class=\"wp-block-group hero-content is-layout-flow wp-block-group-is-layout-flow\">\n<div class=\"wp-block-webx-blocks-fake-heading heading-h4 hero-subtitle is-style-westcamized\" style=\"margin-top:0;margin-bottom:15px;text-transform:none\"><strong><strong>Nachhaltig Produktivit\u00e4t steige<\/strong>rn <\/strong><\/div>\n\n\n\n<h1 class=\"wp-block-heading hero-title\" style=\"margin-top:0;margin-bottom:15px\">Qualit\u00e4t<\/h1>\n\n\n\n<p><strong>Top-Qualit\u00e4t &amp; kontinuierliche Verbesserung erm\u00f6glichen es uns eine f\u00fchrende Rolle in unserem Segment einzunehmen.<\/strong><\/p>\n\n\n\n<p class=\"has-text-align-left\">Wir fokussieren unsere Aktivit\u00e4ten daher auf die jeweils beste L\u00f6sung. Mit <strong>hochqualitativen Produkten und Dienstleistungen<\/strong> tragen wir zu <strong>nachhaltigen Produktivit\u00e4tssteigerungen<\/strong> bei unseren Kunden bei.<\/p>\n\n\n\n<p class=\"has-text-align-left\">Aus der regelm\u00e4\u00dfigen \u00dcberpr\u00fcfung des Bestehenden leiten wir Verbesserungsvorschl\u00e4ge ab. Dies gilt sowohl f\u00fcr alle von uns eingesetzten Technologien als auch in besonderem Ausma\u00df f\u00fcr die von uns angebotenen Dienstleistungen.<\/p>\n\n\n\n<p class=\"has-text-align-left\">Mit der <strong>Zertifizierung unseres Qualit\u00e4tsmanagementsystems nach ISO 9001:2015<\/strong> bieten wir unseren Interessenspartnern einen international anerkannten Nachweis \u00fcber die F\u00e4higkeit und Zuverl\u00e4ssigkeit unserer Organisation.<\/p>\n<\/div>\n<\/div>\n\n\n\n<div class=\"wp-block-webx-blocks-responsive-spacer\" style=\"--desktop-height:100px;--tablet-height:50px;--mobile-height:25px\"><\/div>\n\n\n\n<div class=\"wp-block-webx-blocks-grid is-layout-grid wp-container-webx-blocks-grid-is-layout-478b6e6b wp-block-webx-blocks-grid-is-layout-grid\" style=\"--grid-columns-desktop:2;--grid-columns-tablet:2;--grid-columns-mobile:1\">\n<div class=\"wp-block-webx-blocks-grid-item is-vertically-aligned-center has-text-align-center is-layout-flow wp-block-webx-blocks-grid-item-is-layout-flow\" style=\"padding-top:var(--wp--preset--spacing--10);padding-right:var(--wp--preset--spacing--10);padding-bottom:var(--wp--preset--spacing--10);padding-left:var(--wp--preset--spacing--10);--grid-area-desktop:auto \/ auto \/ auto \/ auto;--grid-area-tablet:auto \/ auto \/ auto \/ auto;--grid-area-mobile:auto \/ auto \/ auto \/ auto\">\n<div class=\"wp-block-webx-blocks-grid-item is-vertically-aligned-center has-text-align-left is-layout-flow wp-block-webx-blocks-grid-item-is-layout-flow\" style=\"padding-top:var(--wp--preset--spacing--10);padding-right:var(--wp--preset--spacing--10);padding-bottom:var(--wp--preset--spacing--10);padding-left:var(--wp--preset--spacing--10);--grid-area-desktop:auto \/ auto \/ auto \/ auto;--grid-area-tablet:auto \/ auto \/ auto \/ auto;--grid-area-mobile:auto \/ auto \/ auto \/ auto\">\n<div class=\"wp-block-group is-vertical is-content-justification-center is-layout-flex wp-container-core-group-is-layout-fa38c63a wp-block-group-is-layout-flex\">\n<div class=\"wp-block-group is-vertical is-layout-flex wp-container-core-group-is-layout-fe9cc265 wp-block-group-is-layout-flex\">\n<h3 class=\"wp-block-heading has-text-align-left\" id=\"block-fa773a35-9368-4b02-9933-10b1f6bb84c2\">ZERTIFIKATE<\/h3>\n\n\n\n<p><strong>WESTCAM DATENTECHNIK GMBH<\/strong><\/p>\n\n\n\n<ul id=\"block-f4eb24bf-e443-4509-ac42-bb6d363f9197\" class=\"wp-block-list\">\n<li><a href=\"https:\/\/www.westcam-group.com\/wp-content\/uploads\/2024\/07\/WDT-ISO-9001-qualityaustria-Zertifikat-de-2024.pdf\" target=\"_blank\" rel=\"noreferrer noopener\">Zertifikat ISO 9001:2015<\/a><\/li>\n\n\n\n<li><a href=\"https:\/\/www.westcam-group.com\/wp-content\/uploads\/2024\/07\/WDT-ISO-9001-IQNet-Zertifikat-en-2024.pdf\" target=\"_blank\" rel=\"noreferrer noopener\">IQNet Zertifikat ISO 9001:2015<\/a><\/li>\n<\/ul>\n\n\n\n<p><strong>WESTCAM TECHNOLOGIES GMBH<\/strong><\/p>\n\n\n\n<ul id=\"block-f4eb24bf-e443-4509-ac42-bb6d363f9197\" class=\"wp-block-list\">\n<li><a href=\"https:\/\/www.westcam-group.com\/wp-content\/uploads\/2024\/07\/WTE-ISO-9001-qualityaustria-Zertifikat-de-2024.pdf\" target=\"_blank\" rel=\"noreferrer noopener\">Zertifikat ISO 9001:2015<\/a><\/li>\n\n\n\n<li><a href=\"https:\/\/www.westcam-group.com\/wp-content\/uploads\/2024\/07\/WTE-ISO-9001-IQNet-Zertifikat-en-2024.pdf\" target=\"_blank\" rel=\"noreferrer noopener\">IQNet Zertifikat ISO 9001:2015<\/a><\/li>\n<\/ul>\n\n\n\n<p><strong>WESTCAM AG (CH, FL)<\/strong><\/p>\n\n\n\n<ul id=\"block-f4eb24bf-e443-4509-ac42-bb6d363f9197\" class=\"wp-block-list\">\n<li><a href=\"https:\/\/www.westcam-group.com\/wp-content\/uploads\/2024\/07\/WCH-ISO-9001-qualityaustria-Zertifikat-de-2024.pdf\" target=\"_blank\" rel=\"noreferrer noopener\">Zertifikat ISO 9001:2015<\/a><\/li>\n\n\n\n<li><a href=\"https:\/\/www.westcam-group.com\/wp-content\/uploads\/2024\/07\/WCH-ISO-9001-IQNet-Zertifikat-en-2024.pdf\" target=\"_blank\" rel=\"noreferrer noopener\">IQNet Zertifikat ISO 9001:2015<\/a><\/li>\n<\/ul>\n\n\n\n<p><strong>WESTCAM S.R.O (CZ, SK)<\/strong><\/p>\n<\/div>\n\n\n\n<ul id=\"block-f4eb24bf-e443-4509-ac42-bb6d363f9197\" class=\"wp-block-list\">\n<li><a href=\"https:\/\/www.westcam-group.com\/wp-content\/uploads\/2024\/07\/WCZ-ISO-9001-qualityaustria-Zertifikat-cz-2024.pdf\" target=\"_blank\" rel=\"noreferrer noopener\">Zertifikat ISO 9001:2015<\/a><\/li>\n\n\n\n<li><a href=\"https:\/\/www.westcam-group.com\/wp-content\/uploads\/2024\/07\/WCZ-ISO-9001-IQNet-Zertifikat-en-2024.pdf\" target=\"_blank\" rel=\"noreferrer noopener\">IQNet Zertifikat ISO 9001:2015<\/a><\/li>\n<\/ul>\n<\/div>\n<\/div>\n<\/div>\n\n\n\n<div class=\"wp-block-webx-blocks-grid-item is-layout-flow wp-block-webx-blocks-grid-item-is-layout-flow\" style=\"padding-top:var(--wp--preset--spacing--10);padding-right:var(--wp--preset--spacing--10);padding-bottom:var(--wp--preset--spacing--10);padding-left:var(--wp--preset--spacing--10);--grid-area-desktop:auto \/ auto \/ auto \/ auto;--grid-area-tablet:auto \/ auto \/ auto \/ auto;--grid-area-mobile:auto \/ auto \/ auto \/ auto\">\n<div class=\"wp-block-webx-blocks-grid-item is-layout-flow wp-block-webx-blocks-grid-item-is-layout-flow\" style=\"padding-top:var(--wp--preset--spacing--10);padding-right:var(--wp--preset--spacing--10);padding-bottom:var(--wp--preset--spacing--10);padding-left:var(--wp--preset--spacing--10);--grid-area-desktop:auto \/ auto \/ auto \/ auto;--grid-area-tablet:auto \/ auto \/ auto \/ auto;--grid-area-mobile:auto \/ auto \/ auto \/ auto\">\n<figure class=\"wp-block-image aligncenter size-full\"><img loading=\"lazy\" decoding=\"async\" width=\"460\" height=\"181\" src=\"https:\/\/www.westcam-group.com\/wp-content\/uploads\/2024\/05\/D160-Zertifikat.png\" alt=\"\" class=\"wp-image-5797\" srcset=\"https:\/\/westcam2023.westcam-staging.web-crossing.com\/wp-content\/uploads\/2024\/05\/D160-Zertifikat.png 460w, https:\/\/westcam2023.westcam-staging.web-crossing.com\/wp-content\/uploads\/2024\/05\/D160-Zertifikat-300x118.png 300w\" sizes=\"auto, (max-width: 460px) 100vw, 460px\" \/><\/figure>\n<\/div>\n\n\n\n<figure class=\"wp-block-image aligncenter size-medium\"><img loading=\"lazy\" decoding=\"async\" width=\"234\" height=\"300\" src=\"https:\/\/www.westcam-group.com\/wp-content\/uploads\/2024\/07\/iq-net-certificate-westam-234x300.png\" alt=\"\" class=\"wp-image-14190\" srcset=\"https:\/\/westcam2023.westcam-staging.web-crossing.com\/wp-content\/uploads\/2024\/07\/iq-net-certificate-westam-234x300.png 234w, https:\/\/westcam2023.westcam-staging.web-crossing.com\/wp-content\/uploads\/2024\/07\/iq-net-certificate-westam-468x600.png 468w, https:\/\/westcam2023.westcam-staging.web-crossing.com\/wp-content\/uploads\/2024\/07\/iq-net-certificate-westam.png 507w\" sizes=\"auto, (max-width: 234px) 100vw, 234px\" \/><\/figure>\n<\/div>\n<\/div>\n\n\n\n<div class=\"wp-block-webx-blocks-responsive-spacer\" style=\"--desktop-height:100px;--tablet-height:50px;--mobile-height:25px\"><\/div>\n\n\n\n<div class=\"wp-block-media-text is-stacked-on-mobile\"><figure class=\"wp-block-media-text__media\"><a href=\"https:\/\/www.westcam-group.com\/wp-content\/uploads\/2024\/10\/Oe-Cert-Zertifikat-WESTCAM-ACADEMY-2024-2027.pdf\" target=\"_blank\" rel=\"noopener\"><img loading=\"lazy\" decoding=\"async\" width=\"600\" height=\"200\" src=\"https:\/\/www.westcam-group.com\/wp-content\/uploads\/2024\/10\/westcam-academy-oe-cert.jpg\" alt=\"\" class=\"wp-image-27376 size-full\" srcset=\"https:\/\/westcam2023.westcam-staging.web-crossing.com\/wp-content\/uploads\/2024\/10\/westcam-academy-oe-cert.jpg 600w, https:\/\/westcam2023.westcam-staging.web-crossing.com\/wp-content\/uploads\/2024\/10\/westcam-academy-oe-cert-300x100.jpg 300w\" sizes=\"auto, (max-width: 600px) 100vw, 600px\" \/><\/a><\/figure><div class=\"wp-block-media-text__content\">\n<h2 class=\"wp-block-heading\">WESTCAM Academy: <strong>TOP-QUALITY-TECH-TraININGS <\/strong><\/h2>\n\n\n\n<p>\u00d6-CERT ist ein von den L\u00e4ndern und dem Bundesministerium f\u00fcr Bildung, Wissenschaft und Forschung geschaffener, <strong>\u00f6sterreichweit einheitlicher Qualit\u00e4tsstandard f\u00fcr Erwachsenenbildungsanbieter, <\/strong>der Transparenz in das schnell wachsende und un\u00fcbersichtlichen Aus- und Weiterbildungsangebot in \u00d6sterreich bringen soll.<\/p>\n\n\n\n<p>Durch die Zertifizierung soll es \u201eBildungswilligen\u201c leichter gemacht werden, hochwertige Aus- und Weiterbildungsangebote zu erkennen. Die von <a href=\"https:\/\/www.westcam-group.com\/academy\/\" data-type=\"page\" data-id=\"669\" target=\"_blank\" rel=\"noopener\">WESTCAM Academy <\/a>angebotenen Schulungen erf\u00fcllen die <strong>strengen Qualit\u00e4tsstandards<\/strong>, welche laufend \u00fcberpr\u00fcft werden.<\/p>\n\n\n\n<div class=\"wp-block-buttons is-layout-flex wp-block-buttons-is-layout-flex\">\n<div class=\"wp-block-button is-style-outline is-style-outline--1\"><a class=\"wp-block-button__link wp-element-button\" href=\"https:\/\/www.westcam-group.com\/wp-content\/uploads\/2024\/10\/Oe-Cert-Zertifikat-WESTCAM-ACADEMY-2024-2027.pdf\" target=\"_blank\" rel=\"noreferrer noopener\">WESTCAM-Academy-\u00d6-CERT-Zertifikat-2024-2027<\/a><\/div>\n<\/div>\n<\/div><\/div>\n\n\n\n<div class=\"wp-block-webx-blocks-responsive-spacer\" style=\"--desktop-height:100px;--tablet-height:50px;--mobile-height:25px\"><\/div>\n\n\n\n\n\n\n","protected":false},"excerpt":{"rendered":"","protected":false},"author":2,"featured_media":0,"parent":1507,"menu_order":0,"comment_status":"closed","ping_status":"closed","template":"page-no-title","meta":{"footnotes":""},"class_list":["post-5146","page","type-page","status-publish","hentry"],"_links":{"self":[{"href":"https:\/\/westcam2023.westcam-staging.web-crossing.com\/cs\/wp-json\/wp\/v2\/pages\/5146","targetHints":{"allow":["GET"]}}],"collection":[{"href":"https:\/\/westcam2023.westcam-staging.web-crossing.com\/cs\/wp-json\/wp\/v2\/pages"}],"about":[{"href":"https:\/\/westcam2023.westcam-staging.web-crossing.com\/cs\/wp-json\/wp\/v2\/types\/page"}],"author":[{"embeddable":true,"href":"https:\/\/westcam2023.westcam-staging.web-crossing.com\/cs\/wp-json\/wp\/v2\/users\/2"}],"replies":[{"embeddable":true,"href":"https:\/\/westcam2023.westcam-staging.web-crossing.com\/cs\/wp-json\/wp\/v2\/comments?post=5146"}],"version-history":[{"count":15,"href":"https:\/\/westcam2023.westcam-staging.web-crossing.com\/cs\/wp-json\/wp\/v2\/pages\/5146\/revisions"}],"predecessor-version":[{"id":27382,"href":"https:\/\/westcam2023.westcam-staging.web-crossing.com\/cs\/wp-json\/wp\/v2\/pages\/5146\/revisions\/27382"}],"up":[{"embeddable":true,"href":"https:\/\/westcam2023.westcam-staging.web-crossing.com\/cs\/wp-json\/wp\/v2\/pages\/1507"}],"wp:attachment":[{"href":"https:\/\/westcam2023.westcam-staging.web-crossing.com\/cs\/wp-json\/wp\/v2\/media?parent=5146"}],"curies":[{"name":"wp","href":"https:\/\/api.w.org\/{rel}","templated":true}]}}