{"id":5125,"date":"2024-04-25T08:36:56","date_gmt":"2024-04-25T06:36:56","guid":{"rendered":"https:\/\/westcam2023.westcam.web-crossing.com\/?page_id=5125"},"modified":"2024-11-13T11:32:28","modified_gmt":"2024-11-13T10:32:28","slug":"leitbild","status":"publish","type":"page","link":"https:\/\/westcam2023.westcam-staging.web-crossing.com\/cs\/academy\/leitbild\/","title":{"rendered":"Leitbild"},"content":{"rendered":"\n<div class=\"wp-block-webx-blocks-responsive-spacer\" style=\"--desktop-height:50px;--tablet-height:50px;--mobile-height:25px\"><\/div>\n\n\n\n<div class=\"wp-block-webx-blocks-westcam-hero alignfull ltr\"><div class=\"hero-image\" style=\"--aspect-ratio:4 \/ 1\"> <img decoding=\"async\" srcset=\"https:\/\/www.westcam-group.com\/wp-content\/uploads\/2024\/10\/westcam-academy-leitbild-150x150.jpeg 150w, https:\/\/www.westcam-group.com\/wp-content\/uploads\/2024\/10\/westcam-academy-leitbild-300x168.jpeg 300w, https:\/\/www.westcam-group.com\/wp-content\/uploads\/2024\/10\/westcam-academy-leitbild-1024x574.jpeg 1024w, https:\/\/www.westcam-group.com\/wp-content\/uploads\/2024\/10\/westcam-academy-leitbild.jpeg 1920w, https:\/\/www.westcam-group.com\/wp-content\/uploads\/2024\/10\/westcam-academy-leitbild-1536x861.jpeg 1536w, https:\/\/www.westcam-group.com\/wp-content\/uploads\/2024\/10\/westcam-academy-leitbild-1606x900.jpeg 1606w, https:\/\/www.westcam-group.com\/wp-content\/uploads\/2024\/10\/westcam-academy-leitbild-1071x600.jpeg 1071w\" src=\"https:\/\/www.westcam-group.com\/wp-content\/uploads\/2024\/10\/westcam-academy-leitbild.jpeg\" alt=\"\"\/><\/div><div class=\"hero-placeholder\"><\/div>\n<div class=\"wp-block-webx-blocks-westcam-hero-content hero-content\">\n<h4 class=\"wp-block-heading hero-subtitle is-style-westcamized\" style=\"margin-top:0;margin-right:0;margin-bottom:0;margin-left:0;padding-top:0;padding-right:0;padding-bottom:0;padding-left:0;text-transform:none\">WESTCAM ACADEMY<\/h4>\n\n\n\n<h2 class=\"wp-block-heading hero-title\" style=\"margin-top:var(--wp--preset--spacing--10);margin-bottom:var(--wp--preset--spacing--10);padding-top:0;padding-right:0;padding-bottom:0;padding-left:0;font-size:clamp(2.418rem, 2.418rem + ((1vw - 0.2rem) * 2.251), 4.5rem);\">Leitbild<strong> <\/strong><\/h2>\n\n\n\n<p class=\"has-accent-color has-text-color has-link-color has-x-large-font-size wp-elements-6943063b26cbcd161e523c6db982667e\"><em><strong>\u201cMehr Know-WOW&nbsp; f\u00fcr Sie!\u201d<\/strong><\/em><\/p>\n\n\n\n<p class=\"has-medium-font-size\">Unser Wissen geh\u00f6rt auch Ihnen!<\/p>\n<\/div>\n<\/div>\n\n\n\n<div style=\"height:100px\" aria-hidden=\"true\" class=\"wp-block-spacer\"><\/div>\n\n\n\n<div class=\"wp-block-group has-global-padding is-layout-constrained wp-block-group-is-layout-constrained\">\n<h2 class=\"wp-block-heading is-style-default\">UNSER VERSPRECHEN<\/h2>\n\n\n\n<p>Unser Ziel ist, dass ihr Tech-Training zum&nbsp;<strong>Know-WOW-Erlebnis<\/strong>&nbsp;wird! Eine Symbiose aus&nbsp;<strong>Know-how<\/strong>&nbsp;und&nbsp;<strong>Wow-Effekt<\/strong>. Neben der Vermittlung der&nbsp;<strong>relevanten Wissensinhalte&nbsp;<\/strong>(Know-how) teilen wir mit Ihnen unsere&nbsp;<strong>\u201cBegeisterung f\u00fcr Technologien mit Zukunft\u201d&nbsp;<\/strong>(Wow-Effekt).<\/p>\n\n\n\n<p>So erh\u00e4lt Ihre&nbsp;<strong>Aus- und Weiterbildung<\/strong>&nbsp;einen&nbsp;<strong>nachhaltigen Mehrwert!<\/strong><\/p>\n\n\n\n<p>Unser Denken &amp; Tun ist von einem&nbsp;<strong>holistischen Ansatz&nbsp;<\/strong>gepr\u00e4gt. So werden auch Sie \u00fcber das direkte fachspezifische Wissen hinaus ein&nbsp;<strong>ganzheitliches Verst\u00e4ndnis<\/strong>&nbsp;etablieren. Es wird Ihnen k\u00fcnftig leichter gelingen, Situationen in ihrer gesamthaften Komplexit\u00e4t zu beurteilen und&nbsp;<strong>\u201cdas gro\u00dfe Ganze\u201d<\/strong>&nbsp;zu sehen. Die Summe aller genannten WESTCAM Academy-Vorz\u00fcge wird Ihnen ganz pers\u00f6nlich und Ihrem Unternehmen zu Gute kommen.<\/p>\n\n\n\n<div class=\"wp-block-webx-blocks-responsive-spacer\" style=\"--desktop-height:100px;--tablet-height:50px;--mobile-height:25px\"><\/div>\n\n\n\n<h2 class=\"wp-block-heading is-style-default\">IHR MEHRWERT<\/h2>\n\n\n\n<p>Damit Ihre Schulung zum Know-WOW-Erlebnis wird, kombinieren wir das Beste aus zwei Welten:<\/p>\n\n\n\n<h3 class=\"wp-block-heading\" style=\"text-transform:capitalize\">Unsere Trainer | \u201cbegeisternd\u201c<strong><\/strong><\/h3>\n\n\n\n<p>Unsere rund zwanzig Schulungstrainer sind Spezialisten ihres Fachs. Durch den t\u00e4glichen Umgang mit den Technologien sind sie fachlich sattelfest und stets hungrig auf die L\u00f6sungen von morgen.&nbsp; Von der Praxis \u2013 f\u00fcr die Praxis. Diese Erfahrung gepaart mit der Lust auf Neues macht den \u201eguten Geist\u201c von WESTCAM aus. Befl\u00fcgelt von diesem \u201cSpirit\u201d ist es unser erkl\u00e4rtes Ziel auch Sie als Schulungsteilnehmer\/in zu \u201ebeGEISTern\u201c! Neben der Vermittlung fundierten Fachwissens ist es uns also wichtig, Ihre Schulung auch zu einem begeisternden Erlebnis zu machen!<br><\/p>\n\n\n\n<h3 class=\"wp-block-heading\" style=\"text-transform:capitalize\">Unsere Technologien | \u201el\u00f6sungsstark\u201c<strong><\/strong><\/h3>\n\n\n\n<p>Seit nunmehr 30 Jahren stehen wir f\u00fcr Technologien mit Zukunft.&nbsp; Unsere Systeml\u00f6sungen sorgen f\u00fcr Effizienzsteigerung in Produktentwicklung und Fertigung. Das volle Potential der Technologien l\u00e4sst sich jedoch nur mit bestens geschulten Mitarbeitern entfalten. Wir bef\u00e4higen Sie und Ihr Team mit spezifischem Wissen sowie Tipps &amp; Tricks aus der Praxis das Beste aus den Technologien herauszuholen. F\u00fcr unser eigenens WESTCAM-Team selbst gilt das Credo\u201dStillstand = R\u00fcckschritt\u201d. Aus diesen Grund bleiben wir nicht stehen, entwickeln uns laufend weiter und erm\u00f6glichen Ihnen damit wirksame Ausbildungsprogramme.<br><\/p>\n\n\n\n<h3 class=\"wp-block-heading\" style=\"text-transform:capitalize\">Unsere Didaktik | \u201eklar &amp; beispielhaft\u201c<strong><\/strong><\/h3>\n\n\n\n<p>Unser Anspruch ist es Ihnen komplexe Technologie-Inhalte verst\u00e4ndlich und plakativ zu vermitteln. Dabei agieren wir stets auf Augenh\u00f6he und wissen den Erfahrungsaustausch mit Ihnen sehr zu sch\u00e4tzen. Laufend arbeiten wir daran unsere Ausbildungsprogramme zu optimieren, um Ihnen das Aufnehmen der Inhalte zu erleichtern.<\/p>\n\n\n\n<div class=\"wp-block-webx-blocks-responsive-spacer\" style=\"--desktop-height:100px;--tablet-height:50px;--mobile-height:25px\"><\/div>\n\n\n\n<h2 class=\"wp-block-heading is-style-default\">GeLEBTE WERTE<\/h2>\n\n\n\n<p>Unser Leitbild beschreibt, wie mit Ihnen als Partner und intern miteinander umgehen und mit welcher Einstellung wir an unsere Arbeit herangehen:<\/p>\n\n\n\n<h3 class=\"wp-block-heading\" style=\"text-transform:capitalize\">Qualit\u00e4t &amp; Perfektion<\/h3>\n\n\n\n<p>Wir konzentrieren unsere Energie auf das Wesentliche und streben stets danach uns kontinuierlich weiterzuentwickeln und unsere Ergebnisse zu optimieren. Aus diesen Grund \u00fcberpr\u00fcfen wir unsere Programme, Trainer und internen Abl\u00e4ufe regelm\u00e4\u00dfig im Rahmen unseres Qualit\u00e4tsmanagements (Quality Austria, ISO 9001:2015)<\/p>\n\n\n\n<p>Im Kompetenzbereich <strong>Erwachsenenbildung<\/strong> erf\u00fcllt <a href=\"https:\/\/oe-cert.at\/qualitaetsanbieter\/1189-westcam-datentechnik-gmbh-westcam-academy.php\" target=\"_blank\" rel=\"noreferrer noopener\">WESTCAM<\/a> die strengen <strong>Qualit\u00e4tskriterien<\/strong> von <strong>\u00d6-CERT<\/strong>. Sie profitieren in diesen Zusammenhang von gef\u00f6rderten Aus- &amp; Weiterbildungsprogrammen. Weiters sind wir von <strong>AUTODESK<\/strong> als offizielles <strong>Training Center<\/strong> autorisiert.<\/p>\n\n\n\n<div class=\"wp-block-webx-blocks-responsive-spacer\" style=\"--desktop-height:50px;--tablet-height:50px;--mobile-height:25px\"><\/div>\n\n\n\n<div class=\"wp-block-webx-blocks-grid is-layout-grid wp-container-webx-blocks-grid-is-layout-478b6e6b wp-block-webx-blocks-grid-is-layout-grid\" style=\"--grid-columns-desktop:4;--grid-columns-tablet:2;--grid-columns-mobile:1\">\n<div class=\"wp-block-webx-blocks-grid-item is-vertically-aligned-center is-layout-flow wp-block-webx-blocks-grid-item-is-layout-flow\" style=\"--grid-area-desktop:auto \/ auto \/ auto \/ auto;--grid-area-tablet:auto \/ auto \/ auto \/ auto;--grid-area-mobile:auto \/ auto \/ auto \/ auto\">\n<div class=\"wp-block-webx-blocks-grid-item is-layout-flow wp-block-webx-blocks-grid-item-is-layout-flow\" style=\"padding-top:var(--wp--preset--spacing--10);padding-right:var(--wp--preset--spacing--10);padding-bottom:var(--wp--preset--spacing--10);padding-left:var(--wp--preset--spacing--10);--grid-area-desktop:auto \/ auto \/ auto \/ auto;--grid-area-tablet:auto \/ auto \/ auto \/ auto;--grid-area-mobile:auto \/ auto \/ auto \/ auto\">\n<div class=\"wp-block-file\"><a id=\"wp-block-file--media-dd5d6520-f8f6-4d3e-95ad-c48a929b7baa\" href=\"https:\/\/www.westcam-group.com\/wp-content\/uploads\/2024\/10\/Oe-Cert-Zertifikat-WESTCAM-ACADEMY-2024-2027.pdf\" target=\"_blank\" rel=\"noreferrer noopener\">\u00d6-Cert-Zertifikat-WESTCAM-ACADEMY-2024-2027<\/a><\/div>\n<\/div>\n<\/div>\n\n\n\n<div class=\"wp-block-webx-blocks-grid-item is-vertically-aligned-center is-layout-flow wp-block-webx-blocks-grid-item-is-layout-flow\" style=\"--grid-area-desktop:auto \/ auto \/ auto \/ auto;--grid-area-tablet:auto \/ auto \/ auto \/ auto;--grid-area-mobile:auto \/ auto \/ auto \/ auto\">\n<figure class=\"wp-block-image size-full\"><img loading=\"lazy\" decoding=\"async\" width=\"300\" height=\"109\" src=\"https:\/\/www.westcam-group.com\/wp-content\/uploads\/2024\/05\/oecert.jpg\" alt=\"\" class=\"wp-image-6651\"\/><\/figure>\n<\/div>\n\n\n\n<div class=\"wp-block-webx-blocks-grid-item is-vertically-aligned-center is-layout-flow wp-block-webx-blocks-grid-item-is-layout-flow\" style=\"--grid-area-desktop:auto \/ auto \/ auto \/ auto;--grid-area-tablet:auto \/ auto \/ auto \/ auto;--grid-area-mobile:auto \/ auto \/ auto \/ auto\">\n<div class=\"wp-block-webx-blocks-grid-item is-vertically-aligned-center is-layout-flow wp-block-webx-blocks-grid-item-is-layout-flow\" style=\"padding-top:var(--wp--preset--spacing--10);padding-right:var(--wp--preset--spacing--10);padding-bottom:var(--wp--preset--spacing--10);padding-left:var(--wp--preset--spacing--10);--grid-area-desktop:auto \/ auto \/ auto \/ auto;--grid-area-tablet:auto \/ auto \/ auto \/ auto;--grid-area-mobile:auto \/ auto \/ auto \/ auto\">\n<div class=\"wp-block-file\"><a id=\"wp-block-file--media-9f9bf356-ba79-4da5-b8a2-f1aba3e21fe7\" href=\"https:\/\/www.westcam-group.com\/wp-content\/uploads\/2024\/05\/westcam-autodesk-authorised-training-center-2024-2025.pdf\" target=\"_blank\" rel=\"noreferrer noopener\">westcam-autodesk-authorised-training-center-2024-2025<\/a><\/div>\n<\/div>\n<\/div>\n\n\n\n<div class=\"wp-block-webx-blocks-grid-item is-vertically-aligned-center is-layout-flow wp-block-webx-blocks-grid-item-is-layout-flow\" style=\"--grid-area-desktop:auto \/ auto \/ auto \/ auto;--grid-area-tablet:auto \/ auto \/ auto \/ auto;--grid-area-mobile:auto \/ auto \/ auto \/ auto\">\n<figure class=\"wp-block-image size-full is-resized\"><img loading=\"lazy\" decoding=\"async\" width=\"169\" height=\"52\" src=\"https:\/\/www.westcam-group.com\/wp-content\/uploads\/2024\/05\/autodesk-training-center.jpg\" alt=\"\" class=\"wp-image-6648\" style=\"width:272px;height:auto\"\/><\/figure>\n<\/div>\n<\/div>\n\n\n\n<div class=\"wp-block-webx-blocks-responsive-spacer\" style=\"--desktop-height:50px;--tablet-height:50px;--mobile-height:25px\"><\/div>\n\n\n\n<p>Besonders wichtig ist uns, Erwartungshaltung und Feedback der TeilnehmerInnen aktiv aufzunehmen.&nbsp; Diese Auswertungen helfen uns, laufend Verbesserungen der Inhalte und Prozesse vorzunehmen.<\/p>\n\n\n\n<h3 class=\"wp-block-heading\" style=\"text-transform:capitalize\">Partnerschaft<\/h3>\n\n\n\n<p>Partnerschaftliche Zusammenarbeit, Teamwork und gegenseitiges Verst\u00e4ndnis sind sowohl intern als auch in der Zusammenarbeit mit Ihnen als Gesch\u00e4ftspartnern zentraler Bestandteil unserer Kultur.<br><\/p>\n\n\n\n<h3 class=\"wp-block-heading\" style=\"text-transform:capitalize\">Offenheit<\/h3>\n\n\n\n<p>Wir gehen engagiert und mit Freude an neue Herausforderungen und Aufgaben heran und betrachten diese als Chancen uns weiterzuentwickeln. Der Umgang mit neuen Technologien begeistert uns, der Kontakt mit Menschen unterschiedlicher Kulturen bereichert unsere Arbeit.<br><\/p>\n\n\n\n<h3 class=\"wp-block-heading\" style=\"text-transform:capitalize\">Wandel<\/h3>\n\n\n\n<p>Der rasche technologische Fortschritt erfordert die kontinuierliche Erweiterung und Anpassung unserer pers\u00f6nlichen und fachlichen Qualifikationen. Wir verstehen die Ver\u00e4nderung als einzige Konstante und sehen daher lebenslanges Lernen als zentralen Punkt. So gelingt es uns mit den Ver\u00e4nderungen Schritt zu halten. Die Herausforderungen der Zukunft packen wir selbstbewusst mit Wissen und K\u00f6nnen an!<\/p>\n\n\n\n<p><\/p>\n\n\n\n<h3 class=\"wp-block-heading\" style=\"text-transform:capitalize\">Diskretion<\/h3>\n\n\n\n<p>Wir sind uns bewusst, dass Wissen &amp; Daten heute zu den wertvollsten Faktoren in Unternehmungen geh\u00f6ren. Ein sorgsamer Umgang mit diesen Faktoren und absolute Geheimhaltung gegen\u00fcber Dritten sind bei unserer Arbeit selbstverst\u00e4ndlich.<\/p>\n<\/div>\n\n\n\n<div class=\"wp-block-webx-blocks-responsive-spacer\" style=\"--desktop-height:100px;--tablet-height:50px;--mobile-height:25px\"><\/div>\n\n\n\n<h4 class=\"wp-block-heading\">Gerne f\u00fcr Sie da<\/h4>\n\n\n<div class=\"wp-block-webx-blocks-westcam-employee-display\">\n    <div class=\"employee-image\">\n        <img decoding=\"async\" src=\"https:\/\/westcam2023.westcam-staging.web-crossing.com\/wp-content\/uploads\/2024\/05\/Michael_Moritz_WESTCAM-300x300.jpg\" alt=Michael Moritz \/>\n    <\/div>\n    <div class=\"employee-info\">\n        <div class=\"heading-h3\">Michael Moritz<\/div>\n        <div class=\"heading-h5 is-style-westcamized\">Leitung WESTCAM Academy<\/div>\n    <\/div>\n    <div class=\"employee-social\">\n        <div class=\"icons\">\n                        <a href=https:\/\/www.linkedin.com\/in\/michael-moritz\/ title=\"Michael Moritz on linkedIn\"\n                target=\"_blank\" rel=\"noopener noreferrer\">\n                <?xml version=\"1.0\" encoding=\"UTF-8\" standalone=\"no\"?>\n                <!DOCTYPE svg PUBLIC \"-\/\/W3C\/\/DTD SVG 1.1\/\/EN\" \"http:\/\/www.w3.org\/Graphics\/SVG\/1.1\/DTD\/svg11.dtd\"><svg\n                    width=\"100%\" height=\"100%\" viewBox=\"0 0 248 204\" version=\"1.1\" xmlns=\"http:\/\/www.w3.org\/2000\/svg\"\n                    xmlns:xlink=\"http:\/\/www.w3.org\/1999\/xlink\" xml:space=\"preserve\" xmlns:serif=\"http:\/\/www.serif.com\/\"\n                    style=\"fill-rule:evenodd;clip-rule:evenodd;stroke-linejoin:round;stroke-miterlimit:2;\">\n                    <path\n                        d=\"M226,204l-41.916,0l0,-71.392c0,-19.573 -7.437,-30.512 -22.93,-30.512c-16.854,0 -25.659,11.383 -25.659,30.512l-0,71.392l-40.395,0l-0,-136l40.395,-0l-0,18.319c-0,0 12.146,-22.474 41.006,-22.474c28.847,-0 49.499,17.616 49.499,54.048l0,86.107Zm-179.091,-153.808c-13.759,-0 -24.909,-11.237 -24.909,-25.096c0,-13.859 11.15,-25.096 24.909,-25.096c13.759,-0 24.902,11.237 24.902,25.096c0,13.859 -11.143,25.096 -24.902,25.096Zm-20.858,153.808l42.121,0l0,-136l-42.121,-0l-0,136Z\" \/>\n                <\/svg>\n            <\/a>\n                                    <a href=\"\/vcard\/6678\" title=\"Download vCard\"\n                class=\"vcard-button\">\n                <svg xmlns=\"http:\/\/www.w3.org\/2000\/svg\" width=\"32.143\" height=\"25\" viewBox=\"0 0 32.143 25\">\n                    <path id=\"address-card-solid\"\n                        d=\"M3.571,32A3.575,3.575,0,0,0,0,35.571V53.429A3.575,3.575,0,0,0,3.571,57h25a3.575,3.575,0,0,0,3.571-3.571V35.571A3.575,3.575,0,0,0,28.571,32ZM8.036,46.286h3.571a4.463,4.463,0,0,1,4.464,4.464.9.9,0,0,1-.893.893H4.464a.9.9,0,0,1-.893-.893A4.463,4.463,0,0,1,8.036,46.286ZM6.25,40.929A3.571,3.571,0,1,1,9.821,44.5,3.571,3.571,0,0,1,6.25,40.929Zm14.286-1.786h7.143a.893.893,0,0,1,0,1.786H20.536a.893.893,0,0,1,0-1.786Zm0,3.571h7.143a.893.893,0,0,1,0,1.786H20.536a.893.893,0,0,1,0-1.786Zm0,3.571h7.143a.893.893,0,0,1,0,1.786H20.536a.893.893,0,0,1,0-1.786Z\"\n                        transform=\"translate(0 -32)\" fill=\"#111\" \/>\n                <\/svg>\n            <\/a>\n        <\/div>\n    <\/div>\n    <div class=\"employee-contact\">\n                <a href=\"tel: +43 5223 55509 220\">\n            <div class=\" employee-phone\">\n                <svg xmlns=\"http:\/\/www.w3.org\/2000\/svg\" width=\"32\" height=\"32\" viewBox=\"0 0 32 32\">\n                    <path id=\"phone\"\n                        d=\"M6.529,4h7.059l3.529,8.824-4.412,2.647a19.412,19.412,0,0,0,8.824,8.824l2.647-4.412L33,23.412v7.059A3.529,3.529,0,0,1,29.471,34,28.235,28.235,0,0,1,3,7.529,3.529,3.529,0,0,1,6.529,4\"\n                        transform=\"translate(-2 -3)\" fill=\"none\" stroke=\"#111\" stroke-linecap=\"round\"\n                        stroke-linejoin=\"round\" stroke-width=\"2\" \/>\n                <\/svg>\n\n                 +43 5223 55509 220\n            <\/div>\n        <\/a>\n                                <a href=\"mailto:michael.moritz@westcam.at\">\n            <div class=\" employee-email\">\n                <svg xmlns=\"http:\/\/www.w3.org\/2000\/svg\" width=\"32.773\" height=\"25.333\" viewBox=\"0 0 32.773 25.333\">\n                    <g id=\"mail\" transform=\"translate(1.387 1)\">\n                        <rect id=\"Rechteck_11\" data-name=\"Rechteck 11\" width=\"30\" height=\"23.333\" rx=\"2\" fill=\"none\"\n                            stroke=\"#111\" stroke-linecap=\"round\" stroke-linejoin=\"round\" stroke-width=\"2\" \/>\n                        <path id=\"Pfad_100\" data-name=\"Pfad 100\" d=\"M3,7,18,17,33,7\" transform=\"translate(-3 -3.667)\"\n                            fill=\"none\" stroke=\"#111\" stroke-linecap=\"round\" stroke-linejoin=\"round\" stroke-width=\"2\" \/>\n                    <\/g>\n                <\/svg>\n                michael.moritz@westcam.at\n            <\/div>\n        <\/a>\n        \n\n\n    <\/div>\n        <div class=\"employee-callback wp-block-button is-style-outline\">\n        <a href=\"\/anfrage\/?email=anfrage-office\"\n            class=\"wp-block-button__link wp-element-button\">Anfrage<\/a>\n    <\/div>\n    <\/div>\n\n\n<div class=\"wp-block-webx-blocks-responsive-spacer\" style=\"--desktop-height:100px;--tablet-height:50px;--mobile-height:25px\"><\/div>\n","protected":false},"excerpt":{"rendered":"<p>UNSER VERSPRECHEN Unser Ziel ist, dass ihr Tech-Training zum&nbsp;Know-WOW-Erlebnis&nbsp;wird! Eine Symbiose aus&nbsp;Know-how&nbsp;und&nbsp;Wow-Effekt. Neben der Vermittlung der&nbsp;relevanten Wissensinhalte&nbsp;(Know-how) teilen wir mit Ihnen unsere&nbsp;\u201cBegeisterung f\u00fcr Technologien mit Zukunft\u201d&nbsp;(Wow-Effekt). So erh\u00e4lt Ihre&nbsp;Aus- und Weiterbildung&nbsp;einen&nbsp;nachhaltigen Mehrwert! Unser Denken &amp; Tun ist von einem&nbsp;holistischen Ansatz&nbsp;gepr\u00e4gt. So werden auch Sie \u00fcber das direkte fachspezifische Wissen hinaus ein&nbsp;ganzheitliches Verst\u00e4ndnis&nbsp;etablieren. Es wird Ihnen [&hellip;]<\/p>\n","protected":false},"author":2,"featured_media":0,"parent":669,"menu_order":0,"comment_status":"closed","ping_status":"closed","template":"","meta":{"footnotes":""},"class_list":["post-5125","page","type-page","status-publish","hentry"],"_links":{"self":[{"href":"https:\/\/westcam2023.westcam-staging.web-crossing.com\/cs\/wp-json\/wp\/v2\/pages\/5125","targetHints":{"allow":["GET"]}}],"collection":[{"href":"https:\/\/westcam2023.westcam-staging.web-crossing.com\/cs\/wp-json\/wp\/v2\/pages"}],"about":[{"href":"https:\/\/westcam2023.westcam-staging.web-crossing.com\/cs\/wp-json\/wp\/v2\/types\/page"}],"author":[{"embeddable":true,"href":"https:\/\/westcam2023.westcam-staging.web-crossing.com\/cs\/wp-json\/wp\/v2\/users\/2"}],"replies":[{"embeddable":true,"href":"https:\/\/westcam2023.westcam-staging.web-crossing.com\/cs\/wp-json\/wp\/v2\/comments?post=5125"}],"version-history":[{"count":15,"href":"https:\/\/westcam2023.westcam-staging.web-crossing.com\/cs\/wp-json\/wp\/v2\/pages\/5125\/revisions"}],"predecessor-version":[{"id":30204,"href":"https:\/\/westcam2023.westcam-staging.web-crossing.com\/cs\/wp-json\/wp\/v2\/pages\/5125\/revisions\/30204"}],"up":[{"embeddable":true,"href":"https:\/\/westcam2023.westcam-staging.web-crossing.com\/cs\/wp-json\/wp\/v2\/pages\/669"}],"wp:attachment":[{"href":"https:\/\/westcam2023.westcam-staging.web-crossing.com\/cs\/wp-json\/wp\/v2\/media?parent=5125"}],"curies":[{"name":"wp","href":"https:\/\/api.w.org\/{rel}","templated":true}]}}