{"id":27405,"date":"2024-10-23T10:50:37","date_gmt":"2024-10-23T08:50:37","guid":{"rendered":"https:\/\/westcam2023.westcam.web-crossing.com\/?page_id=27405"},"modified":"2024-12-05T11:48:53","modified_gmt":"2024-12-05T10:48:53","slug":"newsletter","status":"publish","type":"page","link":"https:\/\/westcam2023.westcam-staging.web-crossing.com\/cs\/newsletter\/","title":{"rendered":"Newsletter"},"content":{"rendered":"\n<div class=\"wp-block-webx-blocks-westcam-hero alignfull ltr\"><div class=\"hero-image\" style=\"--aspect-ratio:16 \/ 9\"> <img decoding=\"async\" srcset=\"https:\/\/www.westcam-group.com\/wp-content\/uploads\/2024\/11\/westcam-group-newsletter-150x150.jpeg 150w, https:\/\/www.westcam-group.com\/wp-content\/uploads\/2024\/11\/westcam-group-newsletter-300x168.jpeg 300w, https:\/\/www.westcam-group.com\/wp-content\/uploads\/2024\/11\/westcam-group-newsletter-1024x574.jpeg 1024w, https:\/\/www.westcam-group.com\/wp-content\/uploads\/2024\/11\/westcam-group-newsletter.jpeg 1920w, https:\/\/www.westcam-group.com\/wp-content\/uploads\/2024\/11\/westcam-group-newsletter-1536x861.jpeg 1536w, https:\/\/www.westcam-group.com\/wp-content\/uploads\/2024\/11\/westcam-group-newsletter-1606x900.jpeg 1606w, https:\/\/www.westcam-group.com\/wp-content\/uploads\/2024\/11\/westcam-group-newsletter-1071x600.jpeg 1071w\" src=\"https:\/\/www.westcam-group.com\/wp-content\/uploads\/2024\/11\/westcam-group-newsletter.jpeg\" alt=\"\"\/><\/div><div class=\"hero-placeholder\"><\/div>\n<div class=\"wp-block-group hero-content is-layout-flow wp-block-group-is-layout-flow\">\n<div class=\"wp-block-webx-blocks-fake-heading heading-h4 hero-subtitle is-style-westcamized\" style=\"margin-top:0;margin-bottom:15px;text-transform:none\">WESTCAM GROUP<\/div>\n\n\n\n<h1 class=\"wp-block-heading hero-title\" style=\"margin-top:0;margin-bottom:15px\">NEWSLETTER<\/h1>\n\n\n\n<p><strong>Sie wollen in Punkto Top-Technologien stets auf dem Laufenden sein? <\/strong><\/p>\n\n\n\n<p>Sie sind aber &#8222;not amused&#8220;, wenn Ihre Mailbox mit Belanglosem zugem\u00fcllt wird?<\/p>\n\n\n\n<p>Unserem Qualit\u00e4tsanspruch folgend, erhalten Sie von uns nur dann <strong>digitale Post<\/strong>, wenn es wirklich etwas zu sagen gibt. Zudem k\u00f6nnen Sie Ihre favorisierten <strong>Themenbereiche<\/strong> stets selbst erweitern bzw. einschr\u00e4nken. Selbstverst\u00e4ndlich k\u00f6nnen Sie sich auch jederzeit <strong>abmelden<\/strong> &#8211; das kommt aber gl\u00fccklicherweise h\u00f6chst selten vor.<\/p>\n\n\n\n<p><strong>Kurzum: Mit den praxisrelevanten WESTCAM-News sind Sie beruflich immer am Puls der Zeit!<\/strong><\/p>\n\n\n\n<p><\/p>\n\n\n\n<p class=\"has-accent-2-color has-text-color has-link-color wp-elements-a3552b27e4a185785821c35004dad79a\"><strong><span class=\"add-arrow\"><a href=\"https:\/\/profile.apps.westcam.at\/signup\" target=\"_blank\" data-type=\"post\" data-id=\"22455\" rel=\"noreferrer noopener\">Zu den WESTCAM-News anmelden<\/a><\/span><\/strong><\/p>\n<\/div>\n\n\n\n<p><\/p>\n\n\n\n<p><\/p>\n<\/div>\n\n\n\n<div class=\"wp-block-webx-blocks-responsive-spacer\" style=\"--desktop-height:100px;--tablet-height:50px;--mobile-height:25px\"><\/div>\n\n\n\n<div class=\"wp-block-webx-blocks-grid bg-mobile-margin has-base-color has-accent-2-background-color has-text-color has-background has-link-color wp-elements-437d6e80f205cd8f8a0e2bc59ba029b3 is-layout-grid wp-container-webx-blocks-grid-is-layout-6959fa49 wp-block-webx-blocks-grid-is-layout-grid\" style=\"border-style:none;border-width:0px;border-radius:0px;margin-top:0;margin-right:0;margin-bottom:0;margin-left:0;padding-top:var(--wp--preset--spacing--40);padding-right:var(--wp--preset--spacing--40);padding-bottom:var(--wp--preset--spacing--40);padding-left:var(--wp--preset--spacing--40);--grid-columns-desktop:3;--grid-columns-tablet:2;--grid-columns-mobile:1;background-image:url(&apos;https:\/\/www.westcam-group.com\/wp-content\/uploads\/2024\/04\/grid-bottom-right.webp&apos;);background-position:100% 100%;background-repeat:no-repeat;background-size:300px;\">\n<div class=\"wp-block-webx-blocks-grid-item is-layout-flow wp-block-webx-blocks-grid-item-is-layout-flow\" style=\"--grid-area-desktop:auto \/ auto \/ auto \/ auto;--grid-area-tablet:auto \/ auto \/ auto \/ auto;--grid-area-mobile:auto \/ auto \/ auto \/ auto\">\n<div class=\"wp-block-webx-blocks-fake-heading heading-h5 is-style-westcamized-white has-base-color has-text-color has-link-color wp-elements-575827230f6f6256198cdb39a560bb62\" style=\"text-transform:none\">Contact us<\/div>\n\n\n\n<div class=\"wp-block-webx-blocks-fake-heading heading-h3 has-base-color has-text-color has-link-color wp-elements-75fa1ca49b3357bc40038b3991dd817c\"><strong>Westcam Group<\/strong><\/div>\n\n\n\n<p>Gewerbepark 38 | 6068 Mils bei Hall in Tirol | Austria<\/p>\n<\/div>\n\n\n\n<div class=\"wp-block-webx-blocks-grid-item is-vertically-aligned-center is-layout-flow wp-block-webx-blocks-grid-item-is-layout-flow\" style=\"--grid-area-desktop:auto \/ auto \/ auto \/ auto;--grid-area-tablet:auto \/ auto \/ auto \/ auto;--grid-area-mobile:auto \/ auto \/ auto \/ auto\">\n<div class=\"wp-block-group has-global-padding is-layout-constrained wp-block-group-is-layout-constrained\">\n<div class=\"wp-block-group is-content-justification-center is-nowrap is-layout-flex wp-container-core-group-is-layout-23441af8 wp-block-group-is-layout-flex\">\n<figure class=\"wp-block-image size-full is-resized wp-duotone-ffffff-ffffff-1\"><img loading=\"lazy\" decoding=\"async\" width=\"512\" height=\"510\" src=\"https:\/\/www.westcam-group.com\/wp-content\/uploads\/2024\/03\/phone-line-icon.png\" alt=\"\" class=\"wp-image-2739\" style=\"width:35px\" srcset=\"https:\/\/westcam2023.westcam-staging.web-crossing.com\/wp-content\/uploads\/2024\/03\/phone-line-icon.png 512w, https:\/\/westcam2023.westcam-staging.web-crossing.com\/wp-content\/uploads\/2024\/03\/phone-line-icon-300x300.png 300w, https:\/\/westcam2023.westcam-staging.web-crossing.com\/wp-content\/uploads\/2024\/03\/phone-line-icon-150x150.png 150w\" sizes=\"auto, (max-width: 512px) 100vw, 512px\" \/><\/figure>\n\n\n\n<p><a href=\"tel:+435223555090\">+43 5223 55509 0<\/a><\/p>\n<\/div>\n<\/div>\n<\/div>\n\n\n\n<div class=\"wp-block-webx-blocks-grid-item is-vertically-aligned-center has-text-align-center is-layout-flow wp-block-webx-blocks-grid-item-is-layout-flow\" style=\"--grid-area-desktop:auto \/ auto \/ auto \/ auto;--grid-area-tablet:auto \/ auto \/ auto \/ auto;--grid-area-mobile:auto \/ auto \/ auto \/ auto\">\n<div class=\"wp-block-group is-content-justification-center is-nowrap is-layout-flex wp-container-core-group-is-layout-23441af8 wp-block-group-is-layout-flex\">\n<figure class=\"wp-block-image size-full is-resized wp-duotone-ffffff-ffffff-2\"><img loading=\"lazy\" decoding=\"async\" width=\"512\" height=\"372\" src=\"https:\/\/www.westcam-group.com\/wp-content\/uploads\/2024\/03\/envelope-line-icon.png\" alt=\"\" class=\"wp-image-2734\" style=\"width:35px\" srcset=\"https:\/\/westcam2023.westcam-staging.web-crossing.com\/wp-content\/uploads\/2024\/03\/envelope-line-icon.png 512w, https:\/\/westcam2023.westcam-staging.web-crossing.com\/wp-content\/uploads\/2024\/03\/envelope-line-icon-300x218.png 300w\" sizes=\"auto, (max-width: 512px) 100vw, 512px\" \/><\/figure>\n\n\n\n<p><a href=\"mailto:info@westcam-group.com\" target=\"_blank\" rel=\"noreferrer noopener\">info@westcam-group.com<\/a><\/p>\n<\/div>\n<\/div>\n<\/div>\n\n\n\n<div class=\"wp-block-webx-blocks-responsive-spacer\" style=\"--desktop-height:100px;--tablet-height:50px;--mobile-height:25px\"><\/div>\n","protected":false},"excerpt":{"rendered":"","protected":false},"author":5,"featured_media":0,"parent":0,"menu_order":0,"comment_status":"closed","ping_status":"closed","template":"","meta":{"footnotes":""},"class_list":["post-27405","page","type-page","status-publish","hentry"],"_links":{"self":[{"href":"https:\/\/westcam2023.westcam-staging.web-crossing.com\/cs\/wp-json\/wp\/v2\/pages\/27405","targetHints":{"allow":["GET"]}}],"collection":[{"href":"https:\/\/westcam2023.westcam-staging.web-crossing.com\/cs\/wp-json\/wp\/v2\/pages"}],"about":[{"href":"https:\/\/westcam2023.westcam-staging.web-crossing.com\/cs\/wp-json\/wp\/v2\/types\/page"}],"author":[{"embeddable":true,"href":"https:\/\/westcam2023.westcam-staging.web-crossing.com\/cs\/wp-json\/wp\/v2\/users\/5"}],"replies":[{"embeddable":true,"href":"https:\/\/westcam2023.westcam-staging.web-crossing.com\/cs\/wp-json\/wp\/v2\/comments?post=27405"}],"version-history":[{"count":13,"href":"https:\/\/westcam2023.westcam-staging.web-crossing.com\/cs\/wp-json\/wp\/v2\/pages\/27405\/revisions"}],"predecessor-version":[{"id":31370,"href":"https:\/\/westcam2023.westcam-staging.web-crossing.com\/cs\/wp-json\/wp\/v2\/pages\/27405\/revisions\/31370"}],"wp:attachment":[{"href":"https:\/\/westcam2023.westcam-staging.web-crossing.com\/cs\/wp-json\/wp\/v2\/media?parent=27405"}],"curies":[{"name":"wp","href":"https:\/\/api.w.org\/{rel}","templated":true}]}}